{"id":17224,"date":"2025-04-04T13:19:24","date_gmt":"2025-04-04T10:19:24","guid":{"rendered":"https:\/\/nordicdiy.ee\/?post_type=product&#038;p=17224"},"modified":"2025-04-04T15:59:50","modified_gmt":"2025-04-04T12:59:50","slug":"transparent-ljusglas-fyrkant-300ml-80x80mm-copy-copy","status":"publish","type":"product","link":"https:\/\/nordicdiy.ee\/sv\/epood\/tillverkning-av-stearinljus\/glas-och-lock-till-stearinljus\/transparent-ljusglas-fyrkant-300ml-80x80mm-copy-copy\/","title":{"rendered":"Ljusglas skogsgr\u00f6nt, tjock kant 220ml, h80 x d90mm"},"content":{"rendered":"<p class=\"\" data-start=\"231\" data-end=\"499\">Det skandinaviska <strong data-start=\"244\" data-end=\"290\">ljusglaset<\/strong> med en kapacitet p\u00e5 220 ml \u00e4r <strong data-start=\"244\" data-end=\"290\">tillverkat av tjockt glas av h\u00f6g kvalitet<\/strong> och \u00e4r idealiskt f\u00f6r s\u00e5v\u00e4l <strong data-start=\"334\" data-end=\"361\">ljusst\u00f6pning<\/strong> som dekoration. Ljusstaken \u00e4r utsmyckad med en framtr\u00e4dande <strong data-start=\"425\" data-end=\"452\">tjock kant, ca 8 mm bred, vilket<\/strong> ger produkten ett starkt och elegant utseende. <\/p>\n<p class=\"\" data-start=\"501\" data-end=\"765\">Den h\u00e4r <strong data-start=\"505\" data-end=\"527\">ljusstaken i glas<\/strong> \u00e4r m\u00e5ngsidig - den kan anv\u00e4ndas f\u00f6r <strong data-start=\"551\" data-end=\"574\">att h\u00e4lla ljus<\/strong>, <strong data-start=\"576\" data-end=\"619\">h\u00e5lla doftkulor<\/strong>, som <strong data-start=\"621\" data-end=\"642\">en liten vas<\/strong> eller <strong data-start=\"647\" data-end=\"673\">dekorativ vas<\/strong>. Den minimalistiska och robusta designen g\u00f6r att den passar <strong data-start=\"717\" data-end=\"764\">perfekt in i skandinaviska interi\u00f6rer<\/strong>. <\/p>\n<p class=\"\" data-start=\"501\" data-end=\"765\"><strong data-start=\"845\" data-end=\"856\">M\u00e5tt:<\/strong> h\u00f6jd 80 mm, bredd 90 mm, inv\u00e4ndig h\u00f6jd ca 70 mm, inv\u00e4ndig bredd ca 74 mm, kanttjocklek 8 mm<br data-start=\"882\" data-end=\"885\"> Kapacitet: 220 ml<br data-start=\"901\" data-end=\"904\"> Material: h\u00e5llbart v\u00e4rmebest\u00e4ndigt glas.<\/p>\n<p class=\"\" data-start=\"951\" data-end=\"1075\">Skapa ett i\u00f6gonfallande hantverksljus eller ge personlighet \u00e5t ett rum - det h\u00e4r ljusglaset kombinerar funktionalitet med nordisk estetik.<\/p>\n","protected":false},"excerpt":{"rendered":"<p>Skapa ett i\u00f6gonfallande hantverksljus eller ge personlighet \u00e5t ett rum - det h\u00e4r ljusglaset kombinerar funktionalitet med nordisk estetik. Ljusglas \u00e4r v\u00e4rmet\u00e5ligt, h\u00e5llbart och ett utm\u00e4rkt val f\u00f6r b\u00e5de g\u00f6r-det-sj\u00e4lv-ljusmakare och professionella ljusmakare. <strong>Glasyren har en framtr\u00e4dande tjock kant, ca 8 mm bred, som<\/strong> ger produkten ett starkt och elegant utseende. Dessutom passar <strong data-start=\"713\" data-end=\"748\">ett v\u00e4rmeljus med en diameter p\u00e5 upp till 7 cm<\/strong> perfekt i glaset, vilket g\u00f6r det till ett dekorativt inslag i vardagen. <\/p>\n","protected":false},"featured_media":17229,"template":"","meta":{"site-sidebar-layout":"default","site-content-layout":"","ast-site-content-layout":"default","site-content-style":"default","site-sidebar-style":"default","ast-global-header-display":"","ast-banner-title-visibility":"","ast-main-header-display":"","ast-hfb-above-header-display":"","ast-hfb-below-header-display":"","ast-hfb-mobile-header-display":"","site-post-title":"","ast-breadcrumbs-content":"","ast-featured-img":"","footer-sml-layout":"","ast-disable-related-posts":"","theme-transparent-header-meta":"default","adv-header-id-meta":"","stick-header-meta":"default","header-above-stick-meta":"","header-main-stick-meta":"","header-below-stick-meta":"","astra-migrate-meta-layouts":"set","ast-page-background-enabled":"default","ast-page-background-meta":{"desktop":{"background-color":"","background-image":"","background-repeat":"repeat","background-position":"center center","background-size":"auto","background-attachment":"scroll","background-type":"","background-media":"","overlay-type":"","overlay-color":"","overlay-opacity":"","overlay-gradient":""},"tablet":{"background-color":"","background-image":"","background-repeat":"repeat","background-position":"center center","background-size":"auto","background-attachment":"scroll","background-type":"","background-media":"","overlay-type":"","overlay-color":"","overlay-opacity":"","overlay-gradient":""},"mobile":{"background-color":"","background-image":"","background-repeat":"repeat","background-position":"center center","background-size":"auto","background-attachment":"scroll","background-type":"","background-media":"","overlay-type":"","overlay-color":"","overlay-opacity":"","overlay-gradient":""}},"ast-content-background-meta":{"desktop":{"background-color":"var(--ast-global-color-5)","background-image":"","background-repeat":"repeat","background-position":"center center","background-size":"auto","background-attachment":"scroll","background-type":"","background-media":"","overlay-type":"","overlay-color":"","overlay-opacity":"","overlay-gradient":""},"tablet":{"background-color":"var(--ast-global-color-5)","background-image":"","background-repeat":"repeat","background-position":"center center","background-size":"auto","background-attachment":"scroll","background-type":"","background-media":"","overlay-type":"","overlay-color":"","overlay-opacity":"","overlay-gradient":""},"mobile":{"background-color":"var(--ast-global-color-5)","background-image":"","background-repeat":"repeat","background-position":"center center","background-size":"auto","background-attachment":"scroll","background-type":"","background-media":"","overlay-type":"","overlay-color":"","overlay-opacity":"","overlay-gradient":""}}},"product_brand":[],"product_cat":[162,138],"product_tag":[],"class_list":{"0":"post-17224","1":"product","2":"type-product","3":"status-publish","4":"has-post-thumbnail","6":"product_cat-glas-och-lock-till-stearinljus","7":"product_cat-tillverkning-av-stearinljus","8":"desktop-align-left","9":"tablet-align-left","10":"mobile-align-left","11":"ast-product-gallery-layout-horizontal","12":"ast-product-gallery-with-no-image","13":"ast-product-tabs-layout-horizontal","15":"first","16":"instock","17":"taxable","18":"shipping-taxable","19":"purchasable","20":"product-type-simple"},"_links":{"self":[{"href":"https:\/\/nordicdiy.ee\/sv\/wp-json\/wp\/v2\/product\/17224","targetHints":{"allow":["GET"]}}],"collection":[{"href":"https:\/\/nordicdiy.ee\/sv\/wp-json\/wp\/v2\/product"}],"about":[{"href":"https:\/\/nordicdiy.ee\/sv\/wp-json\/wp\/v2\/types\/product"}],"wp:featuredmedia":[{"embeddable":true,"href":"https:\/\/nordicdiy.ee\/sv\/wp-json\/wp\/v2\/media\/17229"}],"wp:attachment":[{"href":"https:\/\/nordicdiy.ee\/sv\/wp-json\/wp\/v2\/media?parent=17224"}],"wp:term":[{"taxonomy":"product_brand","embeddable":true,"href":"https:\/\/nordicdiy.ee\/sv\/wp-json\/wp\/v2\/product_brand?post=17224"},{"taxonomy":"product_cat","embeddable":true,"href":"https:\/\/nordicdiy.ee\/sv\/wp-json\/wp\/v2\/product_cat?post=17224"},{"taxonomy":"product_tag","embeddable":true,"href":"https:\/\/nordicdiy.ee\/sv\/wp-json\/wp\/v2\/product_tag?post=17224"}],"curies":[{"name":"wp","href":"https:\/\/api.w.org\/{rel}","templated":true}]}}