{"id":17248,"date":"2025-04-02T14:32:34","date_gmt":"2025-04-02T11:32:34","guid":{"rendered":"https:\/\/nordicdiy.ee\/?post_type=product&#038;p=17248"},"modified":"2026-01-04T20:55:41","modified_gmt":"2026-01-04T17:55:41","slug":"transparent-ljusglas-med-tjock-kant-220ml-h80-x-d90mm-copy","status":"publish","type":"product","link":"https:\/\/nordicdiy.ee\/sv\/epood\/tillverkning-av-stearinljus\/glas-och-lock-till-stearinljus\/transparent-ljusglas-med-tjock-kant-220ml-h80-x-d90mm-copy\/","title":{"rendered":"Transparent ljusburk\/komfortburk med lock 300ml, h106 x d99mm"},"content":{"rendered":"<p class=\"\" data-start=\"92\" data-end=\"159\">Dekorativt stearinljusglas med glaslock - 300 ml (Yankee-stil). <strong data-start=\"198\" data-end=\"269\">Dekorativt ljusglas<\/strong> med en kapacitet p\u00e5 300 ml, <strong data-start=\"198\" data-end=\"269\">tillverkat av tjockt glas av h\u00f6g kvalitet,<\/strong> med <strong data-start=\"316\" data-end=\"336\">ett glaslock<\/strong>. Det \u00e4r en <strong data-start=\"350\" data-end=\"404\">kompakt ljusburk i Yankee-stil<\/strong>, perfekt f\u00f6r handgjorda ljus, men ocks\u00e5 <strong data-start=\"469\" data-end=\"485\">som godisburk<\/strong> eller dekorationsobjekt. <\/p>\n<p class=\"\" data-start=\"514\" data-end=\"755\">Tack vare den klassiska formen och det starka glaset \u00e4r denna glassk\u00e5l perfekt f\u00f6r att h\u00e4lla <strong data-start=\"609\" data-end=\"667\">tv\u00e5lvax, paraffinvax, rapsvax och bivaxljus<\/strong>. Ljusglaset med lock h\u00e5ller doften fr\u00e4sch och ger en exklusiv touch. <\/p>\n<p class=\"\" data-start=\"757\" data-end=\"899\"><strong data-start=\"757\" data-end=\"768\">M\u00e5tt:<\/strong> h\u00f6jd 106 mm, bredd 99 mm<br data-start=\"795\" data-end=\"798\"> Kapacitet: 300 ml<br data-start=\"814\" data-end=\"817\"> Material: v\u00e4rmebest\u00e4ndigt tjockt glas<br data-start=\"854\" data-end=\"857\"><strong data-start=\"857\" data-end=\"868\">Dessutom:<\/strong> glaslock ing\u00e5r i setet<\/p>\n<p class=\"\" data-start=\"901\" data-end=\"992\">Perfekt f\u00f6r presenter, hantverksprojekt och f\u00f6r att skapa en mysig atmosf\u00e4r i hemmet.<\/p>\n","protected":false},"excerpt":{"rendered":"<p>Dekorativt stearinljusglas med glaslock - 300 ml (Yankee-stil). <strong data-start=\"198\" data-end=\"269\">Dekorativt ljusglas<\/strong> med en kapacitet p\u00e5 300 ml, <strong data-start=\"198\" data-end=\"269\">tillverkat av tjockt glas av h\u00f6g kvalitet,<\/strong> med <strong data-start=\"316\" data-end=\"336\">ett glaslock<\/strong>. Det \u00e4r en <strong data-start=\"350\" data-end=\"404\">kompakt ljusburk i Yankee-stil<\/strong>, perfekt f\u00f6r handgjorda ljus, men ocks\u00e5 <strong data-start=\"469\" data-end=\"485\">som godisburk<\/strong> eller dekorationsobjekt. <\/p>\n","protected":false},"featured_media":17253,"template":"","meta":{"site-sidebar-layout":"default","site-content-layout":"","ast-site-content-layout":"default","site-content-style":"default","site-sidebar-style":"default","ast-global-header-display":"","ast-banner-title-visibility":"","ast-main-header-display":"","ast-hfb-above-header-display":"","ast-hfb-below-header-display":"","ast-hfb-mobile-header-display":"","site-post-title":"","ast-breadcrumbs-content":"","ast-featured-img":"","footer-sml-layout":"","ast-disable-related-posts":"","theme-transparent-header-meta":"default","adv-header-id-meta":"","stick-header-meta":"default","header-above-stick-meta":"","header-main-stick-meta":"","header-below-stick-meta":"","astra-migrate-meta-layouts":"set","ast-page-background-enabled":"default","ast-page-background-meta":{"desktop":{"background-color":"","background-image":"","background-repeat":"repeat","background-position":"center center","background-size":"auto","background-attachment":"scroll","background-type":"","background-media":"","overlay-type":"","overlay-color":"","overlay-opacity":"","overlay-gradient":""},"tablet":{"background-color":"","background-image":"","background-repeat":"repeat","background-position":"center center","background-size":"auto","background-attachment":"scroll","background-type":"","background-media":"","overlay-type":"","overlay-color":"","overlay-opacity":"","overlay-gradient":""},"mobile":{"background-color":"","background-image":"","background-repeat":"repeat","background-position":"center center","background-size":"auto","background-attachment":"scroll","background-type":"","background-media":"","overlay-type":"","overlay-color":"","overlay-opacity":"","overlay-gradient":""}},"ast-content-background-meta":{"desktop":{"background-color":"var(--ast-global-color-5)","background-image":"","background-repeat":"repeat","background-position":"center center","background-size":"auto","background-attachment":"scroll","background-type":"","background-media":"","overlay-type":"","overlay-color":"","overlay-opacity":"","overlay-gradient":""},"tablet":{"background-color":"var(--ast-global-color-5)","background-image":"","background-repeat":"repeat","background-position":"center center","background-size":"auto","background-attachment":"scroll","background-type":"","background-media":"","overlay-type":"","overlay-color":"","overlay-opacity":"","overlay-gradient":""},"mobile":{"background-color":"var(--ast-global-color-5)","background-image":"","background-repeat":"repeat","background-position":"center center","background-size":"auto","background-attachment":"scroll","background-type":"","background-media":"","overlay-type":"","overlay-color":"","overlay-opacity":"","overlay-gradient":""}}},"product_brand":[],"product_cat":[162,138],"product_tag":[],"class_list":{"0":"post-17248","1":"product","2":"type-product","3":"status-publish","4":"has-post-thumbnail","6":"product_cat-glas-och-lock-till-stearinljus","7":"product_cat-tillverkning-av-stearinljus","8":"desktop-align-left","9":"tablet-align-left","10":"mobile-align-left","11":"ast-product-gallery-layout-horizontal","12":"ast-product-gallery-with-no-image","13":"ast-product-tabs-layout-horizontal","15":"first","16":"instock","17":"taxable","18":"shipping-taxable","19":"purchasable","20":"product-type-simple"},"_links":{"self":[{"href":"https:\/\/nordicdiy.ee\/sv\/wp-json\/wp\/v2\/product\/17248","targetHints":{"allow":["GET"]}}],"collection":[{"href":"https:\/\/nordicdiy.ee\/sv\/wp-json\/wp\/v2\/product"}],"about":[{"href":"https:\/\/nordicdiy.ee\/sv\/wp-json\/wp\/v2\/types\/product"}],"wp:featuredmedia":[{"embeddable":true,"href":"https:\/\/nordicdiy.ee\/sv\/wp-json\/wp\/v2\/media\/17253"}],"wp:attachment":[{"href":"https:\/\/nordicdiy.ee\/sv\/wp-json\/wp\/v2\/media?parent=17248"}],"wp:term":[{"taxonomy":"product_brand","embeddable":true,"href":"https:\/\/nordicdiy.ee\/sv\/wp-json\/wp\/v2\/product_brand?post=17248"},{"taxonomy":"product_cat","embeddable":true,"href":"https:\/\/nordicdiy.ee\/sv\/wp-json\/wp\/v2\/product_cat?post=17248"},{"taxonomy":"product_tag","embeddable":true,"href":"https:\/\/nordicdiy.ee\/sv\/wp-json\/wp\/v2\/product_tag?post=17248"}],"curies":[{"name":"wp","href":"https:\/\/api.w.org\/{rel}","templated":true}]}}