{"id":17258,"date":"2025-04-02T14:41:20","date_gmt":"2025-04-02T11:41:20","guid":{"rendered":"https:\/\/nordicdiy.ee\/?post_type=product&#038;p=17258"},"modified":"2025-04-04T15:52:48","modified_gmt":"2025-04-04T12:52:48","slug":"transparent-ljusburk-komfortburk-med-lock-300ml-h106-x-d99mm-copy","status":"publish","type":"product","link":"https:\/\/nordicdiy.ee\/sv\/epood\/tillverkning-av-stearinljus\/glas-och-lock-till-stearinljus\/transparent-ljusburk-komfortburk-med-lock-300ml-h106-x-d99mm-copy\/","title":{"rendered":"Transparent ljusglas med fot 300ml, h109 x d98mm"},"content":{"rendered":"<p class=\"\" data-start=\"219\" data-end=\"520\"><strong data-start=\"219\" data-end=\"306\">En dekorativ ljusstake med fot tillverkad av h\u00f6gkvalitativt sl\u00e4tt glas<\/strong> som ger elegans och m\u00e5ngsidighet till alla interi\u00f6rer. Med en kapacitet p\u00e5 500 ml \u00e4r den det perfekta valet f\u00f6r att <strong data-start=\"410\" data-end=\"437\">g\u00f6ra ljus<\/strong>, som <strong data-start=\"439\" data-end=\"460\">en liten vas<\/strong>, f\u00f6r <strong data-start=\"462\" data-end=\"488\">att h\u00e5lla doftkulor<\/strong> eller som <strong data-start=\"493\" data-end=\"519\">en elegant parfymdiffusor<\/strong>. <\/p>\n<p class=\"\" data-start=\"522\" data-end=\"739\">Den i\u00f6gonfallande <strong data-start=\"535\" data-end=\"552\">fotdesignen<\/strong> g\u00f6r den till ett s\u00e4rskilt i\u00f6gonfallande r\u00e5d - perfekt som present eller som en accent i hemmet. V\u00e4rmeljuset har ocks\u00e5 <strong data-start=\"662\" data-end=\"696\">ett tr\u00e4lock med en diameter p\u00e5 10 cm<\/strong> f\u00f6r en naturlig och mysig touch. <\/p>\n<p class=\"\" data-start=\"741\" data-end=\"884\"><strong data-start=\"741\" data-end=\"752\">M\u00e5tt:<\/strong> inv\u00e4ndig h\u00f6jd 10,9 cm, diameter 9,8 cm<br data-start=\"804\" data-end=\"807\"> Material: sl\u00e4tt och starkt glas<br data-start=\"840\" data-end=\"843\"><strong data-start=\"843\" data-end=\"856\">Ytterligare information:<\/strong> passar med 10 cm tr\u00e4lock.<\/p>\n<p class=\"\" data-start=\"886\" data-end=\"1067\">Utm\u00e4rkt f\u00f6r anv\u00e4ndning med en m\u00e4ngd olika vaxer (inklusive sojavax, paraffin, rapsvax, bivax). Skapa n\u00e5got unikt - ett lyxigt ljusglas som f\u00f6rh\u00f6jer st\u00e4mningen i alla rum. <\/p>\n","protected":false},"excerpt":{"rendered":"<p><strong data-start=\"219\" data-end=\"306\">En dekorativ ljusstake med fot i sl\u00e4tt glas av h\u00f6g kvalitet<\/strong> som ger elegans och m\u00e5ngsidighet till alla interi\u00f6rer. Med en kapacitet p\u00e5 500 ml \u00e4r den det perfekta valet f\u00f6r att g\u00f6ra ljus, som en liten blomvas eller f\u00f6r att h\u00e5lla doftkulor. <\/p>\n","protected":false},"featured_media":17263,"template":"","meta":{"site-sidebar-layout":"default","site-content-layout":"","ast-site-content-layout":"default","site-content-style":"default","site-sidebar-style":"default","ast-global-header-display":"","ast-banner-title-visibility":"","ast-main-header-display":"","ast-hfb-above-header-display":"","ast-hfb-below-header-display":"","ast-hfb-mobile-header-display":"","site-post-title":"","ast-breadcrumbs-content":"","ast-featured-img":"","footer-sml-layout":"","ast-disable-related-posts":"","theme-transparent-header-meta":"default","adv-header-id-meta":"","stick-header-meta":"default","header-above-stick-meta":"","header-main-stick-meta":"","header-below-stick-meta":"","astra-migrate-meta-layouts":"set","ast-page-background-enabled":"default","ast-page-background-meta":{"desktop":{"background-color":"","background-image":"","background-repeat":"repeat","background-position":"center center","background-size":"auto","background-attachment":"scroll","background-type":"","background-media":"","overlay-type":"","overlay-color":"","overlay-opacity":"","overlay-gradient":""},"tablet":{"background-color":"","background-image":"","background-repeat":"repeat","background-position":"center center","background-size":"auto","background-attachment":"scroll","background-type":"","background-media":"","overlay-type":"","overlay-color":"","overlay-opacity":"","overlay-gradient":""},"mobile":{"background-color":"","background-image":"","background-repeat":"repeat","background-position":"center center","background-size":"auto","background-attachment":"scroll","background-type":"","background-media":"","overlay-type":"","overlay-color":"","overlay-opacity":"","overlay-gradient":""}},"ast-content-background-meta":{"desktop":{"background-color":"var(--ast-global-color-5)","background-image":"","background-repeat":"repeat","background-position":"center center","background-size":"auto","background-attachment":"scroll","background-type":"","background-media":"","overlay-type":"","overlay-color":"","overlay-opacity":"","overlay-gradient":""},"tablet":{"background-color":"var(--ast-global-color-5)","background-image":"","background-repeat":"repeat","background-position":"center center","background-size":"auto","background-attachment":"scroll","background-type":"","background-media":"","overlay-type":"","overlay-color":"","overlay-opacity":"","overlay-gradient":""},"mobile":{"background-color":"var(--ast-global-color-5)","background-image":"","background-repeat":"repeat","background-position":"center center","background-size":"auto","background-attachment":"scroll","background-type":"","background-media":"","overlay-type":"","overlay-color":"","overlay-opacity":"","overlay-gradient":""}}},"product_brand":[],"product_cat":[162,138],"product_tag":[],"class_list":{"0":"post-17258","1":"product","2":"type-product","3":"status-publish","4":"has-post-thumbnail","6":"product_cat-glas-och-lock-till-stearinljus","7":"product_cat-tillverkning-av-stearinljus","8":"desktop-align-left","9":"tablet-align-left","10":"mobile-align-left","11":"ast-product-gallery-layout-horizontal","12":"ast-product-gallery-with-no-image","13":"ast-product-tabs-layout-horizontal","15":"first","16":"instock","17":"taxable","18":"shipping-taxable","19":"purchasable","20":"product-type-simple"},"_links":{"self":[{"href":"https:\/\/nordicdiy.ee\/sv\/wp-json\/wp\/v2\/product\/17258","targetHints":{"allow":["GET"]}}],"collection":[{"href":"https:\/\/nordicdiy.ee\/sv\/wp-json\/wp\/v2\/product"}],"about":[{"href":"https:\/\/nordicdiy.ee\/sv\/wp-json\/wp\/v2\/types\/product"}],"wp:featuredmedia":[{"embeddable":true,"href":"https:\/\/nordicdiy.ee\/sv\/wp-json\/wp\/v2\/media\/17263"}],"wp:attachment":[{"href":"https:\/\/nordicdiy.ee\/sv\/wp-json\/wp\/v2\/media?parent=17258"}],"wp:term":[{"taxonomy":"product_brand","embeddable":true,"href":"https:\/\/nordicdiy.ee\/sv\/wp-json\/wp\/v2\/product_brand?post=17258"},{"taxonomy":"product_cat","embeddable":true,"href":"https:\/\/nordicdiy.ee\/sv\/wp-json\/wp\/v2\/product_cat?post=17258"},{"taxonomy":"product_tag","embeddable":true,"href":"https:\/\/nordicdiy.ee\/sv\/wp-json\/wp\/v2\/product_tag?post=17258"}],"curies":[{"name":"wp","href":"https:\/\/api.w.org\/{rel}","templated":true}]}}