{"id":17279,"date":"2025-04-02T15:13:25","date_gmt":"2025-04-02T12:13:25","guid":{"rendered":"https:\/\/nordicdiy.ee\/?post_type=product&#038;p=17279"},"modified":"2026-01-01T01:01:44","modified_gmt":"2025-12-31T22:01:44","slug":"ljusglas-lavendel-lila-matt-260ml-h88-x-d80-mm-copy-2","status":"publish","type":"product","link":"https:\/\/nordicdiy.ee\/sv\/epood\/tillverkning-av-stearinljus\/glas-och-lock-till-stearinljus\/ljusglas-lavendel-lila-matt-260ml-h88-x-d80-mm-copy-2\/","title":{"rendered":"Ljusglas satin matt 260ml, h88 x d80 mm"},"content":{"rendered":"<p>Transparent frostat ljusglas 260 ml \u00e4r det perfekta valet f\u00f6r hantverksljus. Dess storlek och mjukt fodrade design \u00e4r perfekt f\u00f6r anv\u00e4ndning med en m\u00e4ngd olika vaxer som sojavax, paraffin, rapsvax, bivax och palmvax. Den v\u00e4rmebest\u00e4ndiga glassk\u00e5len ger en s\u00e4ker och h\u00e5llbar l\u00f6sning samtidigt som den erbjuder en klassisk och mjukt genomskinlig design.  <\/p>\n<p>Ljusk\u00e4rlets m\u00e5tt h88 x d80 mm ger en optimal volym som rymmer upp till 260 ml vax, vilket g\u00f6r det m\u00f6jligt att g\u00f6ra b\u00e5de doftljus och enkla dekorationsljus. Den matta glasytan ger en mjuk k\u00e4nsla till alla rum, vilket g\u00f6r den till ett utm\u00e4rkt val f\u00f6r heminredning eller som present. <\/p>\n<p>L\u00e4mplig f\u00f6r b\u00e5de sojavax- och paraffinljus, med l\u00e5ng brinntid och ren f\u00f6rbr\u00e4nning. Glaset \u00e4r ocks\u00e5 utm\u00e4rkt f\u00f6r rapsvax- och bivaxljus, som \u00e4r milj\u00f6v\u00e4nliga och biologiskt nedbrytbara. <\/p>\n","protected":false},"excerpt":{"rendered":"<p>Satin candle glass 260ml \u00e4r det perfekta valet f\u00f6r handgjorda ljus. Dess storlek och mjukt fodrade design \u00e4r perfekt f\u00f6r anv\u00e4ndning med en m\u00e4ngd olika vaxer som sojavax, paraffin, rapsvax, bivax och palmvax. Den v\u00e4rmebest\u00e4ndiga glassk\u00e5len ger en s\u00e4ker och h\u00e5llbar l\u00f6sning samtidigt som den erbjuder en klassisk och mjukt genomskinlig design.  <\/p>\n","protected":false},"featured_media":17284,"template":"","meta":{"site-sidebar-layout":"default","site-content-layout":"","ast-site-content-layout":"default","site-content-style":"default","site-sidebar-style":"default","ast-global-header-display":"","ast-banner-title-visibility":"","ast-main-header-display":"","ast-hfb-above-header-display":"","ast-hfb-below-header-display":"","ast-hfb-mobile-header-display":"","site-post-title":"","ast-breadcrumbs-content":"","ast-featured-img":"","footer-sml-layout":"","ast-disable-related-posts":"","theme-transparent-header-meta":"default","adv-header-id-meta":"","stick-header-meta":"default","header-above-stick-meta":"","header-main-stick-meta":"","header-below-stick-meta":"","astra-migrate-meta-layouts":"set","ast-page-background-enabled":"default","ast-page-background-meta":{"desktop":{"background-color":"","background-image":"","background-repeat":"repeat","background-position":"center center","background-size":"auto","background-attachment":"scroll","background-type":"","background-media":"","overlay-type":"","overlay-color":"","overlay-opacity":"","overlay-gradient":""},"tablet":{"background-color":"","background-image":"","background-repeat":"repeat","background-position":"center center","background-size":"auto","background-attachment":"scroll","background-type":"","background-media":"","overlay-type":"","overlay-color":"","overlay-opacity":"","overlay-gradient":""},"mobile":{"background-color":"","background-image":"","background-repeat":"repeat","background-position":"center center","background-size":"auto","background-attachment":"scroll","background-type":"","background-media":"","overlay-type":"","overlay-color":"","overlay-opacity":"","overlay-gradient":""}},"ast-content-background-meta":{"desktop":{"background-color":"var(--ast-global-color-5)","background-image":"","background-repeat":"repeat","background-position":"center center","background-size":"auto","background-attachment":"scroll","background-type":"","background-media":"","overlay-type":"","overlay-color":"","overlay-opacity":"","overlay-gradient":""},"tablet":{"background-color":"var(--ast-global-color-5)","background-image":"","background-repeat":"repeat","background-position":"center center","background-size":"auto","background-attachment":"scroll","background-type":"","background-media":"","overlay-type":"","overlay-color":"","overlay-opacity":"","overlay-gradient":""},"mobile":{"background-color":"var(--ast-global-color-5)","background-image":"","background-repeat":"repeat","background-position":"center center","background-size":"auto","background-attachment":"scroll","background-type":"","background-media":"","overlay-type":"","overlay-color":"","overlay-opacity":"","overlay-gradient":""}}},"product_brand":[],"product_cat":[162,138],"product_tag":[],"class_list":{"0":"post-17279","1":"product","2":"type-product","3":"status-publish","4":"has-post-thumbnail","6":"product_cat-glas-och-lock-till-stearinljus","7":"product_cat-tillverkning-av-stearinljus","8":"desktop-align-left","9":"tablet-align-left","10":"mobile-align-left","11":"ast-product-gallery-layout-horizontal","12":"ast-product-gallery-with-no-image","13":"ast-product-tabs-layout-horizontal","15":"first","16":"instock","17":"taxable","18":"shipping-taxable","19":"purchasable","20":"product-type-simple"},"_links":{"self":[{"href":"https:\/\/nordicdiy.ee\/sv\/wp-json\/wp\/v2\/product\/17279","targetHints":{"allow":["GET"]}}],"collection":[{"href":"https:\/\/nordicdiy.ee\/sv\/wp-json\/wp\/v2\/product"}],"about":[{"href":"https:\/\/nordicdiy.ee\/sv\/wp-json\/wp\/v2\/types\/product"}],"wp:featuredmedia":[{"embeddable":true,"href":"https:\/\/nordicdiy.ee\/sv\/wp-json\/wp\/v2\/media\/17284"}],"wp:attachment":[{"href":"https:\/\/nordicdiy.ee\/sv\/wp-json\/wp\/v2\/media?parent=17279"}],"wp:term":[{"taxonomy":"product_brand","embeddable":true,"href":"https:\/\/nordicdiy.ee\/sv\/wp-json\/wp\/v2\/product_brand?post=17279"},{"taxonomy":"product_cat","embeddable":true,"href":"https:\/\/nordicdiy.ee\/sv\/wp-json\/wp\/v2\/product_cat?post=17279"},{"taxonomy":"product_tag","embeddable":true,"href":"https:\/\/nordicdiy.ee\/sv\/wp-json\/wp\/v2\/product_tag?post=17279"}],"curies":[{"name":"wp","href":"https:\/\/api.w.org\/{rel}","templated":true}]}}