{"id":17358,"date":"2025-04-04T15:02:55","date_gmt":"2025-04-04T12:02:55","guid":{"rendered":"https:\/\/nordicdiy.ee\/?post_type=product&#038;p=17358"},"modified":"2025-04-04T15:10:05","modified_gmt":"2025-04-04T12:10:05","slug":"tralock-for-sma-stearinljus-glas-10012-med-packning-copy","status":"publish","type":"product","link":"https:\/\/nordicdiy.ee\/sv\/epood\/tillverkning-av-stearinljus\/glas-och-lock-till-stearinljus\/tralock-for-sma-stearinljus-glas-10012-med-packning-copy\/","title":{"rendered":"Tr\u00e4lock f\u00f6r fyrkantigt ljusglas 10019"},"content":{"rendered":"<p>Detta tr\u00e4lock \u00e4r ett perfekt designelement f\u00f6r ljusstakar och s\u00e4kerst\u00e4ller att doften fr\u00e5n ljuset bevaras l\u00e4ngre och f\u00f6rvaras s\u00e4kert. Den h\u00e5ller ocks\u00e5 damm och smuts borta. Tr\u00e4locket passar till fyrkantiga <a href=\"https:\/\/nordicdiy.ee\/sv\/epood\/tillverkning-av-stearinljus\/glas-och-lock-till-stearinljus\/morkbrunt-ljusglas-med-skruvkork-100-ml-copy\/\" target=\"_blank\" rel=\"noopener\">ljusglas 300ml, h80 x d80 mm<\/a>, genomskinliga eller f\u00e4rgade. M\u00e5tt p\u00e5 locket med tr\u00e4packning: h\u00f6jd - 1,5 cm, ytterdiameter - 8 cm, innerdiameter - 6,8 cm. Utan packning.   Du kan f\u00e5 din logotyp eller annat meddelande graverat p\u00e5 ljusets lock av tr\u00e4, vilket ger din produkt en lyxig och minnesv\u00e4rd detalj. Beg\u00e4r en offert f\u00f6r gravyr p\u00e5 epood@nordicdiy.ee.<\/p>\n","protected":false},"excerpt":{"rendered":"<p>Detta tr\u00e4lock \u00e4r ett perfekt designelement f\u00f6r ljusstakar och s\u00e4kerst\u00e4ller att doften fr\u00e5n ljuset bevaras l\u00e4ngre och f\u00f6rvaras s\u00e4kert. Den h\u00e5ller ocks\u00e5 damm och smuts borta. Tr\u00e4locket passar till fyrkantigt <a href=\"https:\/\/nordicdiy.ee\/epood\/kuunalde-valmistamine\/kuunlaklaasid-ja-kaaned\/labipaistev-kuunlaklaas-kandiline-300ml-80x80mm\/\" target=\"_blank\" rel=\"noopener\">ljusglas 300ml, h80 x d80 mm<\/a> (10019), transparent eller f\u00e4rgat.<\/p>\n","protected":false},"featured_media":17363,"template":"","meta":{"site-sidebar-layout":"default","site-content-layout":"","ast-site-content-layout":"default","site-content-style":"default","site-sidebar-style":"default","ast-global-header-display":"","ast-banner-title-visibility":"","ast-main-header-display":"","ast-hfb-above-header-display":"","ast-hfb-below-header-display":"","ast-hfb-mobile-header-display":"","site-post-title":"","ast-breadcrumbs-content":"","ast-featured-img":"","footer-sml-layout":"","ast-disable-related-posts":"","theme-transparent-header-meta":"default","adv-header-id-meta":"","stick-header-meta":"default","header-above-stick-meta":"","header-main-stick-meta":"","header-below-stick-meta":"","astra-migrate-meta-layouts":"set","ast-page-background-enabled":"default","ast-page-background-meta":{"desktop":{"background-color":"","background-image":"","background-repeat":"repeat","background-position":"center center","background-size":"auto","background-attachment":"scroll","background-type":"","background-media":"","overlay-type":"","overlay-color":"","overlay-opacity":"","overlay-gradient":""},"tablet":{"background-color":"","background-image":"","background-repeat":"repeat","background-position":"center center","background-size":"auto","background-attachment":"scroll","background-type":"","background-media":"","overlay-type":"","overlay-color":"","overlay-opacity":"","overlay-gradient":""},"mobile":{"background-color":"","background-image":"","background-repeat":"repeat","background-position":"center center","background-size":"auto","background-attachment":"scroll","background-type":"","background-media":"","overlay-type":"","overlay-color":"","overlay-opacity":"","overlay-gradient":""}},"ast-content-background-meta":{"desktop":{"background-color":"var(--ast-global-color-5)","background-image":"","background-repeat":"repeat","background-position":"center center","background-size":"auto","background-attachment":"scroll","background-type":"","background-media":"","overlay-type":"","overlay-color":"","overlay-opacity":"","overlay-gradient":""},"tablet":{"background-color":"var(--ast-global-color-5)","background-image":"","background-repeat":"repeat","background-position":"center center","background-size":"auto","background-attachment":"scroll","background-type":"","background-media":"","overlay-type":"","overlay-color":"","overlay-opacity":"","overlay-gradient":""},"mobile":{"background-color":"var(--ast-global-color-5)","background-image":"","background-repeat":"repeat","background-position":"center center","background-size":"auto","background-attachment":"scroll","background-type":"","background-media":"","overlay-type":"","overlay-color":"","overlay-opacity":"","overlay-gradient":""}}},"product_brand":[],"product_cat":[162,138],"product_tag":[],"class_list":{"0":"post-17358","1":"product","2":"type-product","3":"status-publish","4":"has-post-thumbnail","6":"product_cat-glas-och-lock-till-stearinljus","7":"product_cat-tillverkning-av-stearinljus","8":"desktop-align-left","9":"tablet-align-left","10":"mobile-align-left","11":"ast-product-gallery-layout-horizontal","12":"ast-product-gallery-with-no-image","13":"ast-product-tabs-layout-horizontal","15":"first","16":"instock","17":"taxable","18":"shipping-taxable","19":"purchasable","20":"product-type-simple"},"_links":{"self":[{"href":"https:\/\/nordicdiy.ee\/sv\/wp-json\/wp\/v2\/product\/17358","targetHints":{"allow":["GET"]}}],"collection":[{"href":"https:\/\/nordicdiy.ee\/sv\/wp-json\/wp\/v2\/product"}],"about":[{"href":"https:\/\/nordicdiy.ee\/sv\/wp-json\/wp\/v2\/types\/product"}],"wp:featuredmedia":[{"embeddable":true,"href":"https:\/\/nordicdiy.ee\/sv\/wp-json\/wp\/v2\/media\/17363"}],"wp:attachment":[{"href":"https:\/\/nordicdiy.ee\/sv\/wp-json\/wp\/v2\/media?parent=17358"}],"wp:term":[{"taxonomy":"product_brand","embeddable":true,"href":"https:\/\/nordicdiy.ee\/sv\/wp-json\/wp\/v2\/product_brand?post=17358"},{"taxonomy":"product_cat","embeddable":true,"href":"https:\/\/nordicdiy.ee\/sv\/wp-json\/wp\/v2\/product_cat?post=17358"},{"taxonomy":"product_tag","embeddable":true,"href":"https:\/\/nordicdiy.ee\/sv\/wp-json\/wp\/v2\/product_tag?post=17358"}],"curies":[{"name":"wp","href":"https:\/\/api.w.org\/{rel}","templated":true}]}}