{"id":17405,"date":"2025-04-04T15:26:24","date_gmt":"2025-04-04T12:26:24","guid":{"rendered":"https:\/\/nordicdiy.ee\/?post_type=product&#038;p=17405"},"modified":"2025-07-27T17:46:32","modified_gmt":"2025-07-27T14:46:32","slug":"flytande-nagellack-for-vax-acl2-0278-veganskt-och-sakert-copy","status":"publish","type":"product","link":"https:\/\/nordicdiy.ee\/sv\/epood\/tillverkning-av-stearinljus\/farger-pa-stearinljus\/flytande-nagellack-for-vax-acl2-0278-veganskt-och-sakert-copy\/","title":{"rendered":"Flytande vax f\u00e4rg\u00e4mne ACL2 0324- veganskt och s\u00e4kert"},"content":{"rendered":"<p>ACL flytande f\u00e4rg\u00e4mnen med UFIGREEN-logotypen \u00e4r av h\u00f6gsta kvalitet, oklassificerade f\u00e4rg\u00e4mnen som inte p\u00e5verkar ljusens s\u00e4kerhetsm\u00e4rkning. Mycket l\u00e4tt att anv\u00e4nda, blandas snabbt och j\u00e4mnt och det beh\u00f6vs bara en mycket liten m\u00e4ngd f\u00e4rg\u00e4mne f\u00f6r att f\u00e4rga ljuset i \u00f6nskad f\u00e4rg.  2 g fl\u00e4ckar 1-2 kg vax. De \u00e4r idealiska f\u00f6r tillverkning av sojavax- och paraffinljus och uppfyller de str\u00e4ngaste s\u00e4kerhets- och milj\u00f6standarderna. <\/p>\n<p><strong>Produktens egenskaper:<\/strong><\/p>\n<ul>\n<li>Vegansk och inte testad p\u00e5 djur<\/li>\n<li>Fri fr\u00e5n ftalater och tungmetaller<\/li>\n<li>Inneh\u00e5ller inte palmolja eller derivat d\u00e4rav.<\/li>\n<li>\u00d6verensst\u00e4mmer med REACH-f\u00f6rordningen (EU 1907\/2006) och standarden EN 71-3:2019-08.<\/li>\n<li>SVHC-fri (\u00e4mne som inger mycket stora bet\u00e4nkligheter)<\/li>\n<li>Oklassificerad enligt CLP-f\u00f6rordningen<\/li>\n<\/ul>\n<p><strong>Anv\u00e4ndarmanual:<\/strong><\/p>\n<ul>\n<li>Sm\u00e4lt sojavax vid 60-65\u00b0C eller paraffin vid 54-58\u00b0C.<\/li>\n<li>Tills\u00e4tt den flytande f\u00e4rgen i en proportion p\u00e5 0,1-0,2% (2 g f\u00e4rgar 1-2 kg vax).<\/li>\n<li>Tills\u00e4tt doftoljan UFIGREEN och blanda.<\/li>\n<li>H\u00e4ll den f\u00e4rdiga ljusmassan i en form eller glasbeh\u00e5llare.<\/li>\n<li>ACL flytande f\u00e4rger kan ocks\u00e5 anv\u00e4ndas f\u00f6r att g\u00f6ra doppade ljus.<\/li>\n<\/ul>\n","protected":false},"excerpt":{"rendered":"<p>ACL flytande f\u00e4rg\u00e4mnen med UFIGREEN-logotypen \u00e4r av h\u00f6gsta kvalitet, oklassificerade f\u00e4rg\u00e4mnen som inte p\u00e5verkar ljusens s\u00e4kerhetsm\u00e4rkning. Mycket l\u00e4tt att anv\u00e4nda, blandas snabbt och j\u00e4mnt och det beh\u00f6vs bara en mycket liten m\u00e4ngd f\u00e4rg\u00e4mne f\u00f6r att f\u00e4rga ljuset i \u00f6nskad f\u00e4rg.  2 g fl\u00e4ckar 1-2 kg vax. De \u00e4r idealiska f\u00f6r tillverkning av sojavax- och paraffinljus och uppfyller de str\u00e4ngaste s\u00e4kerhets- och milj\u00f6standarderna. <\/p>\n","protected":false},"featured_media":17412,"template":"","meta":{"site-sidebar-layout":"default","site-content-layout":"","ast-site-content-layout":"default","site-content-style":"default","site-sidebar-style":"default","ast-global-header-display":"","ast-banner-title-visibility":"","ast-main-header-display":"","ast-hfb-above-header-display":"","ast-hfb-below-header-display":"","ast-hfb-mobile-header-display":"","site-post-title":"","ast-breadcrumbs-content":"","ast-featured-img":"","footer-sml-layout":"","ast-disable-related-posts":"","theme-transparent-header-meta":"default","adv-header-id-meta":"","stick-header-meta":"default","header-above-stick-meta":"","header-main-stick-meta":"","header-below-stick-meta":"","astra-migrate-meta-layouts":"set","ast-page-background-enabled":"default","ast-page-background-meta":{"desktop":{"background-color":"","background-image":"","background-repeat":"repeat","background-position":"center center","background-size":"auto","background-attachment":"scroll","background-type":"","background-media":"","overlay-type":"","overlay-color":"","overlay-opacity":"","overlay-gradient":""},"tablet":{"background-color":"","background-image":"","background-repeat":"repeat","background-position":"center center","background-size":"auto","background-attachment":"scroll","background-type":"","background-media":"","overlay-type":"","overlay-color":"","overlay-opacity":"","overlay-gradient":""},"mobile":{"background-color":"","background-image":"","background-repeat":"repeat","background-position":"center center","background-size":"auto","background-attachment":"scroll","background-type":"","background-media":"","overlay-type":"","overlay-color":"","overlay-opacity":"","overlay-gradient":""}},"ast-content-background-meta":{"desktop":{"background-color":"var(--ast-global-color-5)","background-image":"","background-repeat":"repeat","background-position":"center center","background-size":"auto","background-attachment":"scroll","background-type":"","background-media":"","overlay-type":"","overlay-color":"","overlay-opacity":"","overlay-gradient":""},"tablet":{"background-color":"var(--ast-global-color-5)","background-image":"","background-repeat":"repeat","background-position":"center center","background-size":"auto","background-attachment":"scroll","background-type":"","background-media":"","overlay-type":"","overlay-color":"","overlay-opacity":"","overlay-gradient":""},"mobile":{"background-color":"var(--ast-global-color-5)","background-image":"","background-repeat":"repeat","background-position":"center center","background-size":"auto","background-attachment":"scroll","background-type":"","background-media":"","overlay-type":"","overlay-color":"","overlay-opacity":"","overlay-gradient":""}}},"product_brand":[],"product_cat":[201,415,138],"product_tag":[],"class_list":{"0":"post-17405","1":"product","2":"type-product","3":"status-publish","4":"has-post-thumbnail","6":"product_cat-farger-pa-stearinljus","7":"product_cat-rea","8":"product_cat-tillverkning-av-stearinljus","9":"desktop-align-left","10":"tablet-align-left","11":"mobile-align-left","12":"ast-product-gallery-layout-horizontal","13":"ast-product-gallery-with-no-image","14":"ast-product-single-variable","15":"ast-product-tabs-layout-horizontal","17":"first","18":"instock","19":"sale","20":"taxable","21":"shipping-taxable","22":"purchasable","23":"product-type-variable"},"_links":{"self":[{"href":"https:\/\/nordicdiy.ee\/sv\/wp-json\/wp\/v2\/product\/17405","targetHints":{"allow":["GET"]}}],"collection":[{"href":"https:\/\/nordicdiy.ee\/sv\/wp-json\/wp\/v2\/product"}],"about":[{"href":"https:\/\/nordicdiy.ee\/sv\/wp-json\/wp\/v2\/types\/product"}],"wp:featuredmedia":[{"embeddable":true,"href":"https:\/\/nordicdiy.ee\/sv\/wp-json\/wp\/v2\/media\/17412"}],"wp:attachment":[{"href":"https:\/\/nordicdiy.ee\/sv\/wp-json\/wp\/v2\/media?parent=17405"}],"wp:term":[{"taxonomy":"product_brand","embeddable":true,"href":"https:\/\/nordicdiy.ee\/sv\/wp-json\/wp\/v2\/product_brand?post=17405"},{"taxonomy":"product_cat","embeddable":true,"href":"https:\/\/nordicdiy.ee\/sv\/wp-json\/wp\/v2\/product_cat?post=17405"},{"taxonomy":"product_tag","embeddable":true,"href":"https:\/\/nordicdiy.ee\/sv\/wp-json\/wp\/v2\/product_tag?post=17405"}],"curies":[{"name":"wp","href":"https:\/\/api.w.org\/{rel}","templated":true}]}}