{"id":17747,"date":"2025-04-02T10:06:21","date_gmt":"2025-04-02T07:06:21","guid":{"rendered":"https:\/\/nordicdiy.ee\/epood\/okategoriserad\/pipett-plast-3ml\/"},"modified":"2026-03-02T21:23:50","modified_gmt":"2026-03-02T18:23:50","slug":"pipett-plast-3ml","status":"publish","type":"product","link":"https:\/\/nordicdiy.ee\/sv\/epood\/tillverkning-av-stearinljus\/farger-pa-stearinljus\/pipett-plast-3ml\/","title":{"rendered":"Pipett plast 3ml"},"content":{"rendered":"<p>Praktisk och l\u00e4ttanv\u00e4nd plastpipett, l\u00e4mplig f\u00f6r exakt dosering och droppning av v\u00e4tskor. Pipettens munstycksdiameter (3 mm) g\u00f6r det m\u00f6jligt att m\u00e4ta en m\u00e4ngd olika v\u00e4tskor, t.ex. doftoljor, eteriska oljor, flytande f\u00e4rg\u00e4mnen, flytande ljusvax och andra v\u00e4tskor. Tillverkad av slitstark och flexibel plast f\u00f6r enkel hantering och exakt funktion. Idealisk f\u00f6r b\u00e5de hemmabruk och professionella DIY-projekt.   <\/p>\n","protected":false},"excerpt":{"rendered":"<p class=\"\" data-start=\"54\" data-end=\"643\">Praktisk och l\u00e4ttanv\u00e4nd plastpipett som l\u00e4mpar sig f\u00f6r exakt dosering och droppning av v\u00e4tskor. Pipettens finare spetsdiameter (3 mm) g\u00f6r det m\u00f6jligt att m\u00e4ta en m\u00e4ngd olika v\u00e4tskor, t.ex. doftoljor, eteriska oljor, flytande f\u00e4rg\u00e4mnen, flytande ljusvax och andra v\u00e4tskor. Tillverkad av slitstark och flexibel plast f\u00f6r enkel hantering och exakt funktion. Perfekt f\u00f6r b\u00e5de hemmabruk och professionella DIY-projekt.   <\/p>\n<p class=\"\" data-start=\"54\" data-end=\"643\"><strong data-start=\"534\" data-end=\"547\">Kapacitet<\/strong>: 1-3 ml.<br data-start=\"584\" data-end=\"587\"> Material: PE-plast (livsmedelss\u00e4ker och \u00e5tervinningsbar).<br \/>\n L\u00e4ngd: 15 cm.<br \/>\n<strong>Bredd<\/strong>: 0,9 cm, passar \u00e4ven i sm\u00e5 flaskor.<\/p>\n<p class=\"\" data-start=\"645\" data-end=\"669\"><strong data-start=\"645\" data-end=\"666\">Anv\u00e4ndningsomr\u00e5den<\/strong>:<\/p>\n<ul data-start=\"670\" data-end=\"832\">\n<li class=\"\" data-start=\"670\" data-end=\"711\">\n<p class=\"\" data-start=\"672\" data-end=\"711\">Dosering av doft\u00e4mnen och eteriska oljor<\/p>\n<\/li>\n<li class=\"\" data-start=\"712\" data-end=\"744\">\n<p class=\"\" data-start=\"714\" data-end=\"744\">Tv\u00e5l- och ljustillverkning<\/p>\n<\/li>\n<li class=\"\" data-start=\"745\" data-end=\"788\">\n<p class=\"\" data-start=\"747\" data-end=\"788\">Laboratorie- och utbildningsprojekt<\/p>\n<\/li>\n<li class=\"\" data-start=\"789\" data-end=\"832\">\n<p class=\"\" data-start=\"791\" data-end=\"832\">Tillverkning av hush\u00e5llskosmetika och hush\u00e5llskemikalier<\/p>\n<\/li>\n<\/ul>\n","protected":false},"featured_media":17743,"template":"","meta":{"site-sidebar-layout":"default","site-content-layout":"","ast-site-content-layout":"default","site-content-style":"default","site-sidebar-style":"default","ast-global-header-display":"","ast-banner-title-visibility":"","ast-main-header-display":"","ast-hfb-above-header-display":"","ast-hfb-below-header-display":"","ast-hfb-mobile-header-display":"","site-post-title":"","ast-breadcrumbs-content":"","ast-featured-img":"","footer-sml-layout":"","ast-disable-related-posts":"","theme-transparent-header-meta":"default","adv-header-id-meta":"","stick-header-meta":"default","header-above-stick-meta":"","header-main-stick-meta":"","header-below-stick-meta":"","astra-migrate-meta-layouts":"default","ast-page-background-enabled":"default","ast-page-background-meta":{"desktop":{"background-color":"","background-image":"","background-repeat":"repeat","background-position":"center center","background-size":"auto","background-attachment":"scroll","background-type":"","background-media":"","overlay-type":"","overlay-color":"","overlay-opacity":"","overlay-gradient":""},"tablet":{"background-color":"","background-image":"","background-repeat":"repeat","background-position":"center center","background-size":"auto","background-attachment":"scroll","background-type":"","background-media":"","overlay-type":"","overlay-color":"","overlay-opacity":"","overlay-gradient":""},"mobile":{"background-color":"","background-image":"","background-repeat":"repeat","background-position":"center center","background-size":"auto","background-attachment":"scroll","background-type":"","background-media":"","overlay-type":"","overlay-color":"","overlay-opacity":"","overlay-gradient":""}},"ast-content-background-meta":{"desktop":{"background-color":"var(--ast-global-color-5)","background-image":"","background-repeat":"repeat","background-position":"center center","background-size":"auto","background-attachment":"scroll","background-type":"","background-media":"","overlay-type":"","overlay-color":"","overlay-opacity":"","overlay-gradient":""},"tablet":{"background-color":"var(--ast-global-color-5)","background-image":"","background-repeat":"repeat","background-position":"center center","background-size":"auto","background-attachment":"scroll","background-type":"","background-media":"","overlay-type":"","overlay-color":"","overlay-opacity":"","overlay-gradient":""},"mobile":{"background-color":"var(--ast-global-color-5)","background-image":"","background-repeat":"repeat","background-position":"center center","background-size":"auto","background-attachment":"scroll","background-type":"","background-media":"","overlay-type":"","overlay-color":"","overlay-opacity":"","overlay-gradient":""}}},"product_brand":[],"product_cat":[201,138],"product_tag":[],"class_list":{"0":"post-17747","1":"product","2":"type-product","3":"status-publish","4":"has-post-thumbnail","6":"product_cat-farger-pa-stearinljus","7":"product_cat-tillverkning-av-stearinljus","8":"desktop-align-left","9":"tablet-align-left","10":"mobile-align-left","11":"ast-product-gallery-layout-horizontal","12":"ast-product-gallery-with-no-image","13":"ast-product-tabs-layout-horizontal","15":"first","16":"instock","17":"taxable","18":"shipping-taxable","19":"purchasable","20":"product-type-simple"},"_links":{"self":[{"href":"https:\/\/nordicdiy.ee\/sv\/wp-json\/wp\/v2\/product\/17747","targetHints":{"allow":["GET"]}}],"collection":[{"href":"https:\/\/nordicdiy.ee\/sv\/wp-json\/wp\/v2\/product"}],"about":[{"href":"https:\/\/nordicdiy.ee\/sv\/wp-json\/wp\/v2\/types\/product"}],"wp:featuredmedia":[{"embeddable":true,"href":"https:\/\/nordicdiy.ee\/sv\/wp-json\/wp\/v2\/media\/17743"}],"wp:attachment":[{"href":"https:\/\/nordicdiy.ee\/sv\/wp-json\/wp\/v2\/media?parent=17747"}],"wp:term":[{"taxonomy":"product_brand","embeddable":true,"href":"https:\/\/nordicdiy.ee\/sv\/wp-json\/wp\/v2\/product_brand?post=17747"},{"taxonomy":"product_cat","embeddable":true,"href":"https:\/\/nordicdiy.ee\/sv\/wp-json\/wp\/v2\/product_cat?post=17747"},{"taxonomy":"product_tag","embeddable":true,"href":"https:\/\/nordicdiy.ee\/sv\/wp-json\/wp\/v2\/product_tag?post=17747"}],"curies":[{"name":"wp","href":"https:\/\/api.w.org\/{rel}","templated":true}]}}