{"id":17879,"date":"2025-04-02T18:08:00","date_gmt":"2025-04-02T15:08:00","guid":{"rendered":"https:\/\/nordicdiy.ee\/?post_type=product&#038;p=17879"},"modified":"2026-01-01T01:01:40","modified_gmt":"2025-12-31T22:01:40","slug":"beige-frostat-ljusglas-280-ml-h96-x-d80-mm-copy","status":"publish","type":"product","link":"https:\/\/nordicdiy.ee\/sv\/epood\/tillverkning-av-stearinljus\/glas-och-lock-till-stearinljus\/beige-frostat-ljusglas-280-ml-h96-x-d80-mm-copy\/","title":{"rendered":"Ljusglas m\u00f6rkgr\u00f6n matt 280 ml, h96 x d80 mm"},"content":{"rendered":"<p>M\u00f6rkgr\u00f6nt matt ljusglas 280 ml \u00e4r det perfekta valet f\u00f6r hantverksljus. L\u00e4mplig f\u00f6r anv\u00e4ndning med en m\u00e4ngd olika vaxer som sojavax, paraffinvax, rapsvax, bivax och palmvax. Den v\u00e4rmebest\u00e4ndiga glasburken garanterar s\u00e4ker och h\u00e5llbar ljusbr\u00e4nning samtidigt som den ger ett elegant utseende.  <\/p>\n<p>M\u00f6rkgr\u00f6nt ljusglas ger en modern och elegant accent till dina ljus, vilket g\u00f6r det till ett utm\u00e4rkt val f\u00f6r heminredning eller som present. Med ett glas med en h\u00f6jd p\u00e5 96 mm och en diameter p\u00e5 80 mm \u00e4r det den perfekta storleken f\u00f6r att g\u00f6ra ett sojavaxljus som brinner rent och l\u00e4ngre eller ett paraffinljus som garanterar en l\u00e5ng brinntid. <\/p>\n<p>Med det h\u00e4r ljusglaset kan du skapa bivax- eller rapsvaxljus som \u00e4r milj\u00f6v\u00e4nliga och biologiskt nedbrytbara. Det \u00e4r ocks\u00e5 l\u00e4mpligt f\u00f6r tillverkning av ljus av palml\u00e4der, d\u00e4r den kristallina strukturen ger ljusen ett speciellt utseende. Det m\u00f6rkgr\u00f6na frostat glaset rymmer upp till 280 ml vax, vilket ocks\u00e5 g\u00f6r att du kan tills\u00e4tta doftoljor och f\u00e4rg\u00e4mnen f\u00f6r att skapa unika doftljus.<\/p>\n","protected":false},"excerpt":{"rendered":"<p>M\u00f6rkgr\u00f6nt matt ljusglas 280 ml \u00e4r det perfekta valet f\u00f6r hantverksljus. L\u00e4mplig f\u00f6r anv\u00e4ndning med en m\u00e4ngd olika vaxer som sojavax, paraffinvax, rapsvax, bivax och palmvax. Den v\u00e4rmebest\u00e4ndiga glasburken garanterar s\u00e4ker och h\u00e5llbar ljusbr\u00e4nning samtidigt som den ger ett snyggt utseende.  <\/p>\n","protected":false},"featured_media":17884,"template":"","meta":{"site-sidebar-layout":"default","site-content-layout":"","ast-site-content-layout":"default","site-content-style":"default","site-sidebar-style":"default","ast-global-header-display":"","ast-banner-title-visibility":"","ast-main-header-display":"","ast-hfb-above-header-display":"","ast-hfb-below-header-display":"","ast-hfb-mobile-header-display":"","site-post-title":"","ast-breadcrumbs-content":"","ast-featured-img":"","footer-sml-layout":"","ast-disable-related-posts":"","theme-transparent-header-meta":"default","adv-header-id-meta":"","stick-header-meta":"default","header-above-stick-meta":"","header-main-stick-meta":"","header-below-stick-meta":"","astra-migrate-meta-layouts":"set","ast-page-background-enabled":"default","ast-page-background-meta":{"desktop":{"background-color":"","background-image":"","background-repeat":"repeat","background-position":"center center","background-size":"auto","background-attachment":"scroll","background-type":"","background-media":"","overlay-type":"","overlay-color":"","overlay-opacity":"","overlay-gradient":""},"tablet":{"background-color":"","background-image":"","background-repeat":"repeat","background-position":"center center","background-size":"auto","background-attachment":"scroll","background-type":"","background-media":"","overlay-type":"","overlay-color":"","overlay-opacity":"","overlay-gradient":""},"mobile":{"background-color":"","background-image":"","background-repeat":"repeat","background-position":"center center","background-size":"auto","background-attachment":"scroll","background-type":"","background-media":"","overlay-type":"","overlay-color":"","overlay-opacity":"","overlay-gradient":""}},"ast-content-background-meta":{"desktop":{"background-color":"var(--ast-global-color-5)","background-image":"","background-repeat":"repeat","background-position":"center center","background-size":"auto","background-attachment":"scroll","background-type":"","background-media":"","overlay-type":"","overlay-color":"","overlay-opacity":"","overlay-gradient":""},"tablet":{"background-color":"var(--ast-global-color-5)","background-image":"","background-repeat":"repeat","background-position":"center center","background-size":"auto","background-attachment":"scroll","background-type":"","background-media":"","overlay-type":"","overlay-color":"","overlay-opacity":"","overlay-gradient":""},"mobile":{"background-color":"var(--ast-global-color-5)","background-image":"","background-repeat":"repeat","background-position":"center center","background-size":"auto","background-attachment":"scroll","background-type":"","background-media":"","overlay-type":"","overlay-color":"","overlay-opacity":"","overlay-gradient":""}}},"product_brand":[],"product_cat":[162,138],"product_tag":[],"class_list":{"0":"post-17879","1":"product","2":"type-product","3":"status-publish","4":"has-post-thumbnail","6":"product_cat-glas-och-lock-till-stearinljus","7":"product_cat-tillverkning-av-stearinljus","8":"desktop-align-left","9":"tablet-align-left","10":"mobile-align-left","11":"ast-product-gallery-layout-horizontal","12":"ast-product-gallery-with-no-image","13":"ast-product-tabs-layout-horizontal","15":"first","16":"instock","17":"taxable","18":"shipping-taxable","19":"purchasable","20":"product-type-simple"},"_links":{"self":[{"href":"https:\/\/nordicdiy.ee\/sv\/wp-json\/wp\/v2\/product\/17879","targetHints":{"allow":["GET"]}}],"collection":[{"href":"https:\/\/nordicdiy.ee\/sv\/wp-json\/wp\/v2\/product"}],"about":[{"href":"https:\/\/nordicdiy.ee\/sv\/wp-json\/wp\/v2\/types\/product"}],"wp:featuredmedia":[{"embeddable":true,"href":"https:\/\/nordicdiy.ee\/sv\/wp-json\/wp\/v2\/media\/17884"}],"wp:attachment":[{"href":"https:\/\/nordicdiy.ee\/sv\/wp-json\/wp\/v2\/media?parent=17879"}],"wp:term":[{"taxonomy":"product_brand","embeddable":true,"href":"https:\/\/nordicdiy.ee\/sv\/wp-json\/wp\/v2\/product_brand?post=17879"},{"taxonomy":"product_cat","embeddable":true,"href":"https:\/\/nordicdiy.ee\/sv\/wp-json\/wp\/v2\/product_cat?post=17879"},{"taxonomy":"product_tag","embeddable":true,"href":"https:\/\/nordicdiy.ee\/sv\/wp-json\/wp\/v2\/product_tag?post=17879"}],"curies":[{"name":"wp","href":"https:\/\/api.w.org\/{rel}","templated":true}]}}