{"id":18482,"date":"2025-05-14T14:37:43","date_gmt":"2025-05-14T11:37:43","guid":{"rendered":"https:\/\/nordicdiy.ee\/epood\/okategoriserad\/doftolja-for-rik-choklad\/"},"modified":"2025-12-16T23:34:42","modified_gmt":"2025-12-16T20:34:42","slug":"doftolja-for-rik-choklad","status":"publish","type":"product","link":"https:\/\/nordicdiy.ee\/sv\/epood\/tillverkning-av-stearinljus\/dofter-av-stearinljus\/doftolja-for-rik-choklad\/","title":{"rendered":"Doftolja Rich Chocolate"},"content":{"rendered":"<p>ASPOL SCENTRA har registrerat UFIGREEN Safety Data Sheets (SDS), som \u00e4r framtagna f\u00f6r olika m\u00e4ngder doftolja och kan anv\u00e4ndas vid tillverkning av sojavaxljus. Dessa s\u00e4kerhetskort och CLP-klisterm\u00e4rken inneb\u00e4r att du inte beh\u00f6ver generera UFI-koden sj\u00e4lv och rapportera den i PCN eller registrera dig i ECHAS, eftersom fabriken redan har registrerat din produkt \u00e5t dig. <\/p>\n<p><strong>Varje doftolja har en UFIGREEN-anv\u00e4ndningsgr\u00e4ns, som anger den maximalt s\u00e4kra m\u00e4ngden doftolja per ljus. Produkter med UFI GREEN-m\u00e4rkning beh\u00f6ver ingen UFI-kod om de anv\u00e4nds inom den angivna anv\u00e4ndningsniv\u00e5n. D\u00e4rf\u00f6r finns det inget behov av att l\u00e4gga till en UFI-kod p\u00e5 produktetiketten.  <\/strong><\/p>\n<p><strong>Anv\u00e4ndning i ljus<\/strong> - f\u00f6r sojavaxljus, vaxt\u00e5rtor \u00e4r den rekommenderade m\u00e4ngden doftolja 6-12%, f\u00f6r paraffinljus 3-6%. Se nedan f\u00f6r exakta m\u00e4ngder och SDS-diagram.   <strong>Blanda inte olika doftoljor!<\/strong><\/p>\n<p>Genom att ladda ner det kostnadsfria UFIGREEN s\u00e4kerhetsdatabladet (SDS) och CLP-dekalen f\u00f6r sojavaxljuset bekr\u00e4ftar jag att jag har tillverkat min produkt enligt UFICONTROL-kraven och att jag har k\u00f6pt ingredienserna som anges p\u00e5 SDS-kortet fr\u00e5n Nordic DIY.<\/p>\n<ul>\n<li><strong>CLP-klisterm\u00e4rke kan laddas ner h\u00e4r - <a href=\"https:\/\/aspol.info\/wp-content\/uploads\/etykiety\/ufi-green.html\" target=\"_blank\" rel=\"noopener\">CLP-klisterm\u00e4rkesgenerator<\/a><\/strong><\/li>\n<li><strong><a href=\"https:\/\/goldelseou.sharepoint.com\/:f:\/s\/Nordicdiy.ee\/En6p9xsv4uNKlEFtSGyJhTsBmrxI3teL811r3TSXFGxSVg?e=c6r88P\" target=\"_blank\" rel=\"noopener\">S\u00e4kerhetsdatablad (SDS), IFRA, allergentabell och s\u00e4kerhetsdatablad (SDS) f\u00f6r f\u00e4rdiga ljus hittar du h\u00e4r.<\/a><\/strong><\/li>\n<\/ul>\n<p><span dir=\"auto\">S\u00e4kerhetsdatabladet (SDS) \u00e4ndras inte om du g\u00f6r ljus <a href=\"https:\/\/nordicdiy.ee\/sv\/produkt-kategori\/tillverkning-av-stearinljus\/farger-pa-stearinljus\/\" target=\"_blank\" rel=\"noopener\">med ACL UFIGREEN flytande f\u00e4rg\u00e4mnen<\/a>. ACL:s nagellack har en s\u00e4ker sammans\u00e4ttning, \u00e4r inte klassificerad som farlig och kr\u00e4ver inget PCN-certifikat.<\/span><\/p>\n<p>De h\u00f6gsta till\u00e5tna kvantiteterna f\u00f6r tillverkning av doftpinnar, doftsprayer, tv\u00e5lar (fasta och flytande) och andra produkter kan laddas ner fr\u00e5n IFRA-tabellen.<\/p>\n<p>F\u00f6rvaring<strong data-start=\"1310\" data-end=\"1326\">:<\/strong> Rekommenderad h\u00e5llbarhetstid \u00e4r <strong data-start=\"1353\" data-end=\"1364\">1 \u00e5r<\/strong>, men om produkten f\u00f6rvaras p\u00e5 r\u00e4tt s\u00e4tt (skyddas fr\u00e5n solljus, p\u00e5 en torr och sval plats) kan den anv\u00e4ndas i flera \u00e5r.<\/p>\n<p>VARNING!<br \/>\n<img decoding=\"async\" class=\"\" src=\"https:\/\/nordicdiy.ee\/wp-content\/uploads\/2025\/01\/terviseoht.jpg\" width=\"70\" height=\"70\"><img decoding=\"async\" class=\"\" src=\"https:\/\/nordicdiy.ee\/wp-content\/uploads\/2025\/02\/keskkonnaoht.jpg\" width=\"70\" height=\"70\"><\/p>\n","protected":false},"excerpt":{"rendered":"<div class=\"woocommerce-product-details__short-description\">\n<p><strong data-start=\"0\" data-end=\"44\">Uppt\u00e4ck UFIGREEN doftolja med upp till 73% drifttid<\/strong><strong data-start=\"0\" data-end=\"44\">!<\/strong> <strong data-start=\"0\" data-end=\"44\"><br \/>\n<\/strong><strong data-start=\"0\" data-end=\"44\">ASPOL SCENTRA UFIGREEN-certifierade doftoljor<\/strong> \u00e4r ett s\u00e4kert och h\u00f6gkvalitativt val f\u00f6r doftljus, hemdofter, doftsprayer, doftvaxer och tv\u00e5lar. Kontrollera <strong data-start=\"174\" data-end=\"210\">gr\u00e4nserna f\u00f6r s\u00e4ker anv\u00e4ndning<\/strong> f\u00f6re anv\u00e4ndning.<strong><br \/>\n<\/strong><br \/>\nF\u00f6r att f\u00f6renkla produktionen kan du <strong data-start=\"242\" data-end=\"265\">ladda ner<\/strong> SDS- och CLP-dekaler f\u00f6r sojavaxljus <strong data-start=\"242\" data-end=\"265\">GRATIS<\/strong>, och genom att f\u00f6lja doftoljetillverkarens rekommenderade anv\u00e4ndningsomr\u00e5den <strong>beh\u00f6ver du inte sj\u00e4lv generera och rapportera UFI-koden i PCN eller registrera dig separat hos ECHAS<\/strong>. <strong><br \/>\n Mer information om anv\u00e4ndningen av doftolja finns i produktbeskrivningen.<\/strong><\/p>\n<p><strong>Parfymnoter<\/strong><br \/>\nToppnoter: choklad<br \/>\nHj\u00e4rtnoter: gr\u00e4dde<br \/>\nBasnoter: vanilj<\/p>\n<\/div>\n<form class=\"variations_form cart plausible-event-name=Woo+Add+to+Cart plausible-event-quantity=1 plausible-event-product_id=4258 plausible-event-product_name=White+Chocolate+Fondue+aroomi\u00f5li plausible-event-price=2.90\" style=\"box-sizing: inherit; zoom: 1; color: #4b4f58; font-family: 'Work Sans', sans-serif; font-size: 15px; font-style: normal; font-variant-ligatures: normal; font-variant-caps: normal; font-weight: 400; letter-spacing: normal; orphans: 2; text-align: start; text-indent: 0px; text-transform: none; widows: 2; word-spacing: 0px; -webkit-text-stroke-width: 0px; white-space: normal; background-color: #f5f5f5; text-decoration-thickness: initial; text-decoration-style: initial; text-decoration-color: initial;\" action=\"https:\/\/nordicdiy.ee\/epood\/kuunalde-valmistamine\/kuunla-lohnad\/white-chocolate-fondue-aroomioli\/\" enctype=\"multipart\/form-data\" method=\"post\" data-product_id=\"4258\" data-product_variations=\"[{\" attributes=\"\">\\n\\t\\t\\t\\t\\t<span class='\\\"ast-stock-avail\\\"'>Saadavus\\n\\t\\t\\t\\t\\t<span class='\\\"stock' in-stock=\"\">Laos\\n\\t\\t\\t\\t\\n\\t\\t\\t\\t\",\"backorders_allowed\":false,\"dimensions\":{\"length\":\"3&#8243;,\"width\":\"3&#8243;,\"height\":\"8&#8243;},\"dimensions_html\":\"3 \u00d7 3 \u00d7 8 cm\",\"display_price\":2.899999999999999911182158029987476766109466552734375,\"display_regular_price\":2.899999999999999911182158029987476766109466552734375,\"image\":{\"title\":\"aroomi\\u00f5li ufigreen AF70_0467&#8243;,\"caption\":\"aroomi\\u00f5li ufigreen AF70_0467&#8243;,\"url\":\"https:\\\/\\\/nordicdiy.ee\\\/wp-content\\\/uploads\\\/2025\\\/01\\\/ufigreen-AF70_0467.jpg\",\"alt\":\"aroomi\\u00f5li ufigreen AF70_0467&#8243;,\"src\":\"https:\\\/\\\/nordicdiy.ee\\\/wp-content\\\/uploads\\\/2025\\\/01\\\/ufigreen-AF70_0467-600&#215;601.jpg\",\"srcset\":\"https:\\\/\\\/nordicdiy.ee\\\/wp-content\\\/uploads\\\/2025\\\/01\\\/ufigreen-AF70_0467-600&#215;601.jpg 600w, https:\\\/\\\/nordicdiy.ee\\\/wp-content\\\/uploads\\\/2025\\\/01\\\/ufigreen-AF70_0467-300&#215;300.jpg 300w, https:\\\/\\\/nordicdiy.ee\\\/wp-content\\\/uploads\\\/2025\\\/01\\\/ufigreen-AF70_0467-1022&#215;1024.jpg 1022w, https:\\\/\\\/nordicdiy.ee\\\/wp-content\\\/uploads\\\/2025\\\/01\\\/ufigreen-AF70_0467-150&#215;150.jpg 150w, https:\\\/\\\/nordicdiy.ee\\\/wp-content\\\/uploads\\\/2025\\\/01\\\/ufigreen-AF70_0467-768&#215;770.jpg 768w, https:\\\/\\\/nordicdiy.ee\\\/wp-content\\\/uploads\\\/2025\\\/01\\\/ufigreen-AF70_0467-1532&#215;1536.jpg 1532w, https:\\\/\\\/nordicdiy.ee\\\/wp-content\\\/uploads\\\/2025\\\/01\\\/ufigreen-AF70_0467-100&#215;100.jpg 100w, https:\\\/\\\/nordicdiy.ee\\\/wp-content\\\/uploads\\\/2025\\\/01\\\/ufigreen-AF70_0467.jpg 1643w\",\"sizes\":\"(max-width: 600px) 100vw, 600px\",\"full_src\":\"https:\\\/\\\/nordicdiy.ee\\\/wp-content\\\/uploads\\\/2025\\\/01\\\/ufigreen-AF70_0467.jpg\",\"full_src_w\":1643,\"full_src_h\":1647,\"gallery_thumbnail_src\":\"https:\\\/\\\/nordicdiy.ee\\\/wp-content\\\/uploads\\\/2025\\\/01\\\/ufigreen-AF70_0467-100&#215;100.jpg\",\"gallery_thumbnail_src_w\":100,\"gallery_thumbnail_src_h\":100,\"thumb_src\":\"https:\\\/\\\/nordicdiy.ee\\\/wp-content\\\/uploads\\\/2025\\\/01\\\/ufigreen-AF70_0467-300&#215;300.jpg\",\"thumb_src_w\":300,\"thumb_src_h\":300,\"src_w\":600,\"src_h\":601},\"image_id\":5197,\"is_downloadable\":false,\"is_in_stock\":true,\"is_purchasable\":true,\"is_sold_individually\":\"no\",\"is_virtual\":false,\"max_qty\":18,\"min_qty\":1,\"price_html\":\"<span class='\\\"price\\\"'><span class='\\\"woocommerce-Price-amount' amount=\"\"><bdi>2,90&nbsp;<span class='\\\"woocommerce-Price-currencySymbol\\\"'>\u20ac\",\"sku\":\"AF700467_20&#8243;,\"variation_description\":\"<\/p>\n<p>\\u00dchiku hind 145\\u20ac\\\/l\\n\",\"variation_id\":4273,\"variation_is_active\":true,\"variation_is_visible\":true,\"weight\":\"0.02&#8243;,\"weight_html\":\"0,02 kg\"},{\"attributes\":{\"attribute_pa_kogus\":\"100ml\"},\"availability_html\":\"\\t\\t\\t\\t<\/p>\n<p class='\\\"ast-stock-detail\\\"'>\\n\\t\\t\\t\\t\\t<span class='\\\"ast-stock-avail\\\"'>Saadavus\\n\\t\\t\\t\\t\\t<span class='\\\"stock' in-stock=\"\">Laos\\n\\t\\t\\t\\t\\n\\t\\t\\t\\t\",\"backorders_allowed\":false,\"dimensions\":{\"length\":\"4&#8243;,\"width\":\"4&#8243;,\"height\":\"9&#8243;},\"dimensions_html\":\"4 \u00d7 4 \u00d7 9 cm\",\"display_price\":8.9000000000000003552713678800500929355621337890625,\"display_regular_price\":8.9000000000000003552713678800500929355621337890625,\"image\":{\"title\":\"aroomi\\u00f5li ufigreen AF70_0467&#8243;,\"caption\":\"aroomi\\u00f5li ufigreen AF70_0467&#8243;,\"url\":\"https:\\\/\\\/nordicdiy.ee\\\/wp-content\\\/uploads\\\/2025\\\/01\\\/ufigreen-AF70_0467.jpg\",\"alt\":\"aroomi\\u00f5li ufigreen AF70_0467&#8243;,\"src\":\"https:\\\/\\\/nordicdiy.ee\\\/wp-content\\\/uploads\\\/2025\\\/01\\\/ufigreen-AF70_0467-600&#215;601.jpg\",\"srcset\":\"https:\\\/\\\/nordicdiy.ee\\\/wp-content\\\/uploads\\\/2025\\\/01\\\/ufigreen-AF70_0467-600&#215;601.jpg 600w, https:\\\/\\\/nordicdiy.ee\\\/wp-content\\\/uploads\\\/2025\\\/01\\\/ufigreen-AF70_0467-300&#215;300.jpg 300w, https:\\\/\\\/nordicdiy.ee\\\/wp-content\\\/uploads\\\/2025\\\/01\\\/ufigreen-AF70_0467-1022&#215;1024.jpg 1022w, https:\\\/\\\/nordicdiy.ee\\\/wp-content\\\/uploads\\\/2025\\\/01\\\/ufigreen-AF70_0467-150&#215;150.jpg 150w, https:\\\/\\\/nordicdiy.ee\\\/wp-content\\\/uploads\\\/2025\\\/01\\\/ufigreen-AF70_0467-768&#215;770.jpg 768w, https:\\\/\\\/nordicdiy.ee\\\/wp-content\\\/uploads\\\/2025\\\/01\\\/ufigreen-AF70_0467-1532&#215;1536.jpg 1532w, https:\\\/\\\/nordicdiy.ee\\\/wp-content\\\/uploads\\\/2025\\\/01\\\/ufigreen-AF70_0467-100&#215;100.jpg 100w, https:\\\/\\\/nordicdiy.ee\\\/wp-content\\\/uploads\\\/2025\\\/01\\\/ufigreen-AF70_0467.jpg 1643w\",\"sizes\":\"(max-width: 600px) 100vw, 600px\",\"full_src\":\"https:\\\/\\\/nordicdiy.ee\\\/wp-content\\\/uploads\\\/2025\\\/01\\\/ufigreen-AF70_0467.jpg\",\"full_src_w\":1643,\"full_src_h\":1647,\"gallery_thumbnail_src\":\"https:\\\/\\\/nordicdiy.ee\\\/wp-content\\\/uploads\\\/2025\\\/01\\\/ufigreen-AF70_0467-100&#215;100.jpg\",\"gallery_thumbnail_src_w\":100,\"gallery_thumbnail_src_h\":100,\"thumb_src\":\"https:\\\/\\\/nordicdiy.ee\\\/wp-content\\\/uploads\\\/2025\\\/01\\\/ufigreen-AF70_0467-300&#215;300.jpg\",\"thumb_src_w\":300,\"thumb_src_h\":300,\"src_w\":600,\"src_h\":601},\"image_id\":5197,\"is_downloadable\":false,\"is_in_stock\":true,\"is_purchasable\":true,\"is_sold_individually\":\"no\",\"is_virtual\":false,\"max_qty\":5,\"min_qty\":1,\"price_html\":\"<span class='\\\"price\\\"'><span class='\\\"woocommerce-Price-amount' amount=\"\"><bdi>8,90&nbsp;<span class='\\\"woocommerce-Price-currencySymbol\\\"'>\u20ac\",\"sku\":\"AF700467_100&#8243;,\"variation_description\":\"<\/p>\n<p>\\u00dchiku hind 89\\u20ac\\\/l\\n\",\"variation_id\":4271,\"variation_is_active\":true,\"variation_is_visible\":true,\"weight\":\"0.1&#8243;,\"weight_html\":\"0,1 kg\"},{\"attributes\":{\"attribute_pa_kogus\":\"500ml\"},\"availability_html\":\"\\t\\t\\t\\t<\/p>\n<p class='\\\"ast-stock-detail\\\"'>\\n\\t\\t\\t\\t\\t<span class='\\\"ast-stock-avail\\\"'>Saadavus\\n\\t\\t\\t\\t\\t<span class='\\\"stock' in-stock=\"\">Laos\\n\\t\\t\\t\\t\\n\\t\\t\\t\\t\",\"backorders_allowed\":false,\"dimensions\":{\"length\":\"7&#8243;,\"width\":\"7&#8243;,\"height\":\"15&#8243;},\"dimensions_html\":\"7 \u00d7 7 \u00d7 15 cm\",\"display_price\":22,\"display_regular_price\":22,\"image\":{\"title\":\"aroomi\\u00f5li ufigreen AF70_0467&#8243;,\"caption\":\"aroomi\\u00f5li ufigreen AF70_0467&#8243;,\"url\":\"https:\\\/\\\/nordicdiy.ee\\\/wp-content\\\/uploads\\\/2025\\\/01\\\/ufigreen-AF70_0467.jpg\",\"alt\":\"aroomi\\u00f5li ufigreen AF70_0467&#8243;,\"src\":\"https:\\\/\\\/nordicdiy.ee\\\/wp-content\\\/uploads\\\/2025\\\/01\\\/ufigreen-AF70_0467-600&#215;601.jpg\",\"srcset\":\"https:\\\/\\\/nordicdiy.ee\\\/wp-content\\\/uploads\\\/2025\\\/01\\\/ufigreen-AF70_0467-600&#215;601.jpg 600w, https:\\\/\\\/nordicdiy.ee\\\/wp-content\\\/uploads\\\/2025\\\/01\\\/ufigreen-AF70_0467-300&#215;300.jpg 300w, https:\\\/\\\/nordicdiy.ee\\\/wp-content\\\/uploads\\\/2025\\\/01\\\/ufigreen-AF70_0467-1022&#215;1024.jpg 1022w, https:\\\/\\\/nordicdiy.ee\\\/wp-content\\\/uploads\\\/2025\\\/01\\\/ufigreen-AF70_0467-150&#215;150.jpg 150w, https:\\\/\\\/nordicdiy.ee\\\/wp-content\\\/uploads\\\/2025\\\/01\\\/ufigreen-AF70_0467-768&#215;770.jpg 768w, https:\\\/\\\/nordicdiy.ee\\\/wp-content\\\/uploads\\\/2025\\\/01\\\/ufigreen-AF70_0467-1532&#215;1536.jpg 1532w, https:\\\/\\\/nordicdiy.ee\\\/wp-content\\\/uploads\\\/2025\\\/01\\\/ufigreen-AF70_0467-100&#215;100.jpg 100w, https:\\\/\\\/nordicdiy.ee\\\/wp-content\\\/uploads\\\/2025\\\/01\\\/ufigreen-AF70_0467.jpg 1643w\",\"sizes\":\"(max-width: 600px) 100vw, 600px\",\"full_src\":\"https:\\\/\\\/nordicdiy.ee\\\/wp-content\\\/uploads\\\/2025\\\/01\\\/ufigreen-AF70_0467.jpg\",\"full_src_w\":1643,\"full_src_h\":1647,\"gallery_thumbnail_src\":\"https:\\\/\\\/nordicdiy.ee\\\/wp-content\\\/uploads\\\/2025\\\/01\\\/ufigreen-AF70_0467-100&#215;100.jpg\",\"gallery_thumbnail_src_w\":100,\"gallery_thumbnail_src_h\":100,\"thumb_src\":\"https:\\\/\\\/nordicdiy.ee\\\/wp-content\\\/uploads\\\/2025\\\/01\\\/ufigreen-AF70_0467-300&#215;300.jpg\",\"thumb_src_w\":300,\"thumb_src_h\":300,\"src_w\":600,\"src_h\":601},\"image_id\":5197,\"is_downloadable\":false,\"is_in_stock\":true,\"is_purchasable\":true,\"is_sold_individually\":\"no\",\"is_virtual\":false,\"max_qty\":1,\"min_qty\":1,\"price_html\":\"<span class='\\\"price\\\"'><span class='\\\"woocommerce-Price-amount' amount=\"\"><bdi>22,00&nbsp;<span class='\\\"woocommerce-Price-currencySymbol\\\"'>\u20ac\",\"sku\":\"AF700467_500&#8243;,\"variation_description\":\"<\/p>\n<p>\\u00dchiku hind 44\\u20ac\\\/l\\n\",\"variation_id\":4272,\"variation_is_active\":true,\"variation_is_visible\":true,\"weight\":\"0.5&#8243;,\"weight_html\":\"0,5 kg\"},{\"attributes\":{\"attribute_pa_kogus\":\"1000ml\"},\"availability_html\":\"<\/p>\n<p class='\\\"stock' out-of-stock=\"\">Laost otsas\\n\",\"backorders_allowed\":false,\"dimensions\":{\"length\":\"8&#8243;,\"width\":\"8&#8243;,\"height\":\"22&#8243;},\"dimensions_html\":\"8 \u00d7 8 \u00d7 22 cm\",\"display_price\":39,\"display_regular_price\":39,\"image\":{\"title\":\"aroomi\\u00f5li ufigreen AF70_0467&#8243;,\"caption\":\"aroomi\\u00f5li ufigreen AF70_0467&#8243;,\"url\":\"https:\\\/\\\/nordicdiy.ee\\\/wp-content\\\/uploads\\\/2025\\\/01\\\/ufigreen-AF70_0467.jpg\",\"alt\":\"aroomi\\u00f5li ufigreen AF70_0467&#8243;,\"src\":\"https:\\\/\\\/nordicdiy.ee\\\/wp-content\\\/uploads\\\/2025\\\/01\\\/ufigreen-AF70_0467-600&#215;601.jpg\",\"srcset\":\"https:\\\/\\\/nordicdiy.ee\\\/wp-content\\\/uploads\\\/2025\\\/01\\\/ufigreen-AF70_0467-600&#215;601.jpg 600w, https:\\\/\\\/nordicdiy.ee\\\/wp-content\\\/uploads\\\/2025\\\/01\\\/ufigreen-AF70_0467-300&#215;300.jpg 300w, https:\\\/\\\/nordicdiy.ee\\\/wp-content\\\/uploads\\\/2025\\\/01\\\/ufigreen-AF70_0467-1022&#215;1024.jpg 1022w, https:\\\/\\\/nordicdiy.ee\\\/wp-content\\\/uploads\\\/2025\\\/01\\\/ufigreen-AF70_0467-150&#215;150.jpg 150w, https:\\\/\\\/nordicdiy.ee\\\/wp-content\\\/uploads\\\/2025\\\/01\\\/ufigreen-AF70_0467-768&#215;770.jpg 768w, https:\\\/\\\/nordicdiy.ee\\\/wp-content\\\/uploads\\\/2025\\\/01\\\/ufigreen-AF70_0467-1532&#215;1536.jpg 1532w, https:\\\/\\\/nordicdiy.ee\\\/wp-content\\\/uploads\\\/2025\\\/01\\\/ufigreen-AF70_0467-100&#215;100.jpg 100w, https:\\\/\\\/nordicdiy.ee\\\/wp-content\\\/uploads\\\/2025\\\/01\\\/ufigreen-AF70_0467.jpg 1643w\",\"sizes\":\"(max-width: 600px) 100vw, 600px\",\"full_src\":\"https:\\\/\\\/nordicdiy.ee\\\/wp-content\\\/uploads\\\/2025\\\/01\\\/ufigreen-AF70_0467.jpg\",\"full_src_w\":1643,\"full_src_h\":1647,\"gallery_thumbnail_src\":\"https:\\\/\\\/nordicdiy.ee\\\/wp-content\\\/uploads\\\/2025\\\/01\\\/ufigreen-AF70_0467-100&#215;100.jpg\",\"gallery_thumbnail_src_w\":100,\"gallery_thumbnail_src_h\":100,\"thumb_src\":\"https:\\\/\\\/nordicdiy.ee\\\/wp-content\\\/uploads\\\/2025\\\/01\\\/ufigreen-AF70_0467-300&#215;300.jpg\",\"thumb_src_w\":300,\"thumb_src_h\":300,\"src_w\":600,\"src_h\":601},\"image_id\":5197,\"is_downloadable\":false,\"is_in_stock\":false,\"is_purchasable\":true,\"is_sold_individually\":\"no\",\"is_virtual\":false,\"max_qty\":\"\",\"min_qty\":1,\"price_html\":\"<span class='\\\"price\\\"'><span class='\\\"woocommerce-Price-amount' amount=\"\"><bdi>39,00&nbsp;<span class='\\\"woocommerce-Price-currencySymbol\\\"'>\u20ac\",\"sku\":\"AF700467_1&#8243;,\"variation_description\":\"<\/p>\n<p>\\u00dchiku hind 39\\u20ac\\\/l\\n\",\"variation_id\":4270,\"variation_is_active\":true,\"variation_is_visible\":true,\"weight\":\"1&#8243;,\"weight_html\":\"1 kg\"}]\"\/&gt;<\/p>\n<p><\/span><\/bdi><\/span><\/span><\/p>\n<p><\/span><\/bdi><\/span><\/span><\/span><\/span><\/p>\n<p><\/span><\/bdi><\/span><\/span><\/span><\/span><\/p>\n<p><\/span><\/bdi><\/span><\/span><\/span><\/span><\/form>\n","protected":false},"featured_media":22166,"template":"","meta":{"site-sidebar-layout":"default","site-content-layout":"","ast-site-content-layout":"default","site-content-style":"default","site-sidebar-style":"default","ast-global-header-display":"","ast-banner-title-visibility":"","ast-main-header-display":"","ast-hfb-above-header-display":"","ast-hfb-below-header-display":"","ast-hfb-mobile-header-display":"","site-post-title":"","ast-breadcrumbs-content":"","ast-featured-img":"","footer-sml-layout":"","ast-disable-related-posts":"","theme-transparent-header-meta":"default","adv-header-id-meta":"","stick-header-meta":"default","header-above-stick-meta":"","header-main-stick-meta":"","header-below-stick-meta":"","astra-migrate-meta-layouts":"default","ast-page-background-enabled":"default","ast-page-background-meta":{"desktop":{"background-color":"","background-image":"","background-repeat":"repeat","background-position":"center center","background-size":"auto","background-attachment":"scroll","background-type":"","background-media":"","overlay-type":"","overlay-color":"","overlay-opacity":"","overlay-gradient":""},"tablet":{"background-color":"","background-image":"","background-repeat":"repeat","background-position":"center center","background-size":"auto","background-attachment":"scroll","background-type":"","background-media":"","overlay-type":"","overlay-color":"","overlay-opacity":"","overlay-gradient":""},"mobile":{"background-color":"","background-image":"","background-repeat":"repeat","background-position":"center center","background-size":"auto","background-attachment":"scroll","background-type":"","background-media":"","overlay-type":"","overlay-color":"","overlay-opacity":"","overlay-gradient":""}},"ast-content-background-meta":{"desktop":{"background-color":"var(--ast-global-color-5)","background-image":"","background-repeat":"repeat","background-position":"center center","background-size":"auto","background-attachment":"scroll","background-type":"","background-media":"","overlay-type":"","overlay-color":"","overlay-opacity":"","overlay-gradient":""},"tablet":{"background-color":"var(--ast-global-color-5)","background-image":"","background-repeat":"repeat","background-position":"center center","background-size":"auto","background-attachment":"scroll","background-type":"","background-media":"","overlay-type":"","overlay-color":"","overlay-opacity":"","overlay-gradient":""},"mobile":{"background-color":"var(--ast-global-color-5)","background-image":"","background-repeat":"repeat","background-position":"center center","background-size":"auto","background-attachment":"scroll","background-type":"","background-media":"","overlay-type":"","overlay-color":"","overlay-opacity":"","overlay-gradient":""}}},"product_brand":[],"product_cat":[133,192,270,415,191],"product_tag":[],"class_list":{"0":"post-18482","1":"product","2":"type-product","3":"status-publish","4":"has-post-thumbnail","6":"product_cat-aromoljor","7":"product_cat-dofter-av-stearinljus","8":"product_cat-doftoljor-som-ar-lampliga-for-diffusorn","9":"product_cat-rea","10":"product_cat-ufi-gron","11":"desktop-align-left","12":"tablet-align-left","13":"mobile-align-left","14":"ast-product-gallery-layout-horizontal","15":"ast-product-gallery-with-no-image","16":"ast-product-single-variable","17":"ast-product-tabs-layout-horizontal","19":"first","20":"instock","21":"taxable","22":"shipping-taxable","23":"purchasable","24":"product-type-variable"},"_links":{"self":[{"href":"https:\/\/nordicdiy.ee\/sv\/wp-json\/wp\/v2\/product\/18482","targetHints":{"allow":["GET"]}}],"collection":[{"href":"https:\/\/nordicdiy.ee\/sv\/wp-json\/wp\/v2\/product"}],"about":[{"href":"https:\/\/nordicdiy.ee\/sv\/wp-json\/wp\/v2\/types\/product"}],"wp:featuredmedia":[{"embeddable":true,"href":"https:\/\/nordicdiy.ee\/sv\/wp-json\/wp\/v2\/media\/22166"}],"wp:attachment":[{"href":"https:\/\/nordicdiy.ee\/sv\/wp-json\/wp\/v2\/media?parent=18482"}],"wp:term":[{"taxonomy":"product_brand","embeddable":true,"href":"https:\/\/nordicdiy.ee\/sv\/wp-json\/wp\/v2\/product_brand?post=18482"},{"taxonomy":"product_cat","embeddable":true,"href":"https:\/\/nordicdiy.ee\/sv\/wp-json\/wp\/v2\/product_cat?post=18482"},{"taxonomy":"product_tag","embeddable":true,"href":"https:\/\/nordicdiy.ee\/sv\/wp-json\/wp\/v2\/product_tag?post=18482"}],"curies":[{"name":"wp","href":"https:\/\/api.w.org\/{rel}","templated":true}]}}