{"id":19227,"date":"2025-05-12T11:34:22","date_gmt":"2025-05-12T08:34:22","guid":{"rendered":"https:\/\/nordicdiy.ee\/?post_type=product&#038;p=19227"},"modified":"2025-11-13T12:48:23","modified_gmt":"2025-11-13T09:48:23","slug":"vattenbaserad-tvalbas-1-liter-naturlig-och-vegansk-copy","status":"publish","type":"product","link":"https:\/\/nordicdiy.ee\/sv\/epood\/aromoljor\/vattenbaserad-tvalbas-1-liter-naturlig-och-vegansk-copy\/","title":{"rendered":"W405 stabilisator"},"content":{"rendered":"<p data-start=\"478\" data-end=\"690\"><strong data-start=\"478\" data-end=\"500\">W405 stabilisator<\/strong> \u00e4r en effektiv torrgranulerad tillsats som anv\u00e4nds i nagelvaxblandningar samt i tensidbaserade produkter f\u00f6r personlig v\u00e5rd som flytande tv\u00e5l, schampo och duschgel.<\/p>\n<p data-start=\"692\" data-end=\"733\">W405 hj\u00e4lper dig <strong data-start=\"695\" data-end=\"721\">att g\u00f6ra ljus<\/strong>:<\/p>\n<ul data-start=\"734\" data-end=\"955\">\n<li data-start=\"734\" data-end=\"792\">\n<p data-start=\"736\" data-end=\"792\"><strong data-start=\"736\" data-end=\"754\">st\u00e4rker vaxer<\/strong> och minskar ytans <strong data-start=\"776\" data-end=\"790\">klibbighet<\/strong><\/p>\n<\/li>\n<li data-start=\"793\" data-end=\"839\">\n<p data-start=\"795\" data-end=\"839\"><strong data-start=\"795\" data-end=\"822\">f\u00f6rb\u00e4ttra opalescens<\/strong> (mj\u00f6lkaktig grumlighet)<\/p>\n<\/li>\n<li data-start=\"840\" data-end=\"887\">\n<p data-start=\"842\" data-end=\"887\"><strong data-start=\"842\" data-end=\"868\">minskar missf\u00e4rgning<\/strong> och <strong data-start=\"872\" data-end=\"885\">dropp<\/strong><\/p>\n<\/li>\n<li data-start=\"888\" data-end=\"955\">\n<p data-start=\"890\" data-end=\"955\">g\u00f6ra slutresultatet visuellt renare och mer professionellt<\/p>\n<\/li>\n<\/ul>\n<p data-start=\"957\" data-end=\"1050\"><strong data-start=\"960\" data-end=\"982\">I kosmetika<\/strong>- <strong data-start=\"989\" data-end=\"1023\">duschgel, schampo och flytande tv\u00e5l<\/strong>- hj\u00e4lper stabilisatorn W405 till:<\/p>\n<ul data-start=\"1051\" data-end=\"1379\">\n<li data-start=\"1051\" data-end=\"1123\">\n<p data-start=\"1053\" data-end=\"1123\">\u00f6ka <strong data-start=\"1064\" data-end=\"1079\">viskositeten<\/strong>, d.v.s. g\u00f6ra produkten <strong data-start=\"1096\" data-end=\"1123\">tjockare och mer gel\u00e9artad<\/strong><\/p>\n<\/li>\n<li data-start=\"1124\" data-end=\"1207\">\n<p data-start=\"1126\" data-end=\"1207\"><strong data-start=\"1126\" data-end=\"1144\">stabilisera<\/strong> den slutliga kompositionen och undvika skiktning eller \u00f6verdriven fluiditet<\/p>\n<\/li>\n<li data-start=\"1208\" data-end=\"1292\">\n<p data-start=\"1210\" data-end=\"1292\">f\u00f6r att kompensera f\u00f6r effekterna av doftoljor, som kan g\u00f6ra geler <strong data-start=\"1265\" data-end=\"1290\">mj\u00f6lkiga eller rinniga<\/strong><\/p>\n<\/li>\n<li data-start=\"1293\" data-end=\"1379\">\n<p data-start=\"1295\" data-end=\"1379\">skapar den v\u00e4lbekanta <strong data-start=\"1318\" data-end=\"1338\">geltexturen<\/strong> som vi f\u00f6rv\u00e4ntar oss av ett schampo eller en kroppstv\u00e4tt.<\/p>\n<\/li>\n<\/ul>\n<p data-start=\"1381\" data-end=\"1485\">Anv\u00e4ndning av W405 rekommenderas s\u00e4rskilt n\u00e4r doftoljor g\u00f6r tv\u00e4ttmedlet f\u00f6r flytande eller grumligt.<\/p>\n<p data-start=\"1487\" data-end=\"1643\"><strong data-start=\"1487\" data-end=\"1515\">Rekommenderad appliceringsdos<\/strong>: 0,02%\u20130,1%. Den b\u00e4sta startniv\u00e5n \u00e4r 0,05%. \u00c4ven om det \u00e4r m\u00f6jligt att tills\u00e4tta mer (t.ex. upp till 1%) \u00e4r detta vanligtvis inte ekonomiskt motiverat.  <\/p>\n<p data-start=\"1645\" data-end=\"1817\"><strong data-start=\"1645\" data-end=\"1668\">Sm\u00e4ltpunkt:<\/strong> 72-76 \u00b0C<br data-start=\"1677\" data-end=\"1680\"><strong data-start=\"1680\" data-end=\"1699\">Form och f\u00f6rpackning:<\/strong> torra granulat, finns i p\u00e5sar.<br data-start=\"1745\" data-end=\"1748\"><strong data-start=\"1748\" data-end=\"1759\">S\u00e4kerhet:<\/strong> inte klassificerad som ett farligt \u00e4mne (inte p\u00e5 ADR\/RID-listan).<\/p>\n","protected":false},"excerpt":{"rendered":"<p><strong data-start=\"204\" data-end=\"226\">W405 Stabilizer<\/strong> - en m\u00e5ngsidig tillsats f\u00f6r att h\u00e4rda vax och g\u00f6ra flytande tv\u00e5lar och duschgeler mer gelliknande. F\u00f6rb\u00e4ttrar utseendet p\u00e5 stearinljus och minskar droppbildning. L\u00e4mpar sig ocks\u00e5 f\u00f6r f\u00f6rtjockning av tensidbaserade kosmetiska produkter.  <\/p>\n","protected":false},"featured_media":19232,"template":"","meta":{"site-sidebar-layout":"default","site-content-layout":"","ast-site-content-layout":"default","site-content-style":"default","site-sidebar-style":"default","ast-global-header-display":"","ast-banner-title-visibility":"","ast-main-header-display":"","ast-hfb-above-header-display":"","ast-hfb-below-header-display":"","ast-hfb-mobile-header-display":"","site-post-title":"","ast-breadcrumbs-content":"","ast-featured-img":"","footer-sml-layout":"","ast-disable-related-posts":"","theme-transparent-header-meta":"default","adv-header-id-meta":"","stick-header-meta":"default","header-above-stick-meta":"","header-main-stick-meta":"","header-below-stick-meta":"","astra-migrate-meta-layouts":"set","ast-page-background-enabled":"default","ast-page-background-meta":{"desktop":{"background-color":"","background-image":"","background-repeat":"repeat","background-position":"center center","background-size":"auto","background-attachment":"scroll","background-type":"","background-media":"","overlay-type":"","overlay-color":"","overlay-opacity":"","overlay-gradient":""},"tablet":{"background-color":"","background-image":"","background-repeat":"repeat","background-position":"center center","background-size":"auto","background-attachment":"scroll","background-type":"","background-media":"","overlay-type":"","overlay-color":"","overlay-opacity":"","overlay-gradient":""},"mobile":{"background-color":"","background-image":"","background-repeat":"repeat","background-position":"center center","background-size":"auto","background-attachment":"scroll","background-type":"","background-media":"","overlay-type":"","overlay-color":"","overlay-opacity":"","overlay-gradient":""}},"ast-content-background-meta":{"desktop":{"background-color":"var(--ast-global-color-5)","background-image":"","background-repeat":"repeat","background-position":"center center","background-size":"auto","background-attachment":"scroll","background-type":"","background-media":"","overlay-type":"","overlay-color":"","overlay-opacity":"","overlay-gradient":""},"tablet":{"background-color":"var(--ast-global-color-5)","background-image":"","background-repeat":"repeat","background-position":"center center","background-size":"auto","background-attachment":"scroll","background-type":"","background-media":"","overlay-type":"","overlay-color":"","overlay-opacity":"","overlay-gradient":""},"mobile":{"background-color":"var(--ast-global-color-5)","background-image":"","background-repeat":"repeat","background-position":"center center","background-size":"auto","background-attachment":"scroll","background-type":"","background-media":"","overlay-type":"","overlay-color":"","overlay-opacity":"","overlay-gradient":""}}},"product_brand":[],"product_cat":[129],"product_tag":[],"class_list":{"0":"post-19227","1":"product","2":"type-product","3":"status-publish","4":"has-post-thumbnail","6":"product_cat-tuoksuoljy","7":"desktop-align-left","8":"tablet-align-left","9":"mobile-align-left","10":"ast-product-gallery-layout-horizontal","11":"ast-product-gallery-with-no-image","12":"ast-product-tabs-layout-horizontal","14":"first","15":"instock","16":"taxable","17":"shipping-taxable","18":"purchasable","19":"product-type-simple"},"_links":{"self":[{"href":"https:\/\/nordicdiy.ee\/sv\/wp-json\/wp\/v2\/product\/19227","targetHints":{"allow":["GET"]}}],"collection":[{"href":"https:\/\/nordicdiy.ee\/sv\/wp-json\/wp\/v2\/product"}],"about":[{"href":"https:\/\/nordicdiy.ee\/sv\/wp-json\/wp\/v2\/types\/product"}],"wp:featuredmedia":[{"embeddable":true,"href":"https:\/\/nordicdiy.ee\/sv\/wp-json\/wp\/v2\/media\/19232"}],"wp:attachment":[{"href":"https:\/\/nordicdiy.ee\/sv\/wp-json\/wp\/v2\/media?parent=19227"}],"wp:term":[{"taxonomy":"product_brand","embeddable":true,"href":"https:\/\/nordicdiy.ee\/sv\/wp-json\/wp\/v2\/product_brand?post=19227"},{"taxonomy":"product_cat","embeddable":true,"href":"https:\/\/nordicdiy.ee\/sv\/wp-json\/wp\/v2\/product_cat?post=19227"},{"taxonomy":"product_tag","embeddable":true,"href":"https:\/\/nordicdiy.ee\/sv\/wp-json\/wp\/v2\/product_tag?post=19227"}],"curies":[{"name":"wp","href":"https:\/\/api.w.org\/{rel}","templated":true}]}}