{"id":19392,"date":"2025-06-01T15:12:23","date_gmt":"2025-06-01T12:12:23","guid":{"rendered":"https:\/\/nordicdiy.ee\/?post_type=product&#038;p=19392"},"modified":"2026-03-05T01:37:36","modified_gmt":"2026-03-04T22:37:36","slug":"more-than-myrrh-doftolja-for-kosmetika-och-tval-copy-copy","status":"publish","type":"product","link":"https:\/\/nordicdiy.ee\/sv\/epood\/beredning-av-kosmetika\/doftoljor-for-kosmetika-och-tvalar\/more-than-myrrh-doftolja-for-kosmetika-och-tval-copy-copy\/","title":{"rendered":"Doftolja med vaniljpeppar f\u00f6r kosmetika och tv\u00e5l"},"content":{"rendered":"<p><strong data-start=\"393\" data-end=\"411\">Vanilla Pepper<\/strong> \u00e4r en karakt\u00e4rsfull och balanserad doft som kombinerar fruktig friskhet med kryddigt djup. R\u00f6da b\u00e4r och gr\u00f6na blad kan uppt\u00e4ckas i toppnoterna och skapar en livlig och kryddig \u00f6ppning. I hj\u00e4rtat m\u00f6ts liljekonvalj, ros och svartpeppar f\u00f6r att erbjuda en blommig mjukhet och kryddig sk\u00e4rpa. I basnoterna tillf\u00f6r vanilj, mysk, sandeltr\u00e4 och patchouli v\u00e4rme och uth\u00e5llighet - en perfekt sensuell och modern doft.   <\/p>\n<p>Det \u00e4r en <strong>vattenbaserad doftolja<\/strong> som \u00e4r perfekt f\u00f6r kosmetika, kr\u00e4mer, tv\u00e5lar och schampon samt tv\u00e4tt- och reng\u00f6ringsmedel. Tack vare sin sammans\u00e4ttning blandar den sig v\u00e4l i olika recept och ger en j\u00e4mn och l\u00e5ngvarig doft. <\/p>\n<p>Vanilla Pepper \u00e4r en del av <strong>ASPOL Fragrance AF72-serien, som \u00e4r UFI GREEN-certifierad.<\/strong><\/p>\n<p><strong>Att f\u00f6lja IFRA-kategorierna \u00e4r obligatoriskt f\u00f6r alla som tillverkar doft- och kosmetikaprodukter - de anger gr\u00e4nser f\u00f6r s\u00e4ker anv\u00e4ndning!<br \/>\n<\/strong><\/p>\n<p>F\u00f6r kr\u00e4mer och duschgeler \u00e4r den genomsnittliga anv\u00e4ndningsniv\u00e5n 0,5-1%. Vi rekommenderar dock alltid att du provar en mindre m\u00e4ngd f\u00f6rst, eftersom olika doftoljor har olika styrka. F\u00f6r att till exempel g\u00f6ra 500 ml flytande tv\u00e5l kan du tills\u00e4tta ca 2,5-5 ml doftolja.  <\/p>\n<p>F\u00e5r inte anv\u00e4ndas i l\u00e4pprodukter eller munv\u00e5rdsprodukter.<\/p>\n<p>Inte l\u00e4mplig f\u00f6r ljusst\u00f6pning, men <strong>l\u00e4mplig f\u00f6r anv\u00e4ndning i doftlampor, elektriska doftlampor och doftdiffusorer<\/strong> (vattenbaserade).<\/p>\n<p>Doftoljor kan g\u00f6ra duschgeler mj\u00f6lkiga eller flytande, f\u00f6r att l\u00f6sa detta rekommenderas att anv\u00e4nda W405 stabilisator. W405 stabilisator anv\u00e4nds vanligtvis f\u00f6r att \u00f6ka viskositeten hos flytande tv\u00e5lar, schampon, duschgeler och andra tensidbaserade (ytaktiva) reng\u00f6ringsmedel, dvs. f\u00f6r att g\u00f6ra produkten tjockare och mer stabil. Denna ingrediens bidrar till att uppn\u00e5 den behagliga gelliknande konsistens som konsumenterna f\u00f6rv\u00e4ntar sig av en tv\u00e5l eller ett schampo.  <\/p>\n<p><strong>B\u00e4st f\u00f6re:<\/strong> ASPOL Fragrance doftoljor har en rekommenderad h\u00e5llbarhetstid p\u00e5 1 \u00e5r. ASPOL FRANCOLE dofter rekommenderas f\u00f6r 1 \u00e5rs anv\u00e4ndning. Vid korrekt f\u00f6rvaring - skyddade fr\u00e5n solljus, p\u00e5 en torr och sval plats - kommer produkterna att vara anv\u00e4ndbara i flera \u00e5r. <\/p>\n<p>VARNING!<br \/>\n<img decoding=\"async\" class=\"\" src=\"https:\/\/nordicdiy.ee\/wp-content\/uploads\/2025\/01\/terviseoht.jpg\" width=\"70\" height=\"70\"> <img decoding=\"async\" class=\"\" src=\"https:\/\/nordicdiy.ee\/wp-content\/uploads\/2025\/02\/keskkonnaoht.jpg\" width=\"70\" height=\"70\"><\/p>\n","protected":false},"excerpt":{"rendered":"<p data-start=\"159\" data-end=\"343\">Vanilla Pepper vattenbaserad doftolja (AF72 7832) - en kryddig, s\u00f6t och l\u00e4tt tr\u00e4ig doft, perfekt f\u00f6r handgjorda tv\u00e5lar och kosmetika. UFI Green-certifierad, ett s\u00e4kert och h\u00f6gkvalitativt val (anv\u00e4ndningsgrad upp till 22%). F\u00f6r detaljerad information om anv\u00e4ndning och till\u00e5tna koncentrationer, se dokumentationsavsnittet i produktspecifikationen. <strong data-start=\"1163\" data-end=\"1209\">Efterlevnad av IFRA-kategorierna \u00e4r obligatorisk f\u00f6r<\/strong> alla som tillverkar doft- och kosmetiska produkter - de anger s\u00e4kra anv\u00e4ndningsgr\u00e4nser. B\u00e4st f\u00f6re: 26.05.2026.   <\/p>\n<p data-start=\"159\" data-end=\"343\"><strong>Doftnoter<br \/>\n<\/strong><br \/>\n Toppnoter: r\u00f6da frukter, gr\u00f6na blad<br \/>\nHj\u00e4rtnoter: liljekonvalj, ros, svartpeppar<br \/>\nBasnoter: vanilj, mysk, sandeltr\u00e4, patchouli.<\/p>\n","protected":false},"featured_media":19297,"template":"","meta":{"site-sidebar-layout":"default","site-content-layout":"","ast-site-content-layout":"default","site-content-style":"default","site-sidebar-style":"default","ast-global-header-display":"","ast-banner-title-visibility":"","ast-main-header-display":"","ast-hfb-above-header-display":"","ast-hfb-below-header-display":"","ast-hfb-mobile-header-display":"","site-post-title":"","ast-breadcrumbs-content":"","ast-featured-img":"","footer-sml-layout":"","ast-disable-related-posts":"","theme-transparent-header-meta":"default","adv-header-id-meta":"","stick-header-meta":"default","header-above-stick-meta":"","header-main-stick-meta":"","header-below-stick-meta":"","astra-migrate-meta-layouts":"set","ast-page-background-enabled":"default","ast-page-background-meta":{"desktop":{"background-color":"","background-image":"","background-repeat":"repeat","background-position":"center center","background-size":"auto","background-attachment":"scroll","background-type":"","background-media":"","overlay-type":"","overlay-color":"","overlay-opacity":"","overlay-gradient":""},"tablet":{"background-color":"","background-image":"","background-repeat":"repeat","background-position":"center center","background-size":"auto","background-attachment":"scroll","background-type":"","background-media":"","overlay-type":"","overlay-color":"","overlay-opacity":"","overlay-gradient":""},"mobile":{"background-color":"","background-image":"","background-repeat":"repeat","background-position":"center center","background-size":"auto","background-attachment":"scroll","background-type":"","background-media":"","overlay-type":"","overlay-color":"","overlay-opacity":"","overlay-gradient":""}},"ast-content-background-meta":{"desktop":{"background-color":"var(--ast-global-color-5)","background-image":"","background-repeat":"repeat","background-position":"center center","background-size":"auto","background-attachment":"scroll","background-type":"","background-media":"","overlay-type":"","overlay-color":"","overlay-opacity":"","overlay-gradient":""},"tablet":{"background-color":"var(--ast-global-color-5)","background-image":"","background-repeat":"repeat","background-position":"center center","background-size":"auto","background-attachment":"scroll","background-type":"","background-media":"","overlay-type":"","overlay-color":"","overlay-opacity":"","overlay-gradient":""},"mobile":{"background-color":"var(--ast-global-color-5)","background-image":"","background-repeat":"repeat","background-position":"center center","background-size":"auto","background-attachment":"scroll","background-type":"","background-media":"","overlay-type":"","overlay-color":"","overlay-opacity":"","overlay-gradient":""}}},"product_brand":[],"product_cat":[276,277,415,213],"product_tag":[],"class_list":{"0":"post-19392","1":"product","2":"type-product","3":"status-publish","4":"has-post-thumbnail","6":"product_cat-beredning-av-kosmetika","7":"product_cat-doftoljor-for-kosmetika-och-tvalar","8":"product_cat-specialerbjudanden-fran","9":"product_cat-tillverkning-av-tval","10":"desktop-align-left","11":"tablet-align-left","12":"mobile-align-left","13":"ast-product-gallery-layout-horizontal","14":"ast-product-gallery-with-no-image","15":"ast-product-single-variable","16":"ast-product-tabs-layout-horizontal","18":"first","19":"instock","20":"sale","21":"taxable","22":"shipping-taxable","23":"purchasable","24":"product-type-variable"},"_links":{"self":[{"href":"https:\/\/nordicdiy.ee\/sv\/wp-json\/wp\/v2\/product\/19392","targetHints":{"allow":["GET"]}}],"collection":[{"href":"https:\/\/nordicdiy.ee\/sv\/wp-json\/wp\/v2\/product"}],"about":[{"href":"https:\/\/nordicdiy.ee\/sv\/wp-json\/wp\/v2\/types\/product"}],"wp:featuredmedia":[{"embeddable":true,"href":"https:\/\/nordicdiy.ee\/sv\/wp-json\/wp\/v2\/media\/19297"}],"wp:attachment":[{"href":"https:\/\/nordicdiy.ee\/sv\/wp-json\/wp\/v2\/media?parent=19392"}],"wp:term":[{"taxonomy":"product_brand","embeddable":true,"href":"https:\/\/nordicdiy.ee\/sv\/wp-json\/wp\/v2\/product_brand?post=19392"},{"taxonomy":"product_cat","embeddable":true,"href":"https:\/\/nordicdiy.ee\/sv\/wp-json\/wp\/v2\/product_cat?post=19392"},{"taxonomy":"product_tag","embeddable":true,"href":"https:\/\/nordicdiy.ee\/sv\/wp-json\/wp\/v2\/product_tag?post=19392"}],"curies":[{"name":"wp","href":"https:\/\/api.w.org\/{rel}","templated":true}]}}