{"id":20438,"date":"2025-08-21T14:39:13","date_gmt":"2025-08-21T11:39:13","guid":{"rendered":"https:\/\/nordicdiy.ee\/epood\/okategoriserad\/ljusglas-svart-glansigt-280-ml-h96-x-d80-mm\/"},"modified":"2025-09-17T00:08:49","modified_gmt":"2025-09-16T21:08:49","slug":"ljusglas-svart-glansigt-280-ml-h96-x-d80-mm","status":"publish","type":"product","link":"https:\/\/nordicdiy.ee\/sv\/epood\/tillverkning-av-stearinljus\/glas-och-lock-till-stearinljus\/ljusglas-svart-glansigt-280-ml-h96-x-d80-mm\/","title":{"rendered":"Ljusglas svart glansigt 280 ml, h96 x d80 mm"},"content":{"rendered":"<p>Ljusk\u00e4rlets m\u00e5tt h96 x d80 mm ger en optimal volym som rymmer upp till 280 ml vax, vilket g\u00f6r det m\u00f6jligt att tillverka s\u00e5v\u00e4l doftljus som enkla dekorationsljus. Den lyxiga svarta h\u00f6gglansytan tillf\u00f6r elegans och f\u00e4rg till alla rum och \u00e4r idealisk f\u00f6r minimalistiska interi\u00f6rer. <\/p>\n<p><strong>F\u00f6rdelar med glas<\/strong>:<\/p>\n<p>S\u00e4ker - v\u00e4rmet\u00e5lig, l\u00e4mplig f\u00f6r ljusst\u00f6pning.<br \/>\nEstetisk - modernt och i\u00f6gonfallande utseende.<br \/>\n\u00c5teranv\u00e4ndbar - kan \u00e5tervinnas efter ljusst\u00f6pning.<br \/>\nS\u00e4ker - glas inneh\u00e5ller inte tungmetaller.<\/p>\n<p><strong>Tekniska data:<\/strong><\/p>\n<p>H\u00f6jd: 9,6 cm<br \/>\nDiameter: 8 cm<br \/>\nBottendiameter: 7 cm<br \/>\nKapacitet: 280 ml<br \/>\nF\u00e4rg: Glossy Black<\/p>\n<p><strong>Glasf\u00e4rger - UFIREADY Lacker<\/strong><\/p>\n<p>De speciella glasf\u00e4rger som anv\u00e4nds f\u00f6r att m\u00e5la k\u00e4rlet garanterar h\u00e5llbarhet, estetik och s\u00e4kerhet \u00e4ven vid kraftig anv\u00e4ndning av aromatiska oljor.<\/p>\n<p><strong>Huvudsakliga produktegenskaper:<\/strong><\/p>\n<p>\u00d6verensst\u00e4mmer med EU:s kvalitets- och s\u00e4kerhetsstandarder.<br \/>\nH\u00e5llbar - vi anv\u00e4nder speciella glasdekorationsf\u00e4rger f\u00f6r att s\u00e4kerst\u00e4lla en h\u00e5llbar finish av h\u00f6g kvalitet.<br \/>\nMekanisk h\u00e5llbarhet - t\u00e5l upp till 500 diskmaskinscykler.<br \/>\nKemikalieresistens - de f\u00e4rger som anv\u00e4nds \u00e4r exceptionellt resistenta mot ett brett spektrum av kemikalier.<br \/>\nS\u00e4ker att anv\u00e4nda - l\u00e4mplig f\u00f6r indirekt kontakt med livsmedel.<br \/>\nVegan - inneh\u00e5ller inga ingredienser av animaliskt ursprung.<br \/>\nCruelty Free - produkten har inte testats p\u00e5 djur.<br \/>\nS\u00e4ker formulering - inneh\u00e5ller inga tungmetaller eller ftalater. Cruelty Free - produkten har inte testats p\u00e5 djur. S\u00e4ker formulering - inneh\u00e5ller inga tungmetaller eller ftalater.<\/p>\n","protected":false},"excerpt":{"rendered":"<p>Klassiskt och lyxigt svart h\u00f6gglansigt 280 ml ljusglas \u00e4r det perfekta valet f\u00f6r handgjorda ljus. Dess storlek och skandinaviska design \u00e4r perfekt f\u00f6r anv\u00e4ndning med en m\u00e4ngd olika vaxer som sojavax, paraffinvax, rapsvax, bivax och palmvax.  Den v\u00e4rmebest\u00e4ndiga glassk\u00e5len ger en s\u00e4ker och h\u00e5llbar l\u00f6sning samtidigt som den ger ett lyxigt utseende.<\/p>\n","protected":false},"featured_media":21113,"template":"","meta":{"site-sidebar-layout":"default","site-content-layout":"","ast-site-content-layout":"default","site-content-style":"default","site-sidebar-style":"default","ast-global-header-display":"","ast-banner-title-visibility":"","ast-main-header-display":"","ast-hfb-above-header-display":"","ast-hfb-below-header-display":"","ast-hfb-mobile-header-display":"","site-post-title":"","ast-breadcrumbs-content":"","ast-featured-img":"","footer-sml-layout":"","ast-disable-related-posts":"","theme-transparent-header-meta":"default","adv-header-id-meta":"","stick-header-meta":"default","header-above-stick-meta":"","header-main-stick-meta":"","header-below-stick-meta":"","astra-migrate-meta-layouts":"default","ast-page-background-enabled":"default","ast-page-background-meta":{"desktop":{"background-color":"","background-image":"","background-repeat":"repeat","background-position":"center center","background-size":"auto","background-attachment":"scroll","background-type":"","background-media":"","overlay-type":"","overlay-color":"","overlay-opacity":"","overlay-gradient":""},"tablet":{"background-color":"","background-image":"","background-repeat":"repeat","background-position":"center center","background-size":"auto","background-attachment":"scroll","background-type":"","background-media":"","overlay-type":"","overlay-color":"","overlay-opacity":"","overlay-gradient":""},"mobile":{"background-color":"","background-image":"","background-repeat":"repeat","background-position":"center center","background-size":"auto","background-attachment":"scroll","background-type":"","background-media":"","overlay-type":"","overlay-color":"","overlay-opacity":"","overlay-gradient":""}},"ast-content-background-meta":{"desktop":{"background-color":"var(--ast-global-color-5)","background-image":"","background-repeat":"repeat","background-position":"center center","background-size":"auto","background-attachment":"scroll","background-type":"","background-media":"","overlay-type":"","overlay-color":"","overlay-opacity":"","overlay-gradient":""},"tablet":{"background-color":"var(--ast-global-color-5)","background-image":"","background-repeat":"repeat","background-position":"center center","background-size":"auto","background-attachment":"scroll","background-type":"","background-media":"","overlay-type":"","overlay-color":"","overlay-opacity":"","overlay-gradient":""},"mobile":{"background-color":"var(--ast-global-color-5)","background-image":"","background-repeat":"repeat","background-position":"center center","background-size":"auto","background-attachment":"scroll","background-type":"","background-media":"","overlay-type":"","overlay-color":"","overlay-opacity":"","overlay-gradient":""}}},"product_brand":[],"product_cat":[162,138],"product_tag":[],"class_list":{"0":"post-20438","1":"product","2":"type-product","3":"status-publish","4":"has-post-thumbnail","6":"product_cat-glas-och-lock-till-stearinljus","7":"product_cat-tillverkning-av-stearinljus","8":"desktop-align-left","9":"tablet-align-left","10":"mobile-align-left","11":"ast-product-gallery-layout-horizontal","12":"ast-product-gallery-with-no-image","13":"ast-product-tabs-layout-horizontal","15":"first","16":"instock","17":"taxable","18":"shipping-taxable","19":"purchasable","20":"product-type-simple"},"_links":{"self":[{"href":"https:\/\/nordicdiy.ee\/sv\/wp-json\/wp\/v2\/product\/20438","targetHints":{"allow":["GET"]}}],"collection":[{"href":"https:\/\/nordicdiy.ee\/sv\/wp-json\/wp\/v2\/product"}],"about":[{"href":"https:\/\/nordicdiy.ee\/sv\/wp-json\/wp\/v2\/types\/product"}],"wp:featuredmedia":[{"embeddable":true,"href":"https:\/\/nordicdiy.ee\/sv\/wp-json\/wp\/v2\/media\/21113"}],"wp:attachment":[{"href":"https:\/\/nordicdiy.ee\/sv\/wp-json\/wp\/v2\/media?parent=20438"}],"wp:term":[{"taxonomy":"product_brand","embeddable":true,"href":"https:\/\/nordicdiy.ee\/sv\/wp-json\/wp\/v2\/product_brand?post=20438"},{"taxonomy":"product_cat","embeddable":true,"href":"https:\/\/nordicdiy.ee\/sv\/wp-json\/wp\/v2\/product_cat?post=20438"},{"taxonomy":"product_tag","embeddable":true,"href":"https:\/\/nordicdiy.ee\/sv\/wp-json\/wp\/v2\/product_tag?post=20438"}],"curies":[{"name":"wp","href":"https:\/\/api.w.org\/{rel}","templated":true}]}}