{"id":20611,"date":"2025-10-01T09:49:22","date_gmt":"2025-10-01T06:49:22","guid":{"rendered":"https:\/\/nordicdiy.ee\/epood\/okategoriserad\/parfymflaska-med-lock-ribbad-cappucino-sammet-150ml\/"},"modified":"2026-03-05T01:37:30","modified_gmt":"2026-03-04T22:37:30","slug":"parfymflaska-med-lock-ribbad-cappucino-sammet-150ml","status":"publish","type":"product","link":"https:\/\/nordicdiy.ee\/sv\/epood\/beredning-av-rumsfraschare\/flaskor-med-rumsfraschare\/parfymflaska-med-lock-ribbad-cappucino-sammet-150ml\/","title":{"rendered":"Parfymflaska med lock, ribbad, cappuccino sammet 150ml"},"content":{"rendered":"<p>Detta eleganta doftspridark\u00e4rl i glas \u00e4r det perfekta valet f\u00f6r b\u00e5de professionella doftproducenter och doft\u00e4lskare. Det h\u00e5llbara glaset och den eleganta finishen g\u00f6r det till en i\u00f6gonfallande detalj i alla inredningar. <\/p>\n<p><strong>F\u00f6rdelar med glas:<\/strong><\/p>\n<p>S\u00e4ker - h\u00e5llbar och dofts\u00e4ker.<br \/>\nEstetisk - modernt utseende som passar en m\u00e4ngd olika inredningsstilar.<br \/>\n\u00c5teranv\u00e4ndbar - flaskan kan fyllas p\u00e5 efter att oljan tagit slut.<br \/>\nS\u00e4ker - inneh\u00e5ller inga tungmetaller, kemiskt neutralt material.<\/p>\n<p><strong>Tekniska data:<\/strong><\/p>\n<p>H\u00f6jd: 12,5 cm<br \/>\n<span style=\"font-size: 16px;\">Diameter: 5,8 cm<br \/>\n<\/span>Diameter p\u00e5 \u00f6ppningen f\u00f6r pinnar: 2,6 cm<br \/>\nKapacitet: 150 ml<br \/>\nF\u00e4rg: Cappuccino Velvet<br \/>\nSet om 1 st<\/p>\n<p><strong>Glasf\u00e4rger - UFIREADY Lacker<\/strong><\/p>\n<p>K\u00e4rlet \u00e4r ytbehandlat med speciella glasf\u00e4rger som garanterar h\u00e5llbarhet, estetiskt utseende och s\u00e4kerhet \u00e4ven vid anv\u00e4ndning av starka aromatiska oljor.<\/p>\n<p><strong>Huvudsakliga produktegenskaper:<\/strong><\/p>\n<p>Uppfyller EU:s kvalitets- och s\u00e4kerhetsstandarder.<br \/>\nDekorativ h\u00e5llbarhet - slits inte eller bleknar inte ens efter l\u00e5ngvarig anv\u00e4ndning.<br \/>\nMekanisk h\u00e5llbarhet - t\u00e5l upp till 500 diskmaskinscykler.<br \/>\nAlkohols\u00e4ker - f\u00e4rgerna \u00e4r resistenta mot alkohol.<br \/>\nS\u00e4ker att anv\u00e4nda - l\u00e4mplig f\u00f6r indirekt kontakt med livsmedel.<br \/>\nVegan - inneh\u00e5ller inga ingredienser som h\u00e4rr\u00f6r fr\u00e5n djur.<br \/>\nCruelty Free - produkten har inte testats p\u00e5 djur.<br \/>\nS\u00e4ker formulering - inneh\u00e5ller inga tungmetaller eller ftalater.<\/p>\n","protected":false},"excerpt":{"rendered":"<p>Minimalistisk och modern glasdiffusor 150 ml, Cappuccino Velvet \u00e4r en snygg och h\u00e5llbar glasdiffusor som \u00e4r idealisk f\u00f6r att skapa dofter i hemmet och f\u00f6r professionellt bruk. \u00c5teranv\u00e4ndbar, resistent mot doftoljor och med keramisk finish. Glaset \u00e4r s\u00e4kert, inneh\u00e5ller inga tungmetaller och passar alla inredningar.  <\/p>\n","protected":false},"featured_media":21056,"template":"","meta":{"site-sidebar-layout":"default","site-content-layout":"","ast-site-content-layout":"default","site-content-style":"default","site-sidebar-style":"default","ast-global-header-display":"","ast-banner-title-visibility":"","ast-main-header-display":"","ast-hfb-above-header-display":"","ast-hfb-below-header-display":"","ast-hfb-mobile-header-display":"","site-post-title":"","ast-breadcrumbs-content":"","ast-featured-img":"","footer-sml-layout":"","ast-disable-related-posts":"","theme-transparent-header-meta":"default","adv-header-id-meta":"","stick-header-meta":"default","header-above-stick-meta":"","header-main-stick-meta":"","header-below-stick-meta":"","astra-migrate-meta-layouts":"default","ast-page-background-enabled":"default","ast-page-background-meta":{"desktop":{"background-color":"","background-image":"","background-repeat":"repeat","background-position":"center center","background-size":"auto","background-attachment":"scroll","background-type":"","background-media":"","overlay-type":"","overlay-color":"","overlay-opacity":"","overlay-gradient":""},"tablet":{"background-color":"","background-image":"","background-repeat":"repeat","background-position":"center center","background-size":"auto","background-attachment":"scroll","background-type":"","background-media":"","overlay-type":"","overlay-color":"","overlay-opacity":"","overlay-gradient":""},"mobile":{"background-color":"","background-image":"","background-repeat":"repeat","background-position":"center center","background-size":"auto","background-attachment":"scroll","background-type":"","background-media":"","overlay-type":"","overlay-color":"","overlay-opacity":"","overlay-gradient":""}},"ast-content-background-meta":{"desktop":{"background-color":"var(--ast-global-color-5)","background-image":"","background-repeat":"repeat","background-position":"center center","background-size":"auto","background-attachment":"scroll","background-type":"","background-media":"","overlay-type":"","overlay-color":"","overlay-opacity":"","overlay-gradient":""},"tablet":{"background-color":"var(--ast-global-color-5)","background-image":"","background-repeat":"repeat","background-position":"center center","background-size":"auto","background-attachment":"scroll","background-type":"","background-media":"","overlay-type":"","overlay-color":"","overlay-opacity":"","overlay-gradient":""},"mobile":{"background-color":"var(--ast-global-color-5)","background-image":"","background-repeat":"repeat","background-position":"center center","background-size":"auto","background-attachment":"scroll","background-type":"","background-media":"","overlay-type":"","overlay-color":"","overlay-opacity":"","overlay-gradient":""}}},"product_brand":[],"product_cat":[211,232,415],"product_tag":[],"class_list":{"0":"post-20611","1":"product","2":"type-product","3":"status-publish","4":"has-post-thumbnail","6":"product_cat-beredning-av-rumsfraschare","7":"product_cat-flaskor-med-rumsfraschare","8":"product_cat-rea","9":"desktop-align-left","10":"tablet-align-left","11":"mobile-align-left","12":"ast-product-gallery-layout-horizontal","13":"ast-product-gallery-with-no-image","14":"ast-product-single-variable","15":"ast-product-tabs-layout-horizontal","17":"first","18":"instock","19":"taxable","20":"shipping-taxable","21":"purchasable","22":"product-type-variable"},"_links":{"self":[{"href":"https:\/\/nordicdiy.ee\/sv\/wp-json\/wp\/v2\/product\/20611","targetHints":{"allow":["GET"]}}],"collection":[{"href":"https:\/\/nordicdiy.ee\/sv\/wp-json\/wp\/v2\/product"}],"about":[{"href":"https:\/\/nordicdiy.ee\/sv\/wp-json\/wp\/v2\/types\/product"}],"wp:featuredmedia":[{"embeddable":true,"href":"https:\/\/nordicdiy.ee\/sv\/wp-json\/wp\/v2\/media\/21056"}],"wp:attachment":[{"href":"https:\/\/nordicdiy.ee\/sv\/wp-json\/wp\/v2\/media?parent=20611"}],"wp:term":[{"taxonomy":"product_brand","embeddable":true,"href":"https:\/\/nordicdiy.ee\/sv\/wp-json\/wp\/v2\/product_brand?post=20611"},{"taxonomy":"product_cat","embeddable":true,"href":"https:\/\/nordicdiy.ee\/sv\/wp-json\/wp\/v2\/product_cat?post=20611"},{"taxonomy":"product_tag","embeddable":true,"href":"https:\/\/nordicdiy.ee\/sv\/wp-json\/wp\/v2\/product_tag?post=20611"}],"curies":[{"name":"wp","href":"https:\/\/api.w.org\/{rel}","templated":true}]}}