{"id":20615,"date":"2025-08-22T09:49:22","date_gmt":"2025-08-22T06:49:22","guid":{"rendered":"https:\/\/nordicdiy.ee\/epood\/okategoriserad\/doftflaska-for-hemmet-vit-keramik-med-vitt-lock-180-ml\/"},"modified":"2025-08-25T12:40:06","modified_gmt":"2025-08-25T09:40:06","slug":"doftflaska-for-hemmet-vit-keramik-med-vitt-lock-180-ml","status":"publish","type":"product","link":"https:\/\/nordicdiy.ee\/sv\/epood\/beredning-av-rumsfraschare\/flaskor-med-rumsfraschare\/doftflaska-for-hemmet-vit-keramik-med-vitt-lock-180-ml\/","title":{"rendered":"Doftflaska f\u00f6r hemmet, vit keramik, med vitt lock 180 ml"},"content":{"rendered":"<p>Detta eleganta doftspridark\u00e4rl \u00e4r ett utm\u00e4rkt val f\u00f6r b\u00e5de professionella parfym\u00f6rer och doft\u00e4lskare i hemmet. Dess h\u00e5llbara och eleganta finish g\u00f6r den till ett vackert dekorativt element i alla inredningar. <\/p>\n<p><strong>F\u00f6rdelar med glas:<\/strong><\/p>\n<p>S\u00e4ker - h\u00e5llbar och dofts\u00e4ker.<br \/>\nEstetisk - modernt utseende som passar en m\u00e4ngd olika inredningsstilar.<br \/>\n\u00c5teranv\u00e4ndbar - flaskan kan fyllas p\u00e5 efter att oljan tagit slut.<br \/>\nS\u00e4ker - inneh\u00e5ller inga tungmetaller, kemiskt neutralt material.<\/p>\n<p><strong>Specifikationer:<\/strong><br \/>\nH\u00f6jd: 11 cm<br \/>\nDiameter: 7,4 cm<br \/>\nDiameter p\u00e5 \u00f6ppning f\u00f6r pinnar: 3,2 cm<br \/>\nKapacitet: 180 ml<br \/>\nF\u00e4rg: Keramik<br \/>\nIng\u00e5r i set: 1 st<\/p>\n","protected":false},"excerpt":{"rendered":"<p>Den <strong data-start=\"76\" data-end=\"131\">keramiska diffusorn 180 ml <\/strong>\u00e4r en snygg och robust doftspridare f\u00f6r hemmabruk eller professionell anv\u00e4ndning. \u00c5teranv\u00e4ndbar, motst\u00e5ndskraftig mot doftoljor och l\u00e4mplig f\u00f6r alla interi\u00f6rer. <\/p>\n","protected":false},"featured_media":21061,"template":"","meta":{"site-sidebar-layout":"default","site-content-layout":"","ast-site-content-layout":"default","site-content-style":"default","site-sidebar-style":"default","ast-global-header-display":"","ast-banner-title-visibility":"","ast-main-header-display":"","ast-hfb-above-header-display":"","ast-hfb-below-header-display":"","ast-hfb-mobile-header-display":"","site-post-title":"","ast-breadcrumbs-content":"","ast-featured-img":"","footer-sml-layout":"","ast-disable-related-posts":"","theme-transparent-header-meta":"default","adv-header-id-meta":"","stick-header-meta":"default","header-above-stick-meta":"","header-main-stick-meta":"","header-below-stick-meta":"","astra-migrate-meta-layouts":"default","ast-page-background-enabled":"default","ast-page-background-meta":{"desktop":{"background-color":"","background-image":"","background-repeat":"repeat","background-position":"center center","background-size":"auto","background-attachment":"scroll","background-type":"","background-media":"","overlay-type":"","overlay-color":"","overlay-opacity":"","overlay-gradient":""},"tablet":{"background-color":"","background-image":"","background-repeat":"repeat","background-position":"center center","background-size":"auto","background-attachment":"scroll","background-type":"","background-media":"","overlay-type":"","overlay-color":"","overlay-opacity":"","overlay-gradient":""},"mobile":{"background-color":"","background-image":"","background-repeat":"repeat","background-position":"center center","background-size":"auto","background-attachment":"scroll","background-type":"","background-media":"","overlay-type":"","overlay-color":"","overlay-opacity":"","overlay-gradient":""}},"ast-content-background-meta":{"desktop":{"background-color":"var(--ast-global-color-5)","background-image":"","background-repeat":"repeat","background-position":"center center","background-size":"auto","background-attachment":"scroll","background-type":"","background-media":"","overlay-type":"","overlay-color":"","overlay-opacity":"","overlay-gradient":""},"tablet":{"background-color":"var(--ast-global-color-5)","background-image":"","background-repeat":"repeat","background-position":"center center","background-size":"auto","background-attachment":"scroll","background-type":"","background-media":"","overlay-type":"","overlay-color":"","overlay-opacity":"","overlay-gradient":""},"mobile":{"background-color":"var(--ast-global-color-5)","background-image":"","background-repeat":"repeat","background-position":"center center","background-size":"auto","background-attachment":"scroll","background-type":"","background-media":"","overlay-type":"","overlay-color":"","overlay-opacity":"","overlay-gradient":""}}},"product_brand":[],"product_cat":[211,232,415],"product_tag":[],"class_list":{"0":"post-20615","1":"product","2":"type-product","3":"status-publish","4":"has-post-thumbnail","6":"product_cat-beredning-av-rumsfraschare","7":"product_cat-flaskor-med-rumsfraschare","8":"product_cat-rea","9":"desktop-align-left","10":"tablet-align-left","11":"mobile-align-left","12":"ast-product-gallery-layout-horizontal","13":"ast-product-gallery-with-no-image","14":"ast-product-tabs-layout-horizontal","16":"first","17":"instock","18":"taxable","19":"shipping-taxable","20":"purchasable","21":"product-type-simple"},"_links":{"self":[{"href":"https:\/\/nordicdiy.ee\/sv\/wp-json\/wp\/v2\/product\/20615","targetHints":{"allow":["GET"]}}],"collection":[{"href":"https:\/\/nordicdiy.ee\/sv\/wp-json\/wp\/v2\/product"}],"about":[{"href":"https:\/\/nordicdiy.ee\/sv\/wp-json\/wp\/v2\/types\/product"}],"wp:featuredmedia":[{"embeddable":true,"href":"https:\/\/nordicdiy.ee\/sv\/wp-json\/wp\/v2\/media\/21061"}],"wp:attachment":[{"href":"https:\/\/nordicdiy.ee\/sv\/wp-json\/wp\/v2\/media?parent=20615"}],"wp:term":[{"taxonomy":"product_brand","embeddable":true,"href":"https:\/\/nordicdiy.ee\/sv\/wp-json\/wp\/v2\/product_brand?post=20615"},{"taxonomy":"product_cat","embeddable":true,"href":"https:\/\/nordicdiy.ee\/sv\/wp-json\/wp\/v2\/product_cat?post=20615"},{"taxonomy":"product_tag","embeddable":true,"href":"https:\/\/nordicdiy.ee\/sv\/wp-json\/wp\/v2\/product_tag?post=20615"}],"curies":[{"name":"wp","href":"https:\/\/api.w.org\/{rel}","templated":true}]}}