{"id":20643,"date":"2025-06-05T10:46:58","date_gmt":"2025-06-05T07:46:58","guid":{"rendered":"https:\/\/nordicdiy.ee\/epood\/okategoriserad\/parfymflaska-for-hemmet-med-lock-rund-transparent-200ml\/"},"modified":"2025-08-25T12:04:16","modified_gmt":"2025-08-25T09:04:16","slug":"parfymflaska-for-hemmet-med-lock-rund-transparent-200ml","status":"publish","type":"product","link":"https:\/\/nordicdiy.ee\/sv\/epood\/beredning-av-rumsfraschare\/flaskor-med-rumsfraschare\/parfymflaska-for-hemmet-med-lock-rund-transparent-200ml\/","title":{"rendered":"Parfymflaska f\u00f6r hemmet med lock, rund, transparent 200ml"},"content":{"rendered":"<p>Uppt\u00e4ck den klassiska 200 ml doftflaskan fr\u00e5n Nordic DIY! Flaskans design \u00e4r det perfekta valet f\u00f6r att ge stil och funktionalitet till din rumsdoft. Flaskan levereras med ett medf\u00f6ljande lock i tre f\u00e4rger: guld, silver och ros\u00e9guld f\u00f6r att matcha alla inredningar.  <\/p>\n<p>M\u00e5tt<br \/>\nH\u00f6jd: 8,5 cm<br \/>\nDiameter: 8,3 cm<br \/>\nDiameter p\u00e5 skruv f\u00f6r pinnar: 2,6 cm<br \/>\nMedf\u00f6ljer: f\u00e4rgat lock och propp.<\/p>\n<p><strong>\u00c5teranv\u00e4ndbar<\/strong> - beh\u00e5llaren kan fyllas p\u00e5 igen efter att oljan tagit slut. <strong>Fri fr\u00e5n tungmetaller<\/strong> - glaset \u00e4r s\u00e4kert och kemiskt neutralt.<\/p>\n<p><strong>Hur man g\u00f6r hem doft?<\/strong><\/p>\n<p>Det \u00e4r en enkel och rolig process! V\u00e4lj en 200 ml flaska och tills\u00e4tt 40 ml av doftoljan UFI Green, k\u00e4nd f\u00f6r sin h\u00f6ga kvalitet och s\u00e4kerhet. Tills\u00e4tt sedan 160 ml basv\u00e4tska. Om du vill kan du ocks\u00e5 tills\u00e4tta n\u00e5gra droppar vattenbaserad f\u00e4rg f\u00f6r att ge din doft \u00f6nskad f\u00e4rgton. Blanda v\u00e4tskorna ordentligt och h\u00e4ll dem i flaskan.    <\/p>\n<p>L\u00e4gg till sist 5-8 fiber- eller bambupinnar i flaskan. Dessa pinnar absorberar v\u00e4tskan och s\u00e4kerst\u00e4ller en j\u00e4mn och l\u00e5ngvarig spridning av doften. Njut av din egen doftspridare f\u00f6r hemmet, som sprider doft och v\u00e4rme i rummet.  <\/p>\n","protected":false},"excerpt":{"rendered":"<p>Den eleganta 200 ml doftflaskan f\u00f6r hemmabruk \u00e4r det perfekta valet f\u00f6r doftspridning. Den genomskinliga rundade designen ger en elegant look till alla rum. Setet inneh\u00e5ller ett lock i tre olika f\u00e4rger: guld, silver eller ros\u00e9guld.  <\/p>\n","protected":false},"featured_media":21028,"template":"","meta":{"site-sidebar-layout":"default","site-content-layout":"","ast-site-content-layout":"default","site-content-style":"default","site-sidebar-style":"default","ast-global-header-display":"","ast-banner-title-visibility":"","ast-main-header-display":"","ast-hfb-above-header-display":"","ast-hfb-below-header-display":"","ast-hfb-mobile-header-display":"","site-post-title":"","ast-breadcrumbs-content":"","ast-featured-img":"","footer-sml-layout":"","ast-disable-related-posts":"","theme-transparent-header-meta":"default","adv-header-id-meta":"","stick-header-meta":"default","header-above-stick-meta":"","header-main-stick-meta":"","header-below-stick-meta":"","astra-migrate-meta-layouts":"default","ast-page-background-enabled":"default","ast-page-background-meta":{"desktop":{"background-color":"","background-image":"","background-repeat":"repeat","background-position":"center center","background-size":"auto","background-attachment":"scroll","background-type":"","background-media":"","overlay-type":"","overlay-color":"","overlay-opacity":"","overlay-gradient":""},"tablet":{"background-color":"","background-image":"","background-repeat":"repeat","background-position":"center center","background-size":"auto","background-attachment":"scroll","background-type":"","background-media":"","overlay-type":"","overlay-color":"","overlay-opacity":"","overlay-gradient":""},"mobile":{"background-color":"","background-image":"","background-repeat":"repeat","background-position":"center center","background-size":"auto","background-attachment":"scroll","background-type":"","background-media":"","overlay-type":"","overlay-color":"","overlay-opacity":"","overlay-gradient":""}},"ast-content-background-meta":{"desktop":{"background-color":"var(--ast-global-color-5)","background-image":"","background-repeat":"repeat","background-position":"center center","background-size":"auto","background-attachment":"scroll","background-type":"","background-media":"","overlay-type":"","overlay-color":"","overlay-opacity":"","overlay-gradient":""},"tablet":{"background-color":"var(--ast-global-color-5)","background-image":"","background-repeat":"repeat","background-position":"center center","background-size":"auto","background-attachment":"scroll","background-type":"","background-media":"","overlay-type":"","overlay-color":"","overlay-opacity":"","overlay-gradient":""},"mobile":{"background-color":"var(--ast-global-color-5)","background-image":"","background-repeat":"repeat","background-position":"center center","background-size":"auto","background-attachment":"scroll","background-type":"","background-media":"","overlay-type":"","overlay-color":"","overlay-opacity":"","overlay-gradient":""}}},"product_brand":[],"product_cat":[211,232,415],"product_tag":[],"class_list":{"0":"post-20643","1":"product","2":"type-product","3":"status-publish","4":"has-post-thumbnail","6":"product_cat-beredning-av-rumsfraschare","7":"product_cat-flaskor-med-rumsfraschare","8":"product_cat-rea","9":"desktop-align-left","10":"tablet-align-left","11":"mobile-align-left","12":"ast-product-gallery-layout-horizontal","13":"ast-product-gallery-with-no-image","14":"ast-product-single-variable","15":"ast-product-tabs-layout-horizontal","17":"first","18":"instock","19":"taxable","20":"shipping-taxable","21":"purchasable","22":"product-type-variable"},"_links":{"self":[{"href":"https:\/\/nordicdiy.ee\/sv\/wp-json\/wp\/v2\/product\/20643","targetHints":{"allow":["GET"]}}],"collection":[{"href":"https:\/\/nordicdiy.ee\/sv\/wp-json\/wp\/v2\/product"}],"about":[{"href":"https:\/\/nordicdiy.ee\/sv\/wp-json\/wp\/v2\/types\/product"}],"wp:featuredmedia":[{"embeddable":true,"href":"https:\/\/nordicdiy.ee\/sv\/wp-json\/wp\/v2\/media\/21028"}],"wp:attachment":[{"href":"https:\/\/nordicdiy.ee\/sv\/wp-json\/wp\/v2\/media?parent=20643"}],"wp:term":[{"taxonomy":"product_brand","embeddable":true,"href":"https:\/\/nordicdiy.ee\/sv\/wp-json\/wp\/v2\/product_brand?post=20643"},{"taxonomy":"product_cat","embeddable":true,"href":"https:\/\/nordicdiy.ee\/sv\/wp-json\/wp\/v2\/product_cat?post=20643"},{"taxonomy":"product_tag","embeddable":true,"href":"https:\/\/nordicdiy.ee\/sv\/wp-json\/wp\/v2\/product_tag?post=20643"}],"curies":[{"name":"wp","href":"https:\/\/api.w.org\/{rel}","templated":true}]}}