{"id":21668,"date":"2025-09-15T11:05:48","date_gmt":"2025-09-15T08:05:48","guid":{"rendered":"https:\/\/nordicdiy.ee\/epood\/okategoriserad\/fardigbehandlad-veke-shw80-h12cm\/"},"modified":"2026-03-08T12:56:32","modified_gmt":"2026-03-08T09:56:32","slug":"fardigbehandlad-veke-shw80-h12cm","status":"publish","type":"product","link":"https:\/\/nordicdiy.ee\/sv\/epood\/tillverkning-av-stearinljus\/vekar-och-socklar-till-stearinljus\/fardigbehandlad-veke-shw80-h12cm\/","title":{"rendered":"F\u00e4rdigbehandlad veke SHW80\/BF-32 h12cm"},"content":{"rendered":"<p data-end=\"793\" data-start=\"489\">Den f\u00f6rvaxade ljush\u00e5llaren SHW80 \u00e4r tillverkad av 100% ren naturlig bomull och \u00e4r monterad p\u00e5 en metallbas, vilket g\u00f6r den bekv\u00e4m och professionell att anv\u00e4nda. Ljush\u00e5llaren \u00e4r 12 cm h\u00f6g och \u00e4r avsedd f\u00f6r votivljus eller <strong data-end=\"776\" data-start=\"737\">glasljus med en diameter p\u00e5 70-90 mm.<\/strong> <\/p>\n<p data-end=\"1191\" data-start=\"795\">Dessa h\u00f6gkvalitativa FLAT-vekar \u00e4r l\u00e4mpliga f\u00f6r 100% naturliga vaxer (utom rapsvax), 100% paraffinvax och blandningar av b\u00e5da. De t\u00e5l ocks\u00e5 upp till <strong data-end=\"998\" data-start=\"972\">10 % doftolja<\/strong>. I v\u00e5ra tester anv\u00e4nde vi <strong data-end=\"1051\" data-start=\"1025\">Nature Wax C3 sojavax<\/strong>, 6 % doftvax och stearin - resultatet blev en <strong data-end=\"1122\" data-start=\"1102\">j\u00e4mn f\u00f6rbr\u00e4nning<\/strong>, inget synligt sot eller glassot alls och praktiskt taget ingen svampbildning.   SHW60 och SHW80 skiljer sig fr\u00e4mst \u00e5t n\u00e4r det g\u00e4ller storleken p\u00e5 det glas som de \u00e4r b\u00e4st l\u00e4mpade f\u00f6r. P\u00e5 glaset <strong data-start=\"1747\" data-end=\"1756\">10012 (180 ml)<\/strong> fungerade till exempel SHW80 perfekt, medan de b\u00e4sta resultaten p\u00e5 glasen <strong data-start=\"1810\" data-end=\"1819\">10036 (280 ml)<\/strong> och <strong data-start=\"1823\" data-end=\"1832\">10022<\/strong> <strong>(260 ml)<\/strong> erh\u00f6lls med tv\u00e5 SHW60. <\/p>\n<p data-end=\"1275\" data-start=\"1193\">Kvaliteten p\u00e5 vekarna i SHW-serien bekr\u00e4ftas av att de uppfyller internationella standarder:<\/p>\n<ul data-end=\"1414\" data-start=\"1276\">\n<li data-end=\"1304\" data-start=\"1276\">\n<p data-end=\"1304\" data-start=\"1278\"><strong data-end=\"1302\" data-start=\"1278\">Oeko-Tex Standard 100 (certifieringen s\u00e4kerst\u00e4ller att pastan har testats f\u00f6r skadliga \u00e4mnen och \u00e4r 100% s\u00e4ker f\u00f6r hemmabruk).<\/strong><\/p>\n<\/li>\n<li data-end=\"1323\" data-start=\"1305\">\n<p data-end=\"1323\" data-start=\"1307\"><strong data-end=\"1321\" data-start=\"1307\">BCI Bomull<\/strong><\/p>\n<\/li>\n<li data-end=\"1341\" data-start=\"1324\">\n<p data-end=\"1341\" data-start=\"1326\"><strong data-end=\"1339\" data-start=\"1326\">RAL GZ041<\/strong><\/p>\n<\/li>\n<li data-end=\"1383\" data-start=\"1342\">\n<p data-end=\"1383\" data-start=\"1344\">100% <strong data-end=\"1381\" data-start=\"1349\">boraxfri behandling (BF-32)<\/strong><\/p>\n<\/li>\n<li data-end=\"1414\" data-start=\"1384\">\n<p data-end=\"1414\" data-start=\"1386\">\u00d6verensst\u00e4mmelse med <strong data-end=\"1412\" data-start=\"1395\">SVHC-kraven (inga \u00e4mnen listade i Europeiska unionens s\u00e4rskilda f\u00f6rteckning \u00f6ver farliga \u00e4mnen)<\/strong><\/p>\n<\/li>\n<li><a href=\"https:\/\/nordicdiy.ee\/sv\/nya-boraxfria-ljusstakar\/\" target=\"_blank\" rel=\"noopener\">L\u00e4s mer om boraxfria veken h\u00e4r.<\/a><\/li>\n<\/ul>\n<p data-end=\"1659\" data-start=\"1416\">Vekarna SHW80 tillverkas i Tysklands ledande ljusfabrik med \u00f6ver <strong data-end=\"1516\" data-start=\"1495\">30 \u00e5rs erfarenhet<\/strong>. Det h\u00e4r \u00e4r samma vekar som anv\u00e4nds av de stora ljustillverkarna - vilket g\u00f6r dem idealiska f\u00f6r b\u00e5de hobby- och professionell ljustillverkning. <\/p>\n","protected":false},"excerpt":{"rendered":"<p>F\u00e4rdigst\u00e4lld ljusstake SHW80 (12 cm) i metall, tillverkad av 100% ren naturlig bomull. Vekarna i SHW-serien \u00e4r 100% boraxfria (BF-32-behandling). L\u00e4mplig f\u00f6r anv\u00e4ndning i votiv- och glasljus (70-90 mm) av naturvax (utom rapsvax) och paraffinvax. Vaxerna inneh\u00e5ller inga metaller och avger inga giftiga \u00e4mnen under f\u00f6rbr\u00e4nningen, vilket garanterar en ren och j\u00e4mn f\u00f6rbr\u00e4nning utan sot eller svamp.   <\/p>\n","protected":false},"featured_media":21838,"template":"","meta":{"site-sidebar-layout":"default","site-content-layout":"","ast-site-content-layout":"default","site-content-style":"default","site-sidebar-style":"default","ast-global-header-display":"","ast-banner-title-visibility":"","ast-main-header-display":"","ast-hfb-above-header-display":"","ast-hfb-below-header-display":"","ast-hfb-mobile-header-display":"","site-post-title":"","ast-breadcrumbs-content":"","ast-featured-img":"","footer-sml-layout":"","ast-disable-related-posts":"","theme-transparent-header-meta":"default","adv-header-id-meta":"","stick-header-meta":"","header-above-stick-meta":"","header-main-stick-meta":"","header-below-stick-meta":"","astra-migrate-meta-layouts":"default","ast-page-background-enabled":"default","ast-page-background-meta":{"desktop":{"background-color":"","background-image":"","background-repeat":"repeat","background-position":"center center","background-size":"auto","background-attachment":"scroll","background-type":"","background-media":"","overlay-type":"","overlay-color":"","overlay-opacity":"","overlay-gradient":""},"tablet":{"background-color":"","background-image":"","background-repeat":"repeat","background-position":"center center","background-size":"auto","background-attachment":"scroll","background-type":"","background-media":"","overlay-type":"","overlay-color":"","overlay-opacity":"","overlay-gradient":""},"mobile":{"background-color":"","background-image":"","background-repeat":"repeat","background-position":"center center","background-size":"auto","background-attachment":"scroll","background-type":"","background-media":"","overlay-type":"","overlay-color":"","overlay-opacity":"","overlay-gradient":""}},"ast-content-background-meta":{"desktop":{"background-color":"var(--ast-global-color-5)","background-image":"","background-repeat":"repeat","background-position":"center center","background-size":"auto","background-attachment":"scroll","background-type":"","background-media":"","overlay-type":"","overlay-color":"","overlay-opacity":"","overlay-gradient":""},"tablet":{"background-color":"var(--ast-global-color-5)","background-image":"","background-repeat":"repeat","background-position":"center center","background-size":"auto","background-attachment":"scroll","background-type":"","background-media":"","overlay-type":"","overlay-color":"","overlay-opacity":"","overlay-gradient":""},"mobile":{"background-color":"var(--ast-global-color-5)","background-image":"","background-repeat":"repeat","background-position":"center center","background-size":"auto","background-attachment":"scroll","background-type":"","background-media":"","overlay-type":"","overlay-color":"","overlay-opacity":"","overlay-gradient":""}}},"product_brand":[],"product_cat":[138,198],"product_tag":[],"class_list":{"0":"post-21668","1":"product","2":"type-product","3":"status-publish","4":"has-post-thumbnail","6":"product_cat-tillverkning-av-stearinljus","7":"product_cat-vekar-och-socklar-till-stearinljus","8":"desktop-align-left","9":"tablet-align-left","10":"mobile-align-left","11":"ast-product-gallery-layout-horizontal","12":"ast-product-gallery-with-no-image","13":"ast-product-single-variable","14":"ast-product-tabs-layout-horizontal","16":"first","17":"instock","18":"taxable","19":"shipping-taxable","20":"purchasable","21":"product-type-variable"},"_links":{"self":[{"href":"https:\/\/nordicdiy.ee\/sv\/wp-json\/wp\/v2\/product\/21668","targetHints":{"allow":["GET"]}}],"collection":[{"href":"https:\/\/nordicdiy.ee\/sv\/wp-json\/wp\/v2\/product"}],"about":[{"href":"https:\/\/nordicdiy.ee\/sv\/wp-json\/wp\/v2\/types\/product"}],"wp:featuredmedia":[{"embeddable":true,"href":"https:\/\/nordicdiy.ee\/sv\/wp-json\/wp\/v2\/media\/21838"}],"wp:attachment":[{"href":"https:\/\/nordicdiy.ee\/sv\/wp-json\/wp\/v2\/media?parent=21668"}],"wp:term":[{"taxonomy":"product_brand","embeddable":true,"href":"https:\/\/nordicdiy.ee\/sv\/wp-json\/wp\/v2\/product_brand?post=21668"},{"taxonomy":"product_cat","embeddable":true,"href":"https:\/\/nordicdiy.ee\/sv\/wp-json\/wp\/v2\/product_cat?post=21668"},{"taxonomy":"product_tag","embeddable":true,"href":"https:\/\/nordicdiy.ee\/sv\/wp-json\/wp\/v2\/product_tag?post=21668"}],"curies":[{"name":"wp","href":"https:\/\/api.w.org\/{rel}","templated":true}]}}