{"id":22040,"date":"2025-09-23T11:41:59","date_gmt":"2025-09-23T08:41:59","guid":{"rendered":"https:\/\/nordicdiy.ee\/epood\/okategoriserad\/tralock-for-tjockrandigt-ljusglas-10007-med-packning\/"},"modified":"2025-09-29T11:36:40","modified_gmt":"2025-09-29T08:36:40","slug":"tralock-for-tjockrandigt-ljusglas-10007-med-packning","status":"publish","type":"product","link":"https:\/\/nordicdiy.ee\/sv\/epood\/tillverkning-av-stearinljus\/glas-och-lock-till-stearinljus\/tralock-for-tjockrandigt-ljusglas-10007-med-packning\/","title":{"rendered":"Tr\u00e4lock f\u00f6r tjockrandigt ljusglas 10007 med packning"},"content":{"rendered":"<p>Detta tr\u00e4lock med packning \u00e4r ett perfekt designelement f\u00f6r ljusstakar och garanterar l\u00e4ngre lukth\u00e5llning och s\u00e4ker f\u00f6rvaring. Den h\u00e5ller ocks\u00e5 damm och smuts borta. Tr\u00e4lock l\u00e4mpligt f\u00f6r 220 ml ljusstakar med tjock kant, h80 x d90 mm<span style=\"font-size: 16px;\">, oavsett om det \u00e4r transparent eller f\u00e4rgat. M\u00e5tt p\u00e5 locket med tr\u00e4packning: h\u00f6jd - 1,7 cm, ytterdiameter - 9,0 cm, innerdiameter - 6,9 cm.  Du kan f\u00e5 din logotyp eller annat meddelande graverat p\u00e5 ljusets lock av tr\u00e4, vilket ger din produkt en lyxig och minnesv\u00e4rd detalj. Beg\u00e4r en offert f\u00f6r gravyr p\u00e5 epood@nordicdiy.ee.<\/span><\/p>\n","protected":false},"excerpt":{"rendered":"<p>Detta tr\u00e4lock med packning \u00e4r ett perfekt designelement f\u00f6r ljusstakar och garanterar l\u00e4ngre lukth\u00e5llning och s\u00e4ker f\u00f6rvaring. Den h\u00e5ller ocks\u00e5 damm och smuts borta. Tr\u00e4locket \u00e4r l\u00e4mpligt f\u00f6r 220 ml ljusglas med tjock kant, h80 x d90 mm, genomskinligt eller f\u00e4rgat.<\/p>\n","protected":false},"featured_media":22564,"template":"","meta":{"site-sidebar-layout":"default","site-content-layout":"","ast-site-content-layout":"default","site-content-style":"default","site-sidebar-style":"default","ast-global-header-display":"","ast-banner-title-visibility":"","ast-main-header-display":"","ast-hfb-above-header-display":"","ast-hfb-below-header-display":"","ast-hfb-mobile-header-display":"","site-post-title":"","ast-breadcrumbs-content":"","ast-featured-img":"","footer-sml-layout":"","ast-disable-related-posts":"","theme-transparent-header-meta":"default","adv-header-id-meta":"","stick-header-meta":"default","header-above-stick-meta":"","header-main-stick-meta":"","header-below-stick-meta":"","astra-migrate-meta-layouts":"default","ast-page-background-enabled":"default","ast-page-background-meta":{"desktop":{"background-color":"","background-image":"","background-repeat":"repeat","background-position":"center center","background-size":"auto","background-attachment":"scroll","background-type":"","background-media":"","overlay-type":"","overlay-color":"","overlay-opacity":"","overlay-gradient":""},"tablet":{"background-color":"","background-image":"","background-repeat":"repeat","background-position":"center center","background-size":"auto","background-attachment":"scroll","background-type":"","background-media":"","overlay-type":"","overlay-color":"","overlay-opacity":"","overlay-gradient":""},"mobile":{"background-color":"","background-image":"","background-repeat":"repeat","background-position":"center center","background-size":"auto","background-attachment":"scroll","background-type":"","background-media":"","overlay-type":"","overlay-color":"","overlay-opacity":"","overlay-gradient":""}},"ast-content-background-meta":{"desktop":{"background-color":"var(--ast-global-color-5)","background-image":"","background-repeat":"repeat","background-position":"center center","background-size":"auto","background-attachment":"scroll","background-type":"","background-media":"","overlay-type":"","overlay-color":"","overlay-opacity":"","overlay-gradient":""},"tablet":{"background-color":"var(--ast-global-color-5)","background-image":"","background-repeat":"repeat","background-position":"center center","background-size":"auto","background-attachment":"scroll","background-type":"","background-media":"","overlay-type":"","overlay-color":"","overlay-opacity":"","overlay-gradient":""},"mobile":{"background-color":"var(--ast-global-color-5)","background-image":"","background-repeat":"repeat","background-position":"center center","background-size":"auto","background-attachment":"scroll","background-type":"","background-media":"","overlay-type":"","overlay-color":"","overlay-opacity":"","overlay-gradient":""}}},"product_brand":[],"product_cat":[162,138],"product_tag":[],"class_list":{"0":"post-22040","1":"product","2":"type-product","3":"status-publish","4":"has-post-thumbnail","6":"product_cat-glas-och-lock-till-stearinljus","7":"product_cat-tillverkning-av-stearinljus","8":"desktop-align-left","9":"tablet-align-left","10":"mobile-align-left","11":"ast-product-gallery-layout-horizontal","12":"ast-product-gallery-with-no-image","13":"ast-product-tabs-layout-horizontal","15":"first","16":"instock","17":"taxable","18":"shipping-taxable","19":"purchasable","20":"product-type-simple"},"_links":{"self":[{"href":"https:\/\/nordicdiy.ee\/sv\/wp-json\/wp\/v2\/product\/22040","targetHints":{"allow":["GET"]}}],"collection":[{"href":"https:\/\/nordicdiy.ee\/sv\/wp-json\/wp\/v2\/product"}],"about":[{"href":"https:\/\/nordicdiy.ee\/sv\/wp-json\/wp\/v2\/types\/product"}],"wp:featuredmedia":[{"embeddable":true,"href":"https:\/\/nordicdiy.ee\/sv\/wp-json\/wp\/v2\/media\/22564"}],"wp:attachment":[{"href":"https:\/\/nordicdiy.ee\/sv\/wp-json\/wp\/v2\/media?parent=22040"}],"wp:term":[{"taxonomy":"product_brand","embeddable":true,"href":"https:\/\/nordicdiy.ee\/sv\/wp-json\/wp\/v2\/product_brand?post=22040"},{"taxonomy":"product_cat","embeddable":true,"href":"https:\/\/nordicdiy.ee\/sv\/wp-json\/wp\/v2\/product_cat?post=22040"},{"taxonomy":"product_tag","embeddable":true,"href":"https:\/\/nordicdiy.ee\/sv\/wp-json\/wp\/v2\/product_tag?post=22040"}],"curies":[{"name":"wp","href":"https:\/\/api.w.org\/{rel}","templated":true}]}}