{"id":22503,"date":"2025-09-27T10:27:07","date_gmt":"2025-09-27T07:27:07","guid":{"rendered":"https:\/\/nordicdiy.ee\/epood\/okategoriserad\/ljusstake-i-metall\/"},"modified":"2026-03-02T21:23:51","modified_gmt":"2026-03-02T18:23:51","slug":"ljusstake-i-metall","status":"publish","type":"product","link":"https:\/\/nordicdiy.ee\/sv\/epood\/tillverkning-av-stearinljus\/vekar-och-socklar-till-stearinljus\/ljusstake-i-metall\/","title":{"rendered":"Ljusstake i metall"},"content":{"rendered":"<p>Den h\u00f6gkvalitativa ljush\u00e5llaren i rostfri metall hj\u00e4lper till att h\u00e5lla veken exakt i mitten under ljusst\u00f6pningen, vilket ger en rak br\u00e4nning och en professionell finish.<br \/>\nH\u00e5llaren \u00e4r l\u00e4mplig f\u00f6r anv\u00e4ndning med k\u00e4rl med olika diameter och \u00e4r l\u00e4tt att reng\u00f6ra och \u00e5teranv\u00e4nda.<\/p>\n<ul>\n<li>Material: rostfritt st\u00e5l<\/li>\n<li>L\u00e4ngd: 10 cm<\/li>\n<li>Bredd: 2,5 cm<\/li>\n<li>F\u00e4rg: silver<\/li>\n<\/ul>\n<p>Anv\u00e4ndning: l\u00e4mplig f\u00f6r en eller tv\u00e5 fasetter.<\/p>\n<p>Denna ljush\u00e5llare i rostfritt st\u00e5l \u00e4r h\u00e5llbar, rostar inte och hj\u00e4lper till att f\u00e5 en perfekt centrerad veke, vilket \u00e4r viktigt f\u00f6r j\u00e4mn br\u00e4nning och ett estetiskt utseende. Passar b\u00e5de nyb\u00f6rjare och erfarna ljusmakare. <\/p>\n<ul>\n<li>Idealisk f\u00f6r anv\u00e4ndning i glas, burkar och andra beh\u00e5llare<\/li>\n<li>En \u00e5tervinningsbar och milj\u00f6v\u00e4nlig l\u00f6sning<\/li>\n<li>Praktiskt verktyg f\u00f6r ljusst\u00f6pare<\/li>\n<\/ul>\n","protected":false},"excerpt":{"rendered":"<p>Den h\u00f6gkvalitativa ljush\u00e5llaren (10 cm) i rostfri metall hj\u00e4lper till att h\u00e5lla veken exakt i mitten under ljusst\u00f6pningen, vilket ger en rak br\u00e4nning och en professionell finish.<br \/>\nH\u00e5llaren \u00e4r l\u00e4mplig f\u00f6r anv\u00e4ndning med k\u00e4rl med olika diameter och \u00e4r l\u00e4tt att reng\u00f6ra och \u00e5teranv\u00e4nda.<\/p>\n","protected":false},"featured_media":22517,"template":"","meta":{"site-sidebar-layout":"default","site-content-layout":"","ast-site-content-layout":"default","site-content-style":"default","site-sidebar-style":"default","ast-global-header-display":"","ast-banner-title-visibility":"","ast-main-header-display":"","ast-hfb-above-header-display":"","ast-hfb-below-header-display":"","ast-hfb-mobile-header-display":"","site-post-title":"","ast-breadcrumbs-content":"","ast-featured-img":"","footer-sml-layout":"","ast-disable-related-posts":"","theme-transparent-header-meta":"default","adv-header-id-meta":"","stick-header-meta":"default","header-above-stick-meta":"","header-main-stick-meta":"","header-below-stick-meta":"","astra-migrate-meta-layouts":"default","ast-page-background-enabled":"default","ast-page-background-meta":{"desktop":{"background-color":"","background-image":"","background-repeat":"repeat","background-position":"center center","background-size":"auto","background-attachment":"scroll","background-type":"","background-media":"","overlay-type":"","overlay-color":"","overlay-opacity":"","overlay-gradient":""},"tablet":{"background-color":"","background-image":"","background-repeat":"repeat","background-position":"center center","background-size":"auto","background-attachment":"scroll","background-type":"","background-media":"","overlay-type":"","overlay-color":"","overlay-opacity":"","overlay-gradient":""},"mobile":{"background-color":"","background-image":"","background-repeat":"repeat","background-position":"center center","background-size":"auto","background-attachment":"scroll","background-type":"","background-media":"","overlay-type":"","overlay-color":"","overlay-opacity":"","overlay-gradient":""}},"ast-content-background-meta":{"desktop":{"background-color":"var(--ast-global-color-5)","background-image":"","background-repeat":"repeat","background-position":"center center","background-size":"auto","background-attachment":"scroll","background-type":"","background-media":"","overlay-type":"","overlay-color":"","overlay-opacity":"","overlay-gradient":""},"tablet":{"background-color":"var(--ast-global-color-5)","background-image":"","background-repeat":"repeat","background-position":"center center","background-size":"auto","background-attachment":"scroll","background-type":"","background-media":"","overlay-type":"","overlay-color":"","overlay-opacity":"","overlay-gradient":""},"mobile":{"background-color":"var(--ast-global-color-5)","background-image":"","background-repeat":"repeat","background-position":"center center","background-size":"auto","background-attachment":"scroll","background-type":"","background-media":"","overlay-type":"","overlay-color":"","overlay-opacity":"","overlay-gradient":""}}},"product_brand":[],"product_cat":[138,198],"product_tag":[],"class_list":{"0":"post-22503","1":"product","2":"type-product","3":"status-publish","4":"has-post-thumbnail","6":"product_cat-tillverkning-av-stearinljus","7":"product_cat-vekar-och-socklar-till-stearinljus","8":"desktop-align-left","9":"tablet-align-left","10":"mobile-align-left","11":"ast-product-gallery-layout-horizontal","12":"ast-product-gallery-with-no-image","13":"ast-product-tabs-layout-horizontal","15":"first","16":"instock","17":"taxable","18":"shipping-taxable","19":"purchasable","20":"product-type-simple"},"_links":{"self":[{"href":"https:\/\/nordicdiy.ee\/sv\/wp-json\/wp\/v2\/product\/22503","targetHints":{"allow":["GET"]}}],"collection":[{"href":"https:\/\/nordicdiy.ee\/sv\/wp-json\/wp\/v2\/product"}],"about":[{"href":"https:\/\/nordicdiy.ee\/sv\/wp-json\/wp\/v2\/types\/product"}],"wp:featuredmedia":[{"embeddable":true,"href":"https:\/\/nordicdiy.ee\/sv\/wp-json\/wp\/v2\/media\/22517"}],"wp:attachment":[{"href":"https:\/\/nordicdiy.ee\/sv\/wp-json\/wp\/v2\/media?parent=22503"}],"wp:term":[{"taxonomy":"product_brand","embeddable":true,"href":"https:\/\/nordicdiy.ee\/sv\/wp-json\/wp\/v2\/product_brand?post=22503"},{"taxonomy":"product_cat","embeddable":true,"href":"https:\/\/nordicdiy.ee\/sv\/wp-json\/wp\/v2\/product_cat?post=22503"},{"taxonomy":"product_tag","embeddable":true,"href":"https:\/\/nordicdiy.ee\/sv\/wp-json\/wp\/v2\/product_tag?post=22503"}],"curies":[{"name":"wp","href":"https:\/\/api.w.org\/{rel}","templated":true}]}}