{"id":22509,"date":"2025-10-01T10:42:11","date_gmt":"2025-10-01T07:42:11","guid":{"rendered":"https:\/\/nordicdiy.ee\/epood\/okategoriserad\/ljusstake-i-tra\/"},"modified":"2025-09-27T11:08:03","modified_gmt":"2025-09-27T08:08:03","slug":"ljusstake-i-tra","status":"publish","type":"product","link":"https:\/\/nordicdiy.ee\/sv\/epood\/tillverkning-av-stearinljus\/vekar-och-socklar-till-stearinljus\/ljusstake-i-tra\/","title":{"rendered":"Ljusstake i tr\u00e4"},"content":{"rendered":"<p>Ljush\u00e5llaren \u00e4r tillverkad av h\u00e5llbart tr\u00e4 och hj\u00e4lper till att placera ljuset\/ljusen exakt i mitten f\u00f6r att s\u00e4kerst\u00e4lla en j\u00e4mn och rak br\u00e4nning. Tack vare 7-h\u00e5lsdesignen kan flera vekar l\u00e4ggas i samtidigt, eller s\u00e5 kan du v\u00e4lja r\u00e4tt placering beroende p\u00e5 k\u00e4rlets form. <\/p>\n<ul>\n<li>Material: tr\u00e4<\/li>\n<li>L\u00e4ngd: 17,8 cm<\/li>\n<li>\u00d6ppningar: 7 (l\u00e4mpliga f\u00f6r olika vekenpositioner)<\/li>\n<li>F\u00e4rg: naturligt tr\u00e4<\/li>\n<\/ul>\n<p>Anv\u00e4ndning: f\u00f6r att tills\u00e4tta en eller flera fasta \u00e4mnen i olika k\u00e4rl.<\/p>\n<p>Ljush\u00e5llaren i tr\u00e4 \u00e4r milj\u00f6v\u00e4nlig, \u00e5teranv\u00e4ndbar och idealisk f\u00f6r b\u00e5de ljusst\u00f6pning i hemmet och f\u00f6r professionellt bruk. Den \u00e4r s\u00e4rskilt l\u00e4mplig f\u00f6r st\u00f6rre ljusbeh\u00e5llare eller ljus med flera ansikten. <\/p>\n<ul>\n<li>Enkel att anv\u00e4nda och l\u00e4mplig f\u00f6r en m\u00e4ngd olika beh\u00e5llare<\/li>\n<li>7 \u00f6ppningar ger flexibilitet vid positionering<\/li>\n<li>Ett \u00e5teranv\u00e4ndbart och h\u00e5llbart verktyg<\/li>\n<li>Det perfekta hj\u00e4lpmedlet f\u00f6r att g\u00f6ra rena och symmetriska ljus<\/li>\n<\/ul>\n","protected":false},"excerpt":{"rendered":"<p>Ljush\u00e5llare i tr\u00e4 17,8 cm - Ett verktyg med 7 h\u00e5l f\u00f6r exakt placering av veken. \u00c5teranv\u00e4ndbar och idealisk f\u00f6r att placera flera vekar i olika beh\u00e5llare. <\/p>\n","protected":false},"featured_media":22523,"template":"","meta":{"site-sidebar-layout":"default","site-content-layout":"","ast-site-content-layout":"default","site-content-style":"default","site-sidebar-style":"default","ast-global-header-display":"","ast-banner-title-visibility":"","ast-main-header-display":"","ast-hfb-above-header-display":"","ast-hfb-below-header-display":"","ast-hfb-mobile-header-display":"","site-post-title":"","ast-breadcrumbs-content":"","ast-featured-img":"","footer-sml-layout":"","ast-disable-related-posts":"","theme-transparent-header-meta":"default","adv-header-id-meta":"","stick-header-meta":"default","header-above-stick-meta":"","header-main-stick-meta":"","header-below-stick-meta":"","astra-migrate-meta-layouts":"default","ast-page-background-enabled":"default","ast-page-background-meta":{"desktop":{"background-color":"","background-image":"","background-repeat":"repeat","background-position":"center center","background-size":"auto","background-attachment":"scroll","background-type":"","background-media":"","overlay-type":"","overlay-color":"","overlay-opacity":"","overlay-gradient":""},"tablet":{"background-color":"","background-image":"","background-repeat":"repeat","background-position":"center center","background-size":"auto","background-attachment":"scroll","background-type":"","background-media":"","overlay-type":"","overlay-color":"","overlay-opacity":"","overlay-gradient":""},"mobile":{"background-color":"","background-image":"","background-repeat":"repeat","background-position":"center center","background-size":"auto","background-attachment":"scroll","background-type":"","background-media":"","overlay-type":"","overlay-color":"","overlay-opacity":"","overlay-gradient":""}},"ast-content-background-meta":{"desktop":{"background-color":"var(--ast-global-color-5)","background-image":"","background-repeat":"repeat","background-position":"center center","background-size":"auto","background-attachment":"scroll","background-type":"","background-media":"","overlay-type":"","overlay-color":"","overlay-opacity":"","overlay-gradient":""},"tablet":{"background-color":"var(--ast-global-color-5)","background-image":"","background-repeat":"repeat","background-position":"center center","background-size":"auto","background-attachment":"scroll","background-type":"","background-media":"","overlay-type":"","overlay-color":"","overlay-opacity":"","overlay-gradient":""},"mobile":{"background-color":"var(--ast-global-color-5)","background-image":"","background-repeat":"repeat","background-position":"center center","background-size":"auto","background-attachment":"scroll","background-type":"","background-media":"","overlay-type":"","overlay-color":"","overlay-opacity":"","overlay-gradient":""}}},"product_brand":[],"product_cat":[138,198],"product_tag":[],"class_list":{"0":"post-22509","1":"product","2":"type-product","3":"status-publish","4":"has-post-thumbnail","6":"product_cat-tillverkning-av-stearinljus","7":"product_cat-vekar-och-socklar-till-stearinljus","8":"desktop-align-left","9":"tablet-align-left","10":"mobile-align-left","11":"ast-product-gallery-layout-horizontal","12":"ast-product-gallery-with-no-image","13":"ast-product-tabs-layout-horizontal","15":"first","16":"instock","17":"taxable","18":"shipping-taxable","19":"purchasable","20":"product-type-simple"},"_links":{"self":[{"href":"https:\/\/nordicdiy.ee\/sv\/wp-json\/wp\/v2\/product\/22509","targetHints":{"allow":["GET"]}}],"collection":[{"href":"https:\/\/nordicdiy.ee\/sv\/wp-json\/wp\/v2\/product"}],"about":[{"href":"https:\/\/nordicdiy.ee\/sv\/wp-json\/wp\/v2\/types\/product"}],"wp:featuredmedia":[{"embeddable":true,"href":"https:\/\/nordicdiy.ee\/sv\/wp-json\/wp\/v2\/media\/22523"}],"wp:attachment":[{"href":"https:\/\/nordicdiy.ee\/sv\/wp-json\/wp\/v2\/media?parent=22509"}],"wp:term":[{"taxonomy":"product_brand","embeddable":true,"href":"https:\/\/nordicdiy.ee\/sv\/wp-json\/wp\/v2\/product_brand?post=22509"},{"taxonomy":"product_cat","embeddable":true,"href":"https:\/\/nordicdiy.ee\/sv\/wp-json\/wp\/v2\/product_cat?post=22509"},{"taxonomy":"product_tag","embeddable":true,"href":"https:\/\/nordicdiy.ee\/sv\/wp-json\/wp\/v2\/product_tag?post=22509"}],"curies":[{"name":"wp","href":"https:\/\/api.w.org\/{rel}","templated":true}]}}