{"id":22571,"date":"2025-10-01T11:57:11","date_gmt":"2025-10-01T08:57:11","guid":{"rendered":"https:\/\/nordicdiy.ee\/epood\/okategoriserad\/tvalvax-golden-wax-464-for-ljusglas\/"},"modified":"2026-03-06T00:32:12","modified_gmt":"2026-03-05T21:32:12","slug":"tvalvax-golden-wax-464-for-ljusglas","status":"publish","type":"product","link":"https:\/\/nordicdiy.ee\/sv\/epood\/tillverkning-av-stearinljus\/vaxer-for-stearinljus\/tvalvax-golden-wax-464-for-ljusglas\/","title":{"rendered":"Sojavax Golden Wax 464 block f\u00f6r ljusglas"},"content":{"rendered":"<p>Golden Wax 464 \u00e4r ett mjukt och kr\u00e4migt sojavax som passar perfekt f\u00f6r tillverkning av glasljus och v\u00e4rmeljus.<\/p>\n<p>Golden Wax 464 \u00e4r <strong>veganv\u00e4nligt och produceras p\u00e5 ett ansvarsfullt<\/strong> s\u00e4tt enligt h\u00f6ga etiska och milj\u00f6m\u00e4ssiga standarder. Dessutom \u00e4r det ett h\u00e5llbart val, eftersom AAK l\u00e4gger stor vikt vid milj\u00f6v\u00e4nlighet. Detta vax kan ocks\u00e5 v\u00e4rmas i mikrov\u00e5gsugn. F\u00f6r att undvika sprickbildning p\u00e5 ljusets yta och minska risken f\u00f6r polymorfism, f\u00f6rvara glasen i rumstemperatur (20\u00b0C) och undvik pl\u00f6tsliga temperaturf\u00f6r\u00e4ndringar under kylning.   <\/p>\n<ul>\n<li><strong>Sm\u00e4ltpunkt:<\/strong> 45-48\u00b0C<\/li>\n<li><strong>Lukt- och f\u00e4rgtillsats temperatur:<\/strong> 70-80\u00b0C<\/li>\n<li><strong>H\u00e4lltemperatur:<\/strong> 60-75\u00b0C<\/li>\n<li><strong>Doftinneh\u00e5ll:<\/strong> 6-10% (vanligtvis \u00e4r 6% tillr\u00e4ckligt)<\/li>\n<li><strong>F\u00e4rghalt:<\/strong> 0,1-0,4%<br \/>\nGolden Wax 464 \u00e4r ett utm\u00e4rkt val f\u00f6r dig som s\u00f6ker ett h\u00f6gkvalitativt, milj\u00f6v\u00e4nligt vax som ger ett utm\u00e4rkt resultat i varje ljus. Tillverkas av AAK Sverige. F\u00f6rpackat i vaxblock.  <\/li>\n<\/ul>\n","protected":false},"excerpt":{"rendered":"<p>Golden Wax 464 Sojavax \u00e4r perfekt f\u00f6r tillverkning av glasljus och v\u00e4rmeljus. Vaxet har en h\u00f6g halt av doftolja, \u00e4r stabilt och brinner rent. Den \u00e4r tillverkad av 100% naturmaterial och \u00e4r milj\u00f6v\u00e4nlig och GMO-fri. Doftoljor kan tills\u00e4ttas upp till 6-10%. F\u00f6rpackade i vaxblock.<\/p>\n","protected":false},"featured_media":23214,"template":"","meta":{"site-sidebar-layout":"default","site-content-layout":"","ast-site-content-layout":"default","site-content-style":"default","site-sidebar-style":"default","ast-global-header-display":"","ast-banner-title-visibility":"","ast-main-header-display":"","ast-hfb-above-header-display":"","ast-hfb-below-header-display":"","ast-hfb-mobile-header-display":"","site-post-title":"","ast-breadcrumbs-content":"","ast-featured-img":"","footer-sml-layout":"","ast-disable-related-posts":"","theme-transparent-header-meta":"default","adv-header-id-meta":"","stick-header-meta":"default","header-above-stick-meta":"","header-main-stick-meta":"","header-below-stick-meta":"","astra-migrate-meta-layouts":"default","ast-page-background-enabled":"default","ast-page-background-meta":{"desktop":{"background-color":"","background-image":"","background-repeat":"repeat","background-position":"center center","background-size":"auto","background-attachment":"scroll","background-type":"","background-media":"","overlay-type":"","overlay-color":"","overlay-opacity":"","overlay-gradient":""},"tablet":{"background-color":"","background-image":"","background-repeat":"repeat","background-position":"center center","background-size":"auto","background-attachment":"scroll","background-type":"","background-media":"","overlay-type":"","overlay-color":"","overlay-opacity":"","overlay-gradient":""},"mobile":{"background-color":"","background-image":"","background-repeat":"repeat","background-position":"center center","background-size":"auto","background-attachment":"scroll","background-type":"","background-media":"","overlay-type":"","overlay-color":"","overlay-opacity":"","overlay-gradient":""}},"ast-content-background-meta":{"desktop":{"background-color":"var(--ast-global-color-5)","background-image":"","background-repeat":"repeat","background-position":"center center","background-size":"auto","background-attachment":"scroll","background-type":"","background-media":"","overlay-type":"","overlay-color":"","overlay-opacity":"","overlay-gradient":""},"tablet":{"background-color":"var(--ast-global-color-5)","background-image":"","background-repeat":"repeat","background-position":"center center","background-size":"auto","background-attachment":"scroll","background-type":"","background-media":"","overlay-type":"","overlay-color":"","overlay-opacity":"","overlay-gradient":""},"mobile":{"background-color":"var(--ast-global-color-5)","background-image":"","background-repeat":"repeat","background-position":"center center","background-size":"auto","background-attachment":"scroll","background-type":"","background-media":"","overlay-type":"","overlay-color":"","overlay-opacity":"","overlay-gradient":""}}},"product_brand":[],"product_cat":[138,139],"product_tag":[],"class_list":{"0":"post-22571","1":"product","2":"type-product","3":"status-publish","4":"has-post-thumbnail","6":"product_cat-tillverkning-av-stearinljus","7":"product_cat-vaxer-for-stearinljus","8":"desktop-align-left","9":"tablet-align-left","10":"mobile-align-left","11":"ast-product-gallery-layout-horizontal","12":"ast-product-gallery-with-no-image","13":"ast-product-single-variable","14":"ast-product-tabs-layout-horizontal","16":"first","17":"instock","18":"taxable","19":"shipping-taxable","20":"purchasable","21":"product-type-variable"},"_links":{"self":[{"href":"https:\/\/nordicdiy.ee\/sv\/wp-json\/wp\/v2\/product\/22571","targetHints":{"allow":["GET"]}}],"collection":[{"href":"https:\/\/nordicdiy.ee\/sv\/wp-json\/wp\/v2\/product"}],"about":[{"href":"https:\/\/nordicdiy.ee\/sv\/wp-json\/wp\/v2\/types\/product"}],"wp:featuredmedia":[{"embeddable":true,"href":"https:\/\/nordicdiy.ee\/sv\/wp-json\/wp\/v2\/media\/23214"}],"wp:attachment":[{"href":"https:\/\/nordicdiy.ee\/sv\/wp-json\/wp\/v2\/media?parent=22571"}],"wp:term":[{"taxonomy":"product_brand","embeddable":true,"href":"https:\/\/nordicdiy.ee\/sv\/wp-json\/wp\/v2\/product_brand?post=22571"},{"taxonomy":"product_cat","embeddable":true,"href":"https:\/\/nordicdiy.ee\/sv\/wp-json\/wp\/v2\/product_cat?post=22571"},{"taxonomy":"product_tag","embeddable":true,"href":"https:\/\/nordicdiy.ee\/sv\/wp-json\/wp\/v2\/product_tag?post=22571"}],"curies":[{"name":"wp","href":"https:\/\/api.w.org\/{rel}","templated":true}]}}