{"id":22966,"date":"2025-09-29T16:35:47","date_gmt":"2025-09-29T13:35:47","guid":{"rendered":"https:\/\/nordicdiy.ee\/epood\/okategoriserad\/bubblegum-ws-doftolja\/"},"modified":"2026-02-26T17:20:32","modified_gmt":"2026-02-26T14:20:32","slug":"bubblegum-ws-doftolja","status":"publish","type":"product","link":"https:\/\/nordicdiy.ee\/sv\/epood\/tillverkning-av-stearinljus\/dofter-av-stearinljus\/bubblegum-ws-doftolja\/","title":{"rendered":"Doftolja Bubblegum WS"},"content":{"rendered":"<p>Denna doftolja f\u00f6r ljus kommer att ge en unik och l\u00e5ngvarig bukett till ditt hantverk. Doften \u00e4r l\u00e4mplig f\u00f6r anv\u00e4ndning i en m\u00e4ngd olika vaxtyper: <\/p>\n<ul>\n<li>Rekommenderad dosering i paraffinvaxer och vaxblandningar: 1-3%.<\/li>\n<li>Rekommenderad dosering i naturliga vaxer (t.ex. soja): 5-10%.<\/li>\n<\/ul>\n<p class=\"\" data-start=\"1065\" data-end=\"1095\"><strong data-start=\"1065\" data-end=\"1093\">Certifikat och s\u00e4kerhet:<\/strong><\/p>\n<ul data-start=\"1096\" data-end=\"1536\">\n<li class=\"\" data-start=\"1096\" data-end=\"1205\">\n<p class=\"\" data-start=\"1098\" data-end=\"1205\">\u00d6verensst\u00e4mmer med <strong data-start=\"1105\" data-end=\"1113\">IFRA<\/strong>:s (International Fragrance Association) standarder (certifikat tillg\u00e4ngliga p\u00e5 beg\u00e4ran).<\/p>\n<\/li>\n<li class=\"\" data-start=\"1206\" data-end=\"1325\">\n<p class=\"\" data-start=\"1208\" data-end=\"1325\">\u00d6verensst\u00e4mmer med <strong data-start=\"1215\" data-end=\"1224\">REACH<\/strong> - inneh\u00e5ller inte n\u00e5gra \u00e4mnen p\u00e5 <strong data-start=\"1272\" data-end=\"1296\">SVHC-kandidatlistan<\/strong> per 07.2019.<\/p>\n<\/li>\n<li class=\"\" data-start=\"1326\" data-end=\"1420\">\n<p class=\"\" data-start=\"1328\" data-end=\"1420\"><strong data-start=\"1328\" data-end=\"1337\">Vegansk<\/strong> - inneh\u00e5ller inga ingredienser av animaliskt ursprung och inga f\u00e4rg\u00e4mnen<\/p>\n<\/li>\n<li class=\"\" data-start=\"1421\" data-end=\"1536\">\n<p class=\"\" data-start=\"1423\" data-end=\"1536\"><strong data-start=\"1423\" data-end=\"1451\">Ej testad p\u00e5 djur<\/strong> - i enlighet med International Cosmetic Ingredient Guide (8:e upplagan).<\/p>\n<\/li>\n<\/ul>\n<p>ENG: S\u00e4kerhetsdatablad (SDS)<br \/>\nENG: IFRA<br \/>\nENG: Allergener<\/p>\n<p>De h\u00f6gsta till\u00e5tna m\u00e4ngderna f\u00f6r ljus, doftvaxer, tv\u00e5lar (fasta och flytande), doft\u00e4mnen f\u00f6r hemmet eller sprayer kan laddas ner fr\u00e5n IFRA-tabellen.<\/p>\n<p>F\u00f6rvaring<strong data-start=\"1310\" data-end=\"1326\">:<\/strong> Rekommenderad h\u00e5llbarhetstid \u00e4r <strong data-start=\"1353\" data-end=\"1364\">1 \u00e5r<\/strong>, men om produkten f\u00f6rvaras p\u00e5 r\u00e4tt s\u00e4tt (skyddas fr\u00e5n solljus, p\u00e5 en torr och sval plats) kan den anv\u00e4ndas i flera \u00e5r.<\/p>\n<p>VARNING!<br \/>\n<img decoding=\"async\" class=\"\" src=\"https:\/\/nordicdiy.ee\/wp-content\/uploads\/2025\/01\/terviseoht.jpg\" width=\"70\" height=\"70\"><img decoding=\"async\" class=\"\" src=\"https:\/\/nordicdiy.ee\/wp-content\/uploads\/2025\/02\/keskkonnaoht.jpg\" width=\"71\" height=\"71\"><\/p>\n","protected":false},"excerpt":{"rendered":"<p>En doftolja som ger doftljus en unik och minnesv\u00e4rd doft. V\u00e4l l\u00e4mpad f\u00f6r anv\u00e4ndning i paraffinvaxer, vaxblandningar och naturliga vaxer (t.ex. Tv\u00e5lvax). F\u00f6r mer information om anv\u00e4ndning av doftolja, se produktbeskrivningen.  <\/p>\n<p><strong>Doftnoter<\/strong><br \/>\nToppnoter: lime, mandarin, s\u00f6t mynta, freesia, jordgubbar, banan, p\u00e4ron, ananas<br \/>\nHj\u00e4rtnoter: heliotropblomma, kryddnejlika, k\u00f6rsb\u00e4r, r\u00f6da b\u00e4r, aprikos<br \/>\nBasnoter: hallon, s\u00f6t vanilj.<\/p>\n","protected":false},"featured_media":22982,"template":"","meta":{"site-sidebar-layout":"default","site-content-layout":"","ast-site-content-layout":"default","site-content-style":"default","site-sidebar-style":"default","ast-global-header-display":"","ast-banner-title-visibility":"","ast-main-header-display":"","ast-hfb-above-header-display":"","ast-hfb-below-header-display":"","ast-hfb-mobile-header-display":"","site-post-title":"","ast-breadcrumbs-content":"","ast-featured-img":"","footer-sml-layout":"","ast-disable-related-posts":"","theme-transparent-header-meta":"default","adv-header-id-meta":"","stick-header-meta":"default","header-above-stick-meta":"","header-main-stick-meta":"","header-below-stick-meta":"","astra-migrate-meta-layouts":"default","ast-page-background-enabled":"default","ast-page-background-meta":{"desktop":{"background-color":"","background-image":"","background-repeat":"repeat","background-position":"center center","background-size":"auto","background-attachment":"scroll","background-type":"","background-media":"","overlay-type":"","overlay-color":"","overlay-opacity":"","overlay-gradient":""},"tablet":{"background-color":"","background-image":"","background-repeat":"repeat","background-position":"center center","background-size":"auto","background-attachment":"scroll","background-type":"","background-media":"","overlay-type":"","overlay-color":"","overlay-opacity":"","overlay-gradient":""},"mobile":{"background-color":"","background-image":"","background-repeat":"repeat","background-position":"center center","background-size":"auto","background-attachment":"scroll","background-type":"","background-media":"","overlay-type":"","overlay-color":"","overlay-opacity":"","overlay-gradient":""}},"ast-content-background-meta":{"desktop":{"background-color":"var(--ast-global-color-5)","background-image":"","background-repeat":"repeat","background-position":"center center","background-size":"auto","background-attachment":"scroll","background-type":"","background-media":"","overlay-type":"","overlay-color":"","overlay-opacity":"","overlay-gradient":""},"tablet":{"background-color":"var(--ast-global-color-5)","background-image":"","background-repeat":"repeat","background-position":"center center","background-size":"auto","background-attachment":"scroll","background-type":"","background-media":"","overlay-type":"","overlay-color":"","overlay-opacity":"","overlay-gradient":""},"mobile":{"background-color":"var(--ast-global-color-5)","background-image":"","background-repeat":"repeat","background-position":"center center","background-size":"auto","background-attachment":"scroll","background-type":"","background-media":"","overlay-type":"","overlay-color":"","overlay-opacity":"","overlay-gradient":""}}},"product_brand":[],"product_cat":[133,192,138],"product_tag":[],"class_list":{"0":"post-22966","1":"product","2":"type-product","3":"status-publish","4":"has-post-thumbnail","6":"product_cat-aromoljor","7":"product_cat-dofter-av-stearinljus","8":"product_cat-tillverkning-av-stearinljus","9":"desktop-align-left","10":"tablet-align-left","11":"mobile-align-left","12":"ast-product-gallery-layout-horizontal","13":"ast-product-gallery-with-no-image","14":"ast-product-single-variable","15":"ast-product-tabs-layout-horizontal","17":"first","18":"instock","19":"taxable","20":"shipping-taxable","21":"purchasable","22":"product-type-variable"},"_links":{"self":[{"href":"https:\/\/nordicdiy.ee\/sv\/wp-json\/wp\/v2\/product\/22966","targetHints":{"allow":["GET"]}}],"collection":[{"href":"https:\/\/nordicdiy.ee\/sv\/wp-json\/wp\/v2\/product"}],"about":[{"href":"https:\/\/nordicdiy.ee\/sv\/wp-json\/wp\/v2\/types\/product"}],"wp:featuredmedia":[{"embeddable":true,"href":"https:\/\/nordicdiy.ee\/sv\/wp-json\/wp\/v2\/media\/22982"}],"wp:attachment":[{"href":"https:\/\/nordicdiy.ee\/sv\/wp-json\/wp\/v2\/media?parent=22966"}],"wp:term":[{"taxonomy":"product_brand","embeddable":true,"href":"https:\/\/nordicdiy.ee\/sv\/wp-json\/wp\/v2\/product_brand?post=22966"},{"taxonomy":"product_cat","embeddable":true,"href":"https:\/\/nordicdiy.ee\/sv\/wp-json\/wp\/v2\/product_cat?post=22966"},{"taxonomy":"product_tag","embeddable":true,"href":"https:\/\/nordicdiy.ee\/sv\/wp-json\/wp\/v2\/product_tag?post=22966"}],"curies":[{"name":"wp","href":"https:\/\/api.w.org\/{rel}","templated":true}]}}