{"id":23049,"date":"2025-09-30T15:35:16","date_gmt":"2025-09-30T12:35:16","guid":{"rendered":"https:\/\/nordicdiy.ee\/epood\/okategoriserad\/diy-presentforpackning-for-ljusstopning-urban-elegance\/"},"modified":"2026-02-26T17:20:13","modified_gmt":"2026-02-26T14:20:13","slug":"diy-presentforpackning-for-ljusstopning-urban-elegance","status":"publish","type":"product","link":"https:\/\/nordicdiy.ee\/sv\/epood\/gor-det-sjalv-kit\/diy-presentforpackning-for-ljusstopning-urban-elegance\/","title":{"rendered":"DIY Presentf\u00f6rpackning f\u00f6r ljusst\u00f6pning \"Urban Elegance"},"content":{"rendered":"<p data-start=\"892\" data-end=\"1117\"><strong data-start=\"1100\" data-end=\"1115\">Ing\u00e5r:<\/strong><\/p>\n<ul data-start=\"1118\" data-end=\"1304\">\n<li data-start=\"1118\" data-end=\"1153\">\n<p data-start=\"1120\" data-end=\"1153\">Tv\u00e5lvax Nature Wax C3 - 0,3 kg<\/p>\n<\/li>\n<li style=\"font-size: 16px;\" data-start=\"1154\" data-end=\"1175\">\n<p style=\"font-size: 16px;\" data-start=\"1156\" data-end=\"1175\">3 ljusglas 180ml<\/p>\n<\/li>\n<li data-start=\"1154\" data-end=\"1175\">\n<p data-start=\"1156\" data-end=\"1175\">10 ljusstakar SHW80<\/p>\n<\/li>\n<li data-start=\"1176\" data-end=\"1197\">\n<p data-start=\"1178\" data-end=\"1197\">R\u00f6dlila nagelf\u00e4rg<\/p>\n<\/li>\n<li data-start=\"1198\" data-end=\"1223\">\n<p data-start=\"1200\" data-end=\"1223\">Steg-f\u00f6r-steg-guide<\/p>\n<\/li>\n<li data-start=\"1224\" data-end=\"1304\">\n<p data-start=\"1226\" data-end=\"1304\"><strong data-start=\"1226\" data-end=\"1242\">3 aromatiska oljor:<\/strong> Arabiens natt, saftig lavendel, bourbonvanilj och n\u00f6tter.<\/p>\n<\/li>\n<\/ul>\n<p data-start=\"1306\" data-end=\"1378\"><em data-start=\"1309\" data-end=\"1378\">Det perfekta valet f\u00f6r dig som uppskattar kvalitet och modern design.<\/em><\/p>\n","protected":false},"excerpt":{"rendered":"<p><strong data-start=\"892\" data-end=\"965\">Snyggt och modernt - den perfekta kombinationen av enkelhet och lyx.<\/strong><br data-start=\"965\" data-end=\"968\">Urban Elegance kombinerar kontrasterande toner och sensuella dofter f\u00f6r att skapa en elegant och chic atmosf\u00e4r i alla rum.<\/p>\n","protected":false},"featured_media":25256,"template":"","meta":{"site-sidebar-layout":"default","site-content-layout":"","ast-site-content-layout":"default","site-content-style":"default","site-sidebar-style":"default","ast-global-header-display":"","ast-banner-title-visibility":"","ast-main-header-display":"","ast-hfb-above-header-display":"","ast-hfb-below-header-display":"","ast-hfb-mobile-header-display":"","site-post-title":"","ast-breadcrumbs-content":"","ast-featured-img":"","footer-sml-layout":"","ast-disable-related-posts":"","theme-transparent-header-meta":"default","adv-header-id-meta":"","stick-header-meta":"default","header-above-stick-meta":"","header-main-stick-meta":"","header-below-stick-meta":"","astra-migrate-meta-layouts":"default","ast-page-background-enabled":"default","ast-page-background-meta":{"desktop":{"background-color":"","background-image":"","background-repeat":"repeat","background-position":"center center","background-size":"auto","background-attachment":"scroll","background-type":"","background-media":"","overlay-type":"","overlay-color":"","overlay-opacity":"","overlay-gradient":""},"tablet":{"background-color":"","background-image":"","background-repeat":"repeat","background-position":"center center","background-size":"auto","background-attachment":"scroll","background-type":"","background-media":"","overlay-type":"","overlay-color":"","overlay-opacity":"","overlay-gradient":""},"mobile":{"background-color":"","background-image":"","background-repeat":"repeat","background-position":"center center","background-size":"auto","background-attachment":"scroll","background-type":"","background-media":"","overlay-type":"","overlay-color":"","overlay-opacity":"","overlay-gradient":""}},"ast-content-background-meta":{"desktop":{"background-color":"var(--ast-global-color-5)","background-image":"","background-repeat":"repeat","background-position":"center center","background-size":"auto","background-attachment":"scroll","background-type":"","background-media":"","overlay-type":"","overlay-color":"","overlay-opacity":"","overlay-gradient":""},"tablet":{"background-color":"var(--ast-global-color-5)","background-image":"","background-repeat":"repeat","background-position":"center center","background-size":"auto","background-attachment":"scroll","background-type":"","background-media":"","overlay-type":"","overlay-color":"","overlay-opacity":"","overlay-gradient":""},"mobile":{"background-color":"var(--ast-global-color-5)","background-image":"","background-repeat":"repeat","background-position":"center center","background-size":"auto","background-attachment":"scroll","background-type":"","background-media":"","overlay-type":"","overlay-color":"","overlay-opacity":"","overlay-gradient":""}}},"product_brand":[],"product_cat":[225],"product_tag":[],"class_list":{"0":"post-23049","1":"product","2":"type-product","3":"status-publish","4":"has-post-thumbnail","6":"product_cat-gor-det-sjalv-kit","7":"desktop-align-left","8":"tablet-align-left","9":"mobile-align-left","10":"ast-product-gallery-layout-horizontal","11":"ast-product-tabs-layout-horizontal","13":"first","14":"instock","15":"taxable","16":"shipping-taxable","17":"purchasable","18":"product-type-simple"},"_links":{"self":[{"href":"https:\/\/nordicdiy.ee\/sv\/wp-json\/wp\/v2\/product\/23049","targetHints":{"allow":["GET"]}}],"collection":[{"href":"https:\/\/nordicdiy.ee\/sv\/wp-json\/wp\/v2\/product"}],"about":[{"href":"https:\/\/nordicdiy.ee\/sv\/wp-json\/wp\/v2\/types\/product"}],"wp:featuredmedia":[{"embeddable":true,"href":"https:\/\/nordicdiy.ee\/sv\/wp-json\/wp\/v2\/media\/25256"}],"wp:attachment":[{"href":"https:\/\/nordicdiy.ee\/sv\/wp-json\/wp\/v2\/media?parent=23049"}],"wp:term":[{"taxonomy":"product_brand","embeddable":true,"href":"https:\/\/nordicdiy.ee\/sv\/wp-json\/wp\/v2\/product_brand?post=23049"},{"taxonomy":"product_cat","embeddable":true,"href":"https:\/\/nordicdiy.ee\/sv\/wp-json\/wp\/v2\/product_cat?post=23049"},{"taxonomy":"product_tag","embeddable":true,"href":"https:\/\/nordicdiy.ee\/sv\/wp-json\/wp\/v2\/product_tag?post=23049"}],"curies":[{"name":"wp","href":"https:\/\/api.w.org\/{rel}","templated":true}]}}