{"id":23057,"date":"2025-09-30T15:35:16","date_gmt":"2025-09-30T12:35:16","guid":{"rendered":"https:\/\/nordicdiy.ee\/epood\/okategoriserad\/diy-presentforpackning-for-tillverkning-av-stearinljus-naturliga-toner\/"},"modified":"2026-02-26T17:20:04","modified_gmt":"2026-02-26T14:20:04","slug":"diy-presentforpackning-for-tillverkning-av-stearinljus-naturliga-toner","status":"publish","type":"product","link":"https:\/\/nordicdiy.ee\/sv\/epood\/gor-det-sjalv-kit\/diy-presentforpackning-for-tillverkning-av-stearinljus-naturliga-toner\/","title":{"rendered":"DIY-presentf\u00f6rpackning f\u00f6r tillverkning av stearinljus \"Naturliga toner"},"content":{"rendered":"<p data-start=\"2049\" data-end=\"2324\"><strong data-start=\"2307\" data-end=\"2322\">Ing\u00e5r:<\/strong><\/p>\n<ul data-start=\"2325\" data-end=\"2499\">\n<li data-start=\"2325\" data-end=\"2360\">\n<p data-start=\"2327\" data-end=\"2360\">Tv\u00e5lvax Nature Wax C3 - 0,3 kg<\/p>\n<\/li>\n<li data-start=\"2325\" data-end=\"2360\">\n<p data-start=\"2327\" data-end=\"2360\">3 ljusglas 180ml<\/p>\n<\/li>\n<li data-start=\"2361\" data-end=\"2382\">\n<p data-start=\"2363\" data-end=\"2382\">10 ljusstakar SHW80<\/p>\n<\/li>\n<li data-start=\"2383\" data-end=\"2404\">\n<p data-start=\"2385\" data-end=\"2404\">R\u00f6dlila flytande nagellack<\/p>\n<\/li>\n<li data-start=\"2405\" data-end=\"2430\">\n<p data-start=\"2407\" data-end=\"2430\">Steg-f\u00f6r-steg-guide<\/p>\n<\/li>\n<li data-start=\"2431\" data-end=\"2499\">\n<p data-start=\"2433\" data-end=\"2499\"><strong data-start=\"2433\" data-end=\"2449\">3 aromatiska oljor:<\/strong> Rik choklad, Orient, s\u00f6t apelsin &amp; kanel<\/p>\n<\/li>\n<\/ul>\n<p data-start=\"2501\" data-end=\"2572\"><em data-start=\"2504\" data-end=\"2572\">Det perfekta valet f\u00f6r dem som uppskattar n\u00e4rheten till naturen och den naturliga sk\u00f6nheten.<\/em><\/p>\n","protected":false},"excerpt":{"rendered":"<p><strong data-start=\"2049\" data-end=\"2109\">Naturens lugn och v\u00e4rmen fr\u00e5n jordn\u00e4ra toner i ett och samma presentkit<\/strong>.<br data-start=\"2109\" data-end=\"2112\">Transparent r\u00f6kgr\u00e5tt, olivgr\u00f6nt och brunt glas skapar en naturlig och mysig atmosf\u00e4r. Kombinera dofterna av choklad, orientaliska kryddor och citrus f\u00f6r en varm och rik atmosf\u00e4r. <\/p>\n","protected":false},"featured_media":25252,"template":"","meta":{"site-sidebar-layout":"default","site-content-layout":"","ast-site-content-layout":"default","site-content-style":"default","site-sidebar-style":"default","ast-global-header-display":"","ast-banner-title-visibility":"","ast-main-header-display":"","ast-hfb-above-header-display":"","ast-hfb-below-header-display":"","ast-hfb-mobile-header-display":"","site-post-title":"","ast-breadcrumbs-content":"","ast-featured-img":"","footer-sml-layout":"","ast-disable-related-posts":"","theme-transparent-header-meta":"default","adv-header-id-meta":"","stick-header-meta":"default","header-above-stick-meta":"","header-main-stick-meta":"","header-below-stick-meta":"","astra-migrate-meta-layouts":"default","ast-page-background-enabled":"default","ast-page-background-meta":{"desktop":{"background-color":"","background-image":"","background-repeat":"repeat","background-position":"center center","background-size":"auto","background-attachment":"scroll","background-type":"","background-media":"","overlay-type":"","overlay-color":"","overlay-opacity":"","overlay-gradient":""},"tablet":{"background-color":"","background-image":"","background-repeat":"repeat","background-position":"center center","background-size":"auto","background-attachment":"scroll","background-type":"","background-media":"","overlay-type":"","overlay-color":"","overlay-opacity":"","overlay-gradient":""},"mobile":{"background-color":"","background-image":"","background-repeat":"repeat","background-position":"center center","background-size":"auto","background-attachment":"scroll","background-type":"","background-media":"","overlay-type":"","overlay-color":"","overlay-opacity":"","overlay-gradient":""}},"ast-content-background-meta":{"desktop":{"background-color":"var(--ast-global-color-5)","background-image":"","background-repeat":"repeat","background-position":"center center","background-size":"auto","background-attachment":"scroll","background-type":"","background-media":"","overlay-type":"","overlay-color":"","overlay-opacity":"","overlay-gradient":""},"tablet":{"background-color":"var(--ast-global-color-5)","background-image":"","background-repeat":"repeat","background-position":"center center","background-size":"auto","background-attachment":"scroll","background-type":"","background-media":"","overlay-type":"","overlay-color":"","overlay-opacity":"","overlay-gradient":""},"mobile":{"background-color":"var(--ast-global-color-5)","background-image":"","background-repeat":"repeat","background-position":"center center","background-size":"auto","background-attachment":"scroll","background-type":"","background-media":"","overlay-type":"","overlay-color":"","overlay-opacity":"","overlay-gradient":""}}},"product_brand":[],"product_cat":[225],"product_tag":[],"class_list":{"0":"post-23057","1":"product","2":"type-product","3":"status-publish","4":"has-post-thumbnail","6":"product_cat-gor-det-sjalv-kit","7":"desktop-align-left","8":"tablet-align-left","9":"mobile-align-left","10":"ast-product-gallery-layout-horizontal","11":"ast-product-tabs-layout-horizontal","13":"first","14":"instock","15":"taxable","16":"shipping-taxable","17":"purchasable","18":"product-type-simple"},"_links":{"self":[{"href":"https:\/\/nordicdiy.ee\/sv\/wp-json\/wp\/v2\/product\/23057","targetHints":{"allow":["GET"]}}],"collection":[{"href":"https:\/\/nordicdiy.ee\/sv\/wp-json\/wp\/v2\/product"}],"about":[{"href":"https:\/\/nordicdiy.ee\/sv\/wp-json\/wp\/v2\/types\/product"}],"wp:featuredmedia":[{"embeddable":true,"href":"https:\/\/nordicdiy.ee\/sv\/wp-json\/wp\/v2\/media\/25252"}],"wp:attachment":[{"href":"https:\/\/nordicdiy.ee\/sv\/wp-json\/wp\/v2\/media?parent=23057"}],"wp:term":[{"taxonomy":"product_brand","embeddable":true,"href":"https:\/\/nordicdiy.ee\/sv\/wp-json\/wp\/v2\/product_brand?post=23057"},{"taxonomy":"product_cat","embeddable":true,"href":"https:\/\/nordicdiy.ee\/sv\/wp-json\/wp\/v2\/product_cat?post=23057"},{"taxonomy":"product_tag","embeddable":true,"href":"https:\/\/nordicdiy.ee\/sv\/wp-json\/wp\/v2\/product_tag?post=23057"}],"curies":[{"name":"wp","href":"https:\/\/api.w.org\/{rel}","templated":true}]}}