{"id":23270,"date":"2025-10-24T14:37:25","date_gmt":"2025-10-24T11:37:25","guid":{"rendered":"https:\/\/nordicdiy.ee\/epood\/okategoriserad\/doftolja-for-julkaka\/"},"modified":"2025-11-11T13:12:12","modified_gmt":"2025-11-11T10:12:12","slug":"doftolja-for-julkaka","status":"publish","type":"product","link":"https:\/\/nordicdiy.ee\/sv\/epood\/aromoljor\/dofter-av-jul\/doftolja-for-julkaka\/","title":{"rendered":"Doftolja Christmas Cake"},"content":{"rendered":"<p><strong>ASPOL Scentra<\/strong> har registrerat UFIREADY Safety Data Sheets (SDS), som \u00e4r framtagna f\u00f6r olika m\u00e4ngder doftolja och kan anv\u00e4ndas vid tillverkning av sojavaxljus. Dessa s\u00e4kerhetskort och CLP-klisterm\u00e4rken inneb\u00e4r att du <strong>inte beh\u00f6ver generera UFI-koden sj\u00e4lv och rapportera den i PCN eller registrera dig i ECHAS, eftersom fabriken redan har registrerat din produkt \u00e5t dig.<\/strong> <\/p>\n<p><strong>Anv\u00e4ndning i ljus<\/strong> - Den rekommenderade m\u00e4ngden doftolja f\u00f6r sojavaxljus \u00e4r 6-10%. F\u00f6r exakta m\u00e4ngder och SDS-kort <a href=\"https:\/\/goldelseou.sharepoint.com\/:f:\/s\/Nordicdiy.ee\/EmwnXf9U5slKgTzR89eKUVkBDhTwAeuFIcyJVwHdRrVAug?e=alyGmD\" target=\"_blank\" rel=\"noopener\">klicka h\u00e4r<\/a>. <strong>Blanda inte olika doftoljor!<\/strong> <\/p>\n<p>Genom att ladda ner det kostnadsfria UFIREADY-s\u00e4kerhetsdatabladet (SDS) och CLP-klisterm\u00e4rket f\u00f6r sojavaxljuset bekr\u00e4ftar jag att jag har tillverkat min produkt i enlighet med UFICONTROL-kraven och att jag har k\u00f6pt de ingredienser som anges p\u00e5 SDS-kortet fr\u00e5n Nordic DIY.<\/p>\n<ul>\n<li><strong>CLP-klisterm\u00e4rke kan laddas ner h\u00e4r - <a href=\"https:\/\/aspol.info\/wp-content\/uploads\/etykiety\/ufi-green.html\" target=\"_blank\" rel=\"noopener\">CLP-klisterm\u00e4rkesgenerator<\/a><\/strong><\/li>\n<li><strong><a href=\"https:\/\/goldelseou.sharepoint.com\/:f:\/s\/Nordicdiy.ee\/EsGDlpOhc5hEhYxjgfc-fFQB74KwmzioinuTKcSU1eWV2A?e=S8L8O9\" target=\"_blank\" rel=\"noopener\">S\u00e4kerhetsdatablad (SDS), IFRA, allergentabell och s\u00e4kerhetsdatablad (SDS) f\u00f6r f\u00e4rdiga ljus hittar du h\u00e4r.<\/a><\/strong><\/li>\n<\/ul>\n<p>F\u00f6r de h\u00f6gsta till\u00e5tna m\u00e4ngderna f\u00f6r beredning av doftpinnar f\u00f6r hemmet, doftsprayer eller tv\u00e5lar (fasta och flytande tv\u00e5lar), ladda ner IFRA-tabellen som finns i dokumentavsnittet.<\/p>\n<p><strong>B\u00e4st f\u00f6re:<\/strong> ASPOL Scentra doftoljor har en rekommenderad livsl\u00e4ngd p\u00e5 1 \u00e5r. AScentra-dofterna rekommenderas f\u00f6r anv\u00e4ndning i 1 \u00e5r. Om produkterna f\u00f6rvaras p\u00e5 r\u00e4tt s\u00e4tt - skyddade fr\u00e5n solljus, p\u00e5 en torr och sval plats - kan de anv\u00e4ndas i flera \u00e5r. <\/p>\n<p>VARNING!<br \/>\n<img decoding=\"async\" class=\"\" src=\"https:\/\/nordicdiy.ee\/wp-content\/uploads\/2025\/01\/terviseoht.jpg\" width=\"70\" height=\"70\"><img decoding=\"async\" class=\"\" src=\"https:\/\/nordicdiy.ee\/wp-content\/uploads\/2025\/02\/keskkonnaoht.jpg\" width=\"70\" height=\"70\"><\/p>\n","protected":false},"excerpt":{"rendered":"<p><strong>ASPOL Scentra UFIREADY-certifierade doftoljor<\/strong> \u00e4r det perfekta valet f\u00f6r doftljus, hemdofter, doftvaxer och tv\u00e5lar. De \u00e4r rena, h\u00f6gkvalitativa och s\u00e4kra doftoljor. Kontrollera gr\u00e4nsv\u00e4rdena f\u00f6r <strong>s\u00e4ker anv\u00e4ndning<\/strong> f\u00f6re anv\u00e4ndning.  <\/p>\n<p>F\u00f6r att f\u00f6renkla produktionen kan du ladda ner Soy Leather Candle Safety Sheets (SDS) och CLP-klisterm\u00e4rken <strong>GRATIS.<\/strong> Fabriken kommer att ha genererat <strong>UFI-koden \u00e5t <\/strong>dig <strong>och meddelat PCN och ECHAS kommer att ha registrerat <\/strong>din produkt, f\u00f6rutsatt att du anv\u00e4nder doftolja till den fabriksregistrerade hastigheten.<br \/>\nMer information om anv\u00e4ndningen av doftolja finns i produktbeskrivningen. <\/p>\n<p><strong>Doftnoter<\/strong><br \/>\nToppnoter: apelsin, mj\u00f6lk, gr\u00e4dde<br \/>\nHj\u00e4rtnoter: kokosn\u00f6t, honung<br \/>\nBasnoter: karamell, vanilj<\/p>\n","protected":false},"featured_media":23273,"template":"","meta":{"site-sidebar-layout":"default","site-content-layout":"","ast-site-content-layout":"default","site-content-style":"default","site-sidebar-style":"default","ast-global-header-display":"","ast-banner-title-visibility":"","ast-main-header-display":"","ast-hfb-above-header-display":"","ast-hfb-below-header-display":"","ast-hfb-mobile-header-display":"","site-post-title":"","ast-breadcrumbs-content":"","ast-featured-img":"","footer-sml-layout":"","ast-disable-related-posts":"","theme-transparent-header-meta":"default","adv-header-id-meta":"","stick-header-meta":"default","header-above-stick-meta":"","header-main-stick-meta":"","header-below-stick-meta":"","astra-migrate-meta-layouts":"default","ast-page-background-enabled":"default","ast-page-background-meta":{"desktop":{"background-color":"","background-image":"","background-repeat":"repeat","background-position":"center center","background-size":"auto","background-attachment":"scroll","background-type":"","background-media":"","overlay-type":"","overlay-color":"","overlay-opacity":"","overlay-gradient":""},"tablet":{"background-color":"","background-image":"","background-repeat":"repeat","background-position":"center center","background-size":"auto","background-attachment":"scroll","background-type":"","background-media":"","overlay-type":"","overlay-color":"","overlay-opacity":"","overlay-gradient":""},"mobile":{"background-color":"","background-image":"","background-repeat":"repeat","background-position":"center center","background-size":"auto","background-attachment":"scroll","background-type":"","background-media":"","overlay-type":"","overlay-color":"","overlay-opacity":"","overlay-gradient":""}},"ast-content-background-meta":{"desktop":{"background-color":"var(--ast-global-color-5)","background-image":"","background-repeat":"repeat","background-position":"center center","background-size":"auto","background-attachment":"scroll","background-type":"","background-media":"","overlay-type":"","overlay-color":"","overlay-opacity":"","overlay-gradient":""},"tablet":{"background-color":"var(--ast-global-color-5)","background-image":"","background-repeat":"repeat","background-position":"center center","background-size":"auto","background-attachment":"scroll","background-type":"","background-media":"","overlay-type":"","overlay-color":"","overlay-opacity":"","overlay-gradient":""},"mobile":{"background-color":"var(--ast-global-color-5)","background-image":"","background-repeat":"repeat","background-position":"center center","background-size":"auto","background-attachment":"scroll","background-type":"","background-media":"","overlay-type":"","overlay-color":"","overlay-opacity":"","overlay-gradient":""}}},"product_brand":[],"product_cat":[133,194,192,138,193],"product_tag":[],"class_list":{"0":"post-23270","1":"product","2":"type-product","3":"status-publish","4":"has-post-thumbnail","6":"product_cat-aromoljor","7":"product_cat-dofter-av-jul","8":"product_cat-dofter-av-stearinljus","9":"product_cat-tillverkning-av-stearinljus","10":"product_cat-ufi-ready","11":"desktop-align-left","12":"tablet-align-left","13":"mobile-align-left","14":"ast-product-gallery-layout-horizontal","15":"ast-product-gallery-with-no-image","16":"ast-product-single-variable","17":"ast-product-tabs-layout-horizontal","19":"first","20":"instock","21":"taxable","22":"shipping-taxable","23":"purchasable","24":"product-type-variable"},"_links":{"self":[{"href":"https:\/\/nordicdiy.ee\/sv\/wp-json\/wp\/v2\/product\/23270","targetHints":{"allow":["GET"]}}],"collection":[{"href":"https:\/\/nordicdiy.ee\/sv\/wp-json\/wp\/v2\/product"}],"about":[{"href":"https:\/\/nordicdiy.ee\/sv\/wp-json\/wp\/v2\/types\/product"}],"wp:featuredmedia":[{"embeddable":true,"href":"https:\/\/nordicdiy.ee\/sv\/wp-json\/wp\/v2\/media\/23273"}],"wp:attachment":[{"href":"https:\/\/nordicdiy.ee\/sv\/wp-json\/wp\/v2\/media?parent=23270"}],"wp:term":[{"taxonomy":"product_brand","embeddable":true,"href":"https:\/\/nordicdiy.ee\/sv\/wp-json\/wp\/v2\/product_brand?post=23270"},{"taxonomy":"product_cat","embeddable":true,"href":"https:\/\/nordicdiy.ee\/sv\/wp-json\/wp\/v2\/product_cat?post=23270"},{"taxonomy":"product_tag","embeddable":true,"href":"https:\/\/nordicdiy.ee\/sv\/wp-json\/wp\/v2\/product_tag?post=23270"}],"curies":[{"name":"wp","href":"https:\/\/api.w.org\/{rel}","templated":true}]}}