{"id":23380,"date":"2025-10-25T09:57:59","date_gmt":"2025-10-25T06:57:59","guid":{"rendered":"https:\/\/nordicdiy.ee\/epood\/okategoriserad\/parfymflaska-for-hemmabruk-med-lock-transparent-rund-platt-200ml\/"},"modified":"2025-10-25T09:01:36","modified_gmt":"2025-10-25T06:01:36","slug":"parfymflaska-for-hemmabruk-med-lock-transparent-rund-platt-200ml","status":"publish","type":"product","link":"https:\/\/nordicdiy.ee\/sv\/epood\/beredning-av-rumsfraschare\/flaskor-med-rumsfraschare\/parfymflaska-for-hemmabruk-med-lock-transparent-rund-platt-200ml\/","title":{"rendered":"Parfymflaska f\u00f6r hemmabruk med lock, transparent rund, platt 200ml"},"content":{"rendered":"<div>\n<p>Detta lyxiga doftspridark\u00e4rl i klarglas \u00e4r det perfekta valet f\u00f6r b\u00e5de professionella parfym\u00f6rer och doft\u00e4lskare i hemmet. Dess h\u00e5llbara och estetiska finish g\u00f6r det till det perfekta dekorativa elementet f\u00f6r alla interi\u00f6rer. <\/p>\n<p><strong>F\u00f6rdelar med glas<\/strong>:<\/p>\n<p>S\u00e4ker - h\u00e5llbar och dofts\u00e4ker.<br \/>\nEstetisk - modernt utseende som passar en m\u00e4ngd olika inredningsstilar.<br \/>\n\u00c5teranv\u00e4ndbar - kan fyllas p\u00e5 n\u00e4r oljan tar slut.<br \/>\nS\u00e4ker - inneh\u00e5ller inga tungmetaller, kemiskt neutralt material.<\/p>\n<\/div>\n<div>\n<p><strong><span dir=\"auto\">Tekniska data:  <\/span><\/strong><\/p>\n<\/div>\n<div>\n<ul>\n<li><span dir=\"auto\">H\u00f6jd: 9,5 cm<\/span><\/li>\n<li><span dir=\"auto\">Diameter: 5,5 cm<\/span><\/li>\n<li><span dir=\"auto\">Diameter p\u00e5 \u00f6ppningen f\u00f6r pinnar: 2,6 cm<\/span><\/li>\n<li><span dir=\"auto\">Kapacitet: 200 ml<\/span><\/li>\n<li><span dir=\"auto\">Set om 1 styck<\/span><\/li>\n<\/ul>\n<\/div>\n","protected":false},"excerpt":{"rendered":"<p>Den <strong data-start=\"85\" data-end=\"161\">lyxiga diffusorflaskan i glas, rundad och platt formad 200 ml <\/strong>, \u00e4r ett elegant och h\u00e5llbart glask\u00e4rl f\u00f6r din aromatiska diffusor. \u00c5teranv\u00e4ndbar, motst\u00e5ndskraftig mot doftoljor och l\u00e4mplig f\u00f6r alla interi\u00f6rer - perfekt f\u00f6r hemmabruk eller professionell anv\u00e4ndning. <\/p>\n","protected":false},"featured_media":23390,"template":"","meta":{"site-sidebar-layout":"default","site-content-layout":"","ast-site-content-layout":"default","site-content-style":"default","site-sidebar-style":"default","ast-global-header-display":"","ast-banner-title-visibility":"","ast-main-header-display":"","ast-hfb-above-header-display":"","ast-hfb-below-header-display":"","ast-hfb-mobile-header-display":"","site-post-title":"","ast-breadcrumbs-content":"","ast-featured-img":"","footer-sml-layout":"","ast-disable-related-posts":"","theme-transparent-header-meta":"default","adv-header-id-meta":"","stick-header-meta":"default","header-above-stick-meta":"","header-main-stick-meta":"","header-below-stick-meta":"","astra-migrate-meta-layouts":"default","ast-page-background-enabled":"default","ast-page-background-meta":{"desktop":{"background-color":"","background-image":"","background-repeat":"repeat","background-position":"center center","background-size":"auto","background-attachment":"scroll","background-type":"","background-media":"","overlay-type":"","overlay-color":"","overlay-opacity":"","overlay-gradient":""},"tablet":{"background-color":"","background-image":"","background-repeat":"repeat","background-position":"center center","background-size":"auto","background-attachment":"scroll","background-type":"","background-media":"","overlay-type":"","overlay-color":"","overlay-opacity":"","overlay-gradient":""},"mobile":{"background-color":"","background-image":"","background-repeat":"repeat","background-position":"center center","background-size":"auto","background-attachment":"scroll","background-type":"","background-media":"","overlay-type":"","overlay-color":"","overlay-opacity":"","overlay-gradient":""}},"ast-content-background-meta":{"desktop":{"background-color":"var(--ast-global-color-5)","background-image":"","background-repeat":"repeat","background-position":"center center","background-size":"auto","background-attachment":"scroll","background-type":"","background-media":"","overlay-type":"","overlay-color":"","overlay-opacity":"","overlay-gradient":""},"tablet":{"background-color":"var(--ast-global-color-5)","background-image":"","background-repeat":"repeat","background-position":"center center","background-size":"auto","background-attachment":"scroll","background-type":"","background-media":"","overlay-type":"","overlay-color":"","overlay-opacity":"","overlay-gradient":""},"mobile":{"background-color":"var(--ast-global-color-5)","background-image":"","background-repeat":"repeat","background-position":"center center","background-size":"auto","background-attachment":"scroll","background-type":"","background-media":"","overlay-type":"","overlay-color":"","overlay-opacity":"","overlay-gradient":""}}},"product_brand":[],"product_cat":[211,232,415],"product_tag":[],"class_list":{"0":"post-23380","1":"product","2":"type-product","3":"status-publish","4":"has-post-thumbnail","6":"product_cat-beredning-av-rumsfraschare","7":"product_cat-flaskor-med-rumsfraschare","8":"product_cat-rea","9":"desktop-align-left","10":"tablet-align-left","11":"mobile-align-left","12":"ast-product-gallery-layout-horizontal","13":"ast-product-gallery-with-no-image","14":"ast-product-single-variable","15":"ast-product-tabs-layout-horizontal","17":"first","18":"outofstock","19":"taxable","20":"shipping-taxable","21":"purchasable","22":"product-type-variable"},"_links":{"self":[{"href":"https:\/\/nordicdiy.ee\/sv\/wp-json\/wp\/v2\/product\/23380","targetHints":{"allow":["GET"]}}],"collection":[{"href":"https:\/\/nordicdiy.ee\/sv\/wp-json\/wp\/v2\/product"}],"about":[{"href":"https:\/\/nordicdiy.ee\/sv\/wp-json\/wp\/v2\/types\/product"}],"wp:featuredmedia":[{"embeddable":true,"href":"https:\/\/nordicdiy.ee\/sv\/wp-json\/wp\/v2\/media\/23390"}],"wp:attachment":[{"href":"https:\/\/nordicdiy.ee\/sv\/wp-json\/wp\/v2\/media?parent=23380"}],"wp:term":[{"taxonomy":"product_brand","embeddable":true,"href":"https:\/\/nordicdiy.ee\/sv\/wp-json\/wp\/v2\/product_brand?post=23380"},{"taxonomy":"product_cat","embeddable":true,"href":"https:\/\/nordicdiy.ee\/sv\/wp-json\/wp\/v2\/product_cat?post=23380"},{"taxonomy":"product_tag","embeddable":true,"href":"https:\/\/nordicdiy.ee\/sv\/wp-json\/wp\/v2\/product_tag?post=23380"}],"curies":[{"name":"wp","href":"https:\/\/api.w.org\/{rel}","templated":true}]}}