{"id":23393,"date":"2025-10-25T08:56:07","date_gmt":"2025-10-25T05:56:07","guid":{"rendered":"https:\/\/nordicdiy.ee\/epood\/okategoriserad\/parfymflaska-med-propp-transparent-rund-225ml\/"},"modified":"2025-10-25T09:13:37","modified_gmt":"2025-10-25T06:13:37","slug":"parfymflaska-med-propp-transparent-rund-225ml","status":"publish","type":"product","link":"https:\/\/nordicdiy.ee\/sv\/epood\/beredning-av-rumsfraschare\/flaskor-med-rumsfraschare\/parfymflaska-med-propp-transparent-rund-225ml\/","title":{"rendered":"Parfymflaska med propp, transparent rund 225ml"},"content":{"rendered":"<p>En elegant och exklusiv diffusorflaska p\u00e5 200 ml, inspirerad av lyxiga alkohol- eller gr\u00e4sflaskor i vintagestil. Det genomskinliga glaset med guldkork skapar en elegant och tidl\u00f6s look som passar perfekt i alla inredningar - hem, spa, hotell eller restaurang. <\/p>\n<p>Flaskan \u00e4r tillverkad av h\u00e5llbart glas som \u00e4r motst\u00e5ndskraftigt <strong data-start=\"478\" data-end=\"529\">mot aromatiska oljor och eteriska oljor<\/strong> och \u00e4r <strong data-start=\"535\" data-end=\"552\">\u00e5tervinningsbart<\/strong>. Det perfekta valet f\u00f6r att skapa en h\u00f6gkvalitativ och estetisk aromaterapidiffusor. <\/p>\n<p><strong>F\u00f6rdelar med glas<\/strong>:<\/p>\n<p>S\u00e4ker - h\u00e5llbar och dofts\u00e4ker.<br \/>\nEstetisk - modernt utseende som passar en m\u00e4ngd olika inredningsstilar.<br \/>\n\u00c5teranv\u00e4ndbar - kan fyllas p\u00e5 n\u00e4r oljan tar slut.<br \/>\nS\u00e4ker - inneh\u00e5ller inga tungmetaller, kemiskt neutralt material.<\/p>\n<p><strong>Tekniska data:<\/strong><\/p>\n<p>H\u00f6jd: 14 cm<br \/>\nDiameter: 5,2 cm<br \/>\n\u00d6ppningsdiameter f\u00f6r pinnar: 1,5 cm<br \/>\nKapacitet: 225 ml<br \/>\nIng\u00e5r: 1 glasflaska + guldpropp<\/p>\n","protected":false},"excerpt":{"rendered":"<p>En elegant och exklusiv diffusorflaska p\u00e5 200 ml, inspirerad av lyxiga alkohol- eller gr\u00e4sflaskor i vintagestil. Det genomskinliga glaset med guldkork skapar en elegant och tidl\u00f6s look som passar perfekt i alla inredningar - hem, spa, hotell eller restaurang. <\/p>\n","protected":false},"featured_media":23405,"template":"","meta":{"site-sidebar-layout":"default","site-content-layout":"","ast-site-content-layout":"default","site-content-style":"default","site-sidebar-style":"default","ast-global-header-display":"","ast-banner-title-visibility":"","ast-main-header-display":"","ast-hfb-above-header-display":"","ast-hfb-below-header-display":"","ast-hfb-mobile-header-display":"","site-post-title":"","ast-breadcrumbs-content":"","ast-featured-img":"","footer-sml-layout":"","ast-disable-related-posts":"","theme-transparent-header-meta":"default","adv-header-id-meta":"","stick-header-meta":"default","header-above-stick-meta":"","header-main-stick-meta":"","header-below-stick-meta":"","astra-migrate-meta-layouts":"default","ast-page-background-enabled":"default","ast-page-background-meta":{"desktop":{"background-color":"","background-image":"","background-repeat":"repeat","background-position":"center center","background-size":"auto","background-attachment":"scroll","background-type":"","background-media":"","overlay-type":"","overlay-color":"","overlay-opacity":"","overlay-gradient":""},"tablet":{"background-color":"","background-image":"","background-repeat":"repeat","background-position":"center center","background-size":"auto","background-attachment":"scroll","background-type":"","background-media":"","overlay-type":"","overlay-color":"","overlay-opacity":"","overlay-gradient":""},"mobile":{"background-color":"","background-image":"","background-repeat":"repeat","background-position":"center center","background-size":"auto","background-attachment":"scroll","background-type":"","background-media":"","overlay-type":"","overlay-color":"","overlay-opacity":"","overlay-gradient":""}},"ast-content-background-meta":{"desktop":{"background-color":"var(--ast-global-color-5)","background-image":"","background-repeat":"repeat","background-position":"center center","background-size":"auto","background-attachment":"scroll","background-type":"","background-media":"","overlay-type":"","overlay-color":"","overlay-opacity":"","overlay-gradient":""},"tablet":{"background-color":"var(--ast-global-color-5)","background-image":"","background-repeat":"repeat","background-position":"center center","background-size":"auto","background-attachment":"scroll","background-type":"","background-media":"","overlay-type":"","overlay-color":"","overlay-opacity":"","overlay-gradient":""},"mobile":{"background-color":"var(--ast-global-color-5)","background-image":"","background-repeat":"repeat","background-position":"center center","background-size":"auto","background-attachment":"scroll","background-type":"","background-media":"","overlay-type":"","overlay-color":"","overlay-opacity":"","overlay-gradient":""}}},"product_brand":[],"product_cat":[211,232],"product_tag":[],"class_list":{"0":"post-23393","1":"product","2":"type-product","3":"status-publish","4":"has-post-thumbnail","6":"product_cat-beredning-av-rumsfraschare","7":"product_cat-flaskor-med-rumsfraschare","8":"desktop-align-left","9":"tablet-align-left","10":"mobile-align-left","11":"ast-product-gallery-layout-horizontal","12":"ast-product-gallery-with-no-image","13":"ast-product-tabs-layout-horizontal","15":"first","16":"instock","17":"taxable","18":"shipping-taxable","19":"purchasable","20":"product-type-simple"},"_links":{"self":[{"href":"https:\/\/nordicdiy.ee\/sv\/wp-json\/wp\/v2\/product\/23393","targetHints":{"allow":["GET"]}}],"collection":[{"href":"https:\/\/nordicdiy.ee\/sv\/wp-json\/wp\/v2\/product"}],"about":[{"href":"https:\/\/nordicdiy.ee\/sv\/wp-json\/wp\/v2\/types\/product"}],"wp:featuredmedia":[{"embeddable":true,"href":"https:\/\/nordicdiy.ee\/sv\/wp-json\/wp\/v2\/media\/23405"}],"wp:attachment":[{"href":"https:\/\/nordicdiy.ee\/sv\/wp-json\/wp\/v2\/media?parent=23393"}],"wp:term":[{"taxonomy":"product_brand","embeddable":true,"href":"https:\/\/nordicdiy.ee\/sv\/wp-json\/wp\/v2\/product_brand?post=23393"},{"taxonomy":"product_cat","embeddable":true,"href":"https:\/\/nordicdiy.ee\/sv\/wp-json\/wp\/v2\/product_cat?post=23393"},{"taxonomy":"product_tag","embeddable":true,"href":"https:\/\/nordicdiy.ee\/sv\/wp-json\/wp\/v2\/product_tag?post=23393"}],"curies":[{"name":"wp","href":"https:\/\/api.w.org\/{rel}","templated":true}]}}