{"id":23408,"date":"2025-10-25T09:25:58","date_gmt":"2025-10-25T06:25:58","guid":{"rendered":"https:\/\/nordicdiy.ee\/epood\/okategoriserad\/flaska-med-svart-kork-for-hemmaparfymor-fyrkantig-175-ml\/"},"modified":"2025-10-25T09:44:27","modified_gmt":"2025-10-25T06:44:27","slug":"flaska-med-svart-kork-for-hemmaparfymor-fyrkantig-175-ml","status":"publish","type":"product","link":"https:\/\/nordicdiy.ee\/sv\/epood\/beredning-av-rumsfraschare\/flaskor-med-rumsfraschare\/flaska-med-svart-kork-for-hemmaparfymor-fyrkantig-175-ml\/","title":{"rendered":"Flaska med svart kork f\u00f6r hemmaparfym\u00f6r, fyrkantig 175 ml"},"content":{"rendered":"<p><strong data-start=\"179\" data-end=\"207\">Den kvadratiska 175 ml diffusorflaskan<\/strong> har en minimalistisk och skandinavisk design och \u00e4r det perfekta valet f\u00f6r att skapa en elegant doft i hemmet. Den \u00e4r \u00e5teranv\u00e4ndbar, doftoljebest\u00e4ndig och passar alla interi\u00f6rer och \u00e4r idealisk f\u00f6r b\u00e5de hemmabruk och professionell anv\u00e4ndning. <\/p>\n<p data-start=\"134\" data-end=\"381\">Den rena formen och den svarta korken ger elegans till alla inredningar - l\u00e4mplig f\u00f6r b\u00e5de moderna och klassiska utrymmen.<\/p>\n<p data-start=\"383\" data-end=\"587\">Tillverkad av h\u00f6gkvalitativt och h\u00e5llbart glas <strong data-start=\"443\" data-end=\"483\">, l\u00e4mplig f\u00f6r aromatiska oljor och \u00e5teranv\u00e4ndbar<\/strong>. Perfekt f\u00f6r b\u00e5de hemmagjorda doftdiffusorer och professionell anv\u00e4ndning p\u00e5 hotell och spa. <\/p>\n<p><strong>F\u00f6rdelar med glas<\/strong>:<\/p>\n<p>S\u00e4ker - h\u00e5llbar och dofts\u00e4ker.<br \/>\nEstetisk - modernt utseende som passar en m\u00e4ngd olika inredningsstilar.<br \/>\n\u00c5teranv\u00e4ndbar - kan fyllas p\u00e5 n\u00e4r oljan tar slut.<br \/>\nS\u00e4ker - inneh\u00e5ller inga tungmetaller, kemiskt neutralt material.<\/p>\n<p><strong>Tekniska data:<\/strong><\/p>\n<p>H\u00f6jd: 7 cm<br \/>\nDiameter: 9,5 cm<br \/>\n\u00d6ppningsdiameter f\u00f6r pinnar: 2 cm<br \/>\nKapacitet: 175 ml<br \/>\nIng\u00e5r: 1 glasflaska + svart propp<\/p>\n","protected":false},"excerpt":{"rendered":"<p><strong data-start=\"179\" data-end=\"207\">Den kvadratiska 175 ml diffusorflaskan<\/strong> har en minimalistisk och skandinavisk design och \u00e4r det perfekta valet f\u00f6r att skapa en elegant doft i hemmet. Den \u00e4r \u00e5teranv\u00e4ndbar, doftoljebest\u00e4ndig och passar alla interi\u00f6rer och \u00e4r idealisk f\u00f6r b\u00e5de hemmabruk och professionell anv\u00e4ndning. <\/p>\n","protected":false},"featured_media":23429,"template":"","meta":{"site-sidebar-layout":"default","site-content-layout":"","ast-site-content-layout":"default","site-content-style":"default","site-sidebar-style":"default","ast-global-header-display":"","ast-banner-title-visibility":"","ast-main-header-display":"","ast-hfb-above-header-display":"","ast-hfb-below-header-display":"","ast-hfb-mobile-header-display":"","site-post-title":"","ast-breadcrumbs-content":"","ast-featured-img":"","footer-sml-layout":"","ast-disable-related-posts":"","theme-transparent-header-meta":"default","adv-header-id-meta":"","stick-header-meta":"default","header-above-stick-meta":"","header-main-stick-meta":"","header-below-stick-meta":"","astra-migrate-meta-layouts":"default","ast-page-background-enabled":"default","ast-page-background-meta":{"desktop":{"background-color":"","background-image":"","background-repeat":"repeat","background-position":"center center","background-size":"auto","background-attachment":"scroll","background-type":"","background-media":"","overlay-type":"","overlay-color":"","overlay-opacity":"","overlay-gradient":""},"tablet":{"background-color":"","background-image":"","background-repeat":"repeat","background-position":"center center","background-size":"auto","background-attachment":"scroll","background-type":"","background-media":"","overlay-type":"","overlay-color":"","overlay-opacity":"","overlay-gradient":""},"mobile":{"background-color":"","background-image":"","background-repeat":"repeat","background-position":"center center","background-size":"auto","background-attachment":"scroll","background-type":"","background-media":"","overlay-type":"","overlay-color":"","overlay-opacity":"","overlay-gradient":""}},"ast-content-background-meta":{"desktop":{"background-color":"var(--ast-global-color-5)","background-image":"","background-repeat":"repeat","background-position":"center center","background-size":"auto","background-attachment":"scroll","background-type":"","background-media":"","overlay-type":"","overlay-color":"","overlay-opacity":"","overlay-gradient":""},"tablet":{"background-color":"var(--ast-global-color-5)","background-image":"","background-repeat":"repeat","background-position":"center center","background-size":"auto","background-attachment":"scroll","background-type":"","background-media":"","overlay-type":"","overlay-color":"","overlay-opacity":"","overlay-gradient":""},"mobile":{"background-color":"var(--ast-global-color-5)","background-image":"","background-repeat":"repeat","background-position":"center center","background-size":"auto","background-attachment":"scroll","background-type":"","background-media":"","overlay-type":"","overlay-color":"","overlay-opacity":"","overlay-gradient":""}}},"product_brand":[],"product_cat":[211,232],"product_tag":[],"class_list":{"0":"post-23408","1":"product","2":"type-product","3":"status-publish","4":"has-post-thumbnail","6":"product_cat-beredning-av-rumsfraschare","7":"product_cat-flaskor-med-rumsfraschare","8":"desktop-align-left","9":"tablet-align-left","10":"mobile-align-left","11":"ast-product-gallery-layout-horizontal","12":"ast-product-tabs-layout-horizontal","14":"first","15":"instock","16":"taxable","17":"shipping-taxable","18":"purchasable","19":"product-type-simple"},"_links":{"self":[{"href":"https:\/\/nordicdiy.ee\/sv\/wp-json\/wp\/v2\/product\/23408","targetHints":{"allow":["GET"]}}],"collection":[{"href":"https:\/\/nordicdiy.ee\/sv\/wp-json\/wp\/v2\/product"}],"about":[{"href":"https:\/\/nordicdiy.ee\/sv\/wp-json\/wp\/v2\/types\/product"}],"wp:featuredmedia":[{"embeddable":true,"href":"https:\/\/nordicdiy.ee\/sv\/wp-json\/wp\/v2\/media\/23429"}],"wp:attachment":[{"href":"https:\/\/nordicdiy.ee\/sv\/wp-json\/wp\/v2\/media?parent=23408"}],"wp:term":[{"taxonomy":"product_brand","embeddable":true,"href":"https:\/\/nordicdiy.ee\/sv\/wp-json\/wp\/v2\/product_brand?post=23408"},{"taxonomy":"product_cat","embeddable":true,"href":"https:\/\/nordicdiy.ee\/sv\/wp-json\/wp\/v2\/product_cat?post=23408"},{"taxonomy":"product_tag","embeddable":true,"href":"https:\/\/nordicdiy.ee\/sv\/wp-json\/wp\/v2\/product_tag?post=23408"}],"curies":[{"name":"wp","href":"https:\/\/api.w.org\/{rel}","templated":true}]}}