{"id":23470,"date":"2025-10-25T09:56:02","date_gmt":"2025-10-25T06:56:02","guid":{"rendered":"https:\/\/nordicdiy.ee\/epood\/okategoriserad\/doftflaska-med-lock-fyrkantig-cut-corner-100ml\/"},"modified":"2025-10-25T14:58:53","modified_gmt":"2025-10-25T11:58:53","slug":"doftflaska-med-lock-fyrkantig-cut-corner-100ml","status":"publish","type":"product","link":"https:\/\/nordicdiy.ee\/sv\/epood\/beredning-av-rumsfraschare\/flaskor-med-rumsfraschare\/doftflaska-med-lock-fyrkantig-cut-corner-100ml\/","title":{"rendered":"Doftflaska med lock, fyrkantig Cut Corner 100ml"},"content":{"rendered":"<p>Den lyxiga och distinkta <strong data-start=\"161\" data-end=\"202\">fyrkantiga diffusorflaskan \"Cut Corner\"<\/strong> \u00e4r ett i\u00f6gonfallande tillskott till alla inredningar. Den \u00e4r tillverkad av h\u00f6gkvalitativt glas och kombinerar elegans och funktionalitet - det perfekta valet f\u00f6r hemdofter, restauranger, hotell eller som g\u00e5va. <\/p>\n<p>Val mellan tre snygga kepsar:<\/p>\n<ul>\n<li>Guld - f\u00f6r den klassiska lyx\u00e4lskaren<\/li>\n<li>Silver - f\u00f6r den som \u00e4lskar en modern och stilren stil<\/li>\n<li>Ros\u00e9guld - f\u00f6r den som \u00e4lskar romantiska och mjuka toner<\/li>\n<\/ul>\n<p><strong>F\u00f6rdelar med glas:<\/strong><\/p>\n<p>S\u00e4ker - h\u00e5llbar och dofts\u00e4ker.<br \/>\nEstetisk - modernt utseende som passar en m\u00e4ngd olika inredningsstilar.<br \/>\n\u00c5teranv\u00e4ndbar - kan fyllas p\u00e5 n\u00e4r oljan tar slut.<br \/>\nS\u00e4ker - inneh\u00e5ller inga tungmetaller, kemiskt neutralt material.<\/p>\n<p><strong>Tekniska data:<\/strong><\/p>\n<p>H\u00f6jd: 6 cm<br \/>\nDiameter: 7 cm<br \/>\nDiameter p\u00e5 \u00f6ppningen f\u00f6r pinnar: 2,6 cm<br \/>\nKapacitet: 100 ml<br \/>\nSetet inneh\u00e5ller: 1 glasflaska + propp + f\u00e4rgat lock.<\/p>\n","protected":false},"excerpt":{"rendered":"<p>Den lyxiga och distinkta <strong data-start=\"161\" data-end=\"202\">fyrkantiga diffusorflaskan \"Cut Corner\"<\/strong> \u00e4r ett i\u00f6gonfallande tillskott till alla inredningar. Den \u00e4r tillverkad av h\u00f6gkvalitativt glas och kombinerar elegans och funktionalitet - det perfekta valet f\u00f6r hemdofter, restauranger, hotell eller som g\u00e5va. <\/p>\n","protected":false},"featured_media":23481,"template":"","meta":{"site-sidebar-layout":"default","site-content-layout":"","ast-site-content-layout":"default","site-content-style":"default","site-sidebar-style":"default","ast-global-header-display":"","ast-banner-title-visibility":"","ast-main-header-display":"","ast-hfb-above-header-display":"","ast-hfb-below-header-display":"","ast-hfb-mobile-header-display":"","site-post-title":"","ast-breadcrumbs-content":"","ast-featured-img":"","footer-sml-layout":"","ast-disable-related-posts":"","theme-transparent-header-meta":"default","adv-header-id-meta":"","stick-header-meta":"default","header-above-stick-meta":"","header-main-stick-meta":"","header-below-stick-meta":"","astra-migrate-meta-layouts":"default","ast-page-background-enabled":"default","ast-page-background-meta":{"desktop":{"background-color":"","background-image":"","background-repeat":"repeat","background-position":"center center","background-size":"auto","background-attachment":"scroll","background-type":"","background-media":"","overlay-type":"","overlay-color":"","overlay-opacity":"","overlay-gradient":""},"tablet":{"background-color":"","background-image":"","background-repeat":"repeat","background-position":"center center","background-size":"auto","background-attachment":"scroll","background-type":"","background-media":"","overlay-type":"","overlay-color":"","overlay-opacity":"","overlay-gradient":""},"mobile":{"background-color":"","background-image":"","background-repeat":"repeat","background-position":"center center","background-size":"auto","background-attachment":"scroll","background-type":"","background-media":"","overlay-type":"","overlay-color":"","overlay-opacity":"","overlay-gradient":""}},"ast-content-background-meta":{"desktop":{"background-color":"var(--ast-global-color-5)","background-image":"","background-repeat":"repeat","background-position":"center center","background-size":"auto","background-attachment":"scroll","background-type":"","background-media":"","overlay-type":"","overlay-color":"","overlay-opacity":"","overlay-gradient":""},"tablet":{"background-color":"var(--ast-global-color-5)","background-image":"","background-repeat":"repeat","background-position":"center center","background-size":"auto","background-attachment":"scroll","background-type":"","background-media":"","overlay-type":"","overlay-color":"","overlay-opacity":"","overlay-gradient":""},"mobile":{"background-color":"var(--ast-global-color-5)","background-image":"","background-repeat":"repeat","background-position":"center center","background-size":"auto","background-attachment":"scroll","background-type":"","background-media":"","overlay-type":"","overlay-color":"","overlay-opacity":"","overlay-gradient":""}}},"product_brand":[],"product_cat":[211,232,415],"product_tag":[],"class_list":{"0":"post-23470","1":"product","2":"type-product","3":"status-publish","4":"has-post-thumbnail","6":"product_cat-beredning-av-rumsfraschare","7":"product_cat-flaskor-med-rumsfraschare","8":"product_cat-rea","9":"desktop-align-left","10":"tablet-align-left","11":"mobile-align-left","12":"ast-product-gallery-layout-horizontal","13":"ast-product-gallery-with-no-image","14":"ast-product-single-variable","15":"ast-product-tabs-layout-horizontal","17":"first","18":"instock","19":"taxable","20":"shipping-taxable","21":"purchasable","22":"product-type-variable"},"_links":{"self":[{"href":"https:\/\/nordicdiy.ee\/sv\/wp-json\/wp\/v2\/product\/23470","targetHints":{"allow":["GET"]}}],"collection":[{"href":"https:\/\/nordicdiy.ee\/sv\/wp-json\/wp\/v2\/product"}],"about":[{"href":"https:\/\/nordicdiy.ee\/sv\/wp-json\/wp\/v2\/types\/product"}],"wp:featuredmedia":[{"embeddable":true,"href":"https:\/\/nordicdiy.ee\/sv\/wp-json\/wp\/v2\/media\/23481"}],"wp:attachment":[{"href":"https:\/\/nordicdiy.ee\/sv\/wp-json\/wp\/v2\/media?parent=23470"}],"wp:term":[{"taxonomy":"product_brand","embeddable":true,"href":"https:\/\/nordicdiy.ee\/sv\/wp-json\/wp\/v2\/product_brand?post=23470"},{"taxonomy":"product_cat","embeddable":true,"href":"https:\/\/nordicdiy.ee\/sv\/wp-json\/wp\/v2\/product_cat?post=23470"},{"taxonomy":"product_tag","embeddable":true,"href":"https:\/\/nordicdiy.ee\/sv\/wp-json\/wp\/v2\/product_tag?post=23470"}],"curies":[{"name":"wp","href":"https:\/\/api.w.org\/{rel}","templated":true}]}}