{"id":24259,"date":"2025-11-13T13:41:34","date_gmt":"2025-11-13T10:41:34","guid":{"rendered":"https:\/\/nordicdiy.ee\/epood\/okategoriserad\/w405-stabilisator\/"},"modified":"2025-11-13T15:18:49","modified_gmt":"2025-11-13T12:18:49","slug":"w405-stabilisator","status":"publish","type":"product","link":"https:\/\/nordicdiy.ee\/sv\/epood\/tillverkning-av-stearinljus\/vaxer-for-stearinljus\/w405-stabilisator\/","title":{"rendered":"W405 stabilisator"},"content":{"rendered":"<p>W405 stabilisator \u00e4r en effektiv torrgranulerad tillsats som anv\u00e4nds i nagelvaxblandningar samt i tensidbaserade produkter f\u00f6r personlig v\u00e5rd som flytande tv\u00e5l, schampo och duschgel.<\/p>\n<p><strong>W405 hj\u00e4lper dig att g\u00f6ra ljus:<\/strong><\/p>\n<p>- St\u00e4rker vaxet och minskar ytans klibbighet<br \/>\n- F\u00f6rb\u00e4ttrar opalescensen<br \/>\n- Minskar missf\u00e4rgning och droppbildning<br \/>\n- G\u00f6r slutresultatet visuellt renare och mer professionellt<\/p>\n<p><strong>I kosmetika - duschgel, schampo och flytande tv\u00e5l - hj\u00e4lper stabilisatorn W405 till:<\/strong><\/p>\n<p>- \u00d6ka viskositeten, dvs. g\u00f6ra produkten tjockare och mer gel\u00e9artad<br \/>\n- Stabilisera den slutliga konsistensen och undvika skiktning eller \u00f6verfl\u00f6dig v\u00e4tska<br \/>\n- Kompensera f\u00f6r effekterna av doftoljor, som kan g\u00f6ra gelen mj\u00f6lkig eller flytande<br \/>\n- Skapa en v\u00e4lbekant geltextur som konsumenterna f\u00f6rv\u00e4ntar sig av ett schampo eller en kroppstv\u00e4tt<\/p>\n<p>Anv\u00e4ndning av W405 rekommenderas s\u00e4rskilt n\u00e4r doftoljor g\u00f6r tv\u00e4ttmedlet f\u00f6r flytande eller grumligt.<\/p>\n<p>Rekommenderad anv\u00e4ndningsgrad: 0,02%-0,1%. Den b\u00e4sta startniv\u00e5n \u00e4r 0,05%. \u00c4ven om mer kan tills\u00e4ttas (t.ex. upp till 1%) \u00e4r detta vanligtvis inte ekonomiskt f\u00f6rsvarbart.<br \/>\nSm\u00e4ltpunkt: 72-76 \u00b0C.  <\/p>\n<p>Form och f\u00f6rpackning: torra granulat, finns i p\u00e5sar.<br \/>\nS\u00e4kerhet: inte klassificerat som farligt \u00e4mne (ej p\u00e5 ADR\/RID-listan).<\/p>\n","protected":false},"excerpt":{"rendered":"<p>W405 Stabilizer - en m\u00e5ngsidig tillsats f\u00f6r att h\u00e4rda vax och g\u00f6ra flytande tv\u00e5lar och duschgeler mer gelliknande. F\u00f6rb\u00e4ttrar ljusets utseende och minskar droppande. \u00c4ven l\u00e4mplig f\u00f6r f\u00f6rtjockning av tensidbaserade kosmetiska produkter.  <\/p>\n","protected":false},"featured_media":19232,"template":"","meta":{"site-sidebar-layout":"default","site-content-layout":"","ast-site-content-layout":"default","site-content-style":"default","site-sidebar-style":"default","ast-global-header-display":"","ast-banner-title-visibility":"","ast-main-header-display":"","ast-hfb-above-header-display":"","ast-hfb-below-header-display":"","ast-hfb-mobile-header-display":"","site-post-title":"","ast-breadcrumbs-content":"","ast-featured-img":"","footer-sml-layout":"","ast-disable-related-posts":"","theme-transparent-header-meta":"default","adv-header-id-meta":"","stick-header-meta":"default","header-above-stick-meta":"","header-main-stick-meta":"","header-below-stick-meta":"","astra-migrate-meta-layouts":"default","ast-page-background-enabled":"default","ast-page-background-meta":{"desktop":{"background-color":"","background-image":"","background-repeat":"repeat","background-position":"center center","background-size":"auto","background-attachment":"scroll","background-type":"","background-media":"","overlay-type":"","overlay-color":"","overlay-opacity":"","overlay-gradient":""},"tablet":{"background-color":"","background-image":"","background-repeat":"repeat","background-position":"center center","background-size":"auto","background-attachment":"scroll","background-type":"","background-media":"","overlay-type":"","overlay-color":"","overlay-opacity":"","overlay-gradient":""},"mobile":{"background-color":"","background-image":"","background-repeat":"repeat","background-position":"center center","background-size":"auto","background-attachment":"scroll","background-type":"","background-media":"","overlay-type":"","overlay-color":"","overlay-opacity":"","overlay-gradient":""}},"ast-content-background-meta":{"desktop":{"background-color":"var(--ast-global-color-5)","background-image":"","background-repeat":"repeat","background-position":"center center","background-size":"auto","background-attachment":"scroll","background-type":"","background-media":"","overlay-type":"","overlay-color":"","overlay-opacity":"","overlay-gradient":""},"tablet":{"background-color":"var(--ast-global-color-5)","background-image":"","background-repeat":"repeat","background-position":"center center","background-size":"auto","background-attachment":"scroll","background-type":"","background-media":"","overlay-type":"","overlay-color":"","overlay-opacity":"","overlay-gradient":""},"mobile":{"background-color":"var(--ast-global-color-5)","background-image":"","background-repeat":"repeat","background-position":"center center","background-size":"auto","background-attachment":"scroll","background-type":"","background-media":"","overlay-type":"","overlay-color":"","overlay-opacity":"","overlay-gradient":""}}},"product_brand":[],"product_cat":[138,139],"product_tag":[],"class_list":{"0":"post-24259","1":"product","2":"type-product","3":"status-publish","4":"has-post-thumbnail","6":"product_cat-tillverkning-av-stearinljus","7":"product_cat-vaxer-for-stearinljus","8":"desktop-align-left","9":"tablet-align-left","10":"mobile-align-left","11":"ast-product-gallery-layout-horizontal","12":"ast-product-gallery-with-no-image","13":"ast-product-single-variable","14":"ast-product-tabs-layout-horizontal","16":"first","17":"instock","18":"taxable","19":"shipping-taxable","20":"purchasable","21":"product-type-variable"},"_links":{"self":[{"href":"https:\/\/nordicdiy.ee\/sv\/wp-json\/wp\/v2\/product\/24259","targetHints":{"allow":["GET"]}}],"collection":[{"href":"https:\/\/nordicdiy.ee\/sv\/wp-json\/wp\/v2\/product"}],"about":[{"href":"https:\/\/nordicdiy.ee\/sv\/wp-json\/wp\/v2\/types\/product"}],"wp:featuredmedia":[{"embeddable":true,"href":"https:\/\/nordicdiy.ee\/sv\/wp-json\/wp\/v2\/media\/19232"}],"wp:attachment":[{"href":"https:\/\/nordicdiy.ee\/sv\/wp-json\/wp\/v2\/media?parent=24259"}],"wp:term":[{"taxonomy":"product_brand","embeddable":true,"href":"https:\/\/nordicdiy.ee\/sv\/wp-json\/wp\/v2\/product_brand?post=24259"},{"taxonomy":"product_cat","embeddable":true,"href":"https:\/\/nordicdiy.ee\/sv\/wp-json\/wp\/v2\/product_cat?post=24259"},{"taxonomy":"product_tag","embeddable":true,"href":"https:\/\/nordicdiy.ee\/sv\/wp-json\/wp\/v2\/product_tag?post=24259"}],"curies":[{"name":"wp","href":"https:\/\/api.w.org\/{rel}","templated":true}]}}