{"id":24889,"date":"2025-12-01T17:33:13","date_gmt":"2025-12-01T14:33:13","guid":{"rendered":"https:\/\/nordicdiy.ee\/epood\/okategoriserad\/tvalvax-pulver-for-ljusglas\/"},"modified":"2026-01-23T15:41:24","modified_gmt":"2026-01-23T12:41:24","slug":"tvalvax-pulver-for-ljusglas","status":"publish","type":"product","link":"https:\/\/nordicdiy.ee\/sv\/epood\/tillverkning-av-stearinljus\/vaxer-for-stearinljus\/tvalvax-pulver-for-ljusglas\/","title":{"rendered":"Vaxpulver \"Snow Wax\" f\u00f6r ljusglas"},"content":{"rendered":"<p>Pulvervax fr\u00e5n paraffinvaxblandningar f\u00f6r ljustillverkning - \"Snow Wax\" \u00e4r klart f\u00f6r omedelbar anv\u00e4ndning, ingen sm\u00e4ltning kr\u00e4vs.<\/p>\n<ul>\n<li>Redo att anv\u00e4ndas direkt - h\u00e4ll i en beh\u00e5llare, l\u00e4gg i veken och t\u00e4nd.<\/li>\n<li>Ingen upptining kr\u00e4vs - sparar tid och g\u00e5r snabbt att tillaga.<\/li>\n<li>F\u00f6r att skapa och dekorera - l\u00e4mplig f\u00f6r b\u00e5de riktiga ljus och dekorativa fyllningar.<\/li>\n<li>L\u00e4tt att g\u00f6ra personlig - tills\u00e4tt doftoljor eller flytande ljusf\u00e4rger.<\/li>\n<li>Sj\u00e4lvsm\u00e4ltande vax - det \u00e4r m\u00f6jligt att ta bort den sm\u00e4lta delen och \u00e5teranv\u00e4nda det \u00e5terst\u00e5ende pulvret.<\/li>\n<\/ul>\n<p><strong>Perfekt f\u00f6r nyb\u00f6rjare och n\u00e4r du snabbt beh\u00f6ver ett vackert ljus till en present eller ett event!<\/strong><\/p>\n<p>Wax Powder \u00e4r en innovativ och extremt praktisk l\u00f6sning f\u00f6r alla som vill g\u00f6ra ljus snabbt, enkelt och utan behov av ytterligare verktyg. Det pulveriserade vaxet liknar mjuk sn\u00f6 och \u00e4r omedelbart klart att anv\u00e4nda - h\u00e4ll det bara i den ljush\u00e5llare du valt, l\u00e4gg i veken och ljuset \u00e4r klart att t\u00e4ndas. <\/p>\n<p>Detta vaxpulver \u00e4r perfekt f\u00f6r nyb\u00f6rjare och f\u00f6r dem som vill skapa ljus med minimal anstr\u00e4ngning. Tack vare att det inte sm\u00e4lter beh\u00f6vs ingen spis, vattenbad eller specialutrustning. Om du vill ge ditt ljus en personlig touch tills\u00e4tter du bara lite speciell flytande ljusf\u00e4rg eller n\u00e5gra droppar doftolja, blandar och h\u00e4ller i en beh\u00e5llare. Det g\u00e5r snabbt och \u00e4r rent.   <\/p>\n<p>Pulvret \u00e4r sj\u00e4lvslocknande, vilket inneb\u00e4r att n\u00e4r ljuset har sl\u00e4ckts kan resterna av det sm\u00e4lta vaxet enkelt avl\u00e4gsnas och det \u00e5terst\u00e5ende pulvret kan \u00e5teranv\u00e4ndas - vilket g\u00f6r det till ett h\u00e5llbart och anv\u00e4ndarv\u00e4nligt val.<\/p>\n<p>Pulvervax kan anv\u00e4ndas f\u00f6r praktisk ljusst\u00f6pning, som present och som dekorativt fyllnadsmaterial i heminredning.<\/p>\n","protected":false},"excerpt":{"rendered":"<p>Ett paraffinpulver som p\u00e5minner om nysn\u00f6, f\u00f6r snabb och enkel ljustillverkning. H\u00e4ll pulvret i en beh\u00e5llare, l\u00e4gg i veken och du har ett ljus! Du kan ocks\u00e5 tills\u00e4tta doftoljor och f\u00e4rger om du vill.  <\/p>\n","protected":false},"featured_media":24906,"template":"","meta":{"site-sidebar-layout":"default","site-content-layout":"","ast-site-content-layout":"default","site-content-style":"default","site-sidebar-style":"default","ast-global-header-display":"","ast-banner-title-visibility":"","ast-main-header-display":"","ast-hfb-above-header-display":"","ast-hfb-below-header-display":"","ast-hfb-mobile-header-display":"","site-post-title":"","ast-breadcrumbs-content":"","ast-featured-img":"","footer-sml-layout":"","ast-disable-related-posts":"","theme-transparent-header-meta":"default","adv-header-id-meta":"","stick-header-meta":"default","header-above-stick-meta":"","header-main-stick-meta":"","header-below-stick-meta":"","astra-migrate-meta-layouts":"default","ast-page-background-enabled":"default","ast-page-background-meta":{"desktop":{"background-color":"","background-image":"","background-repeat":"repeat","background-position":"center center","background-size":"auto","background-attachment":"scroll","background-type":"","background-media":"","overlay-type":"","overlay-color":"","overlay-opacity":"","overlay-gradient":""},"tablet":{"background-color":"","background-image":"","background-repeat":"repeat","background-position":"center center","background-size":"auto","background-attachment":"scroll","background-type":"","background-media":"","overlay-type":"","overlay-color":"","overlay-opacity":"","overlay-gradient":""},"mobile":{"background-color":"","background-image":"","background-repeat":"repeat","background-position":"center center","background-size":"auto","background-attachment":"scroll","background-type":"","background-media":"","overlay-type":"","overlay-color":"","overlay-opacity":"","overlay-gradient":""}},"ast-content-background-meta":{"desktop":{"background-color":"var(--ast-global-color-5)","background-image":"","background-repeat":"repeat","background-position":"center center","background-size":"auto","background-attachment":"scroll","background-type":"","background-media":"","overlay-type":"","overlay-color":"","overlay-opacity":"","overlay-gradient":""},"tablet":{"background-color":"var(--ast-global-color-5)","background-image":"","background-repeat":"repeat","background-position":"center center","background-size":"auto","background-attachment":"scroll","background-type":"","background-media":"","overlay-type":"","overlay-color":"","overlay-opacity":"","overlay-gradient":""},"mobile":{"background-color":"var(--ast-global-color-5)","background-image":"","background-repeat":"repeat","background-position":"center center","background-size":"auto","background-attachment":"scroll","background-type":"","background-media":"","overlay-type":"","overlay-color":"","overlay-opacity":"","overlay-gradient":""}}},"product_brand":[],"product_cat":[138,139],"product_tag":[],"class_list":{"0":"post-24889","1":"product","2":"type-product","3":"status-publish","4":"has-post-thumbnail","6":"product_cat-tillverkning-av-stearinljus","7":"product_cat-vaxer-for-stearinljus","8":"desktop-align-left","9":"tablet-align-left","10":"mobile-align-left","11":"ast-product-gallery-layout-horizontal","12":"ast-product-gallery-with-no-image","13":"ast-product-single-variable","14":"ast-product-tabs-layout-horizontal","16":"first","17":"instock","18":"taxable","19":"shipping-taxable","20":"purchasable","21":"product-type-variable"},"_links":{"self":[{"href":"https:\/\/nordicdiy.ee\/sv\/wp-json\/wp\/v2\/product\/24889","targetHints":{"allow":["GET"]}}],"collection":[{"href":"https:\/\/nordicdiy.ee\/sv\/wp-json\/wp\/v2\/product"}],"about":[{"href":"https:\/\/nordicdiy.ee\/sv\/wp-json\/wp\/v2\/types\/product"}],"wp:featuredmedia":[{"embeddable":true,"href":"https:\/\/nordicdiy.ee\/sv\/wp-json\/wp\/v2\/media\/24906"}],"wp:attachment":[{"href":"https:\/\/nordicdiy.ee\/sv\/wp-json\/wp\/v2\/media?parent=24889"}],"wp:term":[{"taxonomy":"product_brand","embeddable":true,"href":"https:\/\/nordicdiy.ee\/sv\/wp-json\/wp\/v2\/product_brand?post=24889"},{"taxonomy":"product_cat","embeddable":true,"href":"https:\/\/nordicdiy.ee\/sv\/wp-json\/wp\/v2\/product_cat?post=24889"},{"taxonomy":"product_tag","embeddable":true,"href":"https:\/\/nordicdiy.ee\/sv\/wp-json\/wp\/v2\/product_tag?post=24889"}],"curies":[{"name":"wp","href":"https:\/\/api.w.org\/{rel}","templated":true}]}}