{"id":25177,"date":"2025-11-13T18:04:06","date_gmt":"2025-11-13T15:04:06","guid":{"rendered":"https:\/\/nordicdiy.ee\/epood\/okategoriserad\/fardigbehandlad-veke-shw120-bf-32-h12cm\/"},"modified":"2025-12-11T18:09:48","modified_gmt":"2025-12-11T15:09:48","slug":"fardigbehandlad-veke-shw120-bf-32-h12cm","status":"publish","type":"product","link":"https:\/\/nordicdiy.ee\/sv\/epood\/tillverkning-av-stearinljus\/vekar-och-socklar-till-stearinljus\/fardigbehandlad-veke-shw120-bf-32-h12cm\/","title":{"rendered":"F\u00e4rdigbehandlad veke SHW120\/BF-32 h12cm"},"content":{"rendered":"<p>Den f\u00f6rvaxade ljush\u00e5llaren SHW120 \u00e4r tillverkad av 100% ren naturlig bomull och \u00e4r monterad p\u00e5 en metallbas, vilket g\u00f6r den bekv\u00e4m och professionell att anv\u00e4nda. H\u00e5llaren \u00e4r f\u00f6rvaxad, har en h\u00f6jd p\u00e5 12 cm och \u00e4r utformad f\u00f6r att anv\u00e4ndas med votiv- eller glasljus med en diameter p\u00e5 110-130 cm. <\/p>\n<p>Dessa h\u00f6gkvalitativa FLAT-vekar \u00e4r l\u00e4mpliga f\u00f6r 100% naturliga vaxer (utom rapsvax), 100% paraffinvax och blandningar av b\u00e5da. De t\u00e5l ocks\u00e5 upp till 10 % doftolja. I v\u00e5ra tester anv\u00e4nde vi Nature Wax C3 sojavax, 6% doftvax och ljusvax - resultatet blev j\u00e4mn f\u00f6rbr\u00e4nning, inget synligt eller glasaktigt sot alls och praktiskt taget ingen svampbildning.  <\/p>\n<ul>\n<li>Kvaliteten p\u00e5 vekarna i SHW-serien bekr\u00e4ftas av att de uppfyller internationella standarder:<\/li>\n<li>Oeko-Tex Standard 100 (certifieringen s\u00e4kerst\u00e4ller att pastan har testats f\u00f6r skadliga \u00e4mnen och \u00e4r 100% s\u00e4ker f\u00f6r hemmabruk).<\/li>\n<li>BCI Bomull<\/li>\n<li>RAL GZ041<\/li>\n<li>100% boraxfri behandling (BF-32)<\/li>\n<li>\u00d6verensst\u00e4mmelse med SVHC-kraven (inga \u00e4mnen listade i Europeiska unionens s\u00e4rskilda f\u00f6rteckning \u00f6ver farliga \u00e4mnen)<\/li>\n<\/ul>\n<p><a href=\"https:\/\/nordicdiy.ee\/sv\/nya-boraxfria-ljusstakar\/\" target=\"_blank\" rel=\"noopener\">L\u00e4s mer om boraxfria veken h\u00e4r.<\/a><\/p>\n<p>SHW60-vekarna tillverkas i Tysklands ledande ljusfabrik med \u00f6ver 30 \u00e5rs erfarenhet. Det h\u00e4r \u00e4r samma vekar som anv\u00e4nds av de stora ljustillverkarna - vilket g\u00f6r dem idealiska f\u00f6r b\u00e5de hobby- och professionell ljustillverkning. <\/p>\n","protected":false},"excerpt":{"rendered":"<p>Ljusstake SHW120 (12 cm) i metall, tillverkad av 100% ren naturlig bomull. Vekarna i SHW-serien \u00e4r 100% boraxfria (BF-32-behandling). L\u00e4mplig f\u00f6r anv\u00e4ndning i votiv- och glasljus av naturvax (utom rapsvax) och paraffinvax (110-130 mm). Vaxerna inneh\u00e5ller inga metaller och avger inga giftiga \u00e4mnen under f\u00f6rbr\u00e4nningen, vilket garanterar en ren och j\u00e4mn f\u00f6rbr\u00e4nning utan sot eller svamp.   <\/p>\n","protected":false},"featured_media":27200,"template":"","meta":{"site-sidebar-layout":"default","site-content-layout":"","ast-site-content-layout":"default","site-content-style":"default","site-sidebar-style":"default","ast-global-header-display":"","ast-banner-title-visibility":"","ast-main-header-display":"","ast-hfb-above-header-display":"","ast-hfb-below-header-display":"","ast-hfb-mobile-header-display":"","site-post-title":"","ast-breadcrumbs-content":"","ast-featured-img":"","footer-sml-layout":"","ast-disable-related-posts":"","theme-transparent-header-meta":"default","adv-header-id-meta":"","stick-header-meta":"default","header-above-stick-meta":"","header-main-stick-meta":"","header-below-stick-meta":"","astra-migrate-meta-layouts":"default","ast-page-background-enabled":"default","ast-page-background-meta":{"desktop":{"background-color":"","background-image":"","background-repeat":"repeat","background-position":"center center","background-size":"auto","background-attachment":"scroll","background-type":"","background-media":"","overlay-type":"","overlay-color":"","overlay-opacity":"","overlay-gradient":""},"tablet":{"background-color":"","background-image":"","background-repeat":"repeat","background-position":"center center","background-size":"auto","background-attachment":"scroll","background-type":"","background-media":"","overlay-type":"","overlay-color":"","overlay-opacity":"","overlay-gradient":""},"mobile":{"background-color":"","background-image":"","background-repeat":"repeat","background-position":"center center","background-size":"auto","background-attachment":"scroll","background-type":"","background-media":"","overlay-type":"","overlay-color":"","overlay-opacity":"","overlay-gradient":""}},"ast-content-background-meta":{"desktop":{"background-color":"var(--ast-global-color-5)","background-image":"","background-repeat":"repeat","background-position":"center center","background-size":"auto","background-attachment":"scroll","background-type":"","background-media":"","overlay-type":"","overlay-color":"","overlay-opacity":"","overlay-gradient":""},"tablet":{"background-color":"var(--ast-global-color-5)","background-image":"","background-repeat":"repeat","background-position":"center center","background-size":"auto","background-attachment":"scroll","background-type":"","background-media":"","overlay-type":"","overlay-color":"","overlay-opacity":"","overlay-gradient":""},"mobile":{"background-color":"var(--ast-global-color-5)","background-image":"","background-repeat":"repeat","background-position":"center center","background-size":"auto","background-attachment":"scroll","background-type":"","background-media":"","overlay-type":"","overlay-color":"","overlay-opacity":"","overlay-gradient":""}}},"product_brand":[],"product_cat":[138,198],"product_tag":[],"class_list":{"0":"post-25177","1":"product","2":"type-product","3":"status-publish","4":"has-post-thumbnail","6":"product_cat-tillverkning-av-stearinljus","7":"product_cat-vekar-och-socklar-till-stearinljus","8":"desktop-align-left","9":"tablet-align-left","10":"mobile-align-left","11":"ast-product-gallery-layout-horizontal","12":"ast-product-gallery-with-no-image","13":"ast-product-single-variable","14":"ast-product-tabs-layout-horizontal","16":"first","17":"instock","18":"taxable","19":"shipping-taxable","20":"purchasable","21":"product-type-variable"},"_links":{"self":[{"href":"https:\/\/nordicdiy.ee\/sv\/wp-json\/wp\/v2\/product\/25177","targetHints":{"allow":["GET"]}}],"collection":[{"href":"https:\/\/nordicdiy.ee\/sv\/wp-json\/wp\/v2\/product"}],"about":[{"href":"https:\/\/nordicdiy.ee\/sv\/wp-json\/wp\/v2\/types\/product"}],"wp:featuredmedia":[{"embeddable":true,"href":"https:\/\/nordicdiy.ee\/sv\/wp-json\/wp\/v2\/media\/27200"}],"wp:attachment":[{"href":"https:\/\/nordicdiy.ee\/sv\/wp-json\/wp\/v2\/media?parent=25177"}],"wp:term":[{"taxonomy":"product_brand","embeddable":true,"href":"https:\/\/nordicdiy.ee\/sv\/wp-json\/wp\/v2\/product_brand?post=25177"},{"taxonomy":"product_cat","embeddable":true,"href":"https:\/\/nordicdiy.ee\/sv\/wp-json\/wp\/v2\/product_cat?post=25177"},{"taxonomy":"product_tag","embeddable":true,"href":"https:\/\/nordicdiy.ee\/sv\/wp-json\/wp\/v2\/product_tag?post=25177"}],"curies":[{"name":"wp","href":"https:\/\/api.w.org\/{rel}","templated":true}]}}