{"id":25326,"date":"2025-12-17T16:34:02","date_gmt":"2025-12-17T13:34:02","guid":{"rendered":"https:\/\/nordicdiy.ee\/epood\/okategoriserad\/vitt-bivax\/"},"modified":"2025-12-17T17:12:54","modified_gmt":"2025-12-17T14:12:54","slug":"vitt-bivax","status":"publish","type":"product","link":"https:\/\/nordicdiy.ee\/sv\/epood\/tillverkning-av-stearinljus\/vaxer-for-stearinljus\/vitt-bivax\/","title":{"rendered":"Vitt bivax"},"content":{"rendered":"<p data-start=\"412\" data-end=\"694\"><strong data-start=\"412\" data-end=\"449\">White Beeswax<\/strong> \u00e4r ett naturligt raffinerat bivax som k\u00e4nnetecknas av sin mycket ljusa f\u00e4rg och n\u00e4stan luktfria sammans\u00e4ttning. Tack vare sin h\u00f6ga renhet och homogena textur \u00e4r det en uppskattad r\u00e5vara, s\u00e4rskilt inom den professionella kosmetik- och l\u00e4kemedelsindustrin. <\/p>\n<p data-start=\"696\" data-end=\"954\">Vitt bivax har <strong data-start=\"720\" data-end=\"773\">skyddande, stabiliserande och mjukg\u00f6rande egenskaper<\/strong> som bidrar till att f\u00f6rb\u00e4ttra produkternas konsistens, h\u00e5llbarhet och k\u00e4nsla p\u00e5 huden. Det bildar ett k\u00e4nsligt skyddande lager p\u00e5 huden samtidigt som det bevarar fukt och st\u00f6djer hudens naturliga balans. <\/p>\n<p data-start=\"956\" data-end=\"1189\">Tack vare sin neutralitet \u00e4r den idealisk f\u00f6r produkter d\u00e4r man vill undvika en stark doft eller en m\u00f6rkare nyans. Det \u00e4r ocks\u00e5 ett perfekt val f\u00f6r <strong data-start=\"1103\" data-end=\"1138\">eleganta<\/strong>, oparfymerade ljus, som ger en ren och j\u00e4mn brinntid. <\/p>\n<h4 data-start=\"1191\" data-end=\"1218\"><strong data-start=\"1196\" data-end=\"1218\">Anv\u00e4ndningsomr\u00e5den:<\/strong><\/h4>\n<ul data-start=\"1219\" data-end=\"1611\">\n<li data-start=\"1219\" data-end=\"1300\">\n<p data-start=\"1221\" data-end=\"1300\"><strong data-start=\"1221\" data-end=\"1243\">Premiumkosmetika<\/strong> - lyxiga kr\u00e4mer, balsam, salvor och l\u00e4ppstift<\/p>\n<\/li>\n<li data-start=\"1301\" data-end=\"1371\">\n<p data-start=\"1303\" data-end=\"1371\"><strong data-start=\"1303\" data-end=\"1323\">Farmaceutiska produkter<\/strong> - dermatologiska preparat och salvor f\u00f6r medicinsk behandling<\/p>\n<\/li>\n<li data-start=\"1372\" data-end=\"1451\">\n<p data-start=\"1374\" data-end=\"1451\"><strong data-start=\"1374\" data-end=\"1399\">Ljusst\u00f6pning<\/strong> - ren l\u00e5ga, doftande och estetiskt tilltalande ljus<\/p>\n<\/li>\n<li data-start=\"1452\" data-end=\"1513\">\n<p data-start=\"1454\" data-end=\"1513\"><strong data-start=\"1454\" data-end=\"1474\">Livsmedelsindustrin<\/strong> - naturligt skyddande ytskikt och emulgeringsmedel<\/p>\n<\/li>\n<li data-start=\"1514\" data-end=\"1611\">\n<p data-start=\"1516\" data-end=\"1611\"><strong data-start=\"1516\" data-end=\"1553\">Ecological Decorative Cosmetics<\/strong> - naturliga foundations, l\u00e4ppstift och \u00f6gonskuggor<\/p>\n<\/li>\n<\/ul>\n","protected":false},"excerpt":{"rendered":"<p><strong data-start=\"162\" data-end=\"183\">Vitt bivax<\/strong> \u00e4r ett naturligt renat vax med h\u00f6g renhet, ljus nyans och neutral lukt. Dess delikata struktur g\u00f6r det idealiskt f\u00f6r kosmetika, l\u00e4kemedel och ljustillverkning. <\/p>\n","protected":false},"featured_media":26580,"template":"","meta":{"site-sidebar-layout":"default","site-content-layout":"","ast-site-content-layout":"default","site-content-style":"default","site-sidebar-style":"default","ast-global-header-display":"","ast-banner-title-visibility":"","ast-main-header-display":"","ast-hfb-above-header-display":"","ast-hfb-below-header-display":"","ast-hfb-mobile-header-display":"","site-post-title":"","ast-breadcrumbs-content":"","ast-featured-img":"","footer-sml-layout":"","ast-disable-related-posts":"","theme-transparent-header-meta":"default","adv-header-id-meta":"","stick-header-meta":"default","header-above-stick-meta":"","header-main-stick-meta":"","header-below-stick-meta":"","astra-migrate-meta-layouts":"default","ast-page-background-enabled":"default","ast-page-background-meta":{"desktop":{"background-color":"","background-image":"","background-repeat":"repeat","background-position":"center center","background-size":"auto","background-attachment":"scroll","background-type":"","background-media":"","overlay-type":"","overlay-color":"","overlay-opacity":"","overlay-gradient":""},"tablet":{"background-color":"","background-image":"","background-repeat":"repeat","background-position":"center center","background-size":"auto","background-attachment":"scroll","background-type":"","background-media":"","overlay-type":"","overlay-color":"","overlay-opacity":"","overlay-gradient":""},"mobile":{"background-color":"","background-image":"","background-repeat":"repeat","background-position":"center center","background-size":"auto","background-attachment":"scroll","background-type":"","background-media":"","overlay-type":"","overlay-color":"","overlay-opacity":"","overlay-gradient":""}},"ast-content-background-meta":{"desktop":{"background-color":"var(--ast-global-color-5)","background-image":"","background-repeat":"repeat","background-position":"center center","background-size":"auto","background-attachment":"scroll","background-type":"","background-media":"","overlay-type":"","overlay-color":"","overlay-opacity":"","overlay-gradient":""},"tablet":{"background-color":"var(--ast-global-color-5)","background-image":"","background-repeat":"repeat","background-position":"center center","background-size":"auto","background-attachment":"scroll","background-type":"","background-media":"","overlay-type":"","overlay-color":"","overlay-opacity":"","overlay-gradient":""},"mobile":{"background-color":"var(--ast-global-color-5)","background-image":"","background-repeat":"repeat","background-position":"center center","background-size":"auto","background-attachment":"scroll","background-type":"","background-media":"","overlay-type":"","overlay-color":"","overlay-opacity":"","overlay-gradient":""}}},"product_brand":[],"product_cat":[138,139],"product_tag":[],"class_list":{"0":"post-25326","1":"product","2":"type-product","3":"status-publish","4":"has-post-thumbnail","6":"product_cat-tillverkning-av-stearinljus","7":"product_cat-vaxer-for-stearinljus","8":"desktop-align-left","9":"tablet-align-left","10":"mobile-align-left","11":"ast-product-gallery-layout-horizontal","12":"ast-product-gallery-with-no-image","13":"ast-product-single-variable","14":"ast-product-tabs-layout-horizontal","16":"first","17":"instock","18":"taxable","19":"shipping-taxable","20":"purchasable","21":"product-type-variable"},"_links":{"self":[{"href":"https:\/\/nordicdiy.ee\/sv\/wp-json\/wp\/v2\/product\/25326","targetHints":{"allow":["GET"]}}],"collection":[{"href":"https:\/\/nordicdiy.ee\/sv\/wp-json\/wp\/v2\/product"}],"about":[{"href":"https:\/\/nordicdiy.ee\/sv\/wp-json\/wp\/v2\/types\/product"}],"wp:featuredmedia":[{"embeddable":true,"href":"https:\/\/nordicdiy.ee\/sv\/wp-json\/wp\/v2\/media\/26580"}],"wp:attachment":[{"href":"https:\/\/nordicdiy.ee\/sv\/wp-json\/wp\/v2\/media?parent=25326"}],"wp:term":[{"taxonomy":"product_brand","embeddable":true,"href":"https:\/\/nordicdiy.ee\/sv\/wp-json\/wp\/v2\/product_brand?post=25326"},{"taxonomy":"product_cat","embeddable":true,"href":"https:\/\/nordicdiy.ee\/sv\/wp-json\/wp\/v2\/product_cat?post=25326"},{"taxonomy":"product_tag","embeddable":true,"href":"https:\/\/nordicdiy.ee\/sv\/wp-json\/wp\/v2\/product_tag?post=25326"}],"curies":[{"name":"wp","href":"https:\/\/api.w.org\/{rel}","templated":true}]}}