{"id":25562,"date":"2026-01-02T21:04:06","date_gmt":"2026-01-02T18:04:06","guid":{"rendered":"https:\/\/nordicdiy.ee\/epood\/okategoriserad\/geel-vax\/"},"modified":"2026-01-14T16:38:22","modified_gmt":"2026-01-14T13:38:22","slug":"geel-vax","status":"publish","type":"product","link":"https:\/\/nordicdiy.ee\/sv\/epood\/tillverkning-av-stearinljus\/vaxer-for-stearinljus\/geel-vax\/","title":{"rendered":"Geelvaha Keragel 109"},"content":{"rendered":"<p data-start=\"769\" data-end=\"1085\"><strong>Gelvax Keragel 109, \u00e4ven k\u00e4nt som ljusgel<\/strong>, \u00e4r ett h\u00f6gkvalitativt och exceptionellt transparent ljusvax som g\u00f6r att du kan skapa visuellt sl\u00e5ende och unika gelljus. Dess flexibla struktur, goda viskositet och l\u00e5nga brinntid g\u00f6r det till ett utm\u00e4rkt material f\u00f6r b\u00e5de dekorativ och praktisk anv\u00e4ndning. <\/p>\n<p data-start=\"1087\" data-end=\"1413\"><strong>Den transparenta formuleringen<\/strong> g\u00f6r det m\u00f6jligt att<strong> l\u00e4gga till olika dekorativa element<\/strong> som sn\u00e4ckor, glasp\u00e4rlor, stenar eller andra icke br\u00e4nnbara element och skapa i\u00f6gonfallande lagerkompositioner. Gelvaxet \u00e4r perfekt f\u00f6r s\u00e5v\u00e4l nyb\u00f6rjare som erfarna ljusmakare som vill ge sina kreationer en lyxig och modern look. <\/p>\n<p data-start=\"1415\" data-end=\"1694\">Ljush\u00e5llaren \u00e4r ocks\u00e5 ett popul\u00e4rt val f\u00f6r DIY-projekt, hantverk och workshops eftersom den erbjuder stor kreativ frihet och \u00e4r l\u00e4tt att forma. Tack vare sitt estetiska utseende anv\u00e4nds gelljus ofta som inredningsdetaljer, presenter eller s\u00e4songsdekorationer. <\/p>\n<p><strong>Sm\u00e4ltpunkten<\/strong> f\u00f6r gelvax (nagelgel) ligger vanligtvis mellan 90 och 95 \u00b0C. F\u00f6r att bibeh\u00e5lla maximal transparens och kvalitet ska vaxet sm\u00e4ltas l\u00e5ngsamt och j\u00e4mnt och inte \u00f6verhettas. \u00d6verdriven v\u00e4rme kan orsaka bubblor eller grumling av vaxet.  <\/p>\n<p>Det \u00e4r l\u00e4mpligt att anv\u00e4nda en termometer och v\u00e4rma gelvaxet i ett vattenbad eller i en v\u00e4rmekontrollerad sm\u00e4ltgryta. Kontrollera att vaxet \u00e4r helt klart och homogent innan du h\u00e4ller upp det. <\/p>\n<p><strong>Vaxets tjocklek b\u00f6r v\u00e4ljas med h\u00e4nsyn till ljusets diameter<\/strong> och antalet dekorativa element. En f\u00f6r tunn veke kanske inte brinner tillr\u00e4ckligt bra i ett gelljus, medan en f\u00f6r tjock veke kan orsaka \u00f6verdriven v\u00e4rme.   <strong>V\u00e4lj en veke som \u00e4r en storlek st\u00f6rre \u00e4n paraffinvaxet - gelen brinner t\u00e4tare och beh\u00f6ver en n\u00e5got starkare dragkraft.<\/strong><\/p>\n<p>Keragel 109 \u00e4r GMO-fritt, 100% veganskt och l\u00e4mpligt f\u00f6r kontakt med livsmedel. Detta specialvax \u00e4r ocks\u00e5 REACH-kompatibelt. <\/p>\n","protected":false},"excerpt":{"rendered":"<p>Gelvax \u00e4r ett h\u00f6gkvalitativt, transparent och elastiskt ljusmaterial som \u00e4r perfekt f\u00f6r tillverkning av dekorativa gel\u00e9ljus. Tack vare sin utm\u00e4rkta viskositet och l\u00e5nga brinntid \u00e4r det ett popul\u00e4rt val f\u00f6r b\u00e5de hemmaljusmakare och ljusverkst\u00e4der. <\/p>\n","protected":false},"featured_media":25578,"template":"","meta":{"site-sidebar-layout":"default","site-content-layout":"","ast-site-content-layout":"default","site-content-style":"default","site-sidebar-style":"default","ast-global-header-display":"","ast-banner-title-visibility":"","ast-main-header-display":"","ast-hfb-above-header-display":"","ast-hfb-below-header-display":"","ast-hfb-mobile-header-display":"","site-post-title":"","ast-breadcrumbs-content":"","ast-featured-img":"","footer-sml-layout":"","ast-disable-related-posts":"","theme-transparent-header-meta":"default","adv-header-id-meta":"","stick-header-meta":"default","header-above-stick-meta":"","header-main-stick-meta":"","header-below-stick-meta":"","astra-migrate-meta-layouts":"default","ast-page-background-enabled":"default","ast-page-background-meta":{"desktop":{"background-color":"","background-image":"","background-repeat":"repeat","background-position":"center center","background-size":"auto","background-attachment":"scroll","background-type":"","background-media":"","overlay-type":"","overlay-color":"","overlay-opacity":"","overlay-gradient":""},"tablet":{"background-color":"","background-image":"","background-repeat":"repeat","background-position":"center center","background-size":"auto","background-attachment":"scroll","background-type":"","background-media":"","overlay-type":"","overlay-color":"","overlay-opacity":"","overlay-gradient":""},"mobile":{"background-color":"","background-image":"","background-repeat":"repeat","background-position":"center center","background-size":"auto","background-attachment":"scroll","background-type":"","background-media":"","overlay-type":"","overlay-color":"","overlay-opacity":"","overlay-gradient":""}},"ast-content-background-meta":{"desktop":{"background-color":"var(--ast-global-color-5)","background-image":"","background-repeat":"repeat","background-position":"center center","background-size":"auto","background-attachment":"scroll","background-type":"","background-media":"","overlay-type":"","overlay-color":"","overlay-opacity":"","overlay-gradient":""},"tablet":{"background-color":"var(--ast-global-color-5)","background-image":"","background-repeat":"repeat","background-position":"center center","background-size":"auto","background-attachment":"scroll","background-type":"","background-media":"","overlay-type":"","overlay-color":"","overlay-opacity":"","overlay-gradient":""},"mobile":{"background-color":"var(--ast-global-color-5)","background-image":"","background-repeat":"repeat","background-position":"center center","background-size":"auto","background-attachment":"scroll","background-type":"","background-media":"","overlay-type":"","overlay-color":"","overlay-opacity":"","overlay-gradient":""}}},"product_brand":[],"product_cat":[138,139],"product_tag":[],"class_list":{"0":"post-25562","1":"product","2":"type-product","3":"status-publish","4":"has-post-thumbnail","6":"product_cat-tillverkning-av-stearinljus","7":"product_cat-vaxer-for-stearinljus","8":"desktop-align-left","9":"tablet-align-left","10":"mobile-align-left","11":"ast-product-gallery-layout-horizontal","12":"ast-product-gallery-with-no-image","13":"ast-product-single-variable","14":"ast-product-tabs-layout-horizontal","16":"first","17":"instock","18":"taxable","19":"shipping-taxable","20":"purchasable","21":"product-type-variable"},"_links":{"self":[{"href":"https:\/\/nordicdiy.ee\/sv\/wp-json\/wp\/v2\/product\/25562","targetHints":{"allow":["GET"]}}],"collection":[{"href":"https:\/\/nordicdiy.ee\/sv\/wp-json\/wp\/v2\/product"}],"about":[{"href":"https:\/\/nordicdiy.ee\/sv\/wp-json\/wp\/v2\/types\/product"}],"wp:featuredmedia":[{"embeddable":true,"href":"https:\/\/nordicdiy.ee\/sv\/wp-json\/wp\/v2\/media\/25578"}],"wp:attachment":[{"href":"https:\/\/nordicdiy.ee\/sv\/wp-json\/wp\/v2\/media?parent=25562"}],"wp:term":[{"taxonomy":"product_brand","embeddable":true,"href":"https:\/\/nordicdiy.ee\/sv\/wp-json\/wp\/v2\/product_brand?post=25562"},{"taxonomy":"product_cat","embeddable":true,"href":"https:\/\/nordicdiy.ee\/sv\/wp-json\/wp\/v2\/product_cat?post=25562"},{"taxonomy":"product_tag","embeddable":true,"href":"https:\/\/nordicdiy.ee\/sv\/wp-json\/wp\/v2\/product_tag?post=25562"}],"curies":[{"name":"wp","href":"https:\/\/api.w.org\/{rel}","templated":true}]}}