{"id":25582,"date":"2026-01-02T21:19:08","date_gmt":"2026-01-02T18:19:08","guid":{"rendered":"https:\/\/nordicdiy.ee\/epood\/okategoriserad\/keragreen-container-olivvax-olivvax-for-ljusglas\/"},"modified":"2026-01-02T21:35:23","modified_gmt":"2026-01-02T18:35:23","slug":"keragreen-container-olivvax-olivvax-for-ljusglas","status":"publish","type":"product","link":"https:\/\/nordicdiy.ee\/sv\/epood\/tillverkning-av-stearinljus\/vaxer-for-stearinljus\/keragreen-container-olivvax-olivvax-for-ljusglas\/","title":{"rendered":"Keragreen Container Olivvax olivvax f\u00f6r ljusglas"},"content":{"rendered":"<p data-start=\"760\" data-end=\"1115\">KeraGreen Container Olive Wax \u00e4r ett h\u00f6gkvalitativt <strong data-start=\"813\" data-end=\"847\">olivbaserat vegetabiliskt ljus<\/strong>vax som utvecklats speciellt f\u00f6r tillverkning av <strong data-start=\"880\" data-end=\"897\">containerljus<\/strong>. Dess naturliga och biologiskt nedbrytbara sammans\u00e4ttning g\u00f6r det till ett utm\u00e4rkt alternativ till paraffinvax och m\u00f6ter den v\u00e4xande efterfr\u00e5gan p\u00e5 milj\u00f6v\u00e4nliga och h\u00e5llbara ljusmaterial. <\/p>\n<p data-start=\"1117\" data-end=\"1433\">Vaxet ger <strong data-start=\"1128\" data-end=\"1187\">utm\u00e4rkt vidh\u00e4ftning till glas-, keramik- och metallytor<\/strong>, vilket minskar risken f\u00f6r sprickbildning och separation. Tack vare sin j\u00e4mna och rena brinntid och utm\u00e4rkta luktbindningsf\u00f6rm\u00e5ga \u00e4r det s\u00e4rskilt l\u00e4mpligt f\u00f6r tillverkning av <strong data-start=\"1330\" data-end=\"1347\">doftljus<\/strong> - doften frig\u00f6rs gradvis och intensivt under hela brinntiden. <\/p>\n<p data-start=\"1435\" data-end=\"1818\">Den kr\u00e4miga konsistensen och den naturligt ljusa nyansen hos KeraGreen Container Olive Wax ger ljusen <strong data-start=\"1525\" data-end=\"1569\">en elegant och professionell finish<\/strong>, perfekt f\u00f6r lyx- och designljuskollektioner. Detta vax \u00e4r f\u00f6rstahandsvalet f\u00f6r <strong data-start=\"1679\" data-end=\"1697\">hantverkare<\/strong>, <strong data-start=\"1699\" data-end=\"1718\">sm\u00e5skaliga producenter<\/strong> och <strong data-start=\"1726\" data-end=\"1754\">premiumljusm\u00e4rken<\/strong> som v\u00e4rdes\u00e4tter kvalitet, naturlighet och visuella resultat. <\/p>\n<ul>\n<li>Sm\u00e4ltpunkt ca 54-62 \u00b0C - vaxet sm\u00e4lter j\u00e4mnt och ger en sl\u00e4t, glansig yta.<\/li>\n<li>H\u00e4lltemperatur: ca 60-65 \u00b0C - idealisk temperatur f\u00f6r att h\u00e4lla vaxet i beh\u00e5llaren f\u00f6r att f\u00e5 god vidh\u00e4ftning och en sl\u00e4t yta.<\/li>\n<li>Ljusets torktid: 48 timmar f\u00f6re det f\u00f6rsta br\u00e4nntestet.<\/li>\n<li>Doftinneh\u00e5ll upp till 10 % doftoljor (beroende p\u00e5 doftoljans egenskaper och l\u00e4mplighet). H\u00f6g doftoljehalt bidrar till att uppn\u00e5 en intensiv doft b\u00e5de f\u00f6re och efter t\u00e4ndning av ljuset. <\/li>\n<\/ul>\n<p>Tillsats av f\u00e4rger: flytande eller pulverf\u00e4rger kan tills\u00e4ttas i uppv\u00e4rmt vax ~70-75 \u00b0C.<\/p>\n<p><strong>Certifikat och krav p\u00e5 efterlevnad<\/strong><\/p>\n<p><strong>GMO-fri<\/strong><br \/>\nProdukten inneh\u00e5ller inte genetiskt modifierade organismer, vilket garanterar h\u00f6g renhet och stabil kvalitet under hela produktionsprocessen.<\/p>\n<p><strong>Food Contact compliant<\/strong><br \/>\nUppfyller s\u00e4kerhetskraven f\u00f6r kontakt med livsmedel, vilket bekr\u00e4ftar materialets renhet och s\u00e4kerhet vid anv\u00e4ndning under kontrollerade f\u00f6rh\u00e5llanden.<\/p>\n<p><strong>100% vegansk<\/strong><br \/>\nInneh\u00e5ller inga ingredienser av animaliskt ursprung och uppfyller helt veganska standarder.<\/p>\n<p><strong>REACH-\u00f6verensst\u00e4mmelse<\/strong><br \/>\n\u00d6verensst\u00e4mmer med EU:s REACH-f\u00f6rordning, vilket s\u00e4kerst\u00e4ller \u00f6verensst\u00e4mmelse med kraven p\u00e5 kemikalies\u00e4kerhet, h\u00e4lsa och milj\u00f6.<\/p>\n<p>&nbsp;<\/p>\n","protected":false},"excerpt":{"rendered":"<p>KeraGreen Container Olive Wax \u00e4r ett h\u00f6gkvalitativt vegetabiliskt olivvax som \u00e4r speciellt utformat f\u00f6r produktion av containerljus. Detta naturliga och milj\u00f6v\u00e4nliga ljusvax ger utm\u00e4rkt vidh\u00e4ftning till glas och keramik, en ren f\u00f6rbr\u00e4nning och utm\u00e4rkt luktretention. Perfekt f\u00f6r produktion av premiumljus och hantverksljus.  <\/p>\n","protected":false},"featured_media":25604,"template":"","meta":{"site-sidebar-layout":"default","site-content-layout":"","ast-site-content-layout":"default","site-content-style":"default","site-sidebar-style":"default","ast-global-header-display":"","ast-banner-title-visibility":"","ast-main-header-display":"","ast-hfb-above-header-display":"","ast-hfb-below-header-display":"","ast-hfb-mobile-header-display":"","site-post-title":"","ast-breadcrumbs-content":"","ast-featured-img":"","footer-sml-layout":"","ast-disable-related-posts":"","theme-transparent-header-meta":"default","adv-header-id-meta":"","stick-header-meta":"default","header-above-stick-meta":"","header-main-stick-meta":"","header-below-stick-meta":"","astra-migrate-meta-layouts":"default","ast-page-background-enabled":"default","ast-page-background-meta":{"desktop":{"background-color":"","background-image":"","background-repeat":"repeat","background-position":"center center","background-size":"auto","background-attachment":"scroll","background-type":"","background-media":"","overlay-type":"","overlay-color":"","overlay-opacity":"","overlay-gradient":""},"tablet":{"background-color":"","background-image":"","background-repeat":"repeat","background-position":"center center","background-size":"auto","background-attachment":"scroll","background-type":"","background-media":"","overlay-type":"","overlay-color":"","overlay-opacity":"","overlay-gradient":""},"mobile":{"background-color":"","background-image":"","background-repeat":"repeat","background-position":"center center","background-size":"auto","background-attachment":"scroll","background-type":"","background-media":"","overlay-type":"","overlay-color":"","overlay-opacity":"","overlay-gradient":""}},"ast-content-background-meta":{"desktop":{"background-color":"var(--ast-global-color-5)","background-image":"","background-repeat":"repeat","background-position":"center center","background-size":"auto","background-attachment":"scroll","background-type":"","background-media":"","overlay-type":"","overlay-color":"","overlay-opacity":"","overlay-gradient":""},"tablet":{"background-color":"var(--ast-global-color-5)","background-image":"","background-repeat":"repeat","background-position":"center center","background-size":"auto","background-attachment":"scroll","background-type":"","background-media":"","overlay-type":"","overlay-color":"","overlay-opacity":"","overlay-gradient":""},"mobile":{"background-color":"var(--ast-global-color-5)","background-image":"","background-repeat":"repeat","background-position":"center center","background-size":"auto","background-attachment":"scroll","background-type":"","background-media":"","overlay-type":"","overlay-color":"","overlay-opacity":"","overlay-gradient":""}}},"product_brand":[],"product_cat":[138,139],"product_tag":[],"class_list":{"0":"post-25582","1":"product","2":"type-product","3":"status-publish","4":"has-post-thumbnail","6":"product_cat-tillverkning-av-stearinljus","7":"product_cat-vaxer-for-stearinljus","8":"desktop-align-left","9":"tablet-align-left","10":"mobile-align-left","11":"ast-product-gallery-layout-horizontal","12":"ast-product-gallery-with-no-image","13":"ast-product-tabs-layout-horizontal","15":"first","16":"outofstock","17":"taxable","18":"shipping-taxable","19":"product-type-simple"},"_links":{"self":[{"href":"https:\/\/nordicdiy.ee\/sv\/wp-json\/wp\/v2\/product\/25582","targetHints":{"allow":["GET"]}}],"collection":[{"href":"https:\/\/nordicdiy.ee\/sv\/wp-json\/wp\/v2\/product"}],"about":[{"href":"https:\/\/nordicdiy.ee\/sv\/wp-json\/wp\/v2\/types\/product"}],"wp:featuredmedia":[{"embeddable":true,"href":"https:\/\/nordicdiy.ee\/sv\/wp-json\/wp\/v2\/media\/25604"}],"wp:attachment":[{"href":"https:\/\/nordicdiy.ee\/sv\/wp-json\/wp\/v2\/media?parent=25582"}],"wp:term":[{"taxonomy":"product_brand","embeddable":true,"href":"https:\/\/nordicdiy.ee\/sv\/wp-json\/wp\/v2\/product_brand?post=25582"},{"taxonomy":"product_cat","embeddable":true,"href":"https:\/\/nordicdiy.ee\/sv\/wp-json\/wp\/v2\/product_cat?post=25582"},{"taxonomy":"product_tag","embeddable":true,"href":"https:\/\/nordicdiy.ee\/sv\/wp-json\/wp\/v2\/product_tag?post=25582"}],"curies":[{"name":"wp","href":"https:\/\/api.w.org\/{rel}","templated":true}]}}