{"id":27011,"date":"2026-01-21T13:34:41","date_gmt":"2026-01-21T10:34:41","guid":{"rendered":"https:\/\/nordicdiy.ee\/epood\/okategoriserad\/ljusglas-lila-260-ml-h88-x-d80-mm\/"},"modified":"2026-01-21T13:54:11","modified_gmt":"2026-01-21T10:54:11","slug":"ljusglas-lila-260-ml-h88-x-d80-mm","status":"publish","type":"product","link":"https:\/\/nordicdiy.ee\/sv\/epood\/tillverkning-av-stearinljus\/glas-och-lock-till-stearinljus\/ljusglas-lila-260-ml-h88-x-d80-mm\/","title":{"rendered":"Ljusglas lila 260 ml, h88 x d80 mm"},"content":{"rendered":"<p>Den eleganta och h\u00f6gkvalitativa 260 ml glasljusstaken \u00e4r det perfekta valet f\u00f6r professionella ljusst\u00f6pare s\u00e5v\u00e4l som f\u00f6r dem som tycker om att pyssla i hemmet.<br \/>\nDess lilarosa glansiga yta ger alla ljus en lyxig och lugn look och passar perfekt in i alla inredningar.<\/p>\n<p>Den \u00e4r tillverkad av starkt, v\u00e4rmebest\u00e4ndigt glas och \u00e4r speciellt utformad f\u00f6r att h\u00e4lla ljus - s\u00e4ker, estetisk och \u00e5teranv\u00e4ndbar.<br \/>\nEfter att ljuset har brunnit kan beh\u00e5llaren enkelt reng\u00f6ras och \u00e5teranv\u00e4ndas.<\/p>\n<p><strong>F\u00f6rdelar med glas:<\/strong><\/p>\n<ul>\n<li>S\u00e4ker och v\u00e4rmebest\u00e4ndig - utformad f\u00f6r ljusproduktion<\/li>\n<li>\u00c5teranv\u00e4ndbar och milj\u00f6v\u00e4nlig<\/li>\n<li>Vackert och elegant utseende<\/li>\n<li>Inneh\u00e5ller inga tungmetaller<\/li>\n<\/ul>\n<p><strong>Tekniska data:<\/strong><\/p>\n<ul>\n<li>H\u00f6jd: 8,8 cm<\/li>\n<li>Toppdiameter: 8 cm<\/li>\n<li>Bottendiameter: 6,9 cm<\/li>\n<li>Kapacitet: 260 ml<\/li>\n<li>F\u00e4rg: purpurrosa glansig<\/li>\n<\/ul>\n<p><strong>UFIREADY-lack har anv\u00e4nts f\u00f6r att m\u00e5la glaset:<\/strong><\/p>\n<p>Aspol Scentra dekorativt glas \u00e4r belagt med UFIREADY-lacker av h\u00f6gsta kvalitet f\u00f6r en l\u00e5ngvarig och s\u00e4ker finish.<\/p>\n<p><strong>F\u00e4rgegenskaper:<\/strong><\/p>\n<ul>\n<li>Uppfyller alla EU:s s\u00e4kerhets- och kvalitetsstandarder<\/li>\n<li>H\u00e5llbar - beh\u00e5ller f\u00e4rg och glans \u00e4ven efter l\u00e5ng tids anv\u00e4ndning<\/li>\n<li>T\u00e5l upp till 500 diskmaskinscykler<\/li>\n<li>Kemiskt resistent och l\u00e4tt att underh\u00e5lla<\/li>\n<li>S\u00e4ker vid kontakt med livsmedel<\/li>\n<li>Veganskt och testat utan djurf\u00f6rs\u00f6k<\/li>\n<li>Fri fr\u00e5n tungmetaller och ftalater<\/li>\n<\/ul>\n","protected":false},"excerpt":{"rendered":"<p>260 ml ljusburken \u00e4r tillverkad av starkt, v\u00e4rmebest\u00e4ndigt glas och \u00e4r s\u00e4rskilt utformad f\u00f6r att h\u00e4lla ljus - <strong data-start=\"563\" data-end=\"608\">s\u00e4kert, estetiskt tilltalande och \u00e5teranv\u00e4ndbart<\/strong>.<br data-start=\"609\" data-end=\"612\">Efter att ha br\u00e4nt ett ljus kan burken enkelt reng\u00f6ras och \u00e5teranv\u00e4ndas.<\/p>\n","protected":false},"featured_media":27035,"template":"","meta":{"site-sidebar-layout":"default","site-content-layout":"","ast-site-content-layout":"default","site-content-style":"default","site-sidebar-style":"default","ast-global-header-display":"","ast-banner-title-visibility":"","ast-main-header-display":"","ast-hfb-above-header-display":"","ast-hfb-below-header-display":"","ast-hfb-mobile-header-display":"","site-post-title":"","ast-breadcrumbs-content":"","ast-featured-img":"","footer-sml-layout":"","ast-disable-related-posts":"","theme-transparent-header-meta":"default","adv-header-id-meta":"","stick-header-meta":"default","header-above-stick-meta":"","header-main-stick-meta":"","header-below-stick-meta":"","astra-migrate-meta-layouts":"default","ast-page-background-enabled":"default","ast-page-background-meta":{"desktop":{"background-color":"","background-image":"","background-repeat":"repeat","background-position":"center center","background-size":"auto","background-attachment":"scroll","background-type":"","background-media":"","overlay-type":"","overlay-color":"","overlay-opacity":"","overlay-gradient":""},"tablet":{"background-color":"","background-image":"","background-repeat":"repeat","background-position":"center center","background-size":"auto","background-attachment":"scroll","background-type":"","background-media":"","overlay-type":"","overlay-color":"","overlay-opacity":"","overlay-gradient":""},"mobile":{"background-color":"","background-image":"","background-repeat":"repeat","background-position":"center center","background-size":"auto","background-attachment":"scroll","background-type":"","background-media":"","overlay-type":"","overlay-color":"","overlay-opacity":"","overlay-gradient":""}},"ast-content-background-meta":{"desktop":{"background-color":"var(--ast-global-color-5)","background-image":"","background-repeat":"repeat","background-position":"center center","background-size":"auto","background-attachment":"scroll","background-type":"","background-media":"","overlay-type":"","overlay-color":"","overlay-opacity":"","overlay-gradient":""},"tablet":{"background-color":"var(--ast-global-color-5)","background-image":"","background-repeat":"repeat","background-position":"center center","background-size":"auto","background-attachment":"scroll","background-type":"","background-media":"","overlay-type":"","overlay-color":"","overlay-opacity":"","overlay-gradient":""},"mobile":{"background-color":"var(--ast-global-color-5)","background-image":"","background-repeat":"repeat","background-position":"center center","background-size":"auto","background-attachment":"scroll","background-type":"","background-media":"","overlay-type":"","overlay-color":"","overlay-opacity":"","overlay-gradient":""}}},"product_brand":[],"product_cat":[162,138],"product_tag":[],"class_list":{"0":"post-27011","1":"product","2":"type-product","3":"status-publish","4":"has-post-thumbnail","6":"product_cat-glas-och-lock-till-stearinljus","7":"product_cat-tillverkning-av-stearinljus","8":"desktop-align-left","9":"tablet-align-left","10":"mobile-align-left","11":"ast-product-gallery-layout-horizontal","12":"ast-product-gallery-with-no-image","13":"ast-product-tabs-layout-horizontal","15":"first","16":"instock","17":"taxable","18":"shipping-taxable","19":"purchasable","20":"product-type-simple"},"_links":{"self":[{"href":"https:\/\/nordicdiy.ee\/sv\/wp-json\/wp\/v2\/product\/27011","targetHints":{"allow":["GET"]}}],"collection":[{"href":"https:\/\/nordicdiy.ee\/sv\/wp-json\/wp\/v2\/product"}],"about":[{"href":"https:\/\/nordicdiy.ee\/sv\/wp-json\/wp\/v2\/types\/product"}],"wp:featuredmedia":[{"embeddable":true,"href":"https:\/\/nordicdiy.ee\/sv\/wp-json\/wp\/v2\/media\/27035"}],"wp:attachment":[{"href":"https:\/\/nordicdiy.ee\/sv\/wp-json\/wp\/v2\/media?parent=27011"}],"wp:term":[{"taxonomy":"product_brand","embeddable":true,"href":"https:\/\/nordicdiy.ee\/sv\/wp-json\/wp\/v2\/product_brand?post=27011"},{"taxonomy":"product_cat","embeddable":true,"href":"https:\/\/nordicdiy.ee\/sv\/wp-json\/wp\/v2\/product_cat?post=27011"},{"taxonomy":"product_tag","embeddable":true,"href":"https:\/\/nordicdiy.ee\/sv\/wp-json\/wp\/v2\/product_tag?post=27011"}],"curies":[{"name":"wp","href":"https:\/\/api.w.org\/{rel}","templated":true}]}}