{"id":27665,"date":"2026-02-10T15:25:24","date_gmt":"2026-02-10T12:25:24","guid":{"rendered":"https:\/\/nordicdiy.ee\/epood\/okategoriserad\/parfymflaska-for-hemmet-satin-matt-rund-100ml\/"},"modified":"2026-02-12T12:44:48","modified_gmt":"2026-02-12T09:44:48","slug":"parfymflaska-for-hemmet-satin-matt-rund-100ml","status":"publish","type":"product","link":"https:\/\/nordicdiy.ee\/sv\/epood\/beredning-av-rumsfraschare\/flaskor-med-rumsfraschare\/parfymflaska-for-hemmet-satin-matt-rund-100ml\/","title":{"rendered":"Parfymflaska f\u00f6r hemmet satin matt rund 100ml"},"content":{"rendered":"<p>Det h\u00e4r eleganta doftglaset i glas \u00e4r den perfekta l\u00f6sningen f\u00f6r b\u00e5de professionella parfym\u00f6rer och tillverkare av hemdofter. Det robusta glaset och den estetiska mattsvarta ytan g\u00f6r att det passar i alla inredningar - fr\u00e5n modern till klassisk. <\/p>\n<p><strong>F\u00f6rdelar med glas:<\/strong><\/p>\n<ul>\n<li>S\u00e4ker - h\u00e5llbar och l\u00e4mplig f\u00f6r anv\u00e4ndning med doftoljor.<\/li>\n<li>Estetiskt tilltalande - ett modernt utseende som sm\u00e4lter in i olika inredningsstilar.<\/li>\n<li>\u00c5teranv\u00e4ndbar - flaskan kan fyllas p\u00e5 n\u00e4r oljan tar slut.<\/li>\n<li>Fri fr\u00e5n tungmetaller - glas \u00e4r kemiskt neutralt och s\u00e4kert.<\/li>\n<\/ul>\n<p><strong>Tekniska data:<\/strong><\/p>\n<ul>\n<li>H\u00f6jd: 5,4 cm (utan hals)<\/li>\n<li>Diameter: 6,9 cm<\/li>\n<li>Tr\u00e5ddiameter: 2,6 cm, h\u00f6jd 1,5 cm<\/li>\n<li>Kapacitet: 100 ml<\/li>\n<li>F\u00e4rg: matt transparent<\/li>\n<li>Setet inneh\u00e5ller: flaska med sk\u00f6nhetshatt och propp<\/li>\n<\/ul>\n<p><strong>Lacker som anv\u00e4nds f\u00f6r glasm\u00e5lning - UFIREADY-lacker<\/strong><\/p>\n<p>V\u00e5ra speciella lacker f\u00f6r glasdekorationer garanterar h\u00e5llbarhet, estetik och s\u00e4kerhet, \u00e4ven n\u00e4r de anv\u00e4nds med intensiva dofter.<\/p>\n<p><strong>Huvudsakliga produktegenskaper:<\/strong><\/p>\n<ul>\n<li>\u00d6verensst\u00e4mmelse med EU-standarder - uppfyller europeiska s\u00e4kerhets- och kvalitetskrav.<\/li>\n<li>H\u00e5llbar dekor - slitstark och f\u00e4rgbest\u00e4ndig.<\/li>\n<li>Mekanisk h\u00e5llbarhet - t\u00e5l upp till 500 diskmaskinscykler.<\/li>\n<li>Alkohols\u00e4ker - lacker \u00e4r resistenta mot alkohol.<\/li>\n<li>S\u00e4ker att anv\u00e4nda - l\u00e4mplig f\u00f6r indirekt kontakt med livsmedel.<\/li>\n<li>Vegansk formulering - inneh\u00e5ller inga ingredienser av animaliskt ursprung.<\/li>\n<li>Cruelty Free - ej testad p\u00e5 djur.<\/li>\n<li>S\u00e4ker formulering - inneh\u00e5ller inga tungmetaller eller ftalater.<\/li>\n<\/ul>\n","protected":false},"excerpt":{"rendered":"<p>Den eleganta diffusorflaskan i satin frostat glas \u00e4r idealisk f\u00f6r professionella parfym\u00f6rer s\u00e5v\u00e4l som f\u00f6r hemmabruk. Beh\u00e5llaren \u00e4r h\u00e5llbar, elegant och \u00e5teranv\u00e4ndbar, kompletterar alla inredningar och garanterar s\u00e4ker anv\u00e4ndning av doftoljor. <\/p>\n","protected":false},"featured_media":27727,"template":"","meta":{"site-sidebar-layout":"default","site-content-layout":"","ast-site-content-layout":"default","site-content-style":"default","site-sidebar-style":"default","ast-global-header-display":"","ast-banner-title-visibility":"","ast-main-header-display":"","ast-hfb-above-header-display":"","ast-hfb-below-header-display":"","ast-hfb-mobile-header-display":"","site-post-title":"","ast-breadcrumbs-content":"","ast-featured-img":"","footer-sml-layout":"","ast-disable-related-posts":"","theme-transparent-header-meta":"default","adv-header-id-meta":"","stick-header-meta":"default","header-above-stick-meta":"","header-main-stick-meta":"","header-below-stick-meta":"","astra-migrate-meta-layouts":"default","ast-page-background-enabled":"default","ast-page-background-meta":{"desktop":{"background-color":"","background-image":"","background-repeat":"repeat","background-position":"center center","background-size":"auto","background-attachment":"scroll","background-type":"","background-media":"","overlay-type":"","overlay-color":"","overlay-opacity":"","overlay-gradient":""},"tablet":{"background-color":"","background-image":"","background-repeat":"repeat","background-position":"center center","background-size":"auto","background-attachment":"scroll","background-type":"","background-media":"","overlay-type":"","overlay-color":"","overlay-opacity":"","overlay-gradient":""},"mobile":{"background-color":"","background-image":"","background-repeat":"repeat","background-position":"center center","background-size":"auto","background-attachment":"scroll","background-type":"","background-media":"","overlay-type":"","overlay-color":"","overlay-opacity":"","overlay-gradient":""}},"ast-content-background-meta":{"desktop":{"background-color":"var(--ast-global-color-5)","background-image":"","background-repeat":"repeat","background-position":"center center","background-size":"auto","background-attachment":"scroll","background-type":"","background-media":"","overlay-type":"","overlay-color":"","overlay-opacity":"","overlay-gradient":""},"tablet":{"background-color":"var(--ast-global-color-5)","background-image":"","background-repeat":"repeat","background-position":"center center","background-size":"auto","background-attachment":"scroll","background-type":"","background-media":"","overlay-type":"","overlay-color":"","overlay-opacity":"","overlay-gradient":""},"mobile":{"background-color":"var(--ast-global-color-5)","background-image":"","background-repeat":"repeat","background-position":"center center","background-size":"auto","background-attachment":"scroll","background-type":"","background-media":"","overlay-type":"","overlay-color":"","overlay-opacity":"","overlay-gradient":""}}},"product_brand":[],"product_cat":[211,232],"product_tag":[],"class_list":{"0":"post-27665","1":"product","2":"type-product","3":"status-publish","4":"has-post-thumbnail","6":"product_cat-beredning-av-rumsfraschare","7":"product_cat-flaskor-med-rumsfraschare","8":"desktop-align-left","9":"tablet-align-left","10":"mobile-align-left","11":"ast-product-gallery-layout-horizontal","12":"ast-product-gallery-with-no-image","13":"ast-product-single-variable","14":"ast-product-tabs-layout-horizontal","16":"first","17":"instock","18":"taxable","19":"shipping-taxable","20":"purchasable","21":"product-type-variable"},"_links":{"self":[{"href":"https:\/\/nordicdiy.ee\/sv\/wp-json\/wp\/v2\/product\/27665","targetHints":{"allow":["GET"]}}],"collection":[{"href":"https:\/\/nordicdiy.ee\/sv\/wp-json\/wp\/v2\/product"}],"about":[{"href":"https:\/\/nordicdiy.ee\/sv\/wp-json\/wp\/v2\/types\/product"}],"wp:featuredmedia":[{"embeddable":true,"href":"https:\/\/nordicdiy.ee\/sv\/wp-json\/wp\/v2\/media\/27727"}],"wp:attachment":[{"href":"https:\/\/nordicdiy.ee\/sv\/wp-json\/wp\/v2\/media?parent=27665"}],"wp:term":[{"taxonomy":"product_brand","embeddable":true,"href":"https:\/\/nordicdiy.ee\/sv\/wp-json\/wp\/v2\/product_brand?post=27665"},{"taxonomy":"product_cat","embeddable":true,"href":"https:\/\/nordicdiy.ee\/sv\/wp-json\/wp\/v2\/product_cat?post=27665"},{"taxonomy":"product_tag","embeddable":true,"href":"https:\/\/nordicdiy.ee\/sv\/wp-json\/wp\/v2\/product_tag?post=27665"}],"curies":[{"name":"wp","href":"https:\/\/api.w.org\/{rel}","templated":true}]}}