{"id":27681,"date":"2026-02-03T15:25:25","date_gmt":"2026-02-03T12:25:25","guid":{"rendered":"https:\/\/nordicdiy.ee\/epood\/okategoriserad\/smaltkarl-for-ljusvax-metall-200ml\/"},"modified":"2026-02-12T16:21:22","modified_gmt":"2026-02-12T13:21:22","slug":"smaltkarl-for-ljusvax-metall-200ml","status":"publish","type":"product","link":"https:\/\/nordicdiy.ee\/sv\/epood\/tillverkning-av-stearinljus\/vaxer-for-stearinljus\/smaltkarl-for-ljusvax-metall-200ml\/","title":{"rendered":"Sm\u00e4ltk\u00e4rl f\u00f6r ljusvax metall 200ml"},"content":{"rendered":"","protected":false},"excerpt":{"rendered":"<p>En metallsk\u00e5l \u00e4r en praktisk beh\u00e5llare f\u00f6r att sm\u00e4lta vax, t.ex. i ett vattenbad. Sm\u00e4ltk\u00e4rlet \u00e4r tillverkat av h\u00e5llbar metall och s\u00e4kerst\u00e4ller en j\u00e4mn sm\u00e4ltning av vaxet. Kapacitet 200 ml, diameter 13 cm.  <\/p>\n","protected":false},"featured_media":27740,"template":"","meta":{"site-sidebar-layout":"default","site-content-layout":"","ast-site-content-layout":"default","site-content-style":"default","site-sidebar-style":"default","ast-global-header-display":"","ast-banner-title-visibility":"","ast-main-header-display":"","ast-hfb-above-header-display":"","ast-hfb-below-header-display":"","ast-hfb-mobile-header-display":"","site-post-title":"","ast-breadcrumbs-content":"","ast-featured-img":"","footer-sml-layout":"","ast-disable-related-posts":"","theme-transparent-header-meta":"default","adv-header-id-meta":"","stick-header-meta":"default","header-above-stick-meta":"","header-main-stick-meta":"","header-below-stick-meta":"","astra-migrate-meta-layouts":"default","ast-page-background-enabled":"default","ast-page-background-meta":{"desktop":{"background-color":"","background-image":"","background-repeat":"repeat","background-position":"center center","background-size":"auto","background-attachment":"scroll","background-type":"","background-media":"","overlay-type":"","overlay-color":"","overlay-opacity":"","overlay-gradient":""},"tablet":{"background-color":"","background-image":"","background-repeat":"repeat","background-position":"center center","background-size":"auto","background-attachment":"scroll","background-type":"","background-media":"","overlay-type":"","overlay-color":"","overlay-opacity":"","overlay-gradient":""},"mobile":{"background-color":"","background-image":"","background-repeat":"repeat","background-position":"center center","background-size":"auto","background-attachment":"scroll","background-type":"","background-media":"","overlay-type":"","overlay-color":"","overlay-opacity":"","overlay-gradient":""}},"ast-content-background-meta":{"desktop":{"background-color":"var(--ast-global-color-5)","background-image":"","background-repeat":"repeat","background-position":"center center","background-size":"auto","background-attachment":"scroll","background-type":"","background-media":"","overlay-type":"","overlay-color":"","overlay-opacity":"","overlay-gradient":""},"tablet":{"background-color":"var(--ast-global-color-5)","background-image":"","background-repeat":"repeat","background-position":"center center","background-size":"auto","background-attachment":"scroll","background-type":"","background-media":"","overlay-type":"","overlay-color":"","overlay-opacity":"","overlay-gradient":""},"mobile":{"background-color":"var(--ast-global-color-5)","background-image":"","background-repeat":"repeat","background-position":"center center","background-size":"auto","background-attachment":"scroll","background-type":"","background-media":"","overlay-type":"","overlay-color":"","overlay-opacity":"","overlay-gradient":""}}},"product_brand":[],"product_cat":[138,139],"product_tag":[],"class_list":{"0":"post-27681","1":"product","2":"type-product","3":"status-publish","4":"has-post-thumbnail","6":"product_cat-tillverkning-av-stearinljus","7":"product_cat-vaxer-for-stearinljus","8":"desktop-align-left","9":"tablet-align-left","10":"mobile-align-left","11":"ast-product-gallery-layout-horizontal","12":"ast-product-gallery-with-no-image","13":"ast-product-tabs-layout-horizontal","15":"first","16":"instock","17":"taxable","18":"shipping-taxable","19":"purchasable","20":"product-type-simple"},"_links":{"self":[{"href":"https:\/\/nordicdiy.ee\/sv\/wp-json\/wp\/v2\/product\/27681","targetHints":{"allow":["GET"]}}],"collection":[{"href":"https:\/\/nordicdiy.ee\/sv\/wp-json\/wp\/v2\/product"}],"about":[{"href":"https:\/\/nordicdiy.ee\/sv\/wp-json\/wp\/v2\/types\/product"}],"wp:featuredmedia":[{"embeddable":true,"href":"https:\/\/nordicdiy.ee\/sv\/wp-json\/wp\/v2\/media\/27740"}],"wp:attachment":[{"href":"https:\/\/nordicdiy.ee\/sv\/wp-json\/wp\/v2\/media?parent=27681"}],"wp:term":[{"taxonomy":"product_brand","embeddable":true,"href":"https:\/\/nordicdiy.ee\/sv\/wp-json\/wp\/v2\/product_brand?post=27681"},{"taxonomy":"product_cat","embeddable":true,"href":"https:\/\/nordicdiy.ee\/sv\/wp-json\/wp\/v2\/product_cat?post=27681"},{"taxonomy":"product_tag","embeddable":true,"href":"https:\/\/nordicdiy.ee\/sv\/wp-json\/wp\/v2\/product_tag?post=27681"}],"curies":[{"name":"wp","href":"https:\/\/api.w.org\/{rel}","templated":true}]}}