{"id":27714,"date":"2026-02-03T15:40:28","date_gmt":"2026-02-03T12:40:28","guid":{"rendered":"https:\/\/nordicdiy.ee\/epood\/okategoriserad\/doftande-vax-eller-tvalform-fyrkantig-6st\/"},"modified":"2026-02-12T16:32:32","modified_gmt":"2026-02-12T13:32:32","slug":"doftande-vax-eller-tvalform-fyrkantig-6st","status":"publish","type":"product","link":"https:\/\/nordicdiy.ee\/sv\/epood\/tillverkning-av-stearinljus\/vaxer-for-stearinljus\/doftande-vax-eller-tvalform-fyrkantig-6st\/","title":{"rendered":"Parfymvax eller tv\u00e5l i kvadratisk form"},"content":{"rendered":"<p>Den kubformade formen Scented Wax and Soap Mould (small) \u00e4r en universell och praktisk form f\u00f6r handgjutning. Den \u00e4r idealisk f\u00f6r tillverkning av doftvaxer, parfymvaxer och tv\u00e5lar. Det slitstarka och temperaturbest\u00e4ndiga materialet s\u00e4kerst\u00e4ller formens stabilitet under h\u00e4llning och stelning och g\u00f6r det enkelt att ta bort den f\u00e4rdiga produkten.  <\/p>\n<p>Formens rektangul\u00e4ra form ger de f\u00e4rdiga produkterna ett estetiskt, rent och modernt utseende som sm\u00e4lter perfekt in i minimalistiska, skandinaviska och moderna interi\u00f6rer. Tack vare sin sofistikerade design \u00e4r formen l\u00e4mplig f\u00f6r anv\u00e4ndning i b\u00e5de inhemsk och sm\u00e5skalig produktion. <\/p>\n<p>Doftvax- och tv\u00e5lformarna \u00e4r l\u00e4mpliga f\u00f6r DIY-entusiaster och sm\u00e5 till medelstora ljustillverkare. Den robusta konstruktionen g\u00f6r formen l\u00e4tt att reng\u00f6ra och \u00e5teranv\u00e4nda. <\/p>\n<p><strong>Produktens egenskaper:<\/strong><\/p>\n<ul>\n<li>Produkttyp: doftvax och tv\u00e5lform<\/li>\n<li>Form: kub (6 st)<\/li>\n<li>Kubstorlek: h\u00f6jd 1,7 cm, bredd 2,5 cm<\/li>\n<li>Material: slitstarkt och temperaturbest\u00e4ndigt<\/li>\n<li>Anv\u00e4ndning: tillverkning av ljus, parfymvaxer och tv\u00e5lar<\/li>\n<li>L\u00e4tt att reng\u00f6ra och \u00e5teranv\u00e4ndbar<\/li>\n<li>Utformad f\u00f6r manuell h\u00e4llning<\/li>\n<\/ul>\n<p>Anv\u00e4ndningsomr\u00e5de<strong>:<br \/>\n<\/strong>Formen \u00e4r idealisk f\u00f6r tillverkning av parfymvaxer, doftljus och handgjorda tv\u00e5lar. Formen ger en j\u00e4mn s\u00e4ttning och r\u00e4tt form, vilket g\u00f6r den till ett utm\u00e4rkt val f\u00f6r hemmahantverkaren, den kreativa studion eller tillverkaren. <\/p>\n<p><strong>Anv\u00e4ndarmanual:<\/strong><\/p>\n<ul>\n<li>Se till att gjutformen \u00e4r ren och torr.<\/li>\n<li>Sm\u00e4lt vaxet eller f\u00f6rbered tv\u00e5lblandningen enligt receptet.<\/li>\n<li>H\u00e4ll f\u00f6rsiktigt den sm\u00e4lta blandningen i formen.<\/li>\n<li>L\u00e5t produkten stelna helt och h\u00e5llet.<\/li>\n<li>Efter kylning tas den f\u00e4rdiga produkten ut ur formen.<\/li>\n<\/ul>\n","protected":false},"excerpt":{"rendered":"<p>Den kubformade formen f\u00f6r doftvax och tv\u00e5l \u00e4r l\u00e4mplig f\u00f6r tillverkning av ljus, doftvax och handgjorda tv\u00e5lar. Formen \u00e4r h\u00e5llbar och temperaturbest\u00e4ndig, utformad f\u00f6r att h\u00e4llas f\u00f6r hand, l\u00e4tt att reng\u00f6ra och \u00e5teranv\u00e4ndbar - perfekt f\u00f6r b\u00e5de g\u00f6r-det-sj\u00e4lventusiaster och sm\u00e5skaliga producenter. <\/p>\n","protected":false},"featured_media":27746,"template":"","meta":{"site-sidebar-layout":"default","site-content-layout":"","ast-site-content-layout":"default","site-content-style":"default","site-sidebar-style":"default","ast-global-header-display":"","ast-banner-title-visibility":"","ast-main-header-display":"","ast-hfb-above-header-display":"","ast-hfb-below-header-display":"","ast-hfb-mobile-header-display":"","site-post-title":"","ast-breadcrumbs-content":"","ast-featured-img":"","footer-sml-layout":"","ast-disable-related-posts":"","theme-transparent-header-meta":"default","adv-header-id-meta":"","stick-header-meta":"default","header-above-stick-meta":"","header-main-stick-meta":"","header-below-stick-meta":"","astra-migrate-meta-layouts":"default","ast-page-background-enabled":"default","ast-page-background-meta":{"desktop":{"background-color":"","background-image":"","background-repeat":"repeat","background-position":"center center","background-size":"auto","background-attachment":"scroll","background-type":"","background-media":"","overlay-type":"","overlay-color":"","overlay-opacity":"","overlay-gradient":""},"tablet":{"background-color":"","background-image":"","background-repeat":"repeat","background-position":"center center","background-size":"auto","background-attachment":"scroll","background-type":"","background-media":"","overlay-type":"","overlay-color":"","overlay-opacity":"","overlay-gradient":""},"mobile":{"background-color":"","background-image":"","background-repeat":"repeat","background-position":"center center","background-size":"auto","background-attachment":"scroll","background-type":"","background-media":"","overlay-type":"","overlay-color":"","overlay-opacity":"","overlay-gradient":""}},"ast-content-background-meta":{"desktop":{"background-color":"var(--ast-global-color-5)","background-image":"","background-repeat":"repeat","background-position":"center center","background-size":"auto","background-attachment":"scroll","background-type":"","background-media":"","overlay-type":"","overlay-color":"","overlay-opacity":"","overlay-gradient":""},"tablet":{"background-color":"var(--ast-global-color-5)","background-image":"","background-repeat":"repeat","background-position":"center center","background-size":"auto","background-attachment":"scroll","background-type":"","background-media":"","overlay-type":"","overlay-color":"","overlay-opacity":"","overlay-gradient":""},"mobile":{"background-color":"var(--ast-global-color-5)","background-image":"","background-repeat":"repeat","background-position":"center center","background-size":"auto","background-attachment":"scroll","background-type":"","background-media":"","overlay-type":"","overlay-color":"","overlay-opacity":"","overlay-gradient":""}}},"product_brand":[],"product_cat":[138,139],"product_tag":[],"class_list":{"0":"post-27714","1":"product","2":"type-product","3":"status-publish","4":"has-post-thumbnail","6":"product_cat-tillverkning-av-stearinljus","7":"product_cat-vaxer-for-stearinljus","8":"desktop-align-left","9":"tablet-align-left","10":"mobile-align-left","11":"ast-product-gallery-layout-horizontal","12":"ast-product-gallery-with-no-image","13":"ast-product-tabs-layout-horizontal","15":"first","16":"instock","17":"taxable","18":"shipping-taxable","19":"purchasable","20":"product-type-simple"},"_links":{"self":[{"href":"https:\/\/nordicdiy.ee\/sv\/wp-json\/wp\/v2\/product\/27714","targetHints":{"allow":["GET"]}}],"collection":[{"href":"https:\/\/nordicdiy.ee\/sv\/wp-json\/wp\/v2\/product"}],"about":[{"href":"https:\/\/nordicdiy.ee\/sv\/wp-json\/wp\/v2\/types\/product"}],"wp:featuredmedia":[{"embeddable":true,"href":"https:\/\/nordicdiy.ee\/sv\/wp-json\/wp\/v2\/media\/27746"}],"wp:attachment":[{"href":"https:\/\/nordicdiy.ee\/sv\/wp-json\/wp\/v2\/media?parent=27714"}],"wp:term":[{"taxonomy":"product_brand","embeddable":true,"href":"https:\/\/nordicdiy.ee\/sv\/wp-json\/wp\/v2\/product_brand?post=27714"},{"taxonomy":"product_cat","embeddable":true,"href":"https:\/\/nordicdiy.ee\/sv\/wp-json\/wp\/v2\/product_cat?post=27714"},{"taxonomy":"product_tag","embeddable":true,"href":"https:\/\/nordicdiy.ee\/sv\/wp-json\/wp\/v2\/product_tag?post=27714"}],"curies":[{"name":"wp","href":"https:\/\/api.w.org\/{rel}","templated":true}]}}