{"id":27945,"date":"2026-02-05T10:00:40","date_gmt":"2026-02-05T07:00:40","guid":{"rendered":"https:\/\/nordicdiy.ee\/epood\/okategoriserad\/havsabborre-sls-fri-maxi-olive-white-1kg\/"},"modified":"2026-02-26T17:21:32","modified_gmt":"2026-02-26T14:21:32","slug":"havsabborre-sls-fri-maxi-olive-white-1kg","status":"publish","type":"product","link":"https:\/\/nordicdiy.ee\/sv\/epood\/tillverkning-av-tval\/tvalmassor\/havsabborre-sls-fri-maxi-olive-white-1kg\/","title":{"rendered":"Tv\u00e5lmassa SLS Free MAXI Olive WHITE 1kg"},"content":{"rendered":"<p><strong>Zeni SLS Free MAXI Olive White<\/strong> \u00e4r en h\u00f6gkvalitativ vit sm\u00e4ltande tv\u00e5lmassa som inneh\u00e5ller extra jungfruolivolja. Olivolja ger tv\u00e5len en mjukare, mer hudv\u00e4nlig k\u00e4nsla och bidrar till att skapa en delikat och n\u00e4rande handgjord tv\u00e5l. <\/p>\n<p>Tv\u00e5len har en intensiv vit nyans och ett rikt l\u00f6dder.<\/p>\n<p>Massan stelnar relativt l\u00e5ngsamt, vilket g\u00f6r det m\u00f6jligt att skapa detaljerade former och v\u00e4var i flera lager. En mycket stark vidh\u00e4ftning av skikten (genom att spraya med alkohol) hj\u00e4lper till att uppn\u00e5 ett professionellt resultat. Tv\u00e5lpastan inneh\u00e5ller inga animaliska ingredienser och har inte testats p\u00e5 djur.  <\/p>\n<p>Tv\u00e5len \u00e4r <strong>SLS-fri<\/strong>, vilket inneb\u00e4r att den inte inneh\u00e5ller det starka reng\u00f6ringsmedlet Sodium Lauryl Sulfate. Tv\u00e5len \u00e4r mildare mot huden men l\u00f6ddrar fortfarande bra. Produkten inneh\u00e5ller inte n\u00e5gra animaliska ingredienser och har inte testats p\u00e5 djur.  <\/p>\n<p><strong>Huvudsakliga egenskaper<\/strong><\/p>\n<ul>\n<li>Inneh\u00e5ller f\u00f6rtv\u00e5lad extra jungfruolivolja<\/li>\n<li>Intensiv vit ton<\/li>\n<li>Rikligt skummande<\/li>\n<li>Mycket stark vidh\u00e4ftning mellan skikten<\/li>\n<li>SLS-fri (f\u00f6r k\u00e4nslig hud)<\/li>\n<li>Inga animaliska ingredienser<\/li>\n<li>Ej testad p\u00e5 djur<br \/>\n<strong>Ingredienser<\/strong><\/p>\n<p>Aqua, Glycerine, Sodium Stearate, Propylene Glycol, Sodium Laurate, Sodium Laureth Sulphate, Sorbitol, Sodium Oleate (Olive Oil Extra Virgin saponified by NaOH), Sodium Chloride, Disodium Laureth Sulphosuccinate, Titanium Dioxide, Tetrasodium EDTA.<\/p>\n<p><strong>Hur g\u00f6r man tv\u00e5l?<\/strong><\/p>\n<p>Det \u00e4r l\u00e4tt att g\u00f6ra tv\u00e5l av f\u00e4rdig tv\u00e5lblandning:<\/p>\n<ol>\n<li>Sk\u00e4r massan i t\u00e4rningar (1-3 cm).<\/li>\n<li>Sm\u00e4lt t\u00e4rningarna i ett varmvattenbad p\u00e5 65-70\u00b0C eller i mikrov\u00e5gsugn (ca 400-500 W).<\/li>\n<\/ol>\n<ul>\n<li>L\u00e5t inte temperaturen \u00f6verstiga 75\u00b0C.<\/li>\n<li>Undvik kokning.<\/li>\n<\/ul>\n<p>3. Tills\u00e4tt aromer och f\u00e4rger.<\/p>\n<ul>\n<li>Rekommenderad m\u00e4ngd doftoljor eller eteriska oljor: 10-20 g\/kg.<\/li>\n<li>Du hittar den h\u00f6gsta till\u00e5tna m\u00e4ngden doftolja under den relevanta <strong data-start=\"1559\" data-end=\"1578\">IFRA-kategorin<\/strong> f\u00f6r doftolja - f\u00f6lj alltid de gr\u00e4nser som fastst\u00e4llts av IFRA.<\/li>\n<li>Tills\u00e4tt f\u00e4rg\u00e4mnet droppvis tills \u00f6nskat resultat har uppn\u00e5tts.<\/li>\n<li>Sheasm\u00f6r, kakaosm\u00f6r, mandelolja, kokosn\u00f6tsolja eller olivolja kan ocks\u00e5 tills\u00e4ttas i hudv\u00e5rdsprodukter om s\u00e5 \u00f6nskas. Vanligtvis rekommenderas inte mer \u00e4n ~15 g\/kg f\u00f6r att f\u00f6rhindra att tv\u00e5len blir f\u00f6r mjuk. Blanda alla tillsatser i tv\u00e5lblandningen och se till att alla tillsatser \u00e4r v\u00e4l blandade i tv\u00e5lblandningen.  <\/li>\n<\/ul>\n<p>4. H\u00e4ll upp i formen och l\u00e5t stelna (ca 20-40 min).<\/p>\n<p>I genomsnitt kan 1 kg tv\u00e5lpasta anv\u00e4ndas f\u00f6r att g\u00f6ra cirka 10 medelstora tv\u00e5lar. Vi rekommenderar att du f\u00f6rpackar den f\u00e4rdiga tv\u00e5len i en film efter att du har tagit ut den ur formen f\u00f6r att undvika att fukt avdunstar. <\/li>\n<\/ul>\n","protected":false},"excerpt":{"rendered":"<p>Zeni SLS Free MAXI Olive White \u00e4r en sm\u00e4ltande tv\u00e5lbas med en intensiv vit nyans, som inneh\u00e5ller f\u00f6rtv\u00e5lad extra jungfruolivolja. Denna SLS-fria tv\u00e5l \u00e4r idealisk f\u00f6r handgjorda tv\u00e5lar och erbjuder goda l\u00f6ddrande egenskaper, en delikat k\u00e4nsla p\u00e5 huden och ett professionellt resultat \u00e4ven n\u00e4r du skapar detaljerade designtv\u00e5lar. <\/p>\n<p>Tv\u00e5lpastan kan sm\u00e4ltas i ett varmt vattenbad eller i mikrov\u00e5gsugn (ca 400-500 W), d\u00e4refter kan doftoljor, f\u00e4rger och andra tillsatser tills\u00e4ttas. Tv\u00e5len stelnar i formen p\u00e5 ca 20-40 minuter och \u00e4r klar att anv\u00e4nda. <a href=\"https:\/\/goldelseou.sharepoint.com\/:f:\/s\/Nordicdiy.ee\/IgCHtukjjICZS6qCp792p3QJASaskUAJQB88aFdo-MwWoSg?e=ERQvw3\" target=\"_blank\" rel=\"noopener\">Klicka h\u00e4r f\u00f6r s\u00e4kerhetsdatablad (SDS).<\/a>  <\/p>\n","protected":false},"featured_media":28046,"template":"","meta":{"site-sidebar-layout":"default","site-content-layout":"","ast-site-content-layout":"default","site-content-style":"default","site-sidebar-style":"default","ast-global-header-display":"","ast-banner-title-visibility":"","ast-main-header-display":"","ast-hfb-above-header-display":"","ast-hfb-below-header-display":"","ast-hfb-mobile-header-display":"","site-post-title":"","ast-breadcrumbs-content":"","ast-featured-img":"","footer-sml-layout":"","ast-disable-related-posts":"","theme-transparent-header-meta":"default","adv-header-id-meta":"","stick-header-meta":"default","header-above-stick-meta":"","header-main-stick-meta":"","header-below-stick-meta":"","astra-migrate-meta-layouts":"default","ast-page-background-enabled":"default","ast-page-background-meta":{"desktop":{"background-color":"","background-image":"","background-repeat":"repeat","background-position":"center center","background-size":"auto","background-attachment":"scroll","background-type":"","background-media":"","overlay-type":"","overlay-color":"","overlay-opacity":"","overlay-gradient":""},"tablet":{"background-color":"","background-image":"","background-repeat":"repeat","background-position":"center center","background-size":"auto","background-attachment":"scroll","background-type":"","background-media":"","overlay-type":"","overlay-color":"","overlay-opacity":"","overlay-gradient":""},"mobile":{"background-color":"","background-image":"","background-repeat":"repeat","background-position":"center center","background-size":"auto","background-attachment":"scroll","background-type":"","background-media":"","overlay-type":"","overlay-color":"","overlay-opacity":"","overlay-gradient":""}},"ast-content-background-meta":{"desktop":{"background-color":"var(--ast-global-color-5)","background-image":"","background-repeat":"repeat","background-position":"center center","background-size":"auto","background-attachment":"scroll","background-type":"","background-media":"","overlay-type":"","overlay-color":"","overlay-opacity":"","overlay-gradient":""},"tablet":{"background-color":"var(--ast-global-color-5)","background-image":"","background-repeat":"repeat","background-position":"center center","background-size":"auto","background-attachment":"scroll","background-type":"","background-media":"","overlay-type":"","overlay-color":"","overlay-opacity":"","overlay-gradient":""},"mobile":{"background-color":"var(--ast-global-color-5)","background-image":"","background-repeat":"repeat","background-position":"center center","background-size":"auto","background-attachment":"scroll","background-type":"","background-media":"","overlay-type":"","overlay-color":"","overlay-opacity":"","overlay-gradient":""}}},"product_brand":[],"product_cat":[415,213,384],"product_tag":[],"class_list":{"0":"post-27945","1":"product","2":"type-product","3":"status-publish","4":"has-post-thumbnail","6":"product_cat-rea","7":"product_cat-tillverkning-av-tval","8":"product_cat-tvalmassor","9":"desktop-align-left","10":"tablet-align-left","11":"mobile-align-left","12":"ast-product-gallery-layout-horizontal","13":"ast-product-gallery-with-no-image","14":"ast-product-tabs-layout-horizontal","16":"first","17":"instock","18":"taxable","19":"shipping-taxable","20":"purchasable","21":"product-type-simple"},"_links":{"self":[{"href":"https:\/\/nordicdiy.ee\/sv\/wp-json\/wp\/v2\/product\/27945","targetHints":{"allow":["GET"]}}],"collection":[{"href":"https:\/\/nordicdiy.ee\/sv\/wp-json\/wp\/v2\/product"}],"about":[{"href":"https:\/\/nordicdiy.ee\/sv\/wp-json\/wp\/v2\/types\/product"}],"wp:featuredmedia":[{"embeddable":true,"href":"https:\/\/nordicdiy.ee\/sv\/wp-json\/wp\/v2\/media\/28046"}],"wp:attachment":[{"href":"https:\/\/nordicdiy.ee\/sv\/wp-json\/wp\/v2\/media?parent=27945"}],"wp:term":[{"taxonomy":"product_brand","embeddable":true,"href":"https:\/\/nordicdiy.ee\/sv\/wp-json\/wp\/v2\/product_brand?post=27945"},{"taxonomy":"product_cat","embeddable":true,"href":"https:\/\/nordicdiy.ee\/sv\/wp-json\/wp\/v2\/product_cat?post=27945"},{"taxonomy":"product_tag","embeddable":true,"href":"https:\/\/nordicdiy.ee\/sv\/wp-json\/wp\/v2\/product_tag?post=27945"}],"curies":[{"name":"wp","href":"https:\/\/api.w.org\/{rel}","templated":true}]}}