{"id":27969,"date":"2026-02-05T10:00:41","date_gmt":"2026-02-05T07:00:41","guid":{"rendered":"https:\/\/nordicdiy.ee\/epood\/okategoriserad\/seaweed-sls-free-shea-white-1kg\/"},"modified":"2026-02-26T17:21:29","modified_gmt":"2026-02-26T14:21:29","slug":"seaweed-sls-free-shea-white-1kg","status":"publish","type":"product","link":"https:\/\/nordicdiy.ee\/sv\/epood\/tillverkning-av-tval\/tvalmassor\/seaweed-sls-free-shea-white-1kg\/","title":{"rendered":"Tv\u00e5lmassa SLS Free Shea WHITE 1kg"},"content":{"rendered":"<p><strong>Zeni&#8217;s SLS Free Shea White<\/strong> \u00e4r en h\u00f6gkvalitativ vit sm\u00e4ltande tv\u00e5lmassa gjord med naturligt oraffinerat sheasm\u00f6r (tv\u00e5lat med NaOH). Sheasm\u00f6ret kommer fr\u00e5n Ghana och ger tv\u00e5len en l\u00e4tt gulaktig nyans och en delikat n\u00f6taktig doft. <\/p>\n<p>Shea tv\u00e5lsmassan stelnar snabbt, vilket g\u00f6r den s\u00e4rskilt l\u00e4mplig f\u00f6r produktion av stora volymer och snabb avformning. Mycket stark vidh\u00e4ftning av skikten (genom sprutning med alkohol) m\u00f6jligg\u00f6r produktion av tv\u00e5lar med flera skikt. Massan krymper mindre, vilket \u00e4r en viktig f\u00f6rdel f\u00f6r l\u00e5ngtidsf\u00f6rvaring och f\u00f6rpackning.  <\/p>\n<p>Den vita nyansen uppn\u00e5s med titandioxid (TiO\u2082), som \u00e4r stabil och inte sjunker ner i tv\u00e5len, vilket bidrar till att bibeh\u00e5lla en j\u00e4mn f\u00e4rgton under produktens hela livsl\u00e4ngd.<\/p>\n<p>Tv\u00e5len \u00e4r <strong>SLS-fri<\/strong>, vilket inneb\u00e4r att den inte inneh\u00e5ller det starka reng\u00f6ringsmedlet Sodium Lauryl Sulfate. Tv\u00e5len l\u00f6ddrar rikligt, \u00e4r skonsam mot huden och produkten har inte testats p\u00e5 djur. <\/p>\n<p><strong>Huvudsakliga egenskaper<\/strong><\/p>\n<ul>\n<li>Inneh\u00e5ller oraffinerat sheasm\u00f6r fr\u00e5n Ghana<\/li>\n<li>Intensiv vit nyans (TiO\u2082 sjunker inte ner)<\/li>\n<li>Snabb stelning<\/li>\n<li>V\u00e4l l\u00e4mpad f\u00f6r storskalig produktion<\/li>\n<li>Rikligt skummande<\/li>\n<li>Mild k\u00e4nsla p\u00e5 huden<\/li>\n<li>Mycket stark vidh\u00e4ftning mellan skikten<\/li>\n<li>Mindre krympning<\/li>\n<li>SLS-fri (f\u00f6r k\u00e4nslig hud)<\/li>\n<li>Ej testad p\u00e5 djur<\/li>\n<\/ul>\n<p><strong>Ingredienser<\/strong><\/p>\n<p>Glycerin, Aqua, Sodium Stearate, Propylene Glycol, Sodium Laurate, Sorbitol, Sodium Laureth Sulfate, Shea Butter (f\u00f6rtv\u00e5lat med NaOH), Sodium Chloride, Disodium Laureth Sulfosuccinate, Titanium Dioxide, Tetrasodium EDTA.<\/p>\n<p><strong>Hur g\u00f6r man tv\u00e5l?<\/strong><\/p>\n<p>Det \u00e4r l\u00e4tt att g\u00f6ra tv\u00e5l av f\u00e4rdig tv\u00e5lblandning:<\/p>\n<ol>\n<li>Sk\u00e4r massan i t\u00e4rningar (1-3 cm).<\/li>\n<li>Sm\u00e4lt t\u00e4rningarna i ett varmvattenbad p\u00e5 65-70\u00b0C eller i mikrov\u00e5gsugn (ca 400-500 W).<\/li>\n<\/ol>\n<ul>\n<li>L\u00e5t inte temperaturen \u00f6verstiga 75\u00b0C.<\/li>\n<li>Undvik kokning.<\/li>\n<\/ul>\n<p>3. Tills\u00e4tt aromer och f\u00e4rger.<\/p>\n<ul>\n<li>Rekommenderad m\u00e4ngd doftoljor eller eteriska oljor: 10-20 g\/kg.<\/li>\n<li>Du hittar den h\u00f6gsta till\u00e5tna m\u00e4ngden doftolja under den relevanta <strong data-start=\"1559\" data-end=\"1578\">IFRA-kategorin<\/strong> f\u00f6r doftolja - f\u00f6lj alltid de gr\u00e4nser som fastst\u00e4llts av IFRA.<\/li>\n<li>Tills\u00e4tt f\u00e4rg\u00e4mnet droppvis tills \u00f6nskat resultat har uppn\u00e5tts.<\/li>\n<li>Sheasm\u00f6r, kakaosm\u00f6r, mandelolja, kokosn\u00f6tsolja eller olivolja kan ocks\u00e5 tills\u00e4ttas i hudv\u00e5rdsprodukter om s\u00e5 \u00f6nskas. Vanligtvis rekommenderas inte mer \u00e4n ~15 g\/kg f\u00f6r att f\u00f6rhindra att tv\u00e5len blir f\u00f6r mjuk. Blanda alla tillsatser i tv\u00e5lblandningen och se till att alla tillsatser \u00e4r v\u00e4l blandade i tv\u00e5lblandningen.  <\/li>\n<\/ul>\n<p>4. H\u00e4ll upp i formen och l\u00e5t stelna (ca 20-40 min).<\/p>\n<p>I genomsnitt kan 1 kg tv\u00e5lpasta anv\u00e4ndas f\u00f6r att g\u00f6ra cirka 10 medelstora tv\u00e5lar. Vi rekommenderar att du f\u00f6rpackar den f\u00e4rdiga tv\u00e5len i en film efter att du har tagit ut den ur formen f\u00f6r att undvika att fukt avdunstar. <\/p>\n<p>&nbsp;<\/p>\n","protected":false},"excerpt":{"rendered":"<p><strong>Zeni SLS Free Shea White<\/strong> \u00e4r en intensivt vit sm\u00e4ltande tv\u00e5lbas som inneh\u00e5ller naturligt oraffinerat sheasm\u00f6r. Denna SLS-fria tv\u00e5l \u00e4r idealisk f\u00f6r handgjorda tv\u00e5lar, h\u00e4rdar snabbt och g\u00f6r att du kan skapa detaljerade och professionella tv\u00e5lar. <\/p>\n<p>Tv\u00e5lpastan kan sm\u00e4ltas i ett varmt vattenbad eller i mikrov\u00e5gsugn (ca 400-500 W), d\u00e4refter kan doftoljor, f\u00e4rger och andra tillsatser tills\u00e4ttas. Tv\u00e5len stelnar i formen p\u00e5 ca 20-40 minuter och \u00e4r klar att anv\u00e4nda. <a href=\"https:\/\/goldelseou.sharepoint.com\/:f:\/s\/Nordicdiy.ee\/IgCHtukjjICZS6qCp792p3QJASaskUAJQB88aFdo-MwWoSg?e=ERQvw3\" target=\"_blank\" rel=\"noopener\">Klicka h\u00e4r f\u00f6r s\u00e4kerhetsdatablad (SDS).<\/a>  <\/p>\n","protected":false},"featured_media":28048,"template":"","meta":{"site-sidebar-layout":"default","site-content-layout":"","ast-site-content-layout":"default","site-content-style":"default","site-sidebar-style":"default","ast-global-header-display":"","ast-banner-title-visibility":"","ast-main-header-display":"","ast-hfb-above-header-display":"","ast-hfb-below-header-display":"","ast-hfb-mobile-header-display":"","site-post-title":"","ast-breadcrumbs-content":"","ast-featured-img":"","footer-sml-layout":"","ast-disable-related-posts":"","theme-transparent-header-meta":"default","adv-header-id-meta":"","stick-header-meta":"default","header-above-stick-meta":"","header-main-stick-meta":"","header-below-stick-meta":"","astra-migrate-meta-layouts":"default","ast-page-background-enabled":"default","ast-page-background-meta":{"desktop":{"background-color":"","background-image":"","background-repeat":"repeat","background-position":"center center","background-size":"auto","background-attachment":"scroll","background-type":"","background-media":"","overlay-type":"","overlay-color":"","overlay-opacity":"","overlay-gradient":""},"tablet":{"background-color":"","background-image":"","background-repeat":"repeat","background-position":"center center","background-size":"auto","background-attachment":"scroll","background-type":"","background-media":"","overlay-type":"","overlay-color":"","overlay-opacity":"","overlay-gradient":""},"mobile":{"background-color":"","background-image":"","background-repeat":"repeat","background-position":"center center","background-size":"auto","background-attachment":"scroll","background-type":"","background-media":"","overlay-type":"","overlay-color":"","overlay-opacity":"","overlay-gradient":""}},"ast-content-background-meta":{"desktop":{"background-color":"var(--ast-global-color-5)","background-image":"","background-repeat":"repeat","background-position":"center center","background-size":"auto","background-attachment":"scroll","background-type":"","background-media":"","overlay-type":"","overlay-color":"","overlay-opacity":"","overlay-gradient":""},"tablet":{"background-color":"var(--ast-global-color-5)","background-image":"","background-repeat":"repeat","background-position":"center center","background-size":"auto","background-attachment":"scroll","background-type":"","background-media":"","overlay-type":"","overlay-color":"","overlay-opacity":"","overlay-gradient":""},"mobile":{"background-color":"var(--ast-global-color-5)","background-image":"","background-repeat":"repeat","background-position":"center center","background-size":"auto","background-attachment":"scroll","background-type":"","background-media":"","overlay-type":"","overlay-color":"","overlay-opacity":"","overlay-gradient":""}}},"product_brand":[],"product_cat":[415,213,384],"product_tag":[],"class_list":{"0":"post-27969","1":"product","2":"type-product","3":"status-publish","4":"has-post-thumbnail","6":"product_cat-rea","7":"product_cat-tillverkning-av-tval","8":"product_cat-tvalmassor","9":"desktop-align-left","10":"tablet-align-left","11":"mobile-align-left","12":"ast-product-gallery-layout-horizontal","13":"ast-product-gallery-with-no-image","14":"ast-product-tabs-layout-horizontal","16":"first","17":"instock","18":"taxable","19":"shipping-taxable","20":"purchasable","21":"product-type-simple"},"_links":{"self":[{"href":"https:\/\/nordicdiy.ee\/sv\/wp-json\/wp\/v2\/product\/27969","targetHints":{"allow":["GET"]}}],"collection":[{"href":"https:\/\/nordicdiy.ee\/sv\/wp-json\/wp\/v2\/product"}],"about":[{"href":"https:\/\/nordicdiy.ee\/sv\/wp-json\/wp\/v2\/types\/product"}],"wp:featuredmedia":[{"embeddable":true,"href":"https:\/\/nordicdiy.ee\/sv\/wp-json\/wp\/v2\/media\/28048"}],"wp:attachment":[{"href":"https:\/\/nordicdiy.ee\/sv\/wp-json\/wp\/v2\/media?parent=27969"}],"wp:term":[{"taxonomy":"product_brand","embeddable":true,"href":"https:\/\/nordicdiy.ee\/sv\/wp-json\/wp\/v2\/product_brand?post=27969"},{"taxonomy":"product_cat","embeddable":true,"href":"https:\/\/nordicdiy.ee\/sv\/wp-json\/wp\/v2\/product_cat?post=27969"},{"taxonomy":"product_tag","embeddable":true,"href":"https:\/\/nordicdiy.ee\/sv\/wp-json\/wp\/v2\/product_tag?post=27969"}],"curies":[{"name":"wp","href":"https:\/\/api.w.org\/{rel}","templated":true}]}}