{"id":27973,"date":"2026-02-05T10:00:41","date_gmt":"2026-02-05T07:00:41","guid":{"rendered":"https:\/\/nordicdiy.ee\/epood\/okategoriserad\/sjogras-sls-fri-maxi-aloe-vera-clear-1kg\/"},"modified":"2026-02-26T17:21:32","modified_gmt":"2026-02-26T14:21:32","slug":"sjogras-sls-fri-maxi-aloe-vera-clear-1kg","status":"publish","type":"product","link":"https:\/\/nordicdiy.ee\/sv\/epood\/tillverkning-av-tval\/tvalmassor\/sjogras-sls-fri-maxi-aloe-vera-clear-1kg\/","title":{"rendered":"Tv\u00e5lmassa SLS Free MAXI Aloe Vera CLEAR 1kg"},"content":{"rendered":"<p><strong>Zeni SLS Free MAXI Aloe Vera<\/strong> Clear \u00e4r en klar glycerinbaserad tv\u00e5lmassa formulerad med naturlig Aloe Barbadensis Leaf Juice. Aloe vera bidrar till att skapa en mild och hudv\u00e4nlig handgjord tv\u00e5l som ger en behaglig upplevelse f\u00f6r daglig v\u00e5rd. <\/p>\n<p>Tv\u00e5len har en mycket god transparens och ett rikt l\u00f6dder.<\/p>\n<p>Tv\u00e5lpastan stelnar relativt l\u00e5ngsamt, vilket m\u00f6jligg\u00f6r produktion av detaljerade designtv\u00e5lar och flerskiktskompositioner. Den mycket starka vidh\u00e4ftningen av skikten (genom att spraya \u00f6ver med alkohol) bidrar till att uppn\u00e5 ett professionellt resultat. Tv\u00e5lpastan inneh\u00e5ller inga animaliska ingredienser och har inte testats p\u00e5 djur.  <\/p>\n<p>Den <strong>SLS-fria<\/strong> formuleringen inneb\u00e4r att formulan inte inneh\u00e5ller det starka reng\u00f6ringsmedlet Sodium Lauryl Sulfate, s\u00e5 tv\u00e5len \u00e4r mildare mot huden samtidigt som den bibeh\u00e5ller en god reng\u00f6ringseffekt.<\/p>\n<p><strong>Huvudsakliga egenskaper<\/strong><\/p>\n<ul>\n<li>Inneh\u00e5ller naturlig aloe vera-juice<\/li>\n<li>Mycket god transparens<\/li>\n<li>Svettd\u00e4mpande egenskaper - mindre fukt p\u00e5 tv\u00e5lens yta<\/li>\n<li>Rikligt skummande<\/li>\n<li>Mild k\u00e4nsla p\u00e5 huden<\/li>\n<li>Mycket stark vidh\u00e4ftning mellan skikten<\/li>\n<li>SLS-fri (f\u00f6r k\u00e4nslig hud)<\/li>\n<li>Inga animaliska ingredienser<\/li>\n<li>Ej testad p\u00e5 djur<\/li>\n<\/ul>\n<p><strong>Ingredienser<\/strong><\/p>\n<p>Aqua, glycerin, natriumstearat, propylenglykol, natriumlaurat, natriumlauretsulfat, sorbitol, aloe barbadensis bladjuice, natriumklorid, dinatriumlauretsulfosuccinat, tetranatrium-EDTA.<\/p>\n<p><strong>Hur g\u00f6r man tv\u00e5l?<\/strong><\/p>\n<p>Det \u00e4r l\u00e4tt att g\u00f6ra tv\u00e5l av f\u00e4rdig tv\u00e5lblandning:<\/p>\n<ol>\n<li>Sk\u00e4r massan i t\u00e4rningar (1-3 cm).<\/li>\n<li>Sm\u00e4lt t\u00e4rningarna i ett varmvattenbad p\u00e5 65-70\u00b0C eller i mikrov\u00e5gsugn (ca 400-500 W).<\/li>\n<\/ol>\n<ul>\n<li>L\u00e5t inte temperaturen \u00f6verstiga 75\u00b0C.<\/li>\n<li>Undvik kokning.<\/li>\n<\/ul>\n<p>3. Tills\u00e4tt aromer och f\u00e4rger.<\/p>\n<ul>\n<li>Rekommenderad m\u00e4ngd doftoljor eller eteriska oljor: 10-20 g\/kg.<\/li>\n<li>Du hittar den h\u00f6gsta till\u00e5tna m\u00e4ngden doftolja under den relevanta <strong data-start=\"1559\" data-end=\"1578\">IFRA-kategorin<\/strong> f\u00f6r doftolja - f\u00f6lj alltid de gr\u00e4nser som fastst\u00e4llts av IFRA.<\/li>\n<li>Tills\u00e4tt f\u00e4rg\u00e4mnet droppvis tills \u00f6nskat resultat har uppn\u00e5tts.<\/li>\n<li>Sheasm\u00f6r, kakaosm\u00f6r, mandelolja, kokosn\u00f6tsolja eller olivolja kan ocks\u00e5 tills\u00e4ttas i hudv\u00e5rdsprodukter om s\u00e5 \u00f6nskas. Vanligtvis rekommenderas inte mer \u00e4n ~15 g\/kg f\u00f6r att f\u00f6rhindra att tv\u00e5len blir f\u00f6r mjuk. Blanda alla tillsatser i tv\u00e5lblandningen och se till att alla tillsatser \u00e4r v\u00e4l blandade i tv\u00e5lblandningen.  <\/li>\n<\/ul>\n<p>4. H\u00e4ll upp i formen och l\u00e5t stelna (ca 20-40 min).<\/p>\n<p>I genomsnitt kan 1 kg tv\u00e5lpasta anv\u00e4ndas f\u00f6r att g\u00f6ra cirka 10 medelstora tv\u00e5lar. Vi rekommenderar att du f\u00f6rpackar den f\u00e4rdiga tv\u00e5len i en film efter att du har tagit ut den ur formen f\u00f6r att undvika att fukt avdunstar. <\/p>\n","protected":false},"excerpt":{"rendered":"<p>Zeni SLS Free MAXI Aloe Vera Clear \u00e4r en sm\u00e4ltande tv\u00e5lbas med h\u00f6g klarhet som inneh\u00e5ller naturlig aloe vera-juice. Denna SLS-fria tv\u00e5l har ett rikt l\u00f6dder, \u00e4r skonsam mot huden och \u00e4r idealisk f\u00f6r detaljerade och professionella handgjorda tv\u00e5lar. <\/p>\n<p>Tv\u00e5lpastan kan sm\u00e4ltas i ett varmt vattenbad eller i mikrov\u00e5gsugn (ca 400-500 W), d\u00e4refter kan doftoljor, f\u00e4rger och andra tillsatser tills\u00e4ttas. Tv\u00e5len stelnar i formen p\u00e5 ca 20-40 minuter och \u00e4r klar att anv\u00e4nda. <a href=\"https:\/\/goldelseou.sharepoint.com\/:f:\/s\/Nordicdiy.ee\/IgCHtukjjICZS6qCp792p3QJASaskUAJQB88aFdo-MwWoSg?e=ERQvw3\" target=\"_blank\" rel=\"noopener\">Klicka h\u00e4r f\u00f6r s\u00e4kerhetsdatablad (SDS).<\/a>  <\/p>\n","protected":false},"featured_media":28041,"template":"","meta":{"site-sidebar-layout":"default","site-content-layout":"","ast-site-content-layout":"default","site-content-style":"default","site-sidebar-style":"default","ast-global-header-display":"","ast-banner-title-visibility":"","ast-main-header-display":"","ast-hfb-above-header-display":"","ast-hfb-below-header-display":"","ast-hfb-mobile-header-display":"","site-post-title":"","ast-breadcrumbs-content":"","ast-featured-img":"","footer-sml-layout":"","ast-disable-related-posts":"","theme-transparent-header-meta":"default","adv-header-id-meta":"","stick-header-meta":"default","header-above-stick-meta":"","header-main-stick-meta":"","header-below-stick-meta":"","astra-migrate-meta-layouts":"default","ast-page-background-enabled":"default","ast-page-background-meta":{"desktop":{"background-color":"","background-image":"","background-repeat":"repeat","background-position":"center center","background-size":"auto","background-attachment":"scroll","background-type":"","background-media":"","overlay-type":"","overlay-color":"","overlay-opacity":"","overlay-gradient":""},"tablet":{"background-color":"","background-image":"","background-repeat":"repeat","background-position":"center center","background-size":"auto","background-attachment":"scroll","background-type":"","background-media":"","overlay-type":"","overlay-color":"","overlay-opacity":"","overlay-gradient":""},"mobile":{"background-color":"","background-image":"","background-repeat":"repeat","background-position":"center center","background-size":"auto","background-attachment":"scroll","background-type":"","background-media":"","overlay-type":"","overlay-color":"","overlay-opacity":"","overlay-gradient":""}},"ast-content-background-meta":{"desktop":{"background-color":"var(--ast-global-color-5)","background-image":"","background-repeat":"repeat","background-position":"center center","background-size":"auto","background-attachment":"scroll","background-type":"","background-media":"","overlay-type":"","overlay-color":"","overlay-opacity":"","overlay-gradient":""},"tablet":{"background-color":"var(--ast-global-color-5)","background-image":"","background-repeat":"repeat","background-position":"center center","background-size":"auto","background-attachment":"scroll","background-type":"","background-media":"","overlay-type":"","overlay-color":"","overlay-opacity":"","overlay-gradient":""},"mobile":{"background-color":"var(--ast-global-color-5)","background-image":"","background-repeat":"repeat","background-position":"center center","background-size":"auto","background-attachment":"scroll","background-type":"","background-media":"","overlay-type":"","overlay-color":"","overlay-opacity":"","overlay-gradient":""}}},"product_brand":[],"product_cat":[415,213,384],"product_tag":[],"class_list":{"0":"post-27973","1":"product","2":"type-product","3":"status-publish","4":"has-post-thumbnail","6":"product_cat-rea","7":"product_cat-tillverkning-av-tval","8":"product_cat-tvalmassor","9":"desktop-align-left","10":"tablet-align-left","11":"mobile-align-left","12":"ast-product-gallery-layout-horizontal","13":"ast-product-gallery-with-no-image","14":"ast-product-tabs-layout-horizontal","16":"first","17":"instock","18":"taxable","19":"shipping-taxable","20":"purchasable","21":"product-type-simple"},"_links":{"self":[{"href":"https:\/\/nordicdiy.ee\/sv\/wp-json\/wp\/v2\/product\/27973","targetHints":{"allow":["GET"]}}],"collection":[{"href":"https:\/\/nordicdiy.ee\/sv\/wp-json\/wp\/v2\/product"}],"about":[{"href":"https:\/\/nordicdiy.ee\/sv\/wp-json\/wp\/v2\/types\/product"}],"wp:featuredmedia":[{"embeddable":true,"href":"https:\/\/nordicdiy.ee\/sv\/wp-json\/wp\/v2\/media\/28041"}],"wp:attachment":[{"href":"https:\/\/nordicdiy.ee\/sv\/wp-json\/wp\/v2\/media?parent=27973"}],"wp:term":[{"taxonomy":"product_brand","embeddable":true,"href":"https:\/\/nordicdiy.ee\/sv\/wp-json\/wp\/v2\/product_brand?post=27973"},{"taxonomy":"product_cat","embeddable":true,"href":"https:\/\/nordicdiy.ee\/sv\/wp-json\/wp\/v2\/product_cat?post=27973"},{"taxonomy":"product_tag","embeddable":true,"href":"https:\/\/nordicdiy.ee\/sv\/wp-json\/wp\/v2\/product_tag?post=27973"}],"curies":[{"name":"wp","href":"https:\/\/api.w.org\/{rel}","templated":true}]}}