{"id":28091,"date":"2026-03-05T03:22:42","date_gmt":"2026-03-05T00:22:42","guid":{"rendered":"https:\/\/nordicdiy.ee\/epood\/okategoriserad\/ljusglas-orchid-tint-pearl-180ml-h775-x-d70-mm\/"},"modified":"2026-02-23T18:56:07","modified_gmt":"2026-02-23T15:56:07","slug":"ljusglas-orchid-tint-pearl-180ml-h775-x-d70-mm","status":"publish","type":"product","link":"https:\/\/nordicdiy.ee\/sv\/epood\/tillverkning-av-stearinljus\/glas-och-lock-till-stearinljus\/ljusglas-orchid-tint-pearl-180ml-h775-x-d70-mm\/","title":{"rendered":"Ljusglas Orchid Tint pearl 180ml, h77,5 x d70 mm"},"content":{"rendered":"<div class=\"woocommerce-tabs wc-tabs-wrapper\">\n<div id=\"tab-description\" class=\"woocommerce-Tabs-panel woocommerce-Tabs-panel--description panel entry-content wc-tab\" role=\"tabpanel\" aria-labelledby=\"tab-title-description\">\n<p class=\"isSelectedEnd\">Ljusglasets m\u00e5tt \u00e4r <strong>h77,5 \u00d7 d70 mm<\/strong>, vilket passar perfekt f\u00f6r olika vaxer och doftkombinationer. V\u00e4lj din favoritnyans eller skapa en komplett v\u00e5rserie - den exklusiva pastellf\u00e4rgade ljusglaskollektionen ger dina ljus en fr\u00e4sch, trendig och professionell look. Kollektionen inneh\u00e5ller totalt 6 delikata v\u00e5rf\u00e4rger som skapar ett harmoniskt och i\u00f6gonfallande urval:  <\/p>\n<ul data-spread=\"false\">\n<li>\n<p class=\"isSelectedEnd\"><strong>Ice Lemon<\/strong> - ljusgul<\/p>\n<\/li>\n<li>\n<p class=\"isSelectedEnd\"><strong>Regndroppar p\u00e5 rosor<\/strong> - ljusrosa<\/p>\n<\/li>\n<li>\n<p class=\"isSelectedEnd\"><strong>Ice Melt<\/strong> - ljusbl\u00e5<\/p>\n<\/li>\n<li>\n<p class=\"isSelectedEnd\"><strong>Peach Dust<\/strong> - ljusorange<\/p>\n<\/li>\n<li>\n<p class=\"isSelectedEnd\"><strong>Almost Aqua<\/strong> - ljusgr\u00f6n<\/p>\n<\/li>\n<li>\n<p class=\"isSelectedEnd\"><strong>Orchid Tint<\/strong> - p\u00e4rla<\/p>\n<\/li>\n<\/ul>\n<p>Ljusk\u00e4rlet \u00e4r tillverkat av starkt, v\u00e4rmebest\u00e4ndigt glas och \u00e4r speciellt utformat f\u00f6r att h\u00e4lla ljus - s\u00e4kert, estetiskt och \u00e5teranv\u00e4ndbart. Efter att ljuset har brunnit ut kan k\u00e4rlet enkelt reng\u00f6ras och \u00e5teranv\u00e4ndas. <\/p>\n<p><strong>F\u00f6rdelar med glas:<\/strong><\/p>\n<ul>\n<li>S\u00e4ker och v\u00e4rmebest\u00e4ndig - utformad f\u00f6r ljusproduktion<\/li>\n<li>\u00c5teranv\u00e4ndbar och milj\u00f6v\u00e4nlig<\/li>\n<li>Vackert och elegant utseende<\/li>\n<li>Inneh\u00e5ller inga tungmetaller<\/li>\n<\/ul>\n<p><strong>Tekniska data:<\/strong><\/p>\n<ul>\n<li>H\u00f6jd: 7,7 cm<\/li>\n<li>Toppdiameter: 7 cm<\/li>\n<li>Bottendiameter: 6,3 cm<\/li>\n<li>Kapacitet: 180 ml<\/li>\n<li>F\u00e4rg: ljuslila matt<\/li>\n<\/ul>\n<p><strong>UFIREADY-lack har anv\u00e4nts f\u00f6r att m\u00e5la glaset:<\/strong><\/p>\n<p>Aspol Scentra dekorativt glas \u00e4r belagt med UFIREADY-lacker av h\u00f6gsta kvalitet f\u00f6r en l\u00e5ngvarig och s\u00e4ker finish.<\/p>\n<p><strong>F\u00e4rgegenskaper:<\/strong><\/p>\n<ul>\n<li>Uppfyller alla EU:s s\u00e4kerhets- och kvalitetsstandarder<\/li>\n<li>H\u00e5llbar - beh\u00e5ller f\u00e4rg och glans \u00e4ven efter l\u00e5ng tids anv\u00e4ndning<\/li>\n<li>T\u00e5l upp till 500 diskmaskinscykler<\/li>\n<li>Kemiskt resistent och l\u00e4tt att underh\u00e5lla<\/li>\n<li>S\u00e4ker vid kontakt med livsmedel<\/li>\n<li>Veganskt och testat utan djurf\u00f6rs\u00f6k<\/li>\n<li>Fri fr\u00e5n tungmetaller och ftalater<\/li>\n<\/ul>\n<\/div>\n<\/div>\n","protected":false},"excerpt":{"rendered":"<p><strong>Denna kollektion av pastellf\u00e4rgade ljus<\/strong> stakar \u00e4r inspirerad av v\u00e5rens fr\u00e4sch\u00f6r och har skapats speciellt f\u00f6r den h\u00e4r s\u00e4songen. Den satinmatta ytan \u00e4r inspirerad av Pantones pastellf\u00e4rger f\u00f6r 2026 och skapar ett elegant och tidl\u00f6st resultat - perfekt f\u00f6r b\u00e5de hantverksljus och heminredning. Kapaciteten p\u00e5 180 ml \u00e4r en av de mest popul\u00e4ra bland ljusmakare och ger en balans mellan estetik och funktionalitet. Efter att ljuset har br\u00e4nts kan k\u00e4rlet enkelt reng\u00f6ras och \u00e5teranv\u00e4ndas.   <\/p>\n","protected":false},"featured_media":28133,"template":"","meta":{"site-sidebar-layout":"default","site-content-layout":"","ast-site-content-layout":"default","site-content-style":"default","site-sidebar-style":"default","ast-global-header-display":"","ast-banner-title-visibility":"","ast-main-header-display":"","ast-hfb-above-header-display":"","ast-hfb-below-header-display":"","ast-hfb-mobile-header-display":"","site-post-title":"","ast-breadcrumbs-content":"","ast-featured-img":"","footer-sml-layout":"","ast-disable-related-posts":"","theme-transparent-header-meta":"default","adv-header-id-meta":"","stick-header-meta":"default","header-above-stick-meta":"","header-main-stick-meta":"","header-below-stick-meta":"","astra-migrate-meta-layouts":"default","ast-page-background-enabled":"default","ast-page-background-meta":{"desktop":{"background-color":"","background-image":"","background-repeat":"repeat","background-position":"center center","background-size":"auto","background-attachment":"scroll","background-type":"","background-media":"","overlay-type":"","overlay-color":"","overlay-opacity":"","overlay-gradient":""},"tablet":{"background-color":"","background-image":"","background-repeat":"repeat","background-position":"center center","background-size":"auto","background-attachment":"scroll","background-type":"","background-media":"","overlay-type":"","overlay-color":"","overlay-opacity":"","overlay-gradient":""},"mobile":{"background-color":"","background-image":"","background-repeat":"repeat","background-position":"center center","background-size":"auto","background-attachment":"scroll","background-type":"","background-media":"","overlay-type":"","overlay-color":"","overlay-opacity":"","overlay-gradient":""}},"ast-content-background-meta":{"desktop":{"background-color":"var(--ast-global-color-5)","background-image":"","background-repeat":"repeat","background-position":"center center","background-size":"auto","background-attachment":"scroll","background-type":"","background-media":"","overlay-type":"","overlay-color":"","overlay-opacity":"","overlay-gradient":""},"tablet":{"background-color":"var(--ast-global-color-5)","background-image":"","background-repeat":"repeat","background-position":"center center","background-size":"auto","background-attachment":"scroll","background-type":"","background-media":"","overlay-type":"","overlay-color":"","overlay-opacity":"","overlay-gradient":""},"mobile":{"background-color":"var(--ast-global-color-5)","background-image":"","background-repeat":"repeat","background-position":"center center","background-size":"auto","background-attachment":"scroll","background-type":"","background-media":"","overlay-type":"","overlay-color":"","overlay-opacity":"","overlay-gradient":""}}},"product_brand":[],"product_cat":[162,415,138],"product_tag":[],"class_list":{"0":"post-28091","1":"product","2":"type-product","3":"status-publish","4":"has-post-thumbnail","6":"product_cat-glas-och-lock-till-stearinljus","7":"product_cat-rea","8":"product_cat-tillverkning-av-stearinljus","9":"desktop-align-left","10":"tablet-align-left","11":"mobile-align-left","12":"ast-product-gallery-layout-horizontal","13":"ast-product-tabs-layout-horizontal","15":"first","16":"instock","17":"sale","18":"taxable","19":"shipping-taxable","20":"purchasable","21":"product-type-simple"},"_links":{"self":[{"href":"https:\/\/nordicdiy.ee\/sv\/wp-json\/wp\/v2\/product\/28091","targetHints":{"allow":["GET"]}}],"collection":[{"href":"https:\/\/nordicdiy.ee\/sv\/wp-json\/wp\/v2\/product"}],"about":[{"href":"https:\/\/nordicdiy.ee\/sv\/wp-json\/wp\/v2\/types\/product"}],"wp:featuredmedia":[{"embeddable":true,"href":"https:\/\/nordicdiy.ee\/sv\/wp-json\/wp\/v2\/media\/28133"}],"wp:attachment":[{"href":"https:\/\/nordicdiy.ee\/sv\/wp-json\/wp\/v2\/media?parent=28091"}],"wp:term":[{"taxonomy":"product_brand","embeddable":true,"href":"https:\/\/nordicdiy.ee\/sv\/wp-json\/wp\/v2\/product_brand?post=28091"},{"taxonomy":"product_cat","embeddable":true,"href":"https:\/\/nordicdiy.ee\/sv\/wp-json\/wp\/v2\/product_cat?post=28091"},{"taxonomy":"product_tag","embeddable":true,"href":"https:\/\/nordicdiy.ee\/sv\/wp-json\/wp\/v2\/product_tag?post=28091"}],"curies":[{"name":"wp","href":"https:\/\/api.w.org\/{rel}","templated":true}]}}