{"id":28351,"date":"2026-02-10T10:20:23","date_gmt":"2026-02-10T07:20:23","guid":{"rendered":"https:\/\/nordicdiy.ee\/epood\/okategoriserad\/forskuren-veke-wedo-bio-2-h10cm\/"},"modified":"2026-03-05T11:44:21","modified_gmt":"2026-03-05T08:44:21","slug":"forskuren-veke-wedo-bio-2-h10cm","status":"publish","type":"product","link":"https:\/\/nordicdiy.ee\/sv\/epood\/tillverkning-av-stearinljus\/vekar-och-socklar-till-stearinljus\/forskuren-veke-wedo-bio-2-h10cm\/","title":{"rendered":"F\u00f6rskuren veke Wedo BIO 2 h10cm"},"content":{"rendered":"<p><strong>BIO 2 Cotton ljush\u00e5llare med metallbas<\/strong> (10 cm) \u00e4r en h\u00f6gkvalitativ och praktisk l\u00f6sning f\u00f6r DIY-ljusst\u00f6pning i glas och andra ljush\u00e5llare. Det \u00e4r ett f\u00e4rdigvaxat ljusvax som \u00e4r klart att anv\u00e4nda och som inte kr\u00e4ver n\u00e5gon ytterligare f\u00f6rberedelse f\u00f6re anv\u00e4ndning. Vaxet \u00e4r tillverkat av naturlig bomull, sammanfl\u00e4tat med pappersfiber f\u00f6r att f\u00f6rb\u00e4ttra kapill\u00e4rtransporten av vaxet till l\u00e5gan. Tack vare detta brinner ljuset j\u00e4mnt, stabilt och med lite r\u00f6k. F\u00f6rdjupningen av vaxet g\u00f6r det l\u00e4ttare f\u00f6r veken att t\u00e4ndas och h\u00e5ller br\u00e4nningen j\u00e4mn. Metallbasen som \u00e4r f\u00e4st vid vaxet g\u00f6r att veken enkelt kan f\u00e4stas i botten av ljuskrukan och h\u00e5ller den i ett rakt l\u00e4ge under vaxh\u00e4llningen. Detta \u00e4r viktigt f\u00f6r b\u00e5de ljusets utseende och brinnkvaliteten. Den 10 cm l\u00e5nga veken passar f\u00f6r ljus av olika h\u00f6jd. Veken kan trimmas f\u00f6re eller efter att ljuset h\u00e4lls.        <\/p>\n<p>BIO 2-veken \u00e4r l\u00e4mplig f\u00f6r anv\u00e4ndning med Sojavax, paraffin och olika vaxblandningar, vilket g\u00f6r den till det universella valet f\u00f6r ett brett utbud av containerljus.<\/p>\n<p>BIO 2 ljush\u00e5llare \u00e4r vanligtvis l\u00e4mpliga f\u00f6r sm\u00e5 och medelstora diameter containerljus. Den rekommenderade glasdiametern \u00e4r ca 5-6 cm diameter p\u00e5 glas eller ljusstakar. <\/p>\n<p><strong>Viktigt att veta<\/strong><\/p>\n<ul>\n<li>Det finns flera faktorer som p\u00e5verkar l\u00e4mpligheten n\u00e4r du v\u00e4ljer en gl\u00f6dlampa:<\/li>\n<li>typ av vax som anv\u00e4nds (sojavax, paraffinvax, vaxblandningar)<\/li>\n<li>m\u00e4ngd doftolja<\/li>\n<li>anv\u00e4ndning av f\u00e4rg\u00e4mnen<\/li>\n<li>glasets form<\/li>\n<\/ul>\n<p>Till exempel: f\u00f6r sojavax kan samma veke vara mer l\u00e4mplig f\u00f6r ett glas med en diameter p\u00e5 5-5,5 cm, f\u00f6r paraffinvax kan den vara l\u00e4mplig f\u00f6r ett glas upp till 6 cm. I ljusmakarnas praktik anv\u00e4nds BIO 2-vekar ofta i sm\u00e5 sojaljusglas, f\u00f6r att g\u00f6ra testljus eller f\u00f6r att g\u00f6ra reseljus eller miniljus. <\/p>\n<p><strong>Rekommendation: Det \u00e4r alltid v\u00e4rt att g\u00f6ra ett br\u00e4nntest, eftersom parfym och vax kan \u00e4ndra br\u00e4nnskadans intensitet.<\/strong><\/p>\n<p><strong>Produktens egenskaper<\/strong><\/p>\n<ul>\n<li>Typ av pasta: bomull, platt<\/li>\n<li>Typ: BIO 2<\/li>\n<li>Form: med metallbas, f\u00f6rsmidd<\/li>\n<li>L\u00e4ngd: 10 cm (kan kapas vid behov)<\/li>\n<li>Antal per f\u00f6rpackning: 10 stycken eller 100 stycken<\/li>\n<li>Material: naturlig bomull och pappersfibrer<\/li>\n<li>L\u00e4mplig f\u00f6r anv\u00e4ndning p\u00e5: ljus gjutna i glas och ljusstakar<\/li>\n<li>L\u00e4mpliga vaxer: Sojavax, paraffin, vaxblandningar<\/li>\n<li>F\u00f6rbr\u00e4nning: stabil och j\u00e4mn<\/li>\n<\/ul>\n<p><strong>Rekommenderad glasdiameter f\u00f6r BIO-ljusstakar<\/strong><\/p>\n<p data-start=\"1144\" data-end=\"1161\"><strong data-start=\"1147\" data-end=\"1159\">Proffstips:<\/strong><\/p>\n<ul data-start=\"1162\" data-end=\"1338\">\n<li data-start=\"1162\" data-end=\"1256\">\n<p data-start=\"1164\" data-end=\"1256\">Om du anv\u00e4nder <strong data-start=\"1176\" data-end=\"1213\">mer doftolja (8-10%) eller f\u00e4rg<\/strong> v\u00e4ljer du ofta <strong data-start=\"1227\" data-end=\"1253\">en storlek st\u00f6rre veke<\/strong>.<\/p>\n<\/li>\n<li data-start=\"1257\" data-end=\"1338\">\n<p data-start=\"1259\" data-end=\"1338\">N\u00e4r det g\u00e4ller mycket breda glas (9-10 cm) anv\u00e4nds ofta <strong data-start=\"1310\" data-end=\"1335\">tv\u00e5 mindre rutor<\/strong>.<\/p>\n<\/li>\n<\/ul>\n<p><strong>Pastanummer \/ rekommenderad ljusglasdiameter<\/strong><br \/>\nBIO 2 ca 55-62 mm<br \/>\nBIO 6 ca 55 - 65 mm<br \/>\nBIO 8 ca 60 - 70 mm<br \/>\nBIO 10 ca 65 - 73 mm<br \/>\nBIO 12 ca 70 - 76 mm<br \/>\nBIO 13 ca 75 - 80 mm<br \/>\nBIO 14 ca 80 - 85 mm<\/p>\n","protected":false},"excerpt":{"rendered":"<p>BIO <strong data-start=\"150\" data-end=\"189\">2-ljusstaken i bomull med metallfot<\/strong> \u00e4r avsedd <strong data-start=\"226\" data-end=\"262\">f\u00f6r tillverkning av containerljus<\/strong>. Den \u00e4r tillverkad av naturlig bomull, sammanfl\u00e4tad med pappersfiber och f\u00f6rvaxad pasta, vilket ger <strong data-start=\"380\" data-end=\"413\">en stabil och j\u00e4mn f\u00f6rbr\u00e4nning<\/strong>. Setet inneh\u00e5ller <strong data-start=\"429\" data-end=\"466\">10 cm l\u00e5nga ljusstakar<\/strong> som \u00e4r l\u00e4mpliga f\u00f6r anv\u00e4ndning <strong data-start=\"493\" data-end=\"542\">med Sojavax, paraffin och olika vaxblandningar<\/strong>.  <\/p>\n","protected":false},"featured_media":28361,"template":"","meta":{"site-sidebar-layout":"default","site-content-layout":"","ast-site-content-layout":"default","site-content-style":"default","site-sidebar-style":"default","ast-global-header-display":"","ast-banner-title-visibility":"","ast-main-header-display":"","ast-hfb-above-header-display":"","ast-hfb-below-header-display":"","ast-hfb-mobile-header-display":"","site-post-title":"","ast-breadcrumbs-content":"","ast-featured-img":"","footer-sml-layout":"","ast-disable-related-posts":"","theme-transparent-header-meta":"default","adv-header-id-meta":"","stick-header-meta":"default","header-above-stick-meta":"","header-main-stick-meta":"","header-below-stick-meta":"","astra-migrate-meta-layouts":"default","ast-page-background-enabled":"default","ast-page-background-meta":{"desktop":{"background-color":"","background-image":"","background-repeat":"repeat","background-position":"center center","background-size":"auto","background-attachment":"scroll","background-type":"","background-media":"","overlay-type":"","overlay-color":"","overlay-opacity":"","overlay-gradient":""},"tablet":{"background-color":"","background-image":"","background-repeat":"repeat","background-position":"center center","background-size":"auto","background-attachment":"scroll","background-type":"","background-media":"","overlay-type":"","overlay-color":"","overlay-opacity":"","overlay-gradient":""},"mobile":{"background-color":"","background-image":"","background-repeat":"repeat","background-position":"center center","background-size":"auto","background-attachment":"scroll","background-type":"","background-media":"","overlay-type":"","overlay-color":"","overlay-opacity":"","overlay-gradient":""}},"ast-content-background-meta":{"desktop":{"background-color":"var(--ast-global-color-5)","background-image":"","background-repeat":"repeat","background-position":"center center","background-size":"auto","background-attachment":"scroll","background-type":"","background-media":"","overlay-type":"","overlay-color":"","overlay-opacity":"","overlay-gradient":""},"tablet":{"background-color":"var(--ast-global-color-5)","background-image":"","background-repeat":"repeat","background-position":"center center","background-size":"auto","background-attachment":"scroll","background-type":"","background-media":"","overlay-type":"","overlay-color":"","overlay-opacity":"","overlay-gradient":""},"mobile":{"background-color":"var(--ast-global-color-5)","background-image":"","background-repeat":"repeat","background-position":"center center","background-size":"auto","background-attachment":"scroll","background-type":"","background-media":"","overlay-type":"","overlay-color":"","overlay-opacity":"","overlay-gradient":""}}},"product_brand":[],"product_cat":[138,198],"product_tag":[],"class_list":{"0":"post-28351","1":"product","2":"type-product","3":"status-publish","4":"has-post-thumbnail","6":"product_cat-tillverkning-av-stearinljus","7":"product_cat-vekar-och-socklar-till-stearinljus","8":"desktop-align-left","9":"tablet-align-left","10":"mobile-align-left","11":"ast-product-gallery-layout-horizontal","12":"ast-product-gallery-with-no-image","13":"ast-product-single-variable","14":"ast-product-tabs-layout-horizontal","16":"first","17":"instock","18":"taxable","19":"shipping-taxable","20":"purchasable","21":"product-type-variable"},"_links":{"self":[{"href":"https:\/\/nordicdiy.ee\/sv\/wp-json\/wp\/v2\/product\/28351","targetHints":{"allow":["GET"]}}],"collection":[{"href":"https:\/\/nordicdiy.ee\/sv\/wp-json\/wp\/v2\/product"}],"about":[{"href":"https:\/\/nordicdiy.ee\/sv\/wp-json\/wp\/v2\/types\/product"}],"wp:featuredmedia":[{"embeddable":true,"href":"https:\/\/nordicdiy.ee\/sv\/wp-json\/wp\/v2\/media\/28361"}],"wp:attachment":[{"href":"https:\/\/nordicdiy.ee\/sv\/wp-json\/wp\/v2\/media?parent=28351"}],"wp:term":[{"taxonomy":"product_brand","embeddable":true,"href":"https:\/\/nordicdiy.ee\/sv\/wp-json\/wp\/v2\/product_brand?post=28351"},{"taxonomy":"product_cat","embeddable":true,"href":"https:\/\/nordicdiy.ee\/sv\/wp-json\/wp\/v2\/product_cat?post=28351"},{"taxonomy":"product_tag","embeddable":true,"href":"https:\/\/nordicdiy.ee\/sv\/wp-json\/wp\/v2\/product_tag?post=28351"}],"curies":[{"name":"wp","href":"https:\/\/api.w.org\/{rel}","templated":true}]}}