{"id":28515,"date":"2026-03-01T15:35:29","date_gmt":"2026-03-01T12:35:29","guid":{"rendered":"https:\/\/nordicdiy.ee\/epood\/okategoriserad\/olivvax-kerax-eco-olive-behallare-for-stearinljus-glas\/"},"modified":"2026-03-18T15:36:55","modified_gmt":"2026-03-18T12:36:55","slug":"olivvax-kerax-eco-olive-behallare-for-stearinljus-glas","status":"publish","type":"product","link":"https:\/\/nordicdiy.ee\/sv\/epood\/tillverkning-av-stearinljus\/vaxer-for-stearinljus\/olivvax-kerax-eco-olive-behallare-for-stearinljus-glas\/","title":{"rendered":"Olivvax Kerax Eco Olive Beh\u00e5llare f\u00f6r stearinljus glas"},"content":{"rendered":"<p data-start=\"394\" data-end=\"674\">EcoOlive Container \u00e4r ett h\u00f6gkvalitativt, milj\u00f6v\u00e4nligt ljusvax tillverkat av naturlig olivolja och speciellt utvecklat f\u00f6r containerljus. Vaxet har en silkeslen och kr\u00e4mig konsistens som g\u00f6r att ljusen ser vackra och professionella ut. <\/p>\n<p data-start=\"676\" data-end=\"932\">Tack vare sina utm\u00e4rkta luktbindande och -spridande egenskaper ger EcoOlive Container Wax en intensiv doft b\u00e5de kallt och br\u00e4nt. Det g\u00f6r det till ett perfekt val f\u00f6r ljusmakare som vill skapa produkter med en rik och l\u00e5ngvarig doftupplevelse. <\/p>\n<p data-start=\"934\" data-end=\"1122\">Vaxet brinner rent och j\u00e4mnt, ger minimal sotbildning och l\u00e5ng brinntid. Detta bidrar till att skapa en ren och behaglig anv\u00e4ndarupplevelse i b\u00e5de hemmilj\u00f6 och yrkesmilj\u00f6. <\/p>\n<p data-start=\"1124\" data-end=\"1417\">EcoOlive Container \u00e4r ett h\u00e5llbart alternativ till traditionella paraffinvaxer och Sojavaxer, perfekt f\u00f6r dig som f\u00f6redrar milj\u00f6medvetna och naturliga material. Vaxet sm\u00e4lter v\u00e4l samman med b\u00e5de dofter och f\u00e4rger, vilket g\u00f6r det m\u00f6jligt att skapa varierade och personliga ljus. <\/p>\n<p data-start=\"1419\" data-end=\"1590\" data-is-last-node=\"\" data-is-only-node=\"\">L\u00e4mplig f\u00f6r anv\u00e4ndning i en m\u00e4ngd olika k\u00e4rl, t.ex. glas, metallkrukor och andra ljusstakar, och ger alltid ett tillf\u00f6rlitligt resultat och en lyxig, naturlig finish.<\/p>\n","protected":false},"excerpt":{"rendered":"<p>EcoOlive Container \u00e4r ett milj\u00f6v\u00e4nligt olivoljebaserat ljusvax, speciellt utformat f\u00f6r tillverkning av containerljus. Det har en kr\u00e4mig konsistens, utm\u00e4rkt doftspridning och en ren, j\u00e4mn f\u00f6rbr\u00e4nning f\u00f6r en lyxig finish av h\u00f6g kvalitet. <\/p>\n","protected":false},"featured_media":28899,"template":"","meta":{"site-sidebar-layout":"default","site-content-layout":"","ast-site-content-layout":"default","site-content-style":"default","site-sidebar-style":"default","ast-global-header-display":"","ast-banner-title-visibility":"","ast-main-header-display":"","ast-hfb-above-header-display":"","ast-hfb-below-header-display":"","ast-hfb-mobile-header-display":"","site-post-title":"","ast-breadcrumbs-content":"","ast-featured-img":"","footer-sml-layout":"","ast-disable-related-posts":"","theme-transparent-header-meta":"default","adv-header-id-meta":"","stick-header-meta":"default","header-above-stick-meta":"","header-main-stick-meta":"","header-below-stick-meta":"","astra-migrate-meta-layouts":"default","ast-page-background-enabled":"default","ast-page-background-meta":{"desktop":{"background-color":"","background-image":"","background-repeat":"repeat","background-position":"center center","background-size":"auto","background-attachment":"scroll","background-type":"","background-media":"","overlay-type":"","overlay-color":"","overlay-opacity":"","overlay-gradient":""},"tablet":{"background-color":"","background-image":"","background-repeat":"repeat","background-position":"center center","background-size":"auto","background-attachment":"scroll","background-type":"","background-media":"","overlay-type":"","overlay-color":"","overlay-opacity":"","overlay-gradient":""},"mobile":{"background-color":"","background-image":"","background-repeat":"repeat","background-position":"center center","background-size":"auto","background-attachment":"scroll","background-type":"","background-media":"","overlay-type":"","overlay-color":"","overlay-opacity":"","overlay-gradient":""}},"ast-content-background-meta":{"desktop":{"background-color":"var(--ast-global-color-5)","background-image":"","background-repeat":"repeat","background-position":"center center","background-size":"auto","background-attachment":"scroll","background-type":"","background-media":"","overlay-type":"","overlay-color":"","overlay-opacity":"","overlay-gradient":""},"tablet":{"background-color":"var(--ast-global-color-5)","background-image":"","background-repeat":"repeat","background-position":"center center","background-size":"auto","background-attachment":"scroll","background-type":"","background-media":"","overlay-type":"","overlay-color":"","overlay-opacity":"","overlay-gradient":""},"mobile":{"background-color":"var(--ast-global-color-5)","background-image":"","background-repeat":"repeat","background-position":"center center","background-size":"auto","background-attachment":"scroll","background-type":"","background-media":"","overlay-type":"","overlay-color":"","overlay-opacity":"","overlay-gradient":""}}},"product_brand":[],"product_cat":[138,139],"product_tag":[],"class_list":{"0":"post-28515","1":"product","2":"type-product","3":"status-publish","4":"has-post-thumbnail","6":"product_cat-tillverkning-av-stearinljus","7":"product_cat-vaxer-for-stearinljus","8":"desktop-align-left","9":"tablet-align-left","10":"mobile-align-left","11":"ast-product-gallery-layout-horizontal","12":"ast-product-single-variable","13":"ast-product-tabs-layout-horizontal","15":"first","16":"instock","17":"taxable","18":"shipping-taxable","19":"purchasable","20":"product-type-variable"},"_links":{"self":[{"href":"https:\/\/nordicdiy.ee\/sv\/wp-json\/wp\/v2\/product\/28515","targetHints":{"allow":["GET"]}}],"collection":[{"href":"https:\/\/nordicdiy.ee\/sv\/wp-json\/wp\/v2\/product"}],"about":[{"href":"https:\/\/nordicdiy.ee\/sv\/wp-json\/wp\/v2\/types\/product"}],"wp:featuredmedia":[{"embeddable":true,"href":"https:\/\/nordicdiy.ee\/sv\/wp-json\/wp\/v2\/media\/28899"}],"wp:attachment":[{"href":"https:\/\/nordicdiy.ee\/sv\/wp-json\/wp\/v2\/media?parent=28515"}],"wp:term":[{"taxonomy":"product_brand","embeddable":true,"href":"https:\/\/nordicdiy.ee\/sv\/wp-json\/wp\/v2\/product_brand?post=28515"},{"taxonomy":"product_cat","embeddable":true,"href":"https:\/\/nordicdiy.ee\/sv\/wp-json\/wp\/v2\/product_cat?post=28515"},{"taxonomy":"product_tag","embeddable":true,"href":"https:\/\/nordicdiy.ee\/sv\/wp-json\/wp\/v2\/product_tag?post=28515"}],"curies":[{"name":"wp","href":"https:\/\/api.w.org\/{rel}","templated":true}]}}