{"id":28622,"date":"2026-03-17T11:35:22","date_gmt":"2026-03-17T08:35:22","guid":{"rendered":"https:\/\/nordicdiy.ee\/epood\/okategoriserad\/sotmandelolja-for-kosmetika-och-tvalar\/"},"modified":"2026-03-17T12:37:30","modified_gmt":"2026-03-17T09:37:30","slug":"sotmandelolja-for-kosmetika-och-tvalar","status":"publish","type":"product","link":"https:\/\/nordicdiy.ee\/sv\/epood\/tillverkning-av-tval\/vegetabiliska-oljor-och-smor\/sotmandelolja-for-kosmetika-och-tvalar\/","title":{"rendered":"S\u00f6tmandelolja f\u00f6r kosmetika och tv\u00e5lar"},"content":{"rendered":"<p><strong>Sweet Almond Oil Refined \u00e4r en<\/strong> raffinerad vegetabilisk olja av h\u00f6g kvalitet som uppskattas f\u00f6r sina m\u00e5ngsidiga hudv\u00e5rdsegenskaper. Det \u00e4r en ljusgul, transparent och praktiskt taget luktfri olja med en karakteristisk mild arom. <\/p>\n<p>Oljan \u00e4r rik p\u00e5 omega-6- och omega-9-fettsyror och vitaminer (A, B1, B2, B6, D och E), som hj\u00e4lper till att ge n\u00e4ring, mjukg\u00f6ra och \u00e5terst\u00e4lla hudens naturliga lyster.<\/p>\n<p><strong>Effekter och f\u00f6rdelar<\/strong><\/p>\n<ul>\n<li>Mjukg\u00f6r och sl\u00e4tar ut huden<\/li>\n<li>Hj\u00e4lper till att \u00e5terst\u00e4lla hudens naturliga lyster<\/li>\n<li>G\u00f6r huden mer elastisk och hj\u00e4lper till att f\u00f6rebygga hudbristningar<\/li>\n<li>L\u00e4mplig f\u00f6r k\u00e4nslig, torr och l\u00e4ttirriterad hud.<\/li>\n<li>L\u00e4mplig f\u00f6r anv\u00e4ndning under graviditet samt f\u00f6r sp\u00e4dbarn och barn<\/li>\n<li>Sl\u00e4tar ut, mjukg\u00f6r och st\u00e4rker torrt och sprickben\u00e4get h\u00e5r<\/li>\n<li>L\u00e4mplig f\u00f6r h\u00e5r med olika porositet<\/li>\n<\/ul>\n<p><strong>Anv\u00e4ndning av<\/strong><\/p>\n<ul>\n<li>Ansikts- och kroppsv\u00e5rd<\/li>\n<li>Massageolja - ger bra grepp och absorberas inte f\u00f6r snabbt<\/li>\n<li>H\u00e5rv\u00e5rd<\/li>\n<li>Tillverkning av kosmetiska produkter<\/li>\n<li>Basolja f\u00f6r utsp\u00e4dning av eteriska oljor<\/li>\n<\/ul>\n<p><strong>Anv\u00e4ndning i tv\u00e5l<\/strong><\/p>\n<ul>\n<li>Tv\u00e5lar f\u00f6r kall och varm process (CP\/HP):<\/li>\n<li>Anv\u00e4nd 5-20% av fettfasen<\/li>\n<li>Ger tv\u00e5len mjukg\u00f6rande och hudv\u00e5rdande egenskaper<\/li>\n<li>St\u00f6djer kr\u00e4migt skum<\/li>\n<\/ul>\n<p><strong>Sm\u00e4lta och h\u00e4lla tv\u00e5larna (Melt&amp;Pour):<\/strong><\/p>\n<ul>\n<li>L\u00e4gg till upp till 1-3%.<\/li>\n<li>F\u00f6rb\u00e4ttrar tv\u00e5lens \u00e5terfuktande och v\u00e5rdande egenskaper<\/li>\n<li>Alltf\u00f6r stora m\u00e4ngder kan g\u00f6ra tv\u00e5len mjuk eller svettig.<\/li>\n<\/ul>\n<p><strong>L\u00f6slighet<\/strong><\/p>\n<ul>\n<li>Ol\u00f6slig i vatten<\/li>\n<li>L\u00f6slig i kloroform och i eter<\/li>\n<li>N\u00e5got l\u00f6slig i 96% etanol<\/li>\n<\/ul>\n<p><strong>F\u00f6rvaring p\u00e5<\/strong><\/p>\n<p>F\u00f6rvaras i en t\u00e4tt tillsluten beh\u00e5llare p\u00e5 en torr plats, skyddad fr\u00e5n ljus.<\/p>\n<p><strong>H\u00e5llbarhetstid<\/strong><\/p>\n<p>24 m\u00e5nader fr\u00e5n tillverkningsdatum, f\u00f6rutsatt att produkten f\u00f6rvaras i sin originalf\u00f6rpackning i enlighet med f\u00f6rvaringsvillkoren.<\/p>\n<p>INCI: PRUNUS AMYGDALUS DULCIS OLJA<\/p>\n","protected":false},"excerpt":{"rendered":"<p data-start=\"136\" data-end=\"406\">Sweet almond oil (raffinerad) \u00e4r en l\u00e4tt, mjukg\u00f6rande och praktiskt taget luktfri vegetabilisk olja som l\u00e4mpar sig f\u00f6r hud- och h\u00e5rv\u00e5rd samt kosmetika. Oljan inneh\u00e5ller omega-6- och omega-9-fettsyror samt vitaminer (A, B, D, E) som hj\u00e4lper till att \u00e5terfukta och regenerera huden. <\/p>\n<p data-start=\"408\" data-end=\"531\">\u00c4ven l\u00e4mplig f\u00f6r anv\u00e4ndning i handgjorda tv\u00e5lar - s\u00e4rskilt Melt&amp;Pour-tv\u00e5lar - upp till 1-3% f\u00f6r att f\u00f6rb\u00e4ttra tv\u00e5lens v\u00e5rdande egenskaper.<\/p>\n","protected":false},"featured_media":28812,"template":"","meta":{"site-sidebar-layout":"default","site-content-layout":"","ast-site-content-layout":"default","site-content-style":"default","site-sidebar-style":"default","ast-global-header-display":"","ast-banner-title-visibility":"","ast-main-header-display":"","ast-hfb-above-header-display":"","ast-hfb-below-header-display":"","ast-hfb-mobile-header-display":"","site-post-title":"","ast-breadcrumbs-content":"","ast-featured-img":"","footer-sml-layout":"","ast-disable-related-posts":"","theme-transparent-header-meta":"default","adv-header-id-meta":"","stick-header-meta":"default","header-above-stick-meta":"","header-main-stick-meta":"","header-below-stick-meta":"","astra-migrate-meta-layouts":"default","ast-page-background-enabled":"default","ast-page-background-meta":{"desktop":{"background-color":"","background-image":"","background-repeat":"repeat","background-position":"center center","background-size":"auto","background-attachment":"scroll","background-type":"","background-media":"","overlay-type":"","overlay-color":"","overlay-opacity":"","overlay-gradient":""},"tablet":{"background-color":"","background-image":"","background-repeat":"repeat","background-position":"center center","background-size":"auto","background-attachment":"scroll","background-type":"","background-media":"","overlay-type":"","overlay-color":"","overlay-opacity":"","overlay-gradient":""},"mobile":{"background-color":"","background-image":"","background-repeat":"repeat","background-position":"center center","background-size":"auto","background-attachment":"scroll","background-type":"","background-media":"","overlay-type":"","overlay-color":"","overlay-opacity":"","overlay-gradient":""}},"ast-content-background-meta":{"desktop":{"background-color":"var(--ast-global-color-5)","background-image":"","background-repeat":"repeat","background-position":"center center","background-size":"auto","background-attachment":"scroll","background-type":"","background-media":"","overlay-type":"","overlay-color":"","overlay-opacity":"","overlay-gradient":""},"tablet":{"background-color":"var(--ast-global-color-5)","background-image":"","background-repeat":"repeat","background-position":"center center","background-size":"auto","background-attachment":"scroll","background-type":"","background-media":"","overlay-type":"","overlay-color":"","overlay-opacity":"","overlay-gradient":""},"mobile":{"background-color":"var(--ast-global-color-5)","background-image":"","background-repeat":"repeat","background-position":"center center","background-size":"auto","background-attachment":"scroll","background-type":"","background-media":"","overlay-type":"","overlay-color":"","overlay-opacity":"","overlay-gradient":""}}},"product_brand":[],"product_cat":[276,415,213,396],"product_tag":[],"class_list":{"0":"post-28622","1":"product","2":"type-product","3":"status-publish","4":"has-post-thumbnail","6":"product_cat-beredning-av-kosmetika","7":"product_cat-rea","8":"product_cat-tillverkning-av-tval","9":"product_cat-vegetabiliska-oljor-och-smor","10":"desktop-align-left","11":"tablet-align-left","12":"mobile-align-left","13":"ast-product-gallery-layout-horizontal","14":"ast-product-gallery-with-no-image","15":"ast-product-single-variable","16":"ast-product-tabs-layout-horizontal","18":"first","19":"instock","20":"taxable","21":"shipping-taxable","22":"purchasable","23":"product-type-variable"},"_links":{"self":[{"href":"https:\/\/nordicdiy.ee\/sv\/wp-json\/wp\/v2\/product\/28622","targetHints":{"allow":["GET"]}}],"collection":[{"href":"https:\/\/nordicdiy.ee\/sv\/wp-json\/wp\/v2\/product"}],"about":[{"href":"https:\/\/nordicdiy.ee\/sv\/wp-json\/wp\/v2\/types\/product"}],"wp:featuredmedia":[{"embeddable":true,"href":"https:\/\/nordicdiy.ee\/sv\/wp-json\/wp\/v2\/media\/28812"}],"wp:attachment":[{"href":"https:\/\/nordicdiy.ee\/sv\/wp-json\/wp\/v2\/media?parent=28622"}],"wp:term":[{"taxonomy":"product_brand","embeddable":true,"href":"https:\/\/nordicdiy.ee\/sv\/wp-json\/wp\/v2\/product_brand?post=28622"},{"taxonomy":"product_cat","embeddable":true,"href":"https:\/\/nordicdiy.ee\/sv\/wp-json\/wp\/v2\/product_cat?post=28622"},{"taxonomy":"product_tag","embeddable":true,"href":"https:\/\/nordicdiy.ee\/sv\/wp-json\/wp\/v2\/product_tag?post=28622"}],"curies":[{"name":"wp","href":"https:\/\/api.w.org\/{rel}","templated":true}]}}