{"id":28651,"date":"2026-03-03T12:50:24","date_gmt":"2026-03-03T09:50:24","guid":{"rendered":"https:\/\/nordicdiy.ee\/epood\/okategoriserad\/avokadoolja-raffinerad\/"},"modified":"2026-03-17T13:17:17","modified_gmt":"2026-03-17T10:17:17","slug":"avokadoolja-raffinerad","status":"publish","type":"product","link":"https:\/\/nordicdiy.ee\/sv\/epood\/tillverkning-av-tval\/vegetabiliska-oljor-och-smor\/avokadoolja-raffinerad\/","title":{"rendered":"Avokadoolja raffinerad"},"content":{"rendered":"<p><strong>Avocado Oil Refined<\/strong> \u00e4r en m\u00e5ngsidig och n\u00e4rande vegetabilisk olja som \u00e4r idealisk f\u00f6r torr, k\u00e4nslig och mogen hud. Tack vare raffineringsprocessen har oljan en l\u00e4tt, klar och neutral doft som absorberas snabbt utan att l\u00e4mna ett fettlager. <\/p>\n<p>Oljan \u00e4r rik p\u00e5 fettsyror, vitamin A, D, E och fytosteroler, som hj\u00e4lper till att \u00e5terfukta huden p\u00e5 djupet, \u00e5terst\u00e4lla den och skydda den mot uttorkning. Dessutom f\u00f6rb\u00e4ttrar den hudens elasticitet och st\u00f6der hudens naturliga skyddsbarri\u00e4r. <\/p>\n<p><strong>Effekter och f\u00f6rdelar<\/strong><\/p>\n<ul>\n<li>Intensivt \u00e5terfuktar och ger n\u00e4ring \u00e5t huden<\/li>\n<li>St\u00e4rker hudens skyddsbarri\u00e4r<\/li>\n<li>\u00c5terst\u00e4ller och sl\u00e4tar ut epidermis<\/li>\n<li>F\u00f6rb\u00e4ttrar hudens elasticitet<\/li>\n<li>Skyddar mot fuktf\u00f6rlust<\/li>\n<li>St\u00e4rker och sl\u00e4tar ut torrt och skadat h\u00e5r<\/li>\n<\/ul>\n<p><strong>Anv\u00e4ndning av<\/strong><\/p>\n<ul>\n<li>Ansikts- och kroppsv\u00e5rd<\/li>\n<li>Kr\u00e4mer, lotioner och kroppskr\u00e4mer<\/li>\n<li>H\u00e5rmasker och h\u00e5roljor<\/li>\n<li>Massageolja<\/li>\n<li>G\u00f6r-det-sj\u00e4lv-tillverkning av kosmetika<\/li>\n<\/ul>\n<p><strong>Anv\u00e4ndning i tv\u00e5l<\/strong><\/p>\n<p><strong>Sm\u00e4lt och h\u00e4ll tv\u00e5larna (M&amp;P):<\/strong><\/p>\n<ul>\n<li>Tills\u00e4tt upp till 1-3% av tv\u00e5lblandningen<\/li>\n<li>Ger tv\u00e5len \u00e5terfuktande och v\u00e5rdande egenskaper<\/li>\n<li>G\u00f6r tv\u00e5len mjukare och mer lyxig p\u00e5 huden<\/li>\n<li>S\u00e4rskilt v\u00e4l l\u00e4mpad f\u00f6r tv\u00e5lar f\u00f6r torr och k\u00e4nslig hud.<\/li>\n<li>Alltf\u00f6r stora m\u00e4ngder kan minska l\u00f6ddret eller g\u00f6ra tv\u00e5len mjuk<\/li>\n<\/ul>\n<p><strong>Tv\u00e5lar f\u00f6r kall och varm process (CP\/HP):<\/strong><\/p>\n<ul>\n<li>Vanligtvis anv\u00e4nds 5-15% av fettfasen<\/li>\n<li>Ger tv\u00e5len en v\u00e5rdande och kr\u00e4mig konsistens<\/li>\n<li>Hj\u00e4lper till att minska torrhet efter tv\u00e4tt<\/li>\n<\/ul>\n<p><strong>L\u00f6slighet<\/strong><\/p>\n<ul>\n<li>Ol\u00f6slig i vatten<\/li>\n<li>L\u00f6slig i fetter och oljor<\/li>\n<\/ul>\n<p><strong>F\u00f6rvaring p\u00e5<\/strong><\/p>\n<p>F\u00f6rvaras i en t\u00e4tt tillsluten beh\u00e5llare p\u00e5 en torr, sval plats utan direkt ljus.<\/p>\n<p>H\u00e5llbarhet: upp till 24 m\u00e5nader under r\u00e4tt f\u00f6rvaringsf\u00f6rh\u00e5llanden.<\/p>\n<p>INCI: PERSEA GRATISSIMA OLJA<\/p>\n","protected":false},"excerpt":{"rendered":"<p data-start=\"158\" data-end=\"343\">Avokadoolja (raffinerad) \u00e4r en l\u00e4tt och v\u00e4labsorberad vegetabilisk olja som \u00e4r s\u00e4rskilt l\u00e4mplig f\u00f6r torr, k\u00e4nslig och mogen hud. Den \u00e5terfuktar, \u00e5terst\u00e4ller och st\u00e4rker b\u00e5de hud och h\u00e5r. <\/p>\n<p data-start=\"345\" data-end=\"485\">Perfekt f\u00f6r DIY-kosmetik och sm\u00e4lt- och h\u00e4lltv\u00e5lar (M&amp;P) upp till <strong data-start=\"423\" data-end=\"431\">1-3%<\/strong> f\u00f6r att ge tv\u00e5len v\u00e5rdande och \u00e5terfuktande egenskaper.<\/p>\n","protected":false},"featured_media":28816,"template":"","meta":{"site-sidebar-layout":"default","site-content-layout":"","ast-site-content-layout":"default","site-content-style":"default","site-sidebar-style":"default","ast-global-header-display":"","ast-banner-title-visibility":"","ast-main-header-display":"","ast-hfb-above-header-display":"","ast-hfb-below-header-display":"","ast-hfb-mobile-header-display":"","site-post-title":"","ast-breadcrumbs-content":"","ast-featured-img":"","footer-sml-layout":"","ast-disable-related-posts":"","theme-transparent-header-meta":"default","adv-header-id-meta":"","stick-header-meta":"default","header-above-stick-meta":"","header-main-stick-meta":"","header-below-stick-meta":"","astra-migrate-meta-layouts":"default","ast-page-background-enabled":"default","ast-page-background-meta":{"desktop":{"background-color":"","background-image":"","background-repeat":"repeat","background-position":"center center","background-size":"auto","background-attachment":"scroll","background-type":"","background-media":"","overlay-type":"","overlay-color":"","overlay-opacity":"","overlay-gradient":""},"tablet":{"background-color":"","background-image":"","background-repeat":"repeat","background-position":"center center","background-size":"auto","background-attachment":"scroll","background-type":"","background-media":"","overlay-type":"","overlay-color":"","overlay-opacity":"","overlay-gradient":""},"mobile":{"background-color":"","background-image":"","background-repeat":"repeat","background-position":"center center","background-size":"auto","background-attachment":"scroll","background-type":"","background-media":"","overlay-type":"","overlay-color":"","overlay-opacity":"","overlay-gradient":""}},"ast-content-background-meta":{"desktop":{"background-color":"var(--ast-global-color-5)","background-image":"","background-repeat":"repeat","background-position":"center center","background-size":"auto","background-attachment":"scroll","background-type":"","background-media":"","overlay-type":"","overlay-color":"","overlay-opacity":"","overlay-gradient":""},"tablet":{"background-color":"var(--ast-global-color-5)","background-image":"","background-repeat":"repeat","background-position":"center center","background-size":"auto","background-attachment":"scroll","background-type":"","background-media":"","overlay-type":"","overlay-color":"","overlay-opacity":"","overlay-gradient":""},"mobile":{"background-color":"var(--ast-global-color-5)","background-image":"","background-repeat":"repeat","background-position":"center center","background-size":"auto","background-attachment":"scroll","background-type":"","background-media":"","overlay-type":"","overlay-color":"","overlay-opacity":"","overlay-gradient":""}}},"product_brand":[],"product_cat":[276,415,213,396],"product_tag":[],"class_list":{"0":"post-28651","1":"product","2":"type-product","3":"status-publish","4":"has-post-thumbnail","6":"product_cat-beredning-av-kosmetika","7":"product_cat-rea","8":"product_cat-tillverkning-av-tval","9":"product_cat-vegetabiliska-oljor-och-smor","10":"desktop-align-left","11":"tablet-align-left","12":"mobile-align-left","13":"ast-product-gallery-layout-horizontal","14":"ast-product-gallery-with-no-image","15":"ast-product-single-variable","16":"ast-product-tabs-layout-horizontal","18":"first","19":"instock","20":"taxable","21":"shipping-taxable","22":"purchasable","23":"product-type-variable"},"_links":{"self":[{"href":"https:\/\/nordicdiy.ee\/sv\/wp-json\/wp\/v2\/product\/28651","targetHints":{"allow":["GET"]}}],"collection":[{"href":"https:\/\/nordicdiy.ee\/sv\/wp-json\/wp\/v2\/product"}],"about":[{"href":"https:\/\/nordicdiy.ee\/sv\/wp-json\/wp\/v2\/types\/product"}],"wp:featuredmedia":[{"embeddable":true,"href":"https:\/\/nordicdiy.ee\/sv\/wp-json\/wp\/v2\/media\/28816"}],"wp:attachment":[{"href":"https:\/\/nordicdiy.ee\/sv\/wp-json\/wp\/v2\/media?parent=28651"}],"wp:term":[{"taxonomy":"product_brand","embeddable":true,"href":"https:\/\/nordicdiy.ee\/sv\/wp-json\/wp\/v2\/product_brand?post=28651"},{"taxonomy":"product_cat","embeddable":true,"href":"https:\/\/nordicdiy.ee\/sv\/wp-json\/wp\/v2\/product_cat?post=28651"},{"taxonomy":"product_tag","embeddable":true,"href":"https:\/\/nordicdiy.ee\/sv\/wp-json\/wp\/v2\/product_tag?post=28651"}],"curies":[{"name":"wp","href":"https:\/\/api.w.org\/{rel}","templated":true}]}}