{"id":28672,"date":"2026-03-03T13:50:29","date_gmt":"2026-03-03T10:50:29","guid":{"rendered":"https:\/\/nordicdiy.ee\/epood\/okategoriserad\/raffinerad-druvkarneolja\/"},"modified":"2026-03-17T15:13:14","modified_gmt":"2026-03-17T12:13:14","slug":"raffinerad-druvkarneolja","status":"publish","type":"product","link":"https:\/\/nordicdiy.ee\/sv\/epood\/tillverkning-av-tval\/vegetabiliska-oljor-och-smor\/raffinerad-druvkarneolja\/","title":{"rendered":"Raffinerad druvk\u00e4rneolja"},"content":{"rendered":"<p><strong>Grape Seed Oil Refined<\/strong> \u00e4r en l\u00e4tt och m\u00e5ngsidig vegetabilisk olja som l\u00e4mpar sig f\u00f6r daglig hud- och h\u00e5rv\u00e5rd. Den har en gulaktig till gr\u00f6naktig nyans, \u00e4r praktiskt taget luktfri och har en l\u00e4tt, neutral sammans\u00e4ttning. <\/p>\n<p>Tack vare raffineringsprocessen har oljan en klar, delikat konsistens och \u00e4r \u00e4ven l\u00e4mplig f\u00f6r k\u00e4nslig hud. Den absorberas snabbt och l\u00e4mnar inte huden med en fet k\u00e4nsla. <\/p>\n<p>Oljan \u00e4r rik p\u00e5 omega-6-fettsyror, vitamin E samt vitamin C, D och betakaroten, som hj\u00e4lper till att \u00e5terfukta, skydda och st\u00f6dja hudens naturliga f\u00f6rnyelseprocess.<\/p>\n<p><strong>Effekter och f\u00f6rdelar<\/strong><\/p>\n<ul>\n<li>\u00c5terfuktar och sl\u00e4tar ut huden<\/li>\n<li>T\u00e4pper inte till porerna - \u00e4ven l\u00e4mplig f\u00f6r fet och problematisk hud<\/li>\n<li>Fr\u00e4mjar hudens f\u00f6rnyelse och elasticitet<\/li>\n<li>Skyddar huden mot fuktf\u00f6rlust<\/li>\n<li>Hj\u00e4lper till att tona och strama upp huden<\/li>\n<li>Inneh\u00e5ller antioxidanter som bromsar hudens \u00e5ldrande.<\/li>\n<li>V\u00e5rdar och st\u00e4rker h\u00e5ret, ger glans<\/li>\n<\/ul>\n<p><strong>Anv\u00e4ndning av<\/strong><\/p>\n<ul>\n<li>Ansikts- och kroppsv\u00e5rd<\/li>\n<li>Oljor och serum f\u00f6r ansiktet<\/li>\n<li>Kr\u00e4mer och lotioner<\/li>\n<li>H\u00e5rmasker och h\u00e5roljor<\/li>\n<li>Massageolja eller massageljus<\/li>\n<li>G\u00f6r-det-sj\u00e4lv-tillverkning av kosmetika<\/li>\n<\/ul>\n<p><strong>Anv\u00e4ndning i tv\u00e5l<\/strong><\/p>\n<p><strong>Sm\u00e4lt och h\u00e4ll tv\u00e5larna (M&amp;P):<\/strong><\/p>\n<ul>\n<li>Tills\u00e4tt upp till 1-3% av tv\u00e5lblandningen<\/li>\n<li>Ger tv\u00e5len en l\u00e4tt och \u00e5terfuktande effekt<\/li>\n<li>G\u00f6r inte tv\u00e5len tung eller fet<\/li>\n<li>V\u00e4l l\u00e4mpad f\u00f6r ansiktstv\u00e5l och k\u00e4nslig hud<\/li>\n<li>F\u00f6r stor m\u00e4ngd kan minska skumningen<\/li>\n<li>Tv\u00e5lar f\u00f6r kall och varm process (CP\/HP):<\/li>\n<li>Vanligtvis anv\u00e4nds 5-15% av fettfasen<\/li>\n<li>Ger tv\u00e5len en silkeslen och l\u00e4tt k\u00e4nsla<\/li>\n<li>V\u00e4l l\u00e4mpad f\u00f6r att balansera tyngre oljor<\/li>\n<\/ul>\n<p><strong>L\u00f6slighet<\/strong><\/p>\n<ul>\n<li>Ol\u00f6slig i vatten<\/li>\n<li>N\u00e5got l\u00f6slig i etanol (96%)<\/li>\n<li>L\u00f6slig i kloroform och i eter<\/li>\n<\/ul>\n<p>F\u00f6rvaring. F\u00f6rvaras i en t\u00e4tt tillsluten beh\u00e5llare p\u00e5 en torr plats, skyddad fr\u00e5n ljus. <\/p>\n<p>H\u00e5llbarhet: upp till 24 m\u00e5nader om den f\u00f6rvaras under r\u00e4tt f\u00f6rh\u00e5llanden och i originalf\u00f6rpackningen.<\/p>\n<p>INCI: VITIS VINIFERA FR\u00d6OLJA<\/p>\n","protected":false},"excerpt":{"rendered":"<p data-start=\"137\" data-end=\"342\">Grapeseed oil (raffinerad) \u00e4r en l\u00e4tt och snabbabsorberande vegetabilisk olja som \u00e5terfuktar, j\u00e4mnar ut och fr\u00e4mjar hudens f\u00f6rnyelse. Den \u00e4r idealisk f\u00f6r fet, kombinerad och k\u00e4nslig hud eftersom den inte t\u00e4pper till porerna. <\/p>\n<p data-start=\"344\" data-end=\"464\">\u00c4ven ett utm\u00e4rkt val f\u00f6r M&amp;P-tv\u00e5lar (melt and pour) upp till <strong data-start=\"402\" data-end=\"410\">1-3%<\/strong> f\u00f6r att ge tv\u00e5len l\u00e4tta och hudv\u00e4nliga egenskaper.<\/p>\n","protected":false},"featured_media":28820,"template":"","meta":{"site-sidebar-layout":"default","site-content-layout":"","ast-site-content-layout":"default","site-content-style":"default","site-sidebar-style":"default","ast-global-header-display":"","ast-banner-title-visibility":"","ast-main-header-display":"","ast-hfb-above-header-display":"","ast-hfb-below-header-display":"","ast-hfb-mobile-header-display":"","site-post-title":"","ast-breadcrumbs-content":"","ast-featured-img":"","footer-sml-layout":"","ast-disable-related-posts":"","theme-transparent-header-meta":"default","adv-header-id-meta":"","stick-header-meta":"default","header-above-stick-meta":"","header-main-stick-meta":"","header-below-stick-meta":"","astra-migrate-meta-layouts":"default","ast-page-background-enabled":"default","ast-page-background-meta":{"desktop":{"background-color":"","background-image":"","background-repeat":"repeat","background-position":"center center","background-size":"auto","background-attachment":"scroll","background-type":"","background-media":"","overlay-type":"","overlay-color":"","overlay-opacity":"","overlay-gradient":""},"tablet":{"background-color":"","background-image":"","background-repeat":"repeat","background-position":"center center","background-size":"auto","background-attachment":"scroll","background-type":"","background-media":"","overlay-type":"","overlay-color":"","overlay-opacity":"","overlay-gradient":""},"mobile":{"background-color":"","background-image":"","background-repeat":"repeat","background-position":"center center","background-size":"auto","background-attachment":"scroll","background-type":"","background-media":"","overlay-type":"","overlay-color":"","overlay-opacity":"","overlay-gradient":""}},"ast-content-background-meta":{"desktop":{"background-color":"var(--ast-global-color-5)","background-image":"","background-repeat":"repeat","background-position":"center center","background-size":"auto","background-attachment":"scroll","background-type":"","background-media":"","overlay-type":"","overlay-color":"","overlay-opacity":"","overlay-gradient":""},"tablet":{"background-color":"var(--ast-global-color-5)","background-image":"","background-repeat":"repeat","background-position":"center center","background-size":"auto","background-attachment":"scroll","background-type":"","background-media":"","overlay-type":"","overlay-color":"","overlay-opacity":"","overlay-gradient":""},"mobile":{"background-color":"var(--ast-global-color-5)","background-image":"","background-repeat":"repeat","background-position":"center center","background-size":"auto","background-attachment":"scroll","background-type":"","background-media":"","overlay-type":"","overlay-color":"","overlay-opacity":"","overlay-gradient":""}}},"product_brand":[],"product_cat":[276,415,213,396],"product_tag":[],"class_list":{"0":"post-28672","1":"product","2":"type-product","3":"status-publish","4":"has-post-thumbnail","6":"product_cat-beredning-av-kosmetika","7":"product_cat-rea","8":"product_cat-tillverkning-av-tval","9":"product_cat-vegetabiliska-oljor-och-smor","10":"desktop-align-left","11":"tablet-align-left","12":"mobile-align-left","13":"ast-product-gallery-layout-horizontal","14":"ast-product-gallery-with-no-image","15":"ast-product-single-variable","16":"ast-product-tabs-layout-horizontal","18":"first","19":"instock","20":"taxable","21":"shipping-taxable","22":"purchasable","23":"product-type-variable"},"_links":{"self":[{"href":"https:\/\/nordicdiy.ee\/sv\/wp-json\/wp\/v2\/product\/28672","targetHints":{"allow":["GET"]}}],"collection":[{"href":"https:\/\/nordicdiy.ee\/sv\/wp-json\/wp\/v2\/product"}],"about":[{"href":"https:\/\/nordicdiy.ee\/sv\/wp-json\/wp\/v2\/types\/product"}],"wp:featuredmedia":[{"embeddable":true,"href":"https:\/\/nordicdiy.ee\/sv\/wp-json\/wp\/v2\/media\/28820"}],"wp:attachment":[{"href":"https:\/\/nordicdiy.ee\/sv\/wp-json\/wp\/v2\/media?parent=28672"}],"wp:term":[{"taxonomy":"product_brand","embeddable":true,"href":"https:\/\/nordicdiy.ee\/sv\/wp-json\/wp\/v2\/product_brand?post=28672"},{"taxonomy":"product_cat","embeddable":true,"href":"https:\/\/nordicdiy.ee\/sv\/wp-json\/wp\/v2\/product_cat?post=28672"},{"taxonomy":"product_tag","embeddable":true,"href":"https:\/\/nordicdiy.ee\/sv\/wp-json\/wp\/v2\/product_tag?post=28672"}],"curies":[{"name":"wp","href":"https:\/\/api.w.org\/{rel}","templated":true}]}}