{"id":28694,"date":"2026-03-03T18:32:57","date_gmt":"2026-03-03T15:32:57","guid":{"rendered":"https:\/\/nordicdiy.ee\/epood\/okategoriserad\/kokosolja-raffinerad-fast\/"},"modified":"2026-03-17T19:38:04","modified_gmt":"2026-03-17T16:38:04","slug":"kokosolja-raffinerad-fast","status":"publish","type":"product","link":"https:\/\/nordicdiy.ee\/sv\/epood\/tillverkning-av-tval\/vegetabiliska-oljor-och-smor\/kokosolja-raffinerad-fast\/","title":{"rendered":"Kokosolja raffinerad (fast)"},"content":{"rendered":"<p><strong>Coconut Oil Refined<\/strong> \u00e4r ett 100% naturligt raffinerat vegetabiliskt fett som \u00e4r fast vid rumstemperatur men sm\u00e4lter snabbt p\u00e5 huden. Tack vare raffineringsprocessen \u00e4r den doftfri, ljus och m\u00e5ngsidig, perfekt f\u00f6r b\u00e5de kosmetika och tv\u00e5ltillverkning. <\/p>\n<p>Kokosolja inneh\u00e5ller E-vitamin och antioxidanter som hj\u00e4lper till att skydda, mjuka upp och st\u00f6dja hudens ungdomliga utseende. Dessutom har den lugnande och antibakteriella egenskaper som hj\u00e4lper till att lindra hudirritationer orsakade av mikrober. <\/p>\n<p><strong>Effekter och f\u00f6rdelar<\/strong><\/p>\n<ul>\n<li>\u00c5terfuktar och hj\u00e4lper till att bibeh\u00e5lla hudens fuktbalans<\/li>\n<li>Mjukg\u00f6r och sl\u00e4tar ut huden<\/li>\n<li>Skyddar huden mot uttorkning och sprickbildning<\/li>\n<li>St\u00f6djer hudens elasticitet och hj\u00e4lper till att bromsa \u00e5lderstecken<\/li>\n<li>Lugnar och lindrar hudirritationer<\/li>\n<li>V\u00e5rdar och st\u00e4rker h\u00e5ret<\/li>\n<\/ul>\n<p><strong>Anv\u00e4ndning i kosmetika<\/strong><\/p>\n<p>Kokosolja \u00e4r mycket m\u00e5ngsidig och kan anv\u00e4ndas som ingrediens eller i sin rena form:<\/p>\n<ul>\n<li>Ansikts- och kroppsolja<\/li>\n<li>L\u00e4ppbalsam<\/li>\n<li>\u00d6gonv\u00e5rd<\/li>\n<li>H\u00e5rmask och olja<\/li>\n<li>Rakolja<\/li>\n<li>Massageolja<\/li>\n<li>Kroppsskrubb (med socker eller salt)<\/li>\n<li>Make-up-borttagare<\/li>\n<li>Kr\u00e4mer, lotioner och balsam<\/li>\n<\/ul>\n<p>Tack vare sin l\u00e5ga sm\u00e4ltpunkt (~24 \u00b0C) sm\u00e4lter oljan l\u00e4tt och glider bra p\u00e5 huden, vilket ger en bekv\u00e4m appliceringsupplevelse.<\/p>\n<p><strong>Anv\u00e4ndning i tv\u00e5l<\/strong><\/p>\n<p><strong>Sm\u00e4lt och h\u00e4ll tv\u00e5larna (M&amp;P):<\/strong><\/p>\n<p>L\u00e4gg till upp till 1-3%.<\/p>\n<ul>\n<li>F\u00f6rb\u00e4ttrar tv\u00e5lens v\u00e5rdande egenskaper<\/li>\n<li>Ger huden en mjuk och silkeslen k\u00e4nsla<\/li>\n<li>Alltf\u00f6r stora m\u00e4ngder kan g\u00f6ra tv\u00e5len mjuk<\/li>\n<\/ul>\n<p><strong>Tv\u00e5lar f\u00f6r kall och varm process (CP\/HP):<\/strong><\/p>\n<p>Rekommenderad m\u00e4ngd upp till 30% av fettfasen<\/p>\n<p>Ger tv\u00e5l till:<\/p>\n<ul>\n<li>ett rikt skum med en stor bubbla<\/li>\n<li>bra reng\u00f6rings\u00e5tg\u00e4rd<\/li>\n<li>H\u00e5rdhet<\/li>\n<\/ul>\n<p>\u00d6verdrivna m\u00e4ngder kan torka ut huden - det rekommenderas att kombinera med mjukg\u00f6rande oljor (t.ex. mandel- eller avokadoolja).<\/p>\n<p><strong>Anv\u00e4nd i massageljus<\/strong><\/p>\n<p>Kokosolja \u00e4r en idealisk ingrediens f\u00f6r att g\u00f6ra massageljus:<\/p>\n<ul>\n<li>L\u00e5g sm\u00e4ltpunkt - s\u00e4ker f\u00f6r huden<\/li>\n<li>Bra glidande massage<\/li>\n<li>\u00c5terfuktar och mjukg\u00f6r huden<\/li>\n<li>L\u00e4mnar inte huden tung eller klibbig<\/li>\n<\/ul>\n<p>Rekommendationer:<\/p>\n<p>Anv\u00e4nd i kombination med Sojavax eller andra vegetabiliska vaxer.<\/p>\n<p>Tills\u00e4tt 10-30% kokosn\u00f6tsolja f\u00f6r att g\u00f6ra ljuset mjukare och sn\u00e4llare mot huden.<\/p>\n<p><strong>L\u00f6slighet<\/strong><\/p>\n<ul>\n<li>Ol\u00f6slig i vatten<\/li>\n<li>L\u00f6slig i fetter och oljor<\/li>\n<\/ul>\n<p><strong>F\u00f6rvaring p\u00e5<\/strong><\/p>\n<p>F\u00f6rvaras i en t\u00e4tt tillsluten beh\u00e5llare p\u00e5 en torr, sval plats utan direkt ljus.<\/p>\n<p>H\u00e5llbarhet: upp till 24 m\u00e5nader under r\u00e4tt f\u00f6rvaringsf\u00f6rh\u00e5llanden.<\/p>\n<p>INCI: COCOS NUCIFERA-OLJA<\/p>\n","protected":false},"excerpt":{"rendered":"<p data-start=\"145\" data-end=\"340\">Kokosolja (raffinerad) \u00e4r ett 100% naturligt, doftfritt vegetabiliskt fett som \u00e5terfuktar, mjukg\u00f6r och skyddar hud och h\u00e5r. Idealisk f\u00f6r kosmetika, tv\u00e5lar och massageljus. <\/p>\n<p data-start=\"342\" data-end=\"436\">Sm\u00e4lter fr\u00e5n +24 \u00b0C och \u00e4r ocks\u00e5 idealisk f\u00f6r sm\u00e4lt- och h\u00e4lltv\u00e5lar (M&amp;P) upp till <strong data-start=\"427\" data-end=\"435\">1-3%<\/strong>.<\/p>\n","protected":false},"featured_media":28831,"template":"","meta":{"site-sidebar-layout":"default","site-content-layout":"","ast-site-content-layout":"default","site-content-style":"default","site-sidebar-style":"default","ast-global-header-display":"","ast-banner-title-visibility":"","ast-main-header-display":"","ast-hfb-above-header-display":"","ast-hfb-below-header-display":"","ast-hfb-mobile-header-display":"","site-post-title":"","ast-breadcrumbs-content":"","ast-featured-img":"","footer-sml-layout":"","ast-disable-related-posts":"","theme-transparent-header-meta":"default","adv-header-id-meta":"","stick-header-meta":"default","header-above-stick-meta":"","header-main-stick-meta":"","header-below-stick-meta":"","astra-migrate-meta-layouts":"default","ast-page-background-enabled":"default","ast-page-background-meta":{"desktop":{"background-color":"","background-image":"","background-repeat":"repeat","background-position":"center center","background-size":"auto","background-attachment":"scroll","background-type":"","background-media":"","overlay-type":"","overlay-color":"","overlay-opacity":"","overlay-gradient":""},"tablet":{"background-color":"","background-image":"","background-repeat":"repeat","background-position":"center center","background-size":"auto","background-attachment":"scroll","background-type":"","background-media":"","overlay-type":"","overlay-color":"","overlay-opacity":"","overlay-gradient":""},"mobile":{"background-color":"","background-image":"","background-repeat":"repeat","background-position":"center center","background-size":"auto","background-attachment":"scroll","background-type":"","background-media":"","overlay-type":"","overlay-color":"","overlay-opacity":"","overlay-gradient":""}},"ast-content-background-meta":{"desktop":{"background-color":"var(--ast-global-color-5)","background-image":"","background-repeat":"repeat","background-position":"center center","background-size":"auto","background-attachment":"scroll","background-type":"","background-media":"","overlay-type":"","overlay-color":"","overlay-opacity":"","overlay-gradient":""},"tablet":{"background-color":"var(--ast-global-color-5)","background-image":"","background-repeat":"repeat","background-position":"center center","background-size":"auto","background-attachment":"scroll","background-type":"","background-media":"","overlay-type":"","overlay-color":"","overlay-opacity":"","overlay-gradient":""},"mobile":{"background-color":"var(--ast-global-color-5)","background-image":"","background-repeat":"repeat","background-position":"center center","background-size":"auto","background-attachment":"scroll","background-type":"","background-media":"","overlay-type":"","overlay-color":"","overlay-opacity":"","overlay-gradient":""}}},"product_brand":[],"product_cat":[415,213,396],"product_tag":[],"class_list":{"0":"post-28694","1":"product","2":"type-product","3":"status-publish","4":"has-post-thumbnail","6":"product_cat-rea","7":"product_cat-tillverkning-av-tval","8":"product_cat-vegetabiliska-oljor-och-smor","9":"desktop-align-left","10":"tablet-align-left","11":"mobile-align-left","12":"ast-product-gallery-layout-horizontal","13":"ast-product-gallery-with-no-image","14":"ast-product-single-variable","15":"ast-product-tabs-layout-horizontal","17":"first","18":"instock","19":"taxable","20":"shipping-taxable","21":"purchasable","22":"product-type-variable"},"_links":{"self":[{"href":"https:\/\/nordicdiy.ee\/sv\/wp-json\/wp\/v2\/product\/28694","targetHints":{"allow":["GET"]}}],"collection":[{"href":"https:\/\/nordicdiy.ee\/sv\/wp-json\/wp\/v2\/product"}],"about":[{"href":"https:\/\/nordicdiy.ee\/sv\/wp-json\/wp\/v2\/types\/product"}],"wp:featuredmedia":[{"embeddable":true,"href":"https:\/\/nordicdiy.ee\/sv\/wp-json\/wp\/v2\/media\/28831"}],"wp:attachment":[{"href":"https:\/\/nordicdiy.ee\/sv\/wp-json\/wp\/v2\/media?parent=28694"}],"wp:term":[{"taxonomy":"product_brand","embeddable":true,"href":"https:\/\/nordicdiy.ee\/sv\/wp-json\/wp\/v2\/product_brand?post=28694"},{"taxonomy":"product_cat","embeddable":true,"href":"https:\/\/nordicdiy.ee\/sv\/wp-json\/wp\/v2\/product_cat?post=28694"},{"taxonomy":"product_tag","embeddable":true,"href":"https:\/\/nordicdiy.ee\/sv\/wp-json\/wp\/v2\/product_tag?post=28694"}],"curies":[{"name":"wp","href":"https:\/\/api.w.org\/{rel}","templated":true}]}}