{"id":28717,"date":"2026-03-03T19:18:10","date_gmt":"2026-03-03T16:18:10","guid":{"rendered":"https:\/\/nordicdiy.ee\/epood\/okategoriserad\/jojobaolja\/"},"modified":"2026-03-17T19:46:49","modified_gmt":"2026-03-17T16:46:49","slug":"jojobaolja","status":"publish","type":"product","link":"https:\/\/nordicdiy.ee\/sv\/epood\/tillverkning-av-tval\/vegetabiliska-oljor-och-smor\/jojobaolja\/","title":{"rendered":"Jojobaolja"},"content":{"rendered":"<p><strong>Jojobaolja \u00e4r en av de mest popul\u00e4ra naturkosmetiska oljorna<\/strong>, som \u00e4r ett flytande vax. Oljan utvinns ur jojobatr\u00e4dets frukt och \u00e4r k\u00e4nd f\u00f6r sin utm\u00e4rkta absorptionsf\u00f6rm\u00e5ga och sina hudbalanserande egenskaper. <\/p>\n<p>Jojobaolja \u00e4r rik p\u00e5 vitamin E och har en sammans\u00e4ttning som liknar hudens naturliga sebum, s\u00e5 den hj\u00e4lper till att \u00e5terst\u00e4lla hudens naturliga pH-v\u00e4rde och fuktbalans.<\/p>\n<p><strong>Effekter och f\u00f6rdelar<\/strong><\/p>\n<ul>\n<li>\u00c5terfuktar och ger n\u00e4ring p\u00e5 djupet till huden<\/li>\n<li>Hj\u00e4lper till att \u00e5terst\u00e4lla hudens naturliga balans<\/li>\n<li>F\u00f6rb\u00e4ttrar hudens elasticitet och mjukhet<\/li>\n<li>L\u00e4mplig f\u00f6r torr, k\u00e4nslig och problematisk hud.<\/li>\n<li>Har antiinflammatoriska egenskaper<\/li>\n<li>Kan hj\u00e4lpa till att lindra eksem, psoriasis och solbr\u00e4nna.<\/li>\n<li>Skyddar huden mot uttorkning och irritation<\/li>\n<li>St\u00e4rker och v\u00e5rdar h\u00e5ret<\/li>\n<\/ul>\n<p><strong>Anv\u00e4ndning i kosmetika<\/strong><\/p>\n<p>Jojobaolja \u00e4r mycket m\u00e5ngsidig och kan anv\u00e4ndas som en ren olja eller som en ingrediens:<\/p>\n<ul>\n<li>Ansikts- och kroppsolja<\/li>\n<li>Make-up remover (avl\u00e4gsnar smuts och bakterier)<\/li>\n<li>Rakolja - hj\u00e4lper till att f\u00f6rhindra irritation och rakbr\u00e4nna<\/li>\n<li>H\u00e5rv\u00e5rd (tills\u00e4tt i balsam eller massera in i h\u00e5rbotten)<\/li>\n<li>Kr\u00e4mer, lotioner och serum<\/li>\n<li>Massageolja<\/li>\n<\/ul>\n<p>Anv\u00e4ndning:<br \/>\nApplicera en liten m\u00e4ngd av oljan p\u00e5 morgonen och kv\u00e4llen p\u00e5 l\u00e4tt fuktad hud f\u00f6r att f\u00f6rb\u00e4ttra absorptionen.<\/p>\n<p><strong>Anv\u00e4ndning i tv\u00e5l<\/strong><\/p>\n<p><strong>Sm\u00e4lt och h\u00e4ll tv\u00e5larna (M&amp;P):<\/strong><\/p>\n<p>L\u00e4gg till upp till 1-3%.<\/p>\n<ul>\n<li>Ger tv\u00e5len en lyxig och v\u00e5rdande effekt p\u00e5 huden<\/li>\n<li>S\u00e4rskilt v\u00e4l l\u00e4mpad f\u00f6r ansiktsreng\u00f6ring<\/li>\n<li>Alltf\u00f6r stora m\u00e4ngder kan g\u00f6ra tv\u00e5len mjuk<\/li>\n<\/ul>\n<p><strong>Tv\u00e5lar f\u00f6r kall och varm process (CP\/HP):<\/strong><\/p>\n<ul>\n<li>Anv\u00e4nd upp till 5% av fettfasen<\/li>\n<li>F\u00f6rb\u00e4ttrar tv\u00e5lens v\u00e5rdande egenskaper<\/li>\n<li>Ger inte mycket skum - mer av en underh\u00e5llskomponent<\/li>\n<\/ul>\n<p><strong>L\u00f6slighet<\/strong><\/p>\n<ul>\n<li>Ol\u00f6slig i vatten<\/li>\n<li>L\u00f6slig i fetter och oljor<\/li>\n<\/ul>\n<p>F\u00f6rvaring. F\u00f6rvaras i en v\u00e4l tillsluten beh\u00e5llare p\u00e5 en torr och sval plats, skyddad fr\u00e5n direkt solljus. <\/p>\n<p>H\u00e5llbarhetstid. Upp till 24 m\u00e5nader under korrekta f\u00f6rvaringsf\u00f6rh\u00e5llanden. <\/p>\n<p>INCI: SIMMONDSIA CHINENSIS FR\u00d6OLJA<\/p>\n","protected":false},"excerpt":{"rendered":"<p data-start=\"129\" data-end=\"339\">Jojobaolja \u00e4r en 100% naturlig kallpressad flytande olja som absorberas snabbt och hj\u00e4lper till att \u00e5terst\u00e4lla hudens naturliga fuktbalans och pH-niv\u00e5. Perfekt f\u00f6r hud- och h\u00e5rv\u00e5rd och DIY-kosmetika. <\/p>\n<p data-start=\"341\" data-end=\"434\">Anv\u00e4nd i tv\u00e5l i sm\u00e5 m\u00e4ngder<strong data-start=\"377\" data-end=\"390\">(upp till 1-3%)<\/strong> f\u00f6r att tillf\u00f6ra lyxiga v\u00e5rdande egenskaper.<\/p>\n","protected":false},"featured_media":28824,"template":"","meta":{"site-sidebar-layout":"default","site-content-layout":"","ast-site-content-layout":"default","site-content-style":"default","site-sidebar-style":"default","ast-global-header-display":"","ast-banner-title-visibility":"","ast-main-header-display":"","ast-hfb-above-header-display":"","ast-hfb-below-header-display":"","ast-hfb-mobile-header-display":"","site-post-title":"","ast-breadcrumbs-content":"","ast-featured-img":"","footer-sml-layout":"","ast-disable-related-posts":"","theme-transparent-header-meta":"default","adv-header-id-meta":"","stick-header-meta":"default","header-above-stick-meta":"","header-main-stick-meta":"","header-below-stick-meta":"","astra-migrate-meta-layouts":"default","ast-page-background-enabled":"default","ast-page-background-meta":{"desktop":{"background-color":"","background-image":"","background-repeat":"repeat","background-position":"center center","background-size":"auto","background-attachment":"scroll","background-type":"","background-media":"","overlay-type":"","overlay-color":"","overlay-opacity":"","overlay-gradient":""},"tablet":{"background-color":"","background-image":"","background-repeat":"repeat","background-position":"center center","background-size":"auto","background-attachment":"scroll","background-type":"","background-media":"","overlay-type":"","overlay-color":"","overlay-opacity":"","overlay-gradient":""},"mobile":{"background-color":"","background-image":"","background-repeat":"repeat","background-position":"center center","background-size":"auto","background-attachment":"scroll","background-type":"","background-media":"","overlay-type":"","overlay-color":"","overlay-opacity":"","overlay-gradient":""}},"ast-content-background-meta":{"desktop":{"background-color":"var(--ast-global-color-5)","background-image":"","background-repeat":"repeat","background-position":"center center","background-size":"auto","background-attachment":"scroll","background-type":"","background-media":"","overlay-type":"","overlay-color":"","overlay-opacity":"","overlay-gradient":""},"tablet":{"background-color":"var(--ast-global-color-5)","background-image":"","background-repeat":"repeat","background-position":"center center","background-size":"auto","background-attachment":"scroll","background-type":"","background-media":"","overlay-type":"","overlay-color":"","overlay-opacity":"","overlay-gradient":""},"mobile":{"background-color":"var(--ast-global-color-5)","background-image":"","background-repeat":"repeat","background-position":"center center","background-size":"auto","background-attachment":"scroll","background-type":"","background-media":"","overlay-type":"","overlay-color":"","overlay-opacity":"","overlay-gradient":""}}},"product_brand":[],"product_cat":[276,415,213,396],"product_tag":[],"class_list":{"0":"post-28717","1":"product","2":"type-product","3":"status-publish","4":"has-post-thumbnail","6":"product_cat-beredning-av-kosmetika","7":"product_cat-rea","8":"product_cat-tillverkning-av-tval","9":"product_cat-vegetabiliska-oljor-och-smor","10":"desktop-align-left","11":"tablet-align-left","12":"mobile-align-left","13":"ast-product-gallery-layout-horizontal","14":"ast-product-gallery-with-no-image","15":"ast-product-single-variable","16":"ast-product-tabs-layout-horizontal","18":"first","19":"instock","20":"taxable","21":"shipping-taxable","22":"purchasable","23":"product-type-variable"},"_links":{"self":[{"href":"https:\/\/nordicdiy.ee\/sv\/wp-json\/wp\/v2\/product\/28717","targetHints":{"allow":["GET"]}}],"collection":[{"href":"https:\/\/nordicdiy.ee\/sv\/wp-json\/wp\/v2\/product"}],"about":[{"href":"https:\/\/nordicdiy.ee\/sv\/wp-json\/wp\/v2\/types\/product"}],"wp:featuredmedia":[{"embeddable":true,"href":"https:\/\/nordicdiy.ee\/sv\/wp-json\/wp\/v2\/media\/28824"}],"wp:attachment":[{"href":"https:\/\/nordicdiy.ee\/sv\/wp-json\/wp\/v2\/media?parent=28717"}],"wp:term":[{"taxonomy":"product_brand","embeddable":true,"href":"https:\/\/nordicdiy.ee\/sv\/wp-json\/wp\/v2\/product_brand?post=28717"},{"taxonomy":"product_cat","embeddable":true,"href":"https:\/\/nordicdiy.ee\/sv\/wp-json\/wp\/v2\/product_cat?post=28717"},{"taxonomy":"product_tag","embeddable":true,"href":"https:\/\/nordicdiy.ee\/sv\/wp-json\/wp\/v2\/product_tag?post=28717"}],"curies":[{"name":"wp","href":"https:\/\/api.w.org\/{rel}","templated":true}]}}