{"id":28744,"date":"2026-03-03T20:02:59","date_gmt":"2026-03-03T17:02:59","guid":{"rendered":"https:\/\/nordicdiy.ee\/epood\/okategoriserad\/kakaosmor-deodoriserat-oparfymerat\/"},"modified":"2026-03-17T20:21:41","modified_gmt":"2026-03-17T17:21:41","slug":"kakaosmor-deodoriserat-oparfymerat","status":"publish","type":"product","link":"https:\/\/nordicdiy.ee\/sv\/epood\/tillverkning-av-tval\/vegetabiliska-oljor-och-smor\/kakaosmor-deodoriserat-oparfymerat\/","title":{"rendered":"Kakaosm\u00f6r deodoriserat (oparfymerat)"},"content":{"rendered":"<p><strong>Kakaosm\u00f6r<\/strong> \u00e4r ett naturligt och mycket n\u00e4ringsrikt vegetabiliskt fett som uppskattas f\u00f6r sina djupt \u00e5terfuktande och skyddande egenskaper. Det \u00e4r ett fast sm\u00f6r i rumstemperatur som sm\u00e4lter vid kontakt med huden och g\u00f6r den mjuk och silkeslen. <\/p>\n<p>Kakaosm\u00f6r \u00e4r rikt p\u00e5 fettsyror, E-vitamin och antioxidanter som hj\u00e4lper till att ge n\u00e4ring, skydda och bibeh\u00e5lla hudens elasticitet. Tack vare sin stabilitet har kakaosm\u00f6r ocks\u00e5 en l\u00e5ng h\u00e5llbarhetstid (upp till 2-5 \u00e5r). <\/p>\n<p><strong>Effekter och f\u00f6rdelar<\/strong><\/p>\n<ul>\n<li>\u00c5terfuktar och mjukg\u00f6r huden p\u00e5 djupet<\/li>\n<li>Hj\u00e4lper till att f\u00f6rb\u00e4ttra hudens elasticitet<\/li>\n<li>Hj\u00e4lper till att f\u00f6rebygga hudbristningar<\/li>\n<li>Skyddar huden mot uttorkning och milj\u00f6skador<\/li>\n<li>L\u00e4mplig f\u00f6r k\u00e4nslig och irriterad hud<\/li>\n<li>Hj\u00e4lper till att v\u00e5rda torrt och skadat h\u00e5r<\/li>\n<li>Ger glans och minskar risken f\u00f6r s\u00f6nderbrytning<\/li>\n<\/ul>\n<p><strong>Anv\u00e4ndning i kosmetika<\/strong><\/p>\n<p>Kakaosm\u00f6r \u00e4r en mycket popul\u00e4r ingrediens i naturkosmetika:<\/p>\n<ul>\n<li>Lotion och balsam f\u00f6r kroppen<\/li>\n<li>L\u00e4ppbalsam<\/li>\n<li>Kr\u00e4mer och salvor<\/li>\n<li>Massagestavar och -ljus<\/li>\n<li>H\u00e5rv\u00e5rdsprodukter<\/li>\n<li>G\u00f6r-det-sj\u00e4lv-kosmetika<\/li>\n<\/ul>\n<p>Ger produkter en fyllig konsistens och \u00e5terfuktande effekt samt hj\u00e4lper till att bilda ett skyddande lager p\u00e5 huden.<\/p>\n<p><strong>Anv\u00e4ndning i tv\u00e5l<\/strong><\/p>\n<p><strong>Sm\u00e4lt och h\u00e4ll tv\u00e5larna (M&amp;P):<\/strong><\/p>\n<p>L\u00e4gg till upp till 1-3%.<\/p>\n<ul>\n<li>F\u00f6rb\u00e4ttrar tv\u00e5lens v\u00e5rdande egenskaper<\/li>\n<li>Ger en lyxig och kr\u00e4mig k\u00e4nsla<\/li>\n<li>\u00d6verdriven kvantitet kan minska insynen<\/li>\n<\/ul>\n<p><strong>Tv\u00e5lar f\u00f6r kall och varm process (CP\/HP):<\/strong><\/p>\n<p>Rekommenderad m\u00e4ngd 10-15% av tv\u00e5lfettet<\/p>\n<p>Ger tv\u00e5l till:<\/p>\n<ul>\n<li>H\u00e5rdhet<\/li>\n<li>l\u00e5ng livsl\u00e4ngd<\/li>\n<li>mycket goda \u00e5terfuktande egenskaper<\/li>\n<\/ul>\n<p>Alltf\u00f6r stora m\u00e4ngder kan minska skumningskapaciteten.<\/p>\n<p><strong>Anv\u00e4nds i massagebad och sf\u00e4rer<\/strong><\/p>\n<p>Kakaosm\u00f6r \u00e4r perfekt f\u00f6r massageprodukter:<\/p>\n<ul>\n<li>Sm\u00e4lter l\u00e5ngsamt och j\u00e4mnt p\u00e5 huden<\/li>\n<li>Ger djup \u00e5terfuktning<\/li>\n<li>Ger huden en silkeslen k\u00e4nsla<\/li>\n<li>Fungerar bra med kokosn\u00f6tsolja och vegetabiliska vaxer<\/li>\n<\/ul>\n<p><strong>Funktioner<\/strong><\/p>\n<ul>\n<li>Fast vid rumstemperatur<\/li>\n<li>Sm\u00e4lter vid kontakt med huden<\/li>\n<li>Praktiskt taget luktfri (eller med en svag kakaolukt, beroende p\u00e5 bearbetning)<\/li>\n<\/ul>\n<p>F\u00f6rvaring. F\u00f6rvara p\u00e5 en torr och sval plats, skyddad fr\u00e5n direkt solljus. <\/p>\n<p>H\u00e5llbarhet 2-5 \u00e5r tack vare god oxidationsstabilitet.<\/p>\n<p>INCI: THEOBROMA KAKAOFR\u00d6SM\u00d6R<\/p>\n","protected":false},"excerpt":{"rendered":"<p data-start=\"140\" data-end=\"345\">Kakaosm\u00f6r \u00e4r ett rikt och naturligt vegetabiliskt fett som \u00e5terfuktar p\u00e5 djupet, mjukg\u00f6r och f\u00f6rb\u00e4ttrar hudens elasticitet. Perfekt f\u00f6r bodylotions, l\u00e4ppbalsam, tv\u00e5lar, massagebars och massageljus. <\/p>\n<p data-start=\"347\" data-end=\"436\">Ger tv\u00e5len styrka och \u00e5terfuktande egenskaper - rekommenderas att anv\u00e4nda <strong data-start=\"415\" data-end=\"425\">10-15%<\/strong> i receptet.<\/p>\n","protected":false},"featured_media":28835,"template":"","meta":{"site-sidebar-layout":"default","site-content-layout":"","ast-site-content-layout":"default","site-content-style":"default","site-sidebar-style":"default","ast-global-header-display":"","ast-banner-title-visibility":"","ast-main-header-display":"","ast-hfb-above-header-display":"","ast-hfb-below-header-display":"","ast-hfb-mobile-header-display":"","site-post-title":"","ast-breadcrumbs-content":"","ast-featured-img":"","footer-sml-layout":"","ast-disable-related-posts":"","theme-transparent-header-meta":"default","adv-header-id-meta":"","stick-header-meta":"default","header-above-stick-meta":"","header-main-stick-meta":"","header-below-stick-meta":"","astra-migrate-meta-layouts":"default","ast-page-background-enabled":"default","ast-page-background-meta":{"desktop":{"background-color":"","background-image":"","background-repeat":"repeat","background-position":"center center","background-size":"auto","background-attachment":"scroll","background-type":"","background-media":"","overlay-type":"","overlay-color":"","overlay-opacity":"","overlay-gradient":""},"tablet":{"background-color":"","background-image":"","background-repeat":"repeat","background-position":"center center","background-size":"auto","background-attachment":"scroll","background-type":"","background-media":"","overlay-type":"","overlay-color":"","overlay-opacity":"","overlay-gradient":""},"mobile":{"background-color":"","background-image":"","background-repeat":"repeat","background-position":"center center","background-size":"auto","background-attachment":"scroll","background-type":"","background-media":"","overlay-type":"","overlay-color":"","overlay-opacity":"","overlay-gradient":""}},"ast-content-background-meta":{"desktop":{"background-color":"var(--ast-global-color-5)","background-image":"","background-repeat":"repeat","background-position":"center center","background-size":"auto","background-attachment":"scroll","background-type":"","background-media":"","overlay-type":"","overlay-color":"","overlay-opacity":"","overlay-gradient":""},"tablet":{"background-color":"var(--ast-global-color-5)","background-image":"","background-repeat":"repeat","background-position":"center center","background-size":"auto","background-attachment":"scroll","background-type":"","background-media":"","overlay-type":"","overlay-color":"","overlay-opacity":"","overlay-gradient":""},"mobile":{"background-color":"var(--ast-global-color-5)","background-image":"","background-repeat":"repeat","background-position":"center center","background-size":"auto","background-attachment":"scroll","background-type":"","background-media":"","overlay-type":"","overlay-color":"","overlay-opacity":"","overlay-gradient":""}}},"product_brand":[],"product_cat":[276,415,213,396],"product_tag":[],"class_list":{"0":"post-28744","1":"product","2":"type-product","3":"status-publish","4":"has-post-thumbnail","6":"product_cat-beredning-av-kosmetika","7":"product_cat-rea","8":"product_cat-tillverkning-av-tval","9":"product_cat-vegetabiliska-oljor-och-smor","10":"desktop-align-left","11":"tablet-align-left","12":"mobile-align-left","13":"ast-product-gallery-layout-horizontal","14":"ast-product-gallery-with-no-image","15":"ast-product-single-variable","16":"ast-product-tabs-layout-horizontal","18":"first","19":"instock","20":"taxable","21":"shipping-taxable","22":"purchasable","23":"product-type-variable"},"_links":{"self":[{"href":"https:\/\/nordicdiy.ee\/sv\/wp-json\/wp\/v2\/product\/28744","targetHints":{"allow":["GET"]}}],"collection":[{"href":"https:\/\/nordicdiy.ee\/sv\/wp-json\/wp\/v2\/product"}],"about":[{"href":"https:\/\/nordicdiy.ee\/sv\/wp-json\/wp\/v2\/types\/product"}],"wp:featuredmedia":[{"embeddable":true,"href":"https:\/\/nordicdiy.ee\/sv\/wp-json\/wp\/v2\/media\/28835"}],"wp:attachment":[{"href":"https:\/\/nordicdiy.ee\/sv\/wp-json\/wp\/v2\/media?parent=28744"}],"wp:term":[{"taxonomy":"product_brand","embeddable":true,"href":"https:\/\/nordicdiy.ee\/sv\/wp-json\/wp\/v2\/product_brand?post=28744"},{"taxonomy":"product_cat","embeddable":true,"href":"https:\/\/nordicdiy.ee\/sv\/wp-json\/wp\/v2\/product_cat?post=28744"},{"taxonomy":"product_tag","embeddable":true,"href":"https:\/\/nordicdiy.ee\/sv\/wp-json\/wp\/v2\/product_tag?post=28744"}],"curies":[{"name":"wp","href":"https:\/\/api.w.org\/{rel}","templated":true}]}}